{"id":547,"date":"2026-04-18T15:28:27","date_gmt":"2026-04-18T15:28:27","guid":{"rendered":"https:\/\/vuytmy.azdigi.shop\/?post_type=product&#038;p=547"},"modified":"2026-04-18T15:28:27","modified_gmt":"2026-04-18T15:28:27","slug":"tay-trang-cocoon-bi-dao","status":"publish","type":"product","link":"https:\/\/vuytmy.azdigi.shop\/?product=tay-trang-cocoon-bi-dao","title":{"rendered":"T\u1ea9y trang Cocoon B\u00ed \u0110ao (da d\u1ea7u m\u1ee5n)"},"content":{"rendered":"<h2 data-start=\"320\" data-end=\"363\">\ud83d\udca7 T\u1ea9y trang Cocoon b\u00ed \u0111ao c\u00f3 t\u1ed1t kh\u00f4ng?<\/h2>\n<p data-start=\"365\" data-end=\"614\"><strong data-start=\"365\" data-end=\"392\">T\u1ea9y trang Cocoon b\u00ed \u0111ao<\/strong> l\u00e0 d\u00f2ng micellar water thu\u1ea7n chay d\u00e0nh ri\u00eang cho da d\u1ea7u m\u1ee5n. S\u1ea3n ph\u1ea9m \u1ee9ng d\u1ee5ng c\u00f4ng ngh\u1ec7 micellar gi\u00fap lo\u1ea1i b\u1ecf b\u1ee5i b\u1ea9n, d\u1ea7u th\u1eeba v\u00e0 l\u1edbp trang \u0111i\u1ec3m m\u1ed9t c\u00e1ch nh\u1eb9 nh\u00e0ng nh\u01b0ng hi\u1ec7u qu\u1ea3.<\/p>\n<p data-start=\"616\" data-end=\"689\">\u0110\u00e2y l\u00e0 l\u1ef1a ch\u1ecdn r\u1ea5t ph\u00f9 h\u1ee3p cho l\u00e0n da d\u1ec5 b\u00edt t\u1eafc v\u00e0 nh\u1ea1y c\u1ea3m khi b\u1ecb m\u1ee5n.<\/p>\n<hr data-start=\"691\" data-end=\"694\" \/>\n<h2 data-start=\"696\" data-end=\"719\">\u2b50 Th\u00e0nh ph\u1ea7n n\u1ed5i b\u1eadt<\/h2>\n<ul data-start=\"721\" data-end=\"927\">\n<li data-start=\"721\" data-end=\"784\"><strong data-start=\"723\" data-end=\"748\">B\u00ed \u0111ao (Winter Melon)<\/strong>: gi\u00fap l\u00e0m m\u00e1t da, h\u1ed7 tr\u1ee3 gi\u1ea3m m\u1ee5n<\/li>\n<li data-start=\"785\" data-end=\"830\"><strong data-start=\"787\" data-end=\"808\">Rau m\u00e1 (Centella)<\/strong>: l\u00e0m d\u1ecbu, gi\u1ea3m vi\u00eam<\/li>\n<li data-start=\"831\" data-end=\"882\"><strong data-start=\"833\" data-end=\"860\">Tr\u00e0m tr\u00e0 (Tea Tree Oil)<\/strong>: h\u1ed7 tr\u1ee3 kh\u00e1ng khu\u1ea9n<\/li>\n<li data-start=\"883\" data-end=\"927\">C\u00f4ng ngh\u1ec7 <strong data-start=\"895\" data-end=\"907\">Micellar<\/strong>: l\u00e0m s\u1ea1ch d\u1ecbu nh\u1eb9<\/li>\n<\/ul>\n<p data-start=\"929\" data-end=\"1037\">\ud83d\udc49 C\u00e1c th\u00e0nh ph\u1ea7n thi\u00ean nhi\u00ean gi\u00fap da v\u1eeba s\u1ea1ch v\u1eeba kh\u00f4ng b\u1ecb k\u00edch \u1ee9ng<\/p>\n<hr data-start=\"1039\" data-end=\"1042\" \/>\n<h2 data-start=\"1044\" data-end=\"1065\">\ud83d\udca5 C\u00f4ng d\u1ee5ng ch\u00ednh<\/h2>\n<ul data-start=\"1067\" data-end=\"1208\">\n<li data-start=\"1067\" data-end=\"1107\">L\u00e0m s\u1ea1ch b\u1ee5i b\u1ea9n, d\u1ea7u th\u1eeba v\u00e0 makeup<\/li>\n<li data-start=\"1108\" data-end=\"1149\">Gi\u00fap da th\u00f4ng tho\u00e1ng, h\u1ea1n ch\u1ebf b\u00edt t\u1eafc<\/li>\n<li data-start=\"1150\" data-end=\"1173\">H\u1ed7 tr\u1ee3 gi\u1ea3m m\u1ee5n nh\u1eb9<\/li>\n<li data-start=\"1174\" data-end=\"1208\">Gi\u1ea3m c\u1ea3m gi\u00e1c nh\u1eddn r\u00edt tr\u00ean da<\/li>\n<\/ul>\n<hr data-start=\"1210\" data-end=\"1213\" \/>\n<h2 data-start=\"1215\" data-end=\"1228\">\ud83d\udc4d \u01afu \u0111i\u1ec3m<\/h2>\n<p data-start=\"1230\" data-end=\"1348\">\u2714\ufe0f Ph\u00f9 h\u1ee3p da d\u1ea7u, da m\u1ee5n<br data-start=\"1255\" data-end=\"1258\" \/>\u2714\ufe0f Th\u00e0nh ph\u1ea7n thu\u1ea7n chay, l\u00e0nh t\u00ednh<br data-start=\"1293\" data-end=\"1296\" \/>\u2714\ufe0f Kh\u00f4ng g\u00e2y kh\u00f4 c\u0103ng sau khi d\u00f9ng<br data-start=\"1330\" data-end=\"1333\" \/>\u2714\ufe0f Gi\u00e1 h\u1ee3p l\u00fd<\/p>\n<hr data-start=\"1350\" data-end=\"1353\" \/>\n<h2 data-start=\"1355\" data-end=\"1371\">\u26a0\ufe0f Nh\u01b0\u1ee3c \u0111i\u1ec3m<\/h2>\n<ul data-start=\"1373\" data-end=\"1462\">\n<li data-start=\"1373\" data-end=\"1413\">Kh\u00f4ng t\u1ea9y s\u1ea1ch makeup ch\u1ed1ng n\u01b0\u1edbc \u0111\u1eadm<\/li>\n<li data-start=\"1414\" data-end=\"1462\">C\u00f3 th\u1ec3 c\u1ea7n d\u00f9ng th\u00eam s\u1eefa r\u1eeda m\u1eb7t \u0111\u1ec3 s\u1ea1ch s\u00e2u<\/li>\n<\/ul>\n<hr data-start=\"1464\" data-end=\"1467\" \/>\n<h2 data-start=\"1469\" data-end=\"1505\">\ud83d\udc69\u200d\ud83e\uddb0 C\u1ea3m nh\u1eadn th\u1ef1c t\u1ebf (t\u1ed5ng h\u1ee3p)<\/h2>\n<ul data-start=\"1507\" data-end=\"1614\">\n<li data-start=\"1507\" data-end=\"1542\">Da s\u1ea1ch tho\u00e1ng, gi\u1ea3m d\u1ea7u r\u00f5 r\u1ec7t<\/li>\n<li data-start=\"1543\" data-end=\"1587\">\u00cdt g\u00e2y k\u00edch \u1ee9ng so v\u1edbi nhi\u1ec1u d\u00f2ng gi\u00e1 r\u1ebb<\/li>\n<li data-start=\"1588\" data-end=\"1614\">Ph\u00f9 h\u1ee3p d\u00f9ng h\u1eb1ng ng\u00e0y<\/li>\n<\/ul>\n<hr data-start=\"1616\" data-end=\"1619\" \/>\n<h2 data-start=\"1621\" data-end=\"1640\">\ud83d\udcb0 Gi\u00e1 tham kh\u1ea3o<\/h2>\n<ul data-start=\"1642\" data-end=\"1694\">\n<li data-start=\"1642\" data-end=\"1694\">~100.000\u0111 \u2013 300.000\u0111 (t\u00f9y dung t\u00edch 140ml \u2013 500ml)<\/li>\n<\/ul>\n<hr data-start=\"1696\" data-end=\"1699\" \/>\n<h2 data-start=\"1701\" data-end=\"1719\">\ud83d\udccc C\u00e1ch s\u1eed d\u1ee5ng<\/h2>\n<ol data-start=\"1721\" data-end=\"1825\">\n<li data-start=\"1721\" data-end=\"1748\">Th\u1ea5m ra b\u00f4ng t\u1ea9y trang<\/li>\n<li data-start=\"1749\" data-end=\"1770\">Lau nh\u1eb9 to\u00e0n m\u1eb7t<\/li>\n<li data-start=\"1771\" data-end=\"1796\">L\u1eb7p l\u1ea1i \u0111\u1ebfn khi s\u1ea1ch<\/li>\n<li data-start=\"1797\" data-end=\"1825\">R\u1eeda l\u1ea1i v\u1edbi s\u1eefa r\u1eeda m\u1eb7t<\/li>\n<\/ol>\n<hr data-start=\"1827\" data-end=\"1830\" \/>\n<h1 data-start=\"1832\" data-end=\"1853\">\u2753 C\u00f3 n\u00ean mua kh\u00f4ng?<\/h1>\n<p data-start=\"1855\" data-end=\"1878\">\ud83d\udc49 <strong data-start=\"1858\" data-end=\"1878\">N\u00caN mua n\u1ebfu b\u1ea1n:<\/strong><\/p>\n<ul data-start=\"1879\" data-end=\"1973\">\n<li data-start=\"1879\" data-end=\"1895\">Da d\u1ea7u nhi\u1ec1u<\/li>\n<li data-start=\"1896\" data-end=\"1923\">C\u00f3 m\u1ee5n nh\u1eb9 \u2013 trung b\u00ecnh<\/li>\n<li data-start=\"1924\" data-end=\"1973\">Mu\u1ed1n s\u1ea3n ph\u1ea9m <strong data-start=\"1940\" data-end=\"1973\">l\u00e0nh t\u00ednh \u2013 gi\u00e1 t\u1ed1t \u2013 d\u1ec5 d\u00f9ng<\/strong><\/li>\n<\/ul>\n<p data-start=\"1975\" data-end=\"1996\">\ud83d\udc49 <strong data-start=\"1978\" data-end=\"1996\">KH\u00d4NG n\u00ean n\u1ebfu:<\/strong><\/p>\n<ul data-start=\"1997\" data-end=\"2060\">\n<li data-start=\"1997\" data-end=\"2024\">Makeup \u0111\u1eadm th\u01b0\u1eddng xuy\u00ean<\/li>\n<li data-start=\"2025\" data-end=\"2060\">Da c\u1ef1c k\u1ef3 nh\u1ea1y c\u1ea3m v\u1edbi tinh d\u1ea7u<\/li>\n<\/ul>\n<hr data-start=\"2062\" data-end=\"2065\" \/>\n<h2 data-start=\"2067\" data-end=\"2091\"><img decoding=\"async\" src=\"https:\/\/images.openai.com\/thumbnails\/url\/ThN4SXicDcn_EoEwAADgJ6qc5OLOOVmiorOsnH-ctvWDWktrylN5HW_D9-_3_eRC8HauaZTh58AFJYpImK5mrbiJAqu4rrQ2rzkvWLZsFv-brw5k5mDo-gDLQS_g7jgxdJd4EpoARko3ZSAuE2Y0zIvX5BTYFjIDWmf00G9AjMI82MguTx_bIQkH9r7c9l6K5PGBzpF9x5FcYV6h66l4-WPc9yS0eE1LYChy1HLn9QOxaEAI\" alt=\"Cocoon B\u00ed \u0110ao Micellar 140ml\" \/><\/h2>\n<ul data-start=\"2093\" data-end=\"2191\">\n<li data-start=\"2093\" data-end=\"2120\">tay trang cocoon bi dao<\/li>\n<li data-start=\"2121\" data-end=\"2159\">cocoon winter melon micellar water<\/li>\n<li data-start=\"2160\" data-end=\"2191\">tay trang cocoon da dau mun<\/li>\n<\/ul>\n<hr data-start=\"2193\" data-end=\"2196\" \/>\n<h2 data-start=\"2198\" data-end=\"2214\">\ud83d\udd25 T\u1ed5ng k\u1ebft<\/h2>\n<p data-start=\"2215\" data-end=\"2354\"><strong data-start=\"2215\" data-end=\"2242\">T\u1ea9y trang Cocoon b\u00ed \u0111ao<\/strong> l\u00e0 l\u1ef1a ch\u1ecdn \u201cngon \u2013 b\u1ed5 \u2013 r\u1ebb\u201d cho da d\u1ea7u m\u1ee5n nh\u1edd kh\u1ea3 n\u0103ng <strong data-start=\"2300\" data-end=\"2353\">l\u00e0m s\u1ea1ch t\u1ed1t + gi\u1ea3m nh\u1eddn + th\u00e0nh ph\u1ea7n thi\u00ean nhi\u00ean<\/strong>.<\/p>\n","protected":false},"excerpt":{"rendered":"<p>\ud83d\udca7 T\u1ea9y trang Cocoon b\u00ed \u0111ao c\u00f3 t\u1ed1t kh\u00f4ng? T\u1ea9y trang Cocoon b\u00ed \u0111ao l\u00e0 d\u00f2ng micellar water thu\u1ea7n chay d\u00e0nh ri\u00eang cho da d\u1ea7u m\u1ee5n. S\u1ea3n ph\u1ea9m \u1ee9ng d\u1ee5ng c\u00f4ng ngh\u1ec7 micellar gi\u00fap lo\u1ea1i b\u1ecf b\u1ee5i b\u1ea9n, d\u1ea7u th\u1eeba v\u00e0 l\u1edbp trang \u0111i\u1ec3m m\u1ed9t c\u00e1ch nh\u1eb9 nh\u00e0ng nh\u01b0ng hi\u1ec7u qu\u1ea3. \u0110\u00e2y l\u00e0 l\u1ef1a ch\u1ecdn [&#8230;]\n","protected":false},"featured_media":552,"comment_status":"open","ping_status":"closed","template":"","meta":[],"product_brand":[41],"product_cat":[85],"product_tag":[],"class_list":{"0":"post-547","1":"product","2":"type-product","3":"status-publish","4":"has-post-thumbnail","6":"product_brand-cocoon-viet-nam","7":"product_cat-tay-trang","9":"first","10":"instock","11":"sale","12":"shipping-taxable","13":"purchasable","14":"product-type-variable"},"yoast_head":"<!-- This site is optimized with the Yoast SEO plugin v27.4 - https:\/\/yoast.com\/product\/yoast-seo-wordpress\/ -->\n<title>T\u1ea9y trang Cocoon B\u00ed \u0110ao (da d\u1ea7u m\u1ee5n) - Vuyt my<\/title>\n<meta name=\"description\" content=\"T\u1ea9y trang Cocoon b\u00ed \u0111ao gi\u00fap l\u00e0m s\u1ea1ch s\u00e2u, gi\u1ea3m d\u1ea7u nh\u1eddn v\u00e0 h\u1ed7 tr\u1ee3 ng\u1eeba m\u1ee5n. Ph\u00f9 h\u1ee3p da d\u1ea7u m\u1ee5n, da nh\u1ea1y c\u1ea3m.\" \/>\n<meta name=\"robots\" content=\"index, follow, max-snippet:-1, max-image-preview:large, max-video-preview:-1\" \/>\n<link rel=\"canonical\" href=\"https:\/\/vuytmy.azdigi.shop\/?product=tay-trang-cocoon-bi-dao\" \/>\n<meta property=\"og:locale\" content=\"vi_VN\" \/>\n<meta property=\"og:type\" content=\"article\" \/>\n<meta property=\"og:title\" content=\"T\u1ea9y trang Cocoon B\u00ed \u0110ao (da d\u1ea7u m\u1ee5n) - Vuyt my\" \/>\n<meta property=\"og:description\" content=\"T\u1ea9y trang Cocoon b\u00ed \u0111ao gi\u00fap l\u00e0m s\u1ea1ch s\u00e2u, gi\u1ea3m d\u1ea7u nh\u1eddn v\u00e0 h\u1ed7 tr\u1ee3 ng\u1eeba m\u1ee5n. Ph\u00f9 h\u1ee3p da d\u1ea7u m\u1ee5n, da nh\u1ea1y c\u1ea3m.\" \/>\n<meta property=\"og:url\" content=\"https:\/\/vuytmy.azdigi.shop\/?product=tay-trang-cocoon-bi-dao\" \/>\n<meta property=\"og:site_name\" content=\"Vuyt my\" \/>\n<meta property=\"og:image\" content=\"https:\/\/vuytmy.azdigi.shop\/wp-content\/uploads\/2026\/04\/4d8cc6f589d84e33e8d1a19c7a38c20c.jpg\" \/>\n\t<meta property=\"og:image:width\" content=\"1080\" \/>\n\t<meta property=\"og:image:height\" content=\"1080\" \/>\n\t<meta property=\"og:image:type\" content=\"image\/jpeg\" \/>\n<meta name=\"twitter:card\" content=\"summary_large_image\" \/>\n<meta name=\"twitter:label1\" content=\"\u01af\u1edbc t\u00ednh th\u1eddi gian \u0111\u1ecdc\" \/>\n\t<meta name=\"twitter:data1\" content=\"3 ph\u00fat\" \/>\n<script type=\"application\/ld+json\" class=\"yoast-schema-graph\">{\"@context\":\"https:\\\/\\\/schema.org\",\"@graph\":[{\"@type\":\"WebPage\",\"@id\":\"https:\\\/\\\/vuytmy.azdigi.shop\\\/?product=tay-trang-cocoon-bi-dao\",\"url\":\"https:\\\/\\\/vuytmy.azdigi.shop\\\/?product=tay-trang-cocoon-bi-dao\",\"name\":\"T\u1ea9y trang Cocoon B\u00ed \u0110ao (da d\u1ea7u m\u1ee5n) - Vuyt my\",\"isPartOf\":{\"@id\":\"https:\\\/\\\/vuytmy.azdigi.shop\\\/#website\"},\"primaryImageOfPage\":{\"@id\":\"https:\\\/\\\/vuytmy.azdigi.shop\\\/?product=tay-trang-cocoon-bi-dao#primaryimage\"},\"image\":{\"@id\":\"https:\\\/\\\/vuytmy.azdigi.shop\\\/?product=tay-trang-cocoon-bi-dao#primaryimage\"},\"thumbnailUrl\":\"https:\\\/\\\/vuytmy.azdigi.shop\\\/wp-content\\\/uploads\\\/2026\\\/04\\\/4d8cc6f589d84e33e8d1a19c7a38c20c.jpg\",\"datePublished\":\"2026-04-18T15:28:27+00:00\",\"description\":\"T\u1ea9y trang Cocoon b\u00ed \u0111ao gi\u00fap l\u00e0m s\u1ea1ch s\u00e2u, gi\u1ea3m d\u1ea7u nh\u1eddn v\u00e0 h\u1ed7 tr\u1ee3 ng\u1eeba m\u1ee5n. Ph\u00f9 h\u1ee3p da d\u1ea7u m\u1ee5n, da nh\u1ea1y c\u1ea3m.\",\"breadcrumb\":{\"@id\":\"https:\\\/\\\/vuytmy.azdigi.shop\\\/?product=tay-trang-cocoon-bi-dao#breadcrumb\"},\"inLanguage\":\"vi\",\"potentialAction\":[{\"@type\":\"ReadAction\",\"target\":[\"https:\\\/\\\/vuytmy.azdigi.shop\\\/?product=tay-trang-cocoon-bi-dao\"]}]},{\"@type\":\"ImageObject\",\"inLanguage\":\"vi\",\"@id\":\"https:\\\/\\\/vuytmy.azdigi.shop\\\/?product=tay-trang-cocoon-bi-dao#primaryimage\",\"url\":\"https:\\\/\\\/vuytmy.azdigi.shop\\\/wp-content\\\/uploads\\\/2026\\\/04\\\/4d8cc6f589d84e33e8d1a19c7a38c20c.jpg\",\"contentUrl\":\"https:\\\/\\\/vuytmy.azdigi.shop\\\/wp-content\\\/uploads\\\/2026\\\/04\\\/4d8cc6f589d84e33e8d1a19c7a38c20c.jpg\",\"width\":1080,\"height\":1080},{\"@type\":\"BreadcrumbList\",\"@id\":\"https:\\\/\\\/vuytmy.azdigi.shop\\\/?product=tay-trang-cocoon-bi-dao#breadcrumb\",\"itemListElement\":[{\"@type\":\"ListItem\",\"position\":1,\"name\":\"Trang ch\u1ee7\",\"item\":\"https:\\\/\\\/vuytmy.azdigi.shop\\\/\"},{\"@type\":\"ListItem\",\"position\":2,\"name\":\"C\u1eeda h\u00e0ng\",\"item\":\"https:\\\/\\\/vuytmy.azdigi.shop\\\/?page_id=19\"},{\"@type\":\"ListItem\",\"position\":3,\"name\":\"T\u1ea9y trang Cocoon B\u00ed \u0110ao (da d\u1ea7u m\u1ee5n)\"}]},{\"@type\":\"WebSite\",\"@id\":\"https:\\\/\\\/vuytmy.azdigi.shop\\\/#website\",\"url\":\"https:\\\/\\\/vuytmy.azdigi.shop\\\/\",\"name\":\"Vuyt my\",\"description\":\"\",\"potentialAction\":[{\"@type\":\"SearchAction\",\"target\":{\"@type\":\"EntryPoint\",\"urlTemplate\":\"https:\\\/\\\/vuytmy.azdigi.shop\\\/?s={search_term_string}\"},\"query-input\":{\"@type\":\"PropertyValueSpecification\",\"valueRequired\":true,\"valueName\":\"search_term_string\"}}],\"inLanguage\":\"vi\"}]}<\/script>\n<!-- \/ Yoast SEO plugin. -->","yoast_head_json":{"title":"T\u1ea9y trang Cocoon B\u00ed \u0110ao (da d\u1ea7u m\u1ee5n) - Vuyt my","description":"T\u1ea9y trang Cocoon b\u00ed \u0111ao gi\u00fap l\u00e0m s\u1ea1ch s\u00e2u, gi\u1ea3m d\u1ea7u nh\u1eddn v\u00e0 h\u1ed7 tr\u1ee3 ng\u1eeba m\u1ee5n. Ph\u00f9 h\u1ee3p da d\u1ea7u m\u1ee5n, da nh\u1ea1y c\u1ea3m.","robots":{"index":"index","follow":"follow","max-snippet":"max-snippet:-1","max-image-preview":"max-image-preview:large","max-video-preview":"max-video-preview:-1"},"canonical":"https:\/\/vuytmy.azdigi.shop\/?product=tay-trang-cocoon-bi-dao","og_locale":"vi_VN","og_type":"article","og_title":"T\u1ea9y trang Cocoon B\u00ed \u0110ao (da d\u1ea7u m\u1ee5n) - Vuyt my","og_description":"T\u1ea9y trang Cocoon b\u00ed \u0111ao gi\u00fap l\u00e0m s\u1ea1ch s\u00e2u, gi\u1ea3m d\u1ea7u nh\u1eddn v\u00e0 h\u1ed7 tr\u1ee3 ng\u1eeba m\u1ee5n. Ph\u00f9 h\u1ee3p da d\u1ea7u m\u1ee5n, da nh\u1ea1y c\u1ea3m.","og_url":"https:\/\/vuytmy.azdigi.shop\/?product=tay-trang-cocoon-bi-dao","og_site_name":"Vuyt my","og_image":[{"width":1080,"height":1080,"url":"https:\/\/vuytmy.azdigi.shop\/wp-content\/uploads\/2026\/04\/4d8cc6f589d84e33e8d1a19c7a38c20c.jpg","type":"image\/jpeg"}],"twitter_card":"summary_large_image","twitter_misc":{"\u01af\u1edbc t\u00ednh th\u1eddi gian \u0111\u1ecdc":"3 ph\u00fat"},"schema":{"@context":"https:\/\/schema.org","@graph":[{"@type":"WebPage","@id":"https:\/\/vuytmy.azdigi.shop\/?product=tay-trang-cocoon-bi-dao","url":"https:\/\/vuytmy.azdigi.shop\/?product=tay-trang-cocoon-bi-dao","name":"T\u1ea9y trang Cocoon B\u00ed \u0110ao (da d\u1ea7u m\u1ee5n) - Vuyt my","isPartOf":{"@id":"https:\/\/vuytmy.azdigi.shop\/#website"},"primaryImageOfPage":{"@id":"https:\/\/vuytmy.azdigi.shop\/?product=tay-trang-cocoon-bi-dao#primaryimage"},"image":{"@id":"https:\/\/vuytmy.azdigi.shop\/?product=tay-trang-cocoon-bi-dao#primaryimage"},"thumbnailUrl":"https:\/\/vuytmy.azdigi.shop\/wp-content\/uploads\/2026\/04\/4d8cc6f589d84e33e8d1a19c7a38c20c.jpg","datePublished":"2026-04-18T15:28:27+00:00","description":"T\u1ea9y trang Cocoon b\u00ed \u0111ao gi\u00fap l\u00e0m s\u1ea1ch s\u00e2u, gi\u1ea3m d\u1ea7u nh\u1eddn v\u00e0 h\u1ed7 tr\u1ee3 ng\u1eeba m\u1ee5n. Ph\u00f9 h\u1ee3p da d\u1ea7u m\u1ee5n, da nh\u1ea1y c\u1ea3m.","breadcrumb":{"@id":"https:\/\/vuytmy.azdigi.shop\/?product=tay-trang-cocoon-bi-dao#breadcrumb"},"inLanguage":"vi","potentialAction":[{"@type":"ReadAction","target":["https:\/\/vuytmy.azdigi.shop\/?product=tay-trang-cocoon-bi-dao"]}]},{"@type":"ImageObject","inLanguage":"vi","@id":"https:\/\/vuytmy.azdigi.shop\/?product=tay-trang-cocoon-bi-dao#primaryimage","url":"https:\/\/vuytmy.azdigi.shop\/wp-content\/uploads\/2026\/04\/4d8cc6f589d84e33e8d1a19c7a38c20c.jpg","contentUrl":"https:\/\/vuytmy.azdigi.shop\/wp-content\/uploads\/2026\/04\/4d8cc6f589d84e33e8d1a19c7a38c20c.jpg","width":1080,"height":1080},{"@type":"BreadcrumbList","@id":"https:\/\/vuytmy.azdigi.shop\/?product=tay-trang-cocoon-bi-dao#breadcrumb","itemListElement":[{"@type":"ListItem","position":1,"name":"Trang ch\u1ee7","item":"https:\/\/vuytmy.azdigi.shop\/"},{"@type":"ListItem","position":2,"name":"C\u1eeda h\u00e0ng","item":"https:\/\/vuytmy.azdigi.shop\/?page_id=19"},{"@type":"ListItem","position":3,"name":"T\u1ea9y trang Cocoon B\u00ed \u0110ao (da d\u1ea7u m\u1ee5n)"}]},{"@type":"WebSite","@id":"https:\/\/vuytmy.azdigi.shop\/#website","url":"https:\/\/vuytmy.azdigi.shop\/","name":"Vuyt my","description":"","potentialAction":[{"@type":"SearchAction","target":{"@type":"EntryPoint","urlTemplate":"https:\/\/vuytmy.azdigi.shop\/?s={search_term_string}"},"query-input":{"@type":"PropertyValueSpecification","valueRequired":true,"valueName":"search_term_string"}}],"inLanguage":"vi"}]}},"_links":{"self":[{"href":"https:\/\/vuytmy.azdigi.shop\/index.php?rest_route=\/wp\/v2\/product\/547","targetHints":{"allow":["GET"]}}],"collection":[{"href":"https:\/\/vuytmy.azdigi.shop\/index.php?rest_route=\/wp\/v2\/product"}],"about":[{"href":"https:\/\/vuytmy.azdigi.shop\/index.php?rest_route=\/wp\/v2\/types\/product"}],"replies":[{"embeddable":true,"href":"https:\/\/vuytmy.azdigi.shop\/index.php?rest_route=%2Fwp%2Fv2%2Fcomments&post=547"}],"wp:featuredmedia":[{"embeddable":true,"href":"https:\/\/vuytmy.azdigi.shop\/index.php?rest_route=\/wp\/v2\/media\/552"}],"wp:attachment":[{"href":"https:\/\/vuytmy.azdigi.shop\/index.php?rest_route=%2Fwp%2Fv2%2Fmedia&parent=547"}],"wp:term":[{"taxonomy":"product_brand","embeddable":true,"href":"https:\/\/vuytmy.azdigi.shop\/index.php?rest_route=%2Fwp%2Fv2%2Fproduct_brand&post=547"},{"taxonomy":"product_cat","embeddable":true,"href":"https:\/\/vuytmy.azdigi.shop\/index.php?rest_route=%2Fwp%2Fv2%2Fproduct_cat&post=547"},{"taxonomy":"product_tag","embeddable":true,"href":"https:\/\/vuytmy.azdigi.shop\/index.php?rest_route=%2Fwp%2Fv2%2Fproduct_tag&post=547"}],"curies":[{"name":"wp","href":"https:\/\/api.w.org\/{rel}","templated":true}]}}