{"id":541,"date":"2026-04-18T14:48:43","date_gmt":"2026-04-18T14:48:43","guid":{"rendered":"https:\/\/vuytmy.azdigi.shop\/?post_type=product&#038;p=541"},"modified":"2026-04-18T14:48:43","modified_gmt":"2026-04-18T14:48:43","slug":"tay-trang-garnier-da-dau-mun-sach-nhon-gia-tot","status":"publish","type":"product","link":"https:\/\/vuytmy.azdigi.shop\/?product=tay-trang-garnier-da-dau-mun-sach-nhon-gia-tot","title":{"rendered":"T\u1ea9y Trang Garnier Da D\u1ea7u M\u1ee5n: S\u1ea1ch Nh\u1eddn, Gi\u00e1 T\u1ed1t"},"content":{"rendered":"<h1 data-start=\"386\" data-end=\"438\">\ud83d\udca7 N\u01b0\u1edbc t\u1ea9y trang Garnier da d\u1ea7u m\u1ee5n c\u00f3 t\u1ed1t kh\u00f4ng?<\/h1>\n<p data-start=\"440\" data-end=\"608\"><strong data-start=\"440\" data-end=\"477\">N\u01b0\u1edbc t\u1ea9y trang Garnier da d\u1ea7u m\u1ee5n<\/strong> l\u00e0 d\u00f2ng micellar water n\u1ed5i b\u1eadt c\u1ee7a <span class=\"hover:entity-accent entity-underline inline cursor-pointer align-baseline\"><span class=\"whitespace-normal\">Garnier<\/span><\/span>, \u0111\u01b0\u1ee3c thi\u1ebft k\u1ebf d\u00e0nh ri\u00eang cho l\u00e0n da d\u1ea7u v\u00e0 d\u1ec5 n\u1ed5i m\u1ee5n.<\/p>\n<p data-start=\"610\" data-end=\"791\">S\u1ea3n ph\u1ea9m \u1ee9ng d\u1ee5ng c\u00f4ng ngh\u1ec7 <strong data-start=\"638\" data-end=\"650\">Micellar<\/strong> gi\u00fap h\u00fat s\u1ea1ch b\u1ee5i b\u1ea9n, d\u1ea7u th\u1eeba nh\u01b0 nam ch\u00e2m, mang l\u1ea1i l\u00e0n da s\u1ea1ch tho\u00e1ng m\u00e0 kh\u00f4ng c\u1ea7n ch\u00e0 x\u00e1t m\u1ea1nh.<\/p>\n<p data-start=\"793\" data-end=\"930\">\u0110\u1eb7c bi\u1ec7t, phi\u00ean b\u1ea3n m\u1edbi c\u00f2n b\u1ed5 sung <strong data-start=\"829\" data-end=\"846\">Salicylic BHA<\/strong> gi\u00fap h\u1ed7 tr\u1ee3 gi\u1ea3m v\u00e0 ng\u0103n ng\u1eeba m\u1ee5n hi\u1ec7u qu\u1ea3.<\/p>\n<hr data-start=\"932\" data-end=\"935\" \/>\n<h2 data-start=\"937\" data-end=\"960\">\u2b50 Th\u00e0nh ph\u1ea7n n\u1ed5i b\u1eadt<\/h2>\n<ul data-start=\"962\" data-end=\"1181\">\n<li data-start=\"962\" data-end=\"1022\"><strong data-start=\"964\" data-end=\"987\">Micellar Technology<\/strong>: l\u00e0m s\u1ea1ch s\u00e2u b\u1ee5i b\u1ea9n &amp; d\u1ea7u th\u1eeba<\/li>\n<li data-start=\"1023\" data-end=\"1091\"><strong data-start=\"1025\" data-end=\"1049\">Salicylic Acid (BHA)<\/strong>: h\u1ed7 tr\u1ee3 gi\u1ea3m m\u1ee5n, l\u00e0m s\u1ea1ch l\u1ed7 ch\u00e2n l\u00f4ng<\/li>\n<li data-start=\"1092\" data-end=\"1181\"><strong data-start=\"1094\" data-end=\"1118\">Vitamin C (d\u1eabn xu\u1ea5t)<\/strong>: gi\u00fap s\u00e1ng da, m\u1edd th\u00e2m<\/li>\n<\/ul>\n<hr data-start=\"1183\" data-end=\"1186\" \/>\n<h2 data-start=\"1188\" data-end=\"1209\">\ud83d\udca5 C\u00f4ng d\u1ee5ng ch\u00ednh<\/h2>\n<ul data-start=\"1211\" data-end=\"1372\">\n<li data-start=\"1211\" data-end=\"1253\">L\u00e0m s\u1ea1ch l\u1edbp makeup, b\u1ee5i b\u1ea9n, d\u1ea7u nh\u1eddn<\/li>\n<li data-start=\"1254\" data-end=\"1295\">Gi\u00fap da th\u00f4ng tho\u00e1ng, h\u1ea1n ch\u1ebf b\u00edt t\u1eafc<\/li>\n<li data-start=\"1296\" data-end=\"1336\">H\u1ed7 tr\u1ee3 gi\u1ea3m m\u1ee5n v\u00e0 ng\u1eeba m\u1ee5n quay l\u1ea1i<\/li>\n<li data-start=\"1337\" data-end=\"1372\">L\u00e0m s\u00e1ng da nh\u1eb9, c\u1ea3i thi\u1ec7n th\u00e2m<\/li>\n<\/ul>\n<hr data-start=\"1374\" data-end=\"1377\" \/>\n<h2 data-start=\"1379\" data-end=\"1392\">\ud83d\udc4d \u01afu \u0111i\u1ec3m<\/h2>\n<p data-start=\"1394\" data-end=\"1535\">\u2714\ufe0f Gi\u00e1 r\u1ebb, d\u1ec5 mua (drugstore)<br data-start=\"1423\" data-end=\"1426\" \/>\u2714\ufe0f L\u00e0m s\u1ea1ch t\u1ed1t trong t\u1ea7m gi\u00e1<br data-start=\"1455\" data-end=\"1458\" \/>\u2714\ufe0f Ph\u00f9 h\u1ee3p da d\u1ea7u, da m\u1ee5n<br data-start=\"1483\" data-end=\"1486\" \/>\u2714\ufe0f Kh\u00f4ng c\u1ea7n r\u1eeda l\u1ea1i (nh\u01b0ng n\u00ean r\u1eeda n\u1ebfu da d\u1ea7u)<\/p>\n<hr data-start=\"1537\" data-end=\"1540\" \/>\n<h2 data-start=\"1542\" data-end=\"1558\">\u26a0\ufe0f Nh\u01b0\u1ee3c \u0111i\u1ec3m<\/h2>\n<ul data-start=\"1560\" data-end=\"1648\">\n<li data-start=\"1560\" data-end=\"1607\">C\u00f3 th\u1ec3 ch\u1ee9a c\u1ed3n \u2192 kh\u00f4ng h\u1ee3p da qu\u00e1 nh\u1ea1y c\u1ea3m<\/li>\n<li data-start=\"1608\" data-end=\"1648\">Kh\u00f4ng t\u1ea9y s\u1ea1ch makeup ch\u1ed1ng n\u01b0\u1edbc \u0111\u1eadm<\/li>\n<\/ul>\n<hr data-start=\"1650\" data-end=\"1653\" \/>\n<h2 data-start=\"1655\" data-end=\"1689\">\ud83d\udc69\u200d\ud83e\uddb0 Review th\u1ef1c t\u1ebf (t\u1ed5ng h\u1ee3p)<\/h2>\n<ul data-start=\"1691\" data-end=\"1811\">\n<li data-start=\"1691\" data-end=\"1729\">\u201cDa s\u1ea1ch, b\u1edbt \u0111\u1ed5 d\u1ea7u sau v\u00e0i ng\u00e0y\u201d<\/li>\n<li data-start=\"1730\" data-end=\"1778\">\u201cD\u00f9ng \u1ed5n cho h\u1ecdc sinh \u2013 sinh vi\u00ean v\u00ec gi\u00e1 r\u1ebb\u201d<\/li>\n<li data-start=\"1779\" data-end=\"1811\">\u201cN\u00ean r\u1eeda l\u1ea1i \u0111\u1ec3 tr\u00e1nh b\u00ed da\u201d<\/li>\n<\/ul>\n<hr data-start=\"1813\" data-end=\"1816\" \/>\n<h2 data-start=\"1818\" data-end=\"1841\">\ud83d\udcb0 Gi\u00e1 b\u00e1n tham kh\u1ea3o<\/h2>\n<ul data-start=\"1843\" data-end=\"1874\">\n<li data-start=\"1843\" data-end=\"1874\">~150.000 \u2013 200.000\u0111 \/ 400ml<\/li>\n<\/ul>\n<hr data-start=\"1876\" data-end=\"1879\" \/>\n<h2 data-start=\"1881\" data-end=\"1905\">\ud83d\udccc C\u00e1ch d\u00f9ng hi\u1ec7u qu\u1ea3<\/h2>\n<ol data-start=\"1907\" data-end=\"2008\">\n<li data-start=\"1907\" data-end=\"1931\">Th\u1ea5m ra b\u00f4ng cotton<\/li>\n<li data-start=\"1932\" data-end=\"1953\">Lau nh\u1eb9 to\u00e0n m\u1eb7t<\/li>\n<li data-start=\"1954\" data-end=\"1979\">Lau l\u1ea1i \u0111\u1ebfn khi s\u1ea1ch<\/li>\n<li data-start=\"1980\" data-end=\"2008\">R\u1eeda l\u1ea1i v\u1edbi s\u1eefa r\u1eeda m\u1eb7t<\/li>\n<\/ol>\n<hr data-start=\"2010\" data-end=\"2013\" \/>\n<h2 data-start=\"2015\" data-end=\"2037\">\u2753 C\u00f3 n\u00ean mua kh\u00f4ng?<\/h2>\n<p data-start=\"2039\" data-end=\"2178\">N\u1ebfu b\u1ea1n c\u1ea7n m\u1ed9t s\u1ea3n ph\u1ea9m <strong data-start=\"2064\" data-end=\"2107\">gi\u00e1 r\u1ebb \u2013 l\u00e0m s\u1ea1ch t\u1ed1t \u2013 h\u1ed7 tr\u1ee3 gi\u1ea3m m\u1ee5n<\/strong>, th\u00ec <strong data-start=\"2113\" data-end=\"2150\">n\u01b0\u1edbc t\u1ea9y trang Garnier da d\u1ea7u m\u1ee5n<\/strong> l\u00e0 l\u1ef1a ch\u1ecdn r\u1ea5t \u0111\u00e1ng th\u1eed.<\/p>\n<p data-start=\"2180\" data-end=\"2202\">\ud83d\udc49 Ph\u00f9 h\u1ee3p nh\u1ea5t v\u1edbi:<\/p>\n<ul data-start=\"2203\" data-end=\"2294\">\n<li data-start=\"2203\" data-end=\"2219\">Da d\u1ea7u nhi\u1ec1u<\/li>\n<li data-start=\"2220\" data-end=\"2247\">Da m\u1ee5n nh\u1eb9 \u2013 trung b\u00ecnh<\/li>\n<li data-start=\"2248\" data-end=\"2294\">H\u1ecdc sinh, sinh vi\u00ean c\u1ea7n skincare ti\u1ebft ki\u1ec7m<\/li>\n<\/ul>\n<hr data-start=\"2296\" data-end=\"2299\" \/>\n<h1 data-start=\"2301\" data-end=\"2332\">\ud83d\udd25 So s\u00e1nh nhanh (\u0111\u00e1ng ch\u00fa \u00fd)<\/h1>\n<div class=\"TyagGW_tableContainer\">\n<div class=\"group TyagGW_tableWrapper flex flex-col-reverse w-fit\" tabindex=\"-1\">\n<table class=\"w-fit min-w-(--thread-content-width)\" data-start=\"2334\" data-end=\"2467\">\n<thead data-start=\"2334\" data-end=\"2352\">\n<tr data-start=\"2334\" data-end=\"2352\">\n<th class=\"\" data-start=\"2334\" data-end=\"2341\" data-col-size=\"sm\">Lo\u1ea1i<\/th>\n<th class=\"\" data-start=\"2341\" data-end=\"2352\" data-col-size=\"sm\">Ph\u00f9 h\u1ee3p<\/th>\n<\/tr>\n<\/thead>\n<tbody data-start=\"2371\" data-end=\"2467\">\n<tr data-start=\"2371\" data-end=\"2406\">\n<td data-start=\"2371\" data-end=\"2392\" data-col-size=\"sm\">Garnier xanh (BHA)<\/td>\n<td data-start=\"2392\" data-end=\"2406\" data-col-size=\"sm\">Da d\u1ea7u m\u1ee5n<\/td>\n<\/tr>\n<tr data-start=\"2407\" data-end=\"2437\">\n<td data-start=\"2407\" data-end=\"2422\" data-col-size=\"sm\">Garnier h\u1ed3ng<\/td>\n<td data-start=\"2422\" data-end=\"2437\" data-col-size=\"sm\">Da nh\u1ea1y c\u1ea3m<\/td>\n<\/tr>\n<tr data-start=\"2438\" data-end=\"2467\">\n<td data-start=\"2438\" data-end=\"2453\" data-col-size=\"sm\">Garnier v\u00e0ng<\/td>\n<td data-start=\"2453\" data-end=\"2467\" data-col-size=\"sm\">Makeup \u0111\u1eadm<\/td>\n<\/tr>\n<\/tbody>\n<\/table>\n<\/div>\n<\/div>\n<hr data-start=\"2469\" data-end=\"2472\" \/>\n<h2 data-start=\"2474\" data-end=\"2498\"><img decoding=\"async\" src=\"https:\/\/images.openai.com\/thumbnails\/url\/mcR8lHicDcnbEkJAAADQLwq51DDTNLYpCjvRGvJiWPdxWWzCV_U7_U2d1_P9FJSSUWHZtMXDQmiabGjcCkw-0oiWmMFdw45FR0jZ5sf-8D9FhYms4cfgGNAvt_v7xMFlXjwsaqpzDqWqd5d0DfTdBFAwzgbIUE2dHIrAx6aNJM00OUCgKztdKlhV7EkTf2ui0yAR1XoX4BmE11YbMmt1OYBsu1yrFb1qPoB6f_HzH6RmPus\" alt=\"N\u01b0\u1edbc T\u1ea9y Trang Garnier Micellar Cleansing Water Cho Da D\u1ea7u M\u1ee5n 400ml\" \/><\/h2>\n<ul data-start=\"2500\" data-end=\"2597\">\n<li data-start=\"2500\" data-end=\"2537\">nuoc tay trang garnier da dau mun<\/li>\n<li data-start=\"2538\" data-end=\"2571\">garnier micellar water review<\/li>\n<li data-start=\"2572\" data-end=\"2597\">tay trang garnier bha<\/li>\n<\/ul>\n<hr data-start=\"2599\" data-end=\"2602\" \/>\n<h2 data-start=\"2604\" data-end=\"2617\">\u2705 T\u1ed5ng k\u1ebft<\/h2>\n<p data-start=\"2618\" data-end=\"2774\"><strong data-start=\"2618\" data-end=\"2665\">N\u01b0\u1edbc t\u1ea9y trang Garnier 400ml cho da d\u1ea7u m\u1ee5n<\/strong> l\u00e0 s\u1ea3n ph\u1ea9m \u201cqu\u1ed1c d\u00e2n\u201d nh\u1edd <strong data-start=\"2693\" data-end=\"2732\">gi\u00e1 r\u1ebb \u2013 d\u1ec5 d\u00f9ng \u2013 hi\u1ec7u qu\u1ea3 \u1ed5n \u0111\u1ecbnh<\/strong>, \u0111\u1eb7c bi\u1ec7t ph\u00f9 h\u1ee3p cho ng\u01b0\u1eddi m\u1edbi skincare.<\/p>\n","protected":false},"excerpt":{"rendered":"<p>\ud83d\udca7 N\u01b0\u1edbc t\u1ea9y trang Garnier da d\u1ea7u m\u1ee5n c\u00f3 t\u1ed1t kh\u00f4ng? N\u01b0\u1edbc t\u1ea9y trang Garnier da d\u1ea7u m\u1ee5n l\u00e0 d\u00f2ng micellar water n\u1ed5i b\u1eadt c\u1ee7a Garnier, \u0111\u01b0\u1ee3c thi\u1ebft k\u1ebf d\u00e0nh ri\u00eang cho l\u00e0n da d\u1ea7u v\u00e0 d\u1ec5 n\u1ed5i m\u1ee5n. S\u1ea3n ph\u1ea9m \u1ee9ng d\u1ee5ng c\u00f4ng ngh\u1ec7 Micellar gi\u00fap h\u00fat s\u1ea1ch b\u1ee5i b\u1ea9n, d\u1ea7u th\u1eeba nh\u01b0 nam [&#8230;]\n","protected":false},"featured_media":546,"comment_status":"open","ping_status":"closed","template":"","meta":[],"product_brand":[87],"product_cat":[85],"product_tag":[88],"class_list":{"0":"post-541","1":"product","2":"type-product","3":"status-publish","4":"has-post-thumbnail","6":"product_brand-garnier-skin","7":"product_cat-tay-trang","8":"product_tag-garnier-skin","10":"first","11":"instock","12":"sale","13":"shipping-taxable","14":"purchasable","15":"product-type-simple"},"yoast_head":"<!-- This site is optimized with the Yoast SEO plugin v27.4 - https:\/\/yoast.com\/product\/yoast-seo-wordpress\/ -->\n<title>T\u1ea9y Trang Garnier Da D\u1ea7u M\u1ee5n: S\u1ea1ch Nh\u1eddn, Gi\u00e1 T\u1ed1t - Vuyt my<\/title>\n<meta name=\"description\" content=\"N\u01b0\u1edbc t\u1ea9y trang Garnier da d\u1ea7u m\u1ee5n gi\u00fap l\u00e0m s\u1ea1ch s\u00e2u, gi\u1ea3m nh\u1eddn v\u00e0 h\u1ed7 tr\u1ee3 ng\u1eeba m\u1ee5n. D\u1ecbu nh\u1eb9, ph\u00f9 h\u1ee3p da d\u1ea7u v\u00e0 da nh\u1ea1y c\u1ea3m.\" \/>\n<meta name=\"robots\" content=\"index, follow, max-snippet:-1, max-image-preview:large, max-video-preview:-1\" \/>\n<link rel=\"canonical\" href=\"https:\/\/vuytmy.azdigi.shop\/?product=tay-trang-garnier-da-dau-mun-sach-nhon-gia-tot\" \/>\n<meta property=\"og:locale\" content=\"vi_VN\" \/>\n<meta property=\"og:type\" content=\"article\" \/>\n<meta property=\"og:title\" content=\"T\u1ea9y Trang Garnier Da D\u1ea7u M\u1ee5n: S\u1ea1ch Nh\u1eddn, Gi\u00e1 T\u1ed1t - Vuyt my\" \/>\n<meta property=\"og:description\" content=\"N\u01b0\u1edbc t\u1ea9y trang Garnier da d\u1ea7u m\u1ee5n gi\u00fap l\u00e0m s\u1ea1ch s\u00e2u, gi\u1ea3m nh\u1eddn v\u00e0 h\u1ed7 tr\u1ee3 ng\u1eeba m\u1ee5n. D\u1ecbu nh\u1eb9, ph\u00f9 h\u1ee3p da d\u1ea7u v\u00e0 da nh\u1ea1y c\u1ea3m.\" \/>\n<meta property=\"og:url\" content=\"https:\/\/vuytmy.azdigi.shop\/?product=tay-trang-garnier-da-dau-mun-sach-nhon-gia-tot\" \/>\n<meta property=\"og:site_name\" content=\"Vuyt my\" \/>\n<meta name=\"twitter:card\" content=\"summary_large_image\" \/>\n<meta name=\"twitter:label1\" content=\"\u01af\u1edbc t\u00ednh th\u1eddi gian \u0111\u1ecdc\" \/>\n\t<meta name=\"twitter:data1\" content=\"3 ph\u00fat\" \/>\n<script type=\"application\/ld+json\" class=\"yoast-schema-graph\">{\"@context\":\"https:\\\/\\\/schema.org\",\"@graph\":[{\"@type\":\"WebPage\",\"@id\":\"https:\\\/\\\/vuytmy.azdigi.shop\\\/?product=tay-trang-garnier-da-dau-mun-sach-nhon-gia-tot\",\"url\":\"https:\\\/\\\/vuytmy.azdigi.shop\\\/?product=tay-trang-garnier-da-dau-mun-sach-nhon-gia-tot\",\"name\":\"T\u1ea9y Trang Garnier Da D\u1ea7u M\u1ee5n: S\u1ea1ch Nh\u1eddn, Gi\u00e1 T\u1ed1t - Vuyt my\",\"isPartOf\":{\"@id\":\"https:\\\/\\\/vuytmy.azdigi.shop\\\/#website\"},\"primaryImageOfPage\":{\"@id\":\"https:\\\/\\\/vuytmy.azdigi.shop\\\/?product=tay-trang-garnier-da-dau-mun-sach-nhon-gia-tot#primaryimage\"},\"image\":{\"@id\":\"https:\\\/\\\/vuytmy.azdigi.shop\\\/?product=tay-trang-garnier-da-dau-mun-sach-nhon-gia-tot#primaryimage\"},\"thumbnailUrl\":\"https:\\\/\\\/vuytmy.azdigi.shop\\\/wp-content\\\/uploads\\\/2026\\\/04\\\/P24083_7.avif\",\"datePublished\":\"2026-04-18T14:48:43+00:00\",\"description\":\"N\u01b0\u1edbc t\u1ea9y trang Garnier da d\u1ea7u m\u1ee5n gi\u00fap l\u00e0m s\u1ea1ch s\u00e2u, gi\u1ea3m nh\u1eddn v\u00e0 h\u1ed7 tr\u1ee3 ng\u1eeba m\u1ee5n. D\u1ecbu nh\u1eb9, ph\u00f9 h\u1ee3p da d\u1ea7u v\u00e0 da nh\u1ea1y c\u1ea3m.\",\"breadcrumb\":{\"@id\":\"https:\\\/\\\/vuytmy.azdigi.shop\\\/?product=tay-trang-garnier-da-dau-mun-sach-nhon-gia-tot#breadcrumb\"},\"inLanguage\":\"vi\",\"potentialAction\":[{\"@type\":\"ReadAction\",\"target\":[\"https:\\\/\\\/vuytmy.azdigi.shop\\\/?product=tay-trang-garnier-da-dau-mun-sach-nhon-gia-tot\"]}]},{\"@type\":\"ImageObject\",\"inLanguage\":\"vi\",\"@id\":\"https:\\\/\\\/vuytmy.azdigi.shop\\\/?product=tay-trang-garnier-da-dau-mun-sach-nhon-gia-tot#primaryimage\",\"url\":\"https:\\\/\\\/vuytmy.azdigi.shop\\\/wp-content\\\/uploads\\\/2026\\\/04\\\/P24083_7.avif\",\"contentUrl\":\"https:\\\/\\\/vuytmy.azdigi.shop\\\/wp-content\\\/uploads\\\/2026\\\/04\\\/P24083_7.avif\",\"width\":828,\"height\":828},{\"@type\":\"BreadcrumbList\",\"@id\":\"https:\\\/\\\/vuytmy.azdigi.shop\\\/?product=tay-trang-garnier-da-dau-mun-sach-nhon-gia-tot#breadcrumb\",\"itemListElement\":[{\"@type\":\"ListItem\",\"position\":1,\"name\":\"Trang ch\u1ee7\",\"item\":\"https:\\\/\\\/vuytmy.azdigi.shop\\\/\"},{\"@type\":\"ListItem\",\"position\":2,\"name\":\"C\u1eeda h\u00e0ng\",\"item\":\"https:\\\/\\\/vuytmy.azdigi.shop\\\/?page_id=19\"},{\"@type\":\"ListItem\",\"position\":3,\"name\":\"T\u1ea9y Trang Garnier Da D\u1ea7u M\u1ee5n: S\u1ea1ch Nh\u1eddn, Gi\u00e1 T\u1ed1t\"}]},{\"@type\":\"WebSite\",\"@id\":\"https:\\\/\\\/vuytmy.azdigi.shop\\\/#website\",\"url\":\"https:\\\/\\\/vuytmy.azdigi.shop\\\/\",\"name\":\"Vuyt my\",\"description\":\"\",\"potentialAction\":[{\"@type\":\"SearchAction\",\"target\":{\"@type\":\"EntryPoint\",\"urlTemplate\":\"https:\\\/\\\/vuytmy.azdigi.shop\\\/?s={search_term_string}\"},\"query-input\":{\"@type\":\"PropertyValueSpecification\",\"valueRequired\":true,\"valueName\":\"search_term_string\"}}],\"inLanguage\":\"vi\"}]}<\/script>\n<!-- \/ Yoast SEO plugin. -->","yoast_head_json":{"title":"T\u1ea9y Trang Garnier Da D\u1ea7u M\u1ee5n: S\u1ea1ch Nh\u1eddn, Gi\u00e1 T\u1ed1t - Vuyt my","description":"N\u01b0\u1edbc t\u1ea9y trang Garnier da d\u1ea7u m\u1ee5n gi\u00fap l\u00e0m s\u1ea1ch s\u00e2u, gi\u1ea3m nh\u1eddn v\u00e0 h\u1ed7 tr\u1ee3 ng\u1eeba m\u1ee5n. D\u1ecbu nh\u1eb9, ph\u00f9 h\u1ee3p da d\u1ea7u v\u00e0 da nh\u1ea1y c\u1ea3m.","robots":{"index":"index","follow":"follow","max-snippet":"max-snippet:-1","max-image-preview":"max-image-preview:large","max-video-preview":"max-video-preview:-1"},"canonical":"https:\/\/vuytmy.azdigi.shop\/?product=tay-trang-garnier-da-dau-mun-sach-nhon-gia-tot","og_locale":"vi_VN","og_type":"article","og_title":"T\u1ea9y Trang Garnier Da D\u1ea7u M\u1ee5n: S\u1ea1ch Nh\u1eddn, Gi\u00e1 T\u1ed1t - Vuyt my","og_description":"N\u01b0\u1edbc t\u1ea9y trang Garnier da d\u1ea7u m\u1ee5n gi\u00fap l\u00e0m s\u1ea1ch s\u00e2u, gi\u1ea3m nh\u1eddn v\u00e0 h\u1ed7 tr\u1ee3 ng\u1eeba m\u1ee5n. D\u1ecbu nh\u1eb9, ph\u00f9 h\u1ee3p da d\u1ea7u v\u00e0 da nh\u1ea1y c\u1ea3m.","og_url":"https:\/\/vuytmy.azdigi.shop\/?product=tay-trang-garnier-da-dau-mun-sach-nhon-gia-tot","og_site_name":"Vuyt my","twitter_card":"summary_large_image","twitter_misc":{"\u01af\u1edbc t\u00ednh th\u1eddi gian \u0111\u1ecdc":"3 ph\u00fat"},"schema":{"@context":"https:\/\/schema.org","@graph":[{"@type":"WebPage","@id":"https:\/\/vuytmy.azdigi.shop\/?product=tay-trang-garnier-da-dau-mun-sach-nhon-gia-tot","url":"https:\/\/vuytmy.azdigi.shop\/?product=tay-trang-garnier-da-dau-mun-sach-nhon-gia-tot","name":"T\u1ea9y Trang Garnier Da D\u1ea7u M\u1ee5n: S\u1ea1ch Nh\u1eddn, Gi\u00e1 T\u1ed1t - Vuyt my","isPartOf":{"@id":"https:\/\/vuytmy.azdigi.shop\/#website"},"primaryImageOfPage":{"@id":"https:\/\/vuytmy.azdigi.shop\/?product=tay-trang-garnier-da-dau-mun-sach-nhon-gia-tot#primaryimage"},"image":{"@id":"https:\/\/vuytmy.azdigi.shop\/?product=tay-trang-garnier-da-dau-mun-sach-nhon-gia-tot#primaryimage"},"thumbnailUrl":"https:\/\/vuytmy.azdigi.shop\/wp-content\/uploads\/2026\/04\/P24083_7.avif","datePublished":"2026-04-18T14:48:43+00:00","description":"N\u01b0\u1edbc t\u1ea9y trang Garnier da d\u1ea7u m\u1ee5n gi\u00fap l\u00e0m s\u1ea1ch s\u00e2u, gi\u1ea3m nh\u1eddn v\u00e0 h\u1ed7 tr\u1ee3 ng\u1eeba m\u1ee5n. D\u1ecbu nh\u1eb9, ph\u00f9 h\u1ee3p da d\u1ea7u v\u00e0 da nh\u1ea1y c\u1ea3m.","breadcrumb":{"@id":"https:\/\/vuytmy.azdigi.shop\/?product=tay-trang-garnier-da-dau-mun-sach-nhon-gia-tot#breadcrumb"},"inLanguage":"vi","potentialAction":[{"@type":"ReadAction","target":["https:\/\/vuytmy.azdigi.shop\/?product=tay-trang-garnier-da-dau-mun-sach-nhon-gia-tot"]}]},{"@type":"ImageObject","inLanguage":"vi","@id":"https:\/\/vuytmy.azdigi.shop\/?product=tay-trang-garnier-da-dau-mun-sach-nhon-gia-tot#primaryimage","url":"https:\/\/vuytmy.azdigi.shop\/wp-content\/uploads\/2026\/04\/P24083_7.avif","contentUrl":"https:\/\/vuytmy.azdigi.shop\/wp-content\/uploads\/2026\/04\/P24083_7.avif","width":828,"height":828},{"@type":"BreadcrumbList","@id":"https:\/\/vuytmy.azdigi.shop\/?product=tay-trang-garnier-da-dau-mun-sach-nhon-gia-tot#breadcrumb","itemListElement":[{"@type":"ListItem","position":1,"name":"Trang ch\u1ee7","item":"https:\/\/vuytmy.azdigi.shop\/"},{"@type":"ListItem","position":2,"name":"C\u1eeda h\u00e0ng","item":"https:\/\/vuytmy.azdigi.shop\/?page_id=19"},{"@type":"ListItem","position":3,"name":"T\u1ea9y Trang Garnier Da D\u1ea7u M\u1ee5n: S\u1ea1ch Nh\u1eddn, Gi\u00e1 T\u1ed1t"}]},{"@type":"WebSite","@id":"https:\/\/vuytmy.azdigi.shop\/#website","url":"https:\/\/vuytmy.azdigi.shop\/","name":"Vuyt my","description":"","potentialAction":[{"@type":"SearchAction","target":{"@type":"EntryPoint","urlTemplate":"https:\/\/vuytmy.azdigi.shop\/?s={search_term_string}"},"query-input":{"@type":"PropertyValueSpecification","valueRequired":true,"valueName":"search_term_string"}}],"inLanguage":"vi"}]}},"_links":{"self":[{"href":"https:\/\/vuytmy.azdigi.shop\/index.php?rest_route=\/wp\/v2\/product\/541","targetHints":{"allow":["GET"]}}],"collection":[{"href":"https:\/\/vuytmy.azdigi.shop\/index.php?rest_route=\/wp\/v2\/product"}],"about":[{"href":"https:\/\/vuytmy.azdigi.shop\/index.php?rest_route=\/wp\/v2\/types\/product"}],"replies":[{"embeddable":true,"href":"https:\/\/vuytmy.azdigi.shop\/index.php?rest_route=%2Fwp%2Fv2%2Fcomments&post=541"}],"wp:featuredmedia":[{"embeddable":true,"href":"https:\/\/vuytmy.azdigi.shop\/index.php?rest_route=\/wp\/v2\/media\/546"}],"wp:attachment":[{"href":"https:\/\/vuytmy.azdigi.shop\/index.php?rest_route=%2Fwp%2Fv2%2Fmedia&parent=541"}],"wp:term":[{"taxonomy":"product_brand","embeddable":true,"href":"https:\/\/vuytmy.azdigi.shop\/index.php?rest_route=%2Fwp%2Fv2%2Fproduct_brand&post=541"},{"taxonomy":"product_cat","embeddable":true,"href":"https:\/\/vuytmy.azdigi.shop\/index.php?rest_route=%2Fwp%2Fv2%2Fproduct_cat&post=541"},{"taxonomy":"product_tag","embeddable":true,"href":"https:\/\/vuytmy.azdigi.shop\/index.php?rest_route=%2Fwp%2Fv2%2Fproduct_tag&post=541"}],"curies":[{"name":"wp","href":"https:\/\/api.w.org\/{rel}","templated":true}]}}