{"id":509,"date":"2026-04-18T13:50:43","date_gmt":"2026-04-18T13:50:43","guid":{"rendered":"https:\/\/vuytmy.azdigi.shop\/?post_type=product&#038;p=509"},"modified":"2026-04-18T13:57:30","modified_gmt":"2026-04-18T13:57:30","slug":"kem-chong-nang-centella","status":"publish","type":"product","link":"https:\/\/vuytmy.azdigi.shop\/?product=kem-chong-nang-centella","title":{"rendered":"Kem ch\u1ed1ng n\u1eafng Centella Skin1004 SPF50+ cho da nh\u1ea1y c\u1ea3m, da m\u1ee5n"},"content":{"rendered":"<h2 data-start=\"565\" data-end=\"605\">Kem ch\u1ed1ng n\u1eafng Centella c\u00f3 t\u1ed1t kh\u00f4ng?<\/h2>\n<p data-start=\"607\" data-end=\"768\">Kem ch\u1ed1ng n\u1eafng t\u1eeb <span class=\"hover:entity-accent entity-underline inline cursor-pointer align-baseline\"><span class=\"whitespace-normal\">SKIN1004<\/span><\/span> (d\u00f2ng Centella) l\u00e0 s\u1ea3n ph\u1ea9m n\u1ed5i ti\u1ebfng nh\u1edd chi\u1ebft xu\u1ea5t <strong data-start=\"716\" data-end=\"737\">rau m\u00e1 Madagascar<\/strong> gi\u00fap l\u00e0m d\u1ecbu v\u00e0 ph\u1ee5c h\u1ed3i da.<\/p>\n<p data-start=\"770\" data-end=\"935\">S\u1ea3n ph\u1ea9m c\u00f3 ch\u1ec9 s\u1ed1 SPF50+ PA++++ gi\u00fap b\u1ea3o v\u1ec7 da kh\u1ecfi tia UVA\/UVB, \u0111\u1ed3ng th\u1eddi h\u1ed7 tr\u1ee3 gi\u1ea3m k\u00edch \u1ee9ng v\u00e0 c\u1ea3i thi\u1ec7n t\u00ecnh tr\u1ea1ng m\u1ee5n.<\/p>\n<hr data-start=\"937\" data-end=\"940\" \/>\n<h2 data-start=\"942\" data-end=\"962\">\u01afu \u0111i\u1ec3m n\u1ed5i b\u1eadt<\/h2>\n<h3 data-start=\"964\" data-end=\"991\">\ud83c\udf1e Ch\u1ed1ng n\u1eafng m\u1ea1nh m\u1ebd<\/h3>\n<ul data-start=\"992\" data-end=\"1063\">\n<li data-start=\"992\" data-end=\"1029\">SPF50+ PA++++ b\u1ea3o v\u1ec7 da to\u00e0n di\u1ec7n<\/li>\n<li data-start=\"1030\" data-end=\"1063\">Gi\u1ea3m nguy c\u01a1 s\u1ea1m n\u00e1m, l\u00e3o h\u00f3a<\/li>\n<\/ul>\n<h3 data-start=\"1065\" data-end=\"1094\">\ud83c\udf3f L\u00e0m d\u1ecbu da, gi\u1ea3m m\u1ee5n<\/h3>\n<ul data-start=\"1095\" data-end=\"1164\">\n<li data-start=\"1095\" data-end=\"1132\">Chi\u1ebft xu\u1ea5t rau m\u00e1 gi\u00fap kh\u00e1ng vi\u00eam<\/li>\n<li data-start=\"1133\" data-end=\"1164\">H\u1ed7 tr\u1ee3 ph\u1ee5c h\u1ed3i da nh\u1ea1y c\u1ea3m<\/li>\n<\/ul>\n<h3 data-start=\"1166\" data-end=\"1185\">\ud83d\udca7 C\u1ea5p \u1ea9m nh\u1eb9<\/h3>\n<ul data-start=\"1186\" data-end=\"1292\">\n<li data-start=\"1186\" data-end=\"1220\">Gi\u1eef da m\u1ec1m m\u1ecbn, kh\u00f4ng kh\u00f4 c\u0103ng<\/li>\n<li data-start=\"1221\" data-end=\"1292\">T\u0103ng c\u01b0\u1eddng h\u00e0ng r\u00e0o b\u1ea3o v\u1ec7 da<\/li>\n<\/ul>\n<h3 data-start=\"1294\" data-end=\"1318\">\u2728 K\u1ebft c\u1ea5u m\u1ecfng nh\u1eb9<\/h3>\n<ul data-start=\"1319\" data-end=\"1369\">\n<li data-start=\"1319\" data-end=\"1349\">Th\u1ea5m nhanh, kh\u00f4ng b\u1ebft d\u00ednh<\/li>\n<li data-start=\"1350\" data-end=\"1369\">Kh\u00f4ng g\u00e2y b\u00ed da<\/li>\n<\/ul>\n<hr data-start=\"1371\" data-end=\"1374\" \/>\n<h2 data-start=\"1376\" data-end=\"1407\">C\u00e1c d\u00f2ng Centella ph\u1ed5 bi\u1ebfn<\/h2>\n<h3 data-start=\"1409\" data-end=\"1445\">\ud83d\udca7 D\u1ea1ng kem (Air-Fit Suncream)<\/h3>\n<ul data-start=\"1446\" data-end=\"1494\">\n<li data-start=\"1446\" data-end=\"1467\">Ki\u1ec1m d\u1ea7u, nh\u1eb9 m\u1eb7t<\/li>\n<li data-start=\"1468\" data-end=\"1494\">Ph\u00f9 h\u1ee3p da d\u1ea7u, da m\u1ee5n<\/li>\n<\/ul>\n<h3 data-start=\"1496\" data-end=\"1538\">\ud83d\udca6 D\u1ea1ng serum (Hyalu-Cica Sun Serum)<\/h3>\n<div class=\"flex flex-row items-center gap-8 py-4 group cursor-pointer\" tabindex=\"0\" role=\"button\">\n<div class=\"overflow-hidden rounded-xl relative flex aspect-square shrink-0 items-center justify-center w-[88px] lg:w-[160px] bg-[#F3F3F3] dark:bg-[#F3F3F3]\" data-shopping-product-image-pdp-click-target=\"true\"><\/div>\n<div class=\"flex flex-col gap-1 justify-center\">\n<div class=\"text-lg font-medium line-clamp-2 text-balance\">Tinh ch\u1ea5t ch\u1ed1ng n\u1eafng Skin1004 Hyalu-Cica Water-Fit Sun Serum SPF50+<\/div>\n<\/div>\n<\/div>\n<ul data-start=\"1581\" data-end=\"1629\">\n<li data-start=\"1581\" data-end=\"1597\">D\u01b0\u1ee1ng \u1ea9m t\u1ed1t<\/li>\n<li data-start=\"1598\" data-end=\"1629\">Ph\u00f9 h\u1ee3p da kh\u00f4, da nh\u1ea1y c\u1ea3m<\/li>\n<\/ul>\n<h3 data-start=\"1631\" data-end=\"1653\">\u2728 D\u1ea1ng n\u00e2ng tone<\/h3>\n<div class=\"flex flex-row items-center gap-8 py-4 group cursor-pointer\" tabindex=\"0\" role=\"button\">\n<div class=\"overflow-hidden rounded-xl relative flex aspect-square shrink-0 items-center justify-center w-[88px] lg:w-[160px] bg-[#F3F3F3] dark:bg-[#F3F3F3]\" data-shopping-product-image-pdp-click-target=\"true\"><\/div>\n<div class=\"flex flex-col gap-1 justify-center\">\n<div class=\"text-lg font-medium line-clamp-2 text-balance\">Kem ch\u1ed1ng n\u1eafng Skin1004 Tone Brightening SPF50+<\/div>\n<\/div>\n<\/div>\n<ul data-start=\"1696\" data-end=\"1742\">\n<li data-start=\"1716\" data-end=\"1742\">C\u00f3 th\u1ec3 thay l\u1edbp makeup<\/li>\n<\/ul>\n<hr data-start=\"1744\" data-end=\"1747\" \/>\n<h2 data-start=\"1749\" data-end=\"1773\">Feedback kh\u00e1ch h\u00e0ng<\/h2>\n<h3 data-start=\"1775\" data-end=\"1800\">\ud83d\udc69\u200d\ud83e\uddb0 H\u1ed3ng (da m\u1ee5n)<\/h3>\n<blockquote data-start=\"1801\" data-end=\"1865\">\n<p data-start=\"1803\" data-end=\"1865\">\u201cD\u00f9ng th\u1ea5y da d\u1ecbu h\u01a1n, kh\u00f4ng b\u1ecb k\u00edch \u1ee9ng. Kh\u00f4ng g\u00e2y th\u00eam m\u1ee5n.\u201d<\/p>\n<\/blockquote>\n<h3 data-start=\"1867\" data-end=\"1895\">\ud83d\udc69\u200d\ud83c\udf93 Linh (sinh vi\u00ean)<\/h3>\n<blockquote data-start=\"1896\" data-end=\"1941\">\n<p data-start=\"1898\" data-end=\"1941\">\u201cKem nh\u1eb9, kh\u00f4ng b\u1ebft, \u0111i h\u1ecdc d\u00f9ng r\u1ea5t ti\u1ec7n.\u201d<\/p>\n<\/blockquote>\n<h3 data-start=\"1943\" data-end=\"1974\">\ud83d\udc69\u200d\ud83d\udcbc Trang (da nh\u1ea1y c\u1ea3m)<\/h3>\n<blockquote data-start=\"1975\" data-end=\"2032\">\n<p data-start=\"1977\" data-end=\"2032\">\u201cDa m\u00ecnh r\u1ea5t d\u1ec5 k\u00edch \u1ee9ng m\u00e0 d\u00f9ng v\u1eabn \u1ed5n, kh\u00f4ng b\u1ecb r\u00e1t.\u201d<\/p>\n<\/blockquote>\n<hr data-start=\"2034\" data-end=\"2037\" \/>\n<h2 data-start=\"2039\" data-end=\"2065\">C\u00e1ch s\u1eed d\u1ee5ng hi\u1ec7u qu\u1ea3<\/h2>\n<ul data-start=\"2067\" data-end=\"2167\">\n<li data-start=\"2067\" data-end=\"2105\">Thoa tr\u01b0\u1edbc khi ra ngo\u00e0i 15\u201320 ph\u00fat<\/li>\n<li data-start=\"2106\" data-end=\"2138\">D\u00f9ng l\u01b0\u1ee3ng kho\u1ea3ng 2 ng\u00f3n tay<\/li>\n<li data-start=\"2139\" data-end=\"2167\">Thoa l\u1ea1i sau m\u1ed7i 2\u20133 gi\u1edd<\/li>\n<\/ul>\n<p data-start=\"2169\" data-end=\"2187\">\ud83d\udc49 K\u1ebft h\u1ee3p th\u00eam:<\/p>\n<ul data-start=\"2188\" data-end=\"2241\">\n<li data-start=\"2188\" data-end=\"2216\">\/kem-duong-am-cho-da-dau<\/li>\n<li data-start=\"2217\" data-end=\"2241\">\/routine-cham-soc-da<\/li>\n<\/ul>\n<hr data-start=\"2243\" data-end=\"2246\" \/>\n<h2 data-start=\"2248\" data-end=\"2289\">B\u1ea3ng so s\u00e1nh nhanh c\u00e1c d\u00f2ng Centella<\/h2>\n<div class=\"TyagGW_tableContainer\">\n<div class=\"group TyagGW_tableWrapper flex flex-col-reverse w-fit\" tabindex=\"-1\">\n<table class=\"w-fit min-w-(--thread-content-width)\" data-start=\"2291\" data-end=\"2648\">\n<thead data-start=\"2291\" data-end=\"2423\">\n<tr data-start=\"2291\" data-end=\"2423\">\n<th class=\"align-top\" data-start=\"2291\" data-end=\"2302\" data-col-size=\"sm\">Ti\u00eau ch\u00ed<\/th>\n<th class=\"align-top\" data-start=\"2302\" data-end=\"2342\" data-col-size=\"md\">\n<div class=\"flex w-full flex-col items-stretch gap-2 text-start self-start flex-1 product-table-sidebar-card group cursor-pointer\" tabindex=\"0\" role=\"button\">\n<div class=\"overflow-hidden rounded-xl relative flex aspect-square shrink-0 items-center justify-center w-full max-w-[160px] lg:max-w-[200px] bg-[#F3F3F3] dark:bg-[#F3F3F3]\" data-shopping-product-image-pdp-click-target=\"true\"><\/div>\n<div class=\"flex flex-col gap-1 items-start text-start\">\n<div class=\"text-sm font-semibold line-clamp-2 text-balance\">Air-Fit Suncream<\/div>\n<div class=\"text-token-text-tertiary flex flex-wrap items-center gap-1 font-normal justify-start text-xs max-w-full\"><\/div>\n<\/div>\n<\/div>\n<\/th>\n<th class=\"align-top\" data-start=\"2342\" data-end=\"2382\" data-col-size=\"md\">\n<div class=\"flex w-full flex-col items-stretch gap-2 text-start self-start flex-1 product-table-sidebar-card group cursor-pointer\" tabindex=\"0\" role=\"button\">\n<div class=\"overflow-hidden rounded-xl relative flex aspect-square shrink-0 items-center justify-center w-full max-w-[160px] lg:max-w-[200px] bg-[#F3F3F3] dark:bg-[#F3F3F3]\" data-shopping-product-image-pdp-click-target=\"true\"><\/div>\n<div class=\"flex flex-col gap-1 items-start text-start\">\n<div class=\"text-sm font-semibold line-clamp-2 text-balance\">Hyalu-Cica Serum<\/div>\n<div class=\"text-token-text-tertiary flex flex-wrap items-center gap-1 font-normal justify-start text-xs max-w-full\"><\/div>\n<\/div>\n<\/div>\n<\/th>\n<th class=\"align-top\" data-start=\"2382\" data-end=\"2423\" data-col-size=\"md\">\n<div class=\"flex w-full flex-col items-stretch gap-2 text-start self-start flex-1 product-table-sidebar-card group cursor-pointer\" tabindex=\"0\" role=\"button\">\n<div class=\"overflow-hidden rounded-xl relative flex aspect-square shrink-0 items-center justify-center w-full max-w-[160px] lg:max-w-[200px] bg-[#F3F3F3] dark:bg-[#F3F3F3]\" data-shopping-product-image-pdp-click-target=\"true\"><\/div>\n<div class=\"flex flex-col gap-1 items-start text-start\">\n<div class=\"text-sm font-semibold line-clamp-2 text-balance\">Tone Brightening<\/div>\n<div class=\"text-token-text-tertiary flex flex-wrap items-center gap-1 font-normal justify-start text-xs max-w-full\"><\/div>\n<\/div>\n<\/div>\n<\/th>\n<\/tr>\n<\/thead>\n<tbody data-start=\"2488\" data-end=\"2648\">\n<tr data-start=\"2488\" data-end=\"2519\">\n<td data-start=\"2488\" data-end=\"2498\" data-col-size=\"sm\">K\u1ebft c\u1ea5u<\/td>\n<td data-start=\"2498\" data-end=\"2504\" data-col-size=\"sm\">Kem<\/td>\n<td data-start=\"2504\" data-end=\"2512\" data-col-size=\"sm\">Serum<\/td>\n<td data-start=\"2512\" data-end=\"2519\" data-col-size=\"sm\">Kem<\/td>\n<\/tr>\n<tr data-start=\"2520\" data-end=\"2567\">\n<td data-start=\"2520\" data-end=\"2532\" data-col-size=\"sm\">C\u00f4ng d\u1ee5ng<\/td>\n<td data-start=\"2532\" data-end=\"2543\" data-col-size=\"sm\">Ki\u1ec1m d\u1ea7u<\/td>\n<td data-start=\"2543\" data-end=\"2554\" data-col-size=\"sm\">D\u01b0\u1ee1ng \u1ea9m<\/td>\n<td data-start=\"2554\" data-end=\"2567\" data-col-size=\"sm\">N\u00e2ng tone<\/td>\n<\/tr>\n<tr data-start=\"2568\" data-end=\"2609\">\n<td data-start=\"2568\" data-end=\"2578\" data-col-size=\"sm\">Lo\u1ea1i da<\/td>\n<td data-start=\"2578\" data-end=\"2587\" data-col-size=\"sm\">Da d\u1ea7u<\/td>\n<td data-start=\"2587\" data-end=\"2596\" data-col-size=\"sm\">Da kh\u00f4<\/td>\n<td data-start=\"2596\" data-end=\"2609\" data-col-size=\"sm\">Da th\u01b0\u1eddng<\/td>\n<\/tr>\n<tr data-start=\"2610\" data-end=\"2648\">\n<td data-start=\"2610\" data-end=\"2619\" data-col-size=\"sm\">Finish<\/td>\n<td data-col-size=\"sm\" data-start=\"2619\" data-end=\"2628\">L\u00ec nh\u1eb9<\/td>\n<td data-col-size=\"sm\" data-start=\"2628\" data-end=\"2637\">\u1ea8m m\u1ecbn<\/td>\n<td data-col-size=\"sm\" data-start=\"2637\" data-end=\"2648\">S\u00e1ng da<\/td>\n<\/tr>\n<\/tbody>\n<\/table>\n<\/div>\n<\/div>\n<hr data-start=\"2650\" data-end=\"2653\" \/>\n<h2 data-start=\"2655\" data-end=\"2694\">V\u00ec sao n\u00ean ch\u1ecdn Centella Skin1004?<\/h2>\n<p data-start=\"2696\" data-end=\"2845\"><span class=\"hover:entity-accent entity-underline inline cursor-pointer align-baseline\"><span class=\"whitespace-normal\">SKIN1004<\/span><\/span> n\u1ed5i ti\u1ebfng v\u1edbi c\u00e1c s\u1ea3n ph\u1ea9m chi\u1ebft xu\u1ea5t thi\u00ean nhi\u00ean, \u0111\u1eb7c bi\u1ec7t l\u00e0 rau m\u00e1 gi\u00fap l\u00e0m d\u1ecbu da v\u00e0 h\u1ed7 tr\u1ee3 \u0111i\u1ec1u tr\u1ecb m\u1ee5n.<\/p>\n<hr data-start=\"2847\" data-end=\"2850\" \/>\n<h2 data-start=\"2852\" data-end=\"2865\">K\u1ebft lu\u1eadn<\/h2>\n<p data-start=\"2867\" data-end=\"3058\">Kem ch\u1ed1ng n\u1eafng Centella l\u00e0 l\u1ef1a ch\u1ecdn l\u00fd t\u01b0\u1edfng cho nh\u1eefng ai \u0111ang t\u00ecm s\u1ea3n ph\u1ea9m <strong data-start=\"2943\" data-end=\"2997\">l\u00e0nh t\u00ednh, nh\u1eb9 m\u1eb7t v\u00e0 ph\u00f9 h\u1ee3p da m\u1ee5n \u2013 da nh\u1ea1y c\u1ea3m<\/strong>. D\u00f9ng h\u1eb1ng ng\u00e0y s\u1ebd gi\u00fap b\u1ea3o v\u1ec7 v\u00e0 c\u1ea3i thi\u1ec7n l\u00e0n da r\u00f5 r\u1ec7t.<\/p>\n","protected":false},"excerpt":{"rendered":"<p>Kem ch\u1ed1ng n\u1eafng Centella c\u00f3 t\u1ed1t kh\u00f4ng? Kem ch\u1ed1ng n\u1eafng t\u1eeb SKIN1004 (d\u00f2ng Centella) l\u00e0 s\u1ea3n ph\u1ea9m n\u1ed5i ti\u1ebfng nh\u1edd chi\u1ebft xu\u1ea5t rau m\u00e1 Madagascar gi\u00fap l\u00e0m d\u1ecbu v\u00e0 ph\u1ee5c h\u1ed3i da. S\u1ea3n ph\u1ea9m c\u00f3 ch\u1ec9 s\u1ed1 SPF50+ PA++++ gi\u00fap b\u1ea3o v\u1ec7 da kh\u1ecfi tia UVA\/UVB, \u0111\u1ed3ng th\u1eddi h\u1ed7 tr\u1ee3 gi\u1ea3m k\u00edch \u1ee9ng v\u00e0 c\u1ea3i [&#8230;]\n","protected":false},"featured_media":511,"comment_status":"open","ping_status":"closed","template":"","meta":[],"product_brand":[83],"product_cat":[80],"product_tag":[84],"class_list":{"0":"post-509","1":"product","2":"type-product","3":"status-publish","4":"has-post-thumbnail","6":"product_brand-skin1004","7":"product_cat-kem-chong-nang","8":"product_tag-skin1004","10":"first","11":"instock","12":"sale","13":"shipping-taxable","14":"purchasable","15":"product-type-simple"},"yoast_head":"<!-- This site is optimized with the Yoast SEO plugin v27.4 - https:\/\/yoast.com\/product\/yoast-seo-wordpress\/ -->\n<title>Kem ch\u1ed1ng n\u1eafng Centella Skin1004 SPF50+ cho da nh\u1ea1y c\u1ea3m, da m\u1ee5n - Vuyt my<\/title>\n<meta name=\"description\" content=\"Kem ch\u1ed1ng n\u1eafng Centella Skin1004 SPF50+ gi\u00fap l\u00e0m d\u1ecbu da, ki\u1ec1m d\u1ea7u, ph\u00f9 h\u1ee3p da m\u1ee5n v\u00e0 da nh\u1ea1y c\u1ea3m. Ch\u00ednh h\u00e3ng H\u00e0n Qu\u1ed1c.\" \/>\n<meta name=\"robots\" content=\"index, follow, max-snippet:-1, max-image-preview:large, max-video-preview:-1\" \/>\n<link rel=\"canonical\" href=\"https:\/\/vuytmy.azdigi.shop\/?product=kem-chong-nang-centella\" \/>\n<meta property=\"og:locale\" content=\"vi_VN\" \/>\n<meta property=\"og:type\" content=\"article\" \/>\n<meta property=\"og:title\" content=\"Kem ch\u1ed1ng n\u1eafng Centella Skin1004 SPF50+ cho da nh\u1ea1y c\u1ea3m, da m\u1ee5n - Vuyt my\" \/>\n<meta property=\"og:description\" content=\"Kem ch\u1ed1ng n\u1eafng Centella Skin1004 SPF50+ gi\u00fap l\u00e0m d\u1ecbu da, ki\u1ec1m d\u1ea7u, ph\u00f9 h\u1ee3p da m\u1ee5n v\u00e0 da nh\u1ea1y c\u1ea3m. Ch\u00ednh h\u00e3ng H\u00e0n Qu\u1ed1c.\" \/>\n<meta property=\"og:url\" content=\"https:\/\/vuytmy.azdigi.shop\/?product=kem-chong-nang-centella\" \/>\n<meta property=\"og:site_name\" content=\"Vuyt my\" \/>\n<meta property=\"article:modified_time\" content=\"2026-04-18T13:57:30+00:00\" \/>\n<meta property=\"og:image\" content=\"https:\/\/vuytmy.azdigi.shop\/wp-content\/uploads\/2026\/04\/OIP-1.jpg\" \/>\n\t<meta property=\"og:image:width\" content=\"220\" \/>\n\t<meta property=\"og:image:height\" content=\"220\" \/>\n\t<meta property=\"og:image:type\" content=\"image\/jpeg\" \/>\n<meta name=\"twitter:card\" content=\"summary_large_image\" \/>\n<meta name=\"twitter:label1\" content=\"\u01af\u1edbc t\u00ednh th\u1eddi gian \u0111\u1ecdc\" \/>\n\t<meta name=\"twitter:data1\" content=\"3 ph\u00fat\" \/>\n<script type=\"application\/ld+json\" class=\"yoast-schema-graph\">{\"@context\":\"https:\\\/\\\/schema.org\",\"@graph\":[{\"@type\":\"WebPage\",\"@id\":\"https:\\\/\\\/vuytmy.azdigi.shop\\\/?product=kem-chong-nang-centella\",\"url\":\"https:\\\/\\\/vuytmy.azdigi.shop\\\/?product=kem-chong-nang-centella\",\"name\":\"Kem ch\u1ed1ng n\u1eafng Centella Skin1004 SPF50+ cho da nh\u1ea1y c\u1ea3m, da m\u1ee5n - Vuyt my\",\"isPartOf\":{\"@id\":\"https:\\\/\\\/vuytmy.azdigi.shop\\\/#website\"},\"primaryImageOfPage\":{\"@id\":\"https:\\\/\\\/vuytmy.azdigi.shop\\\/?product=kem-chong-nang-centella#primaryimage\"},\"image\":{\"@id\":\"https:\\\/\\\/vuytmy.azdigi.shop\\\/?product=kem-chong-nang-centella#primaryimage\"},\"thumbnailUrl\":\"https:\\\/\\\/vuytmy.azdigi.shop\\\/wp-content\\\/uploads\\\/2026\\\/04\\\/OIP-1.jpg\",\"datePublished\":\"2026-04-18T13:50:43+00:00\",\"dateModified\":\"2026-04-18T13:57:30+00:00\",\"description\":\"Kem ch\u1ed1ng n\u1eafng Centella Skin1004 SPF50+ gi\u00fap l\u00e0m d\u1ecbu da, ki\u1ec1m d\u1ea7u, ph\u00f9 h\u1ee3p da m\u1ee5n v\u00e0 da nh\u1ea1y c\u1ea3m. Ch\u00ednh h\u00e3ng H\u00e0n Qu\u1ed1c.\",\"breadcrumb\":{\"@id\":\"https:\\\/\\\/vuytmy.azdigi.shop\\\/?product=kem-chong-nang-centella#breadcrumb\"},\"inLanguage\":\"vi\",\"potentialAction\":[{\"@type\":\"ReadAction\",\"target\":[\"https:\\\/\\\/vuytmy.azdigi.shop\\\/?product=kem-chong-nang-centella\"]}]},{\"@type\":\"ImageObject\",\"inLanguage\":\"vi\",\"@id\":\"https:\\\/\\\/vuytmy.azdigi.shop\\\/?product=kem-chong-nang-centella#primaryimage\",\"url\":\"https:\\\/\\\/vuytmy.azdigi.shop\\\/wp-content\\\/uploads\\\/2026\\\/04\\\/OIP-1.jpg\",\"contentUrl\":\"https:\\\/\\\/vuytmy.azdigi.shop\\\/wp-content\\\/uploads\\\/2026\\\/04\\\/OIP-1.jpg\",\"width\":220,\"height\":220},{\"@type\":\"BreadcrumbList\",\"@id\":\"https:\\\/\\\/vuytmy.azdigi.shop\\\/?product=kem-chong-nang-centella#breadcrumb\",\"itemListElement\":[{\"@type\":\"ListItem\",\"position\":1,\"name\":\"Trang ch\u1ee7\",\"item\":\"https:\\\/\\\/vuytmy.azdigi.shop\\\/\"},{\"@type\":\"ListItem\",\"position\":2,\"name\":\"C\u1eeda h\u00e0ng\",\"item\":\"https:\\\/\\\/vuytmy.azdigi.shop\\\/?page_id=19\"},{\"@type\":\"ListItem\",\"position\":3,\"name\":\"Kem ch\u1ed1ng n\u1eafng Centella Skin1004 SPF50+ cho da nh\u1ea1y c\u1ea3m, da m\u1ee5n\"}]},{\"@type\":\"WebSite\",\"@id\":\"https:\\\/\\\/vuytmy.azdigi.shop\\\/#website\",\"url\":\"https:\\\/\\\/vuytmy.azdigi.shop\\\/\",\"name\":\"Vuyt my\",\"description\":\"\",\"potentialAction\":[{\"@type\":\"SearchAction\",\"target\":{\"@type\":\"EntryPoint\",\"urlTemplate\":\"https:\\\/\\\/vuytmy.azdigi.shop\\\/?s={search_term_string}\"},\"query-input\":{\"@type\":\"PropertyValueSpecification\",\"valueRequired\":true,\"valueName\":\"search_term_string\"}}],\"inLanguage\":\"vi\"}]}<\/script>\n<!-- \/ Yoast SEO plugin. -->","yoast_head_json":{"title":"Kem ch\u1ed1ng n\u1eafng Centella Skin1004 SPF50+ cho da nh\u1ea1y c\u1ea3m, da m\u1ee5n - Vuyt my","description":"Kem ch\u1ed1ng n\u1eafng Centella Skin1004 SPF50+ gi\u00fap l\u00e0m d\u1ecbu da, ki\u1ec1m d\u1ea7u, ph\u00f9 h\u1ee3p da m\u1ee5n v\u00e0 da nh\u1ea1y c\u1ea3m. Ch\u00ednh h\u00e3ng H\u00e0n Qu\u1ed1c.","robots":{"index":"index","follow":"follow","max-snippet":"max-snippet:-1","max-image-preview":"max-image-preview:large","max-video-preview":"max-video-preview:-1"},"canonical":"https:\/\/vuytmy.azdigi.shop\/?product=kem-chong-nang-centella","og_locale":"vi_VN","og_type":"article","og_title":"Kem ch\u1ed1ng n\u1eafng Centella Skin1004 SPF50+ cho da nh\u1ea1y c\u1ea3m, da m\u1ee5n - Vuyt my","og_description":"Kem ch\u1ed1ng n\u1eafng Centella Skin1004 SPF50+ gi\u00fap l\u00e0m d\u1ecbu da, ki\u1ec1m d\u1ea7u, ph\u00f9 h\u1ee3p da m\u1ee5n v\u00e0 da nh\u1ea1y c\u1ea3m. Ch\u00ednh h\u00e3ng H\u00e0n Qu\u1ed1c.","og_url":"https:\/\/vuytmy.azdigi.shop\/?product=kem-chong-nang-centella","og_site_name":"Vuyt my","article_modified_time":"2026-04-18T13:57:30+00:00","og_image":[{"width":220,"height":220,"url":"https:\/\/vuytmy.azdigi.shop\/wp-content\/uploads\/2026\/04\/OIP-1.jpg","type":"image\/jpeg"}],"twitter_card":"summary_large_image","twitter_misc":{"\u01af\u1edbc t\u00ednh th\u1eddi gian \u0111\u1ecdc":"3 ph\u00fat"},"schema":{"@context":"https:\/\/schema.org","@graph":[{"@type":"WebPage","@id":"https:\/\/vuytmy.azdigi.shop\/?product=kem-chong-nang-centella","url":"https:\/\/vuytmy.azdigi.shop\/?product=kem-chong-nang-centella","name":"Kem ch\u1ed1ng n\u1eafng Centella Skin1004 SPF50+ cho da nh\u1ea1y c\u1ea3m, da m\u1ee5n - Vuyt my","isPartOf":{"@id":"https:\/\/vuytmy.azdigi.shop\/#website"},"primaryImageOfPage":{"@id":"https:\/\/vuytmy.azdigi.shop\/?product=kem-chong-nang-centella#primaryimage"},"image":{"@id":"https:\/\/vuytmy.azdigi.shop\/?product=kem-chong-nang-centella#primaryimage"},"thumbnailUrl":"https:\/\/vuytmy.azdigi.shop\/wp-content\/uploads\/2026\/04\/OIP-1.jpg","datePublished":"2026-04-18T13:50:43+00:00","dateModified":"2026-04-18T13:57:30+00:00","description":"Kem ch\u1ed1ng n\u1eafng Centella Skin1004 SPF50+ gi\u00fap l\u00e0m d\u1ecbu da, ki\u1ec1m d\u1ea7u, ph\u00f9 h\u1ee3p da m\u1ee5n v\u00e0 da nh\u1ea1y c\u1ea3m. Ch\u00ednh h\u00e3ng H\u00e0n Qu\u1ed1c.","breadcrumb":{"@id":"https:\/\/vuytmy.azdigi.shop\/?product=kem-chong-nang-centella#breadcrumb"},"inLanguage":"vi","potentialAction":[{"@type":"ReadAction","target":["https:\/\/vuytmy.azdigi.shop\/?product=kem-chong-nang-centella"]}]},{"@type":"ImageObject","inLanguage":"vi","@id":"https:\/\/vuytmy.azdigi.shop\/?product=kem-chong-nang-centella#primaryimage","url":"https:\/\/vuytmy.azdigi.shop\/wp-content\/uploads\/2026\/04\/OIP-1.jpg","contentUrl":"https:\/\/vuytmy.azdigi.shop\/wp-content\/uploads\/2026\/04\/OIP-1.jpg","width":220,"height":220},{"@type":"BreadcrumbList","@id":"https:\/\/vuytmy.azdigi.shop\/?product=kem-chong-nang-centella#breadcrumb","itemListElement":[{"@type":"ListItem","position":1,"name":"Trang ch\u1ee7","item":"https:\/\/vuytmy.azdigi.shop\/"},{"@type":"ListItem","position":2,"name":"C\u1eeda h\u00e0ng","item":"https:\/\/vuytmy.azdigi.shop\/?page_id=19"},{"@type":"ListItem","position":3,"name":"Kem ch\u1ed1ng n\u1eafng Centella Skin1004 SPF50+ cho da nh\u1ea1y c\u1ea3m, da m\u1ee5n"}]},{"@type":"WebSite","@id":"https:\/\/vuytmy.azdigi.shop\/#website","url":"https:\/\/vuytmy.azdigi.shop\/","name":"Vuyt my","description":"","potentialAction":[{"@type":"SearchAction","target":{"@type":"EntryPoint","urlTemplate":"https:\/\/vuytmy.azdigi.shop\/?s={search_term_string}"},"query-input":{"@type":"PropertyValueSpecification","valueRequired":true,"valueName":"search_term_string"}}],"inLanguage":"vi"}]}},"_links":{"self":[{"href":"https:\/\/vuytmy.azdigi.shop\/index.php?rest_route=\/wp\/v2\/product\/509","targetHints":{"allow":["GET"]}}],"collection":[{"href":"https:\/\/vuytmy.azdigi.shop\/index.php?rest_route=\/wp\/v2\/product"}],"about":[{"href":"https:\/\/vuytmy.azdigi.shop\/index.php?rest_route=\/wp\/v2\/types\/product"}],"replies":[{"embeddable":true,"href":"https:\/\/vuytmy.azdigi.shop\/index.php?rest_route=%2Fwp%2Fv2%2Fcomments&post=509"}],"wp:featuredmedia":[{"embeddable":true,"href":"https:\/\/vuytmy.azdigi.shop\/index.php?rest_route=\/wp\/v2\/media\/511"}],"wp:attachment":[{"href":"https:\/\/vuytmy.azdigi.shop\/index.php?rest_route=%2Fwp%2Fv2%2Fmedia&parent=509"}],"wp:term":[{"taxonomy":"product_brand","embeddable":true,"href":"https:\/\/vuytmy.azdigi.shop\/index.php?rest_route=%2Fwp%2Fv2%2Fproduct_brand&post=509"},{"taxonomy":"product_cat","embeddable":true,"href":"https:\/\/vuytmy.azdigi.shop\/index.php?rest_route=%2Fwp%2Fv2%2Fproduct_cat&post=509"},{"taxonomy":"product_tag","embeddable":true,"href":"https:\/\/vuytmy.azdigi.shop\/index.php?rest_route=%2Fwp%2Fv2%2Fproduct_tag&post=509"}],"curies":[{"name":"wp","href":"https:\/\/api.w.org\/{rel}","templated":true}]}}