{"id":500,"date":"2026-04-18T13:41:27","date_gmt":"2026-04-18T13:41:27","guid":{"rendered":"https:\/\/vuytmy.azdigi.shop\/?post_type=product&#038;p=500"},"modified":"2026-04-18T13:42:19","modified_gmt":"2026-04-18T13:42:19","slug":"kem-chong-nang-vichy","status":"publish","type":"product","link":"https:\/\/vuytmy.azdigi.shop\/?product=kem-chong-nang-vichy","title":{"rendered":"Kem ch\u1ed1ng n\u1eafng Vichy SPF50+ ch\u00ednh h\u00e3ng | Ki\u1ec1m d\u1ea7u t\u1ed1t"},"content":{"rendered":"<h2 data-section-id=\"1g9xyog\" data-start=\"569\" data-end=\"606\">Kem ch\u1ed1ng n\u1eafng Vichy c\u00f3 t\u1ed1t kh\u00f4ng?<\/h2>\n<p data-start=\"608\" data-end=\"748\">Kem ch\u1ed1ng n\u1eafng <span class=\"hover:entity-accent entity-underline inline cursor-pointer align-baseline\"><span class=\"whitespace-normal\">Vichy<\/span><\/span> l\u00e0 d\u00f2ng d\u01b0\u1ee3c m\u1ef9 ph\u1ea9m \u0111\u1ebfn t\u1eeb Ph\u00e1p, n\u1ed5i ti\u1ebfng v\u1edbi c\u00e1c s\u1ea3n ph\u1ea9m an to\u00e0n cho da nh\u1ea1y c\u1ea3m.<\/p>\n<p data-start=\"750\" data-end=\"912\">D\u00f2ng <strong data-start=\"755\" data-end=\"773\">Capital Soleil<\/strong> c\u1ee7a h\u00e3ng \u0111\u01b0\u1ee3c thi\u1ebft k\u1ebf \u0111\u1ec3 b\u1ea3o v\u1ec7 da tr\u01b0\u1edbc tia UVA\/UVB, gi\u00fap ng\u0103n ng\u1eeba l\u00e3o h\u00f3a v\u00e0 s\u1ea1m n\u00e1m hi\u1ec7u qu\u1ea3.<\/p>\n<p data-start=\"914\" data-end=\"1034\">Ngo\u00e0i ra, s\u1ea3n ph\u1ea9m c\u00f2n gi\u00fap ki\u1ec3m so\u00e1t d\u1ea7u v\u00e0 gi\u1eef da th\u00f4ng tho\u00e1ng su\u1ed1t nhi\u1ec1u gi\u1edd.<\/p>\n<hr data-start=\"1036\" data-end=\"1039\" \/>\n<h2 data-section-id=\"13gfy00\" data-start=\"1041\" data-end=\"1061\">\u01afu \u0111i\u1ec3m n\u1ed5i b\u1eadt<\/h2>\n<h3 data-section-id=\"1qdwh1\" data-start=\"1063\" data-end=\"1090\">\ud83c\udf1e Ch\u1ed1ng n\u1eafng m\u1ea1nh m\u1ebd<\/h3>\n<ul data-start=\"1091\" data-end=\"1158\">\n<li data-section-id=\"111wr60\" data-start=\"1091\" data-end=\"1124\">SPF50+ b\u1ea3o v\u1ec7 da tr\u01b0\u1edbc tia UV<\/li>\n<li data-section-id=\"inaqys\" data-start=\"1125\" data-end=\"1158\">Gi\u1ea3m nguy c\u01a1 s\u1ea1m n\u00e1m, l\u00e3o h\u00f3a<\/li>\n<\/ul>\n<h3 data-section-id=\"1d20kw\" data-start=\"1160\" data-end=\"1186\">\ud83d\udca7 Ki\u1ec1m d\u1ea7u hi\u1ec7u qu\u1ea3<\/h3>\n<ul data-start=\"1187\" data-end=\"1235\">\n<li data-section-id=\"1fdzt40\" data-start=\"1187\" data-end=\"1208\">Gi\u1eef da kh\u00f4 tho\u00e1ng<\/li>\n<li data-section-id=\"bkugtq\" data-start=\"1209\" data-end=\"1235\">Ph\u00f9 h\u1ee3p da d\u1ea7u, da m\u1ee5n<\/li>\n<\/ul>\n<h3 data-section-id=\"1ppdgxu\" data-start=\"1237\" data-end=\"1256\">\u2728 K\u1ebft c\u1ea5u nh\u1eb9<\/h3>\n<ul data-start=\"1257\" data-end=\"1311\">\n<li data-section-id=\"2krp11\" data-start=\"1257\" data-end=\"1291\">Th\u1ea5m nhanh, kh\u00f4ng g\u00e2y b\u1ebft d\u00ednh<\/li>\n<li data-section-id=\"19uhnrx\" data-start=\"1292\" data-end=\"1311\">Kh\u00f4ng l\u00e0m b\u00ed da<\/li>\n<\/ul>\n<h3 data-section-id=\"10zykwd\" data-start=\"1313\" data-end=\"1345\">\ud83c\udf3f An to\u00e0n cho da nh\u1ea1y c\u1ea3m<\/h3>\n<ul data-start=\"1346\" data-end=\"1393\">\n<li data-section-id=\"1ez3k72\" data-start=\"1346\" data-end=\"1368\">Kh\u00f4ng ch\u1ee9a paraben<\/li>\n<li data-section-id=\"19e7bsm\" data-start=\"1369\" data-end=\"1393\">Th\u00e0nh ph\u1ea7n l\u00e0nh t\u00ednh<\/li>\n<\/ul>\n<hr data-start=\"1395\" data-end=\"1398\" \/>\n<h2 data-section-id=\"1irf4m1\" data-start=\"1400\" data-end=\"1443\">C\u00e1c d\u00f2ng kem ch\u1ed1ng n\u1eafng Vichy ph\u1ed5 bi\u1ebfn<\/h2>\n<h3 data-section-id=\"1pdg6wq\" data-start=\"1445\" data-end=\"1478\">\ud83d\udd39 D\u00f2ng ki\u1ec1m d\u1ea7u (b\u00e1n ch\u1ea1y)<\/h3>\n<ul data-start=\"1479\" data-end=\"1547\">\n<li data-section-id=\"19ppa8b\" data-start=\"1479\" data-end=\"1547\"><span class=\"hover:entity-accent entity-underline inline cursor-pointer align-baseline\" tabindex=\"0\" role=\"button\"><span class=\"whitespace-normal\">Vichy Ideal Soleil Mattifying Face Fluid SPF50+<\/span><\/span><br data-start=\"1518\" data-end=\"1521\" \/>\u2192 Ph\u00f9 h\u1ee3p da d\u1ea7u, da m\u1ee5n<\/li>\n<\/ul>\n<h3 data-section-id=\"1azy2tw\" data-start=\"1549\" data-end=\"1576\">\ud83d\udd39 D\u00f2ng ch\u1ed1ng l\u00e3o h\u00f3a<\/h3>\n<ul data-start=\"1577\" data-end=\"1649\">\n<li data-section-id=\"1ppjvrm\" data-start=\"1577\" data-end=\"1649\"><span class=\"hover:entity-accent entity-underline inline cursor-pointer align-baseline\" tabindex=\"0\" role=\"button\"><span class=\"whitespace-normal\">Vichy Ideal Soleil Anti Age SPF50<\/span><\/span><br data-start=\"1616\" data-end=\"1619\" \/>\u2192 Ph\u00f9 h\u1ee3p da b\u1eaft \u0111\u1ea7u l\u00e3o h\u00f3a<\/li>\n<\/ul>\n<h3 data-section-id=\"1y7naq4\" data-start=\"1651\" data-end=\"1678\">\ud83d\udd39 D\u00f2ng gi\u1ea3m th\u00e2m n\u00e1m<\/h3>\n<ul data-start=\"1679\" data-end=\"1746\">\n<li data-section-id=\"s73pv2\" data-start=\"1679\" data-end=\"1746\"><span class=\"hover:entity-accent entity-underline inline cursor-pointer align-baseline\" tabindex=\"0\" role=\"button\"><span class=\"whitespace-normal\">Vichy Capital Soleil Anti Dark Spots SPF50<\/span><\/span><br data-start=\"1718\" data-end=\"1721\" \/>\u2192 H\u1ed7 tr\u1ee3 l\u00e0m \u0111\u1ec1u m\u00e0u da<\/li>\n<\/ul>\n<hr data-start=\"1748\" data-end=\"1751\" \/>\n<h2 data-section-id=\"l0049w\" data-start=\"1753\" data-end=\"1777\">Feedback kh\u00e1ch h\u00e0ng<\/h2>\n<h3 data-section-id=\"1m73bor\" data-start=\"1779\" data-end=\"1809\">\ud83d\udc69\u200d\ud83e\uddb0 Trang (da d\u1ea7u m\u1ee5n)<\/h3>\n<blockquote data-start=\"1810\" data-end=\"1879\">\n<p data-start=\"1812\" data-end=\"1879\">\u201cKi\u1ec1m d\u1ea7u c\u1ef1c t\u1ed1t, d\u00f9ng c\u1ea3 ng\u00e0y m\u1eb7t v\u1eabn kh\u00f4 r\u00e1o. Kh\u00f4ng b\u1ecb l\u00ean m\u1ee5n.\u201d<\/p>\n<\/blockquote>\n<h3 data-section-id=\"srzfpt\" data-start=\"1881\" data-end=\"1909\">\ud83d\udc69\u200d\ud83c\udf93 Ng\u1ecdc (sinh vi\u00ean)<\/h3>\n<blockquote data-start=\"1910\" data-end=\"1968\">\n<p data-start=\"1912\" data-end=\"1968\">\u201cTh\u1ea5m nhanh, kh\u00f4ng b\u1ecb tr\u1eafng b\u1ec7ch. \u0110i h\u1ecdc d\u00f9ng r\u1ea5t ti\u1ec7n.\u201d<\/p>\n<\/blockquote>\n<h3 data-section-id=\"j6cssm\" data-start=\"1970\" data-end=\"2009\">\ud83d\udc69\u200d\ud83d\udcbc H\u01b0\u01a1ng (nh\u00e2n vi\u00ean v\u0103n ph\u00f2ng)<\/h3>\n<blockquote data-start=\"2010\" data-end=\"2051\">\n<p data-start=\"2012\" data-end=\"2051\">\u201cMakeup kh\u00f4ng b\u1ecb m\u1ed1c, l\u1edbp n\u1ec1n \u0111\u1eb9p h\u01a1n.\u201d<\/p>\n<\/blockquote>\n<hr data-start=\"2053\" data-end=\"2056\" \/>\n<h2 data-section-id=\"2vgdv2\" data-start=\"2058\" data-end=\"2084\">C\u00e1ch s\u1eed d\u1ee5ng hi\u1ec7u qu\u1ea3<\/h2>\n<ul data-start=\"2086\" data-end=\"2186\">\n<li data-section-id=\"1tz8hy9\" data-start=\"2086\" data-end=\"2124\">Thoa tr\u01b0\u1edbc khi ra ngo\u00e0i 15\u201320 ph\u00fat<\/li>\n<li data-section-id=\"18s1r2e\" data-start=\"2125\" data-end=\"2157\">D\u00f9ng l\u01b0\u1ee3ng kho\u1ea3ng 2 ng\u00f3n tay<\/li>\n<li data-section-id=\"1trxt7v\" data-start=\"2158\" data-end=\"2186\">Thoa l\u1ea1i sau m\u1ed7i 2\u20133 gi\u1edd<\/li>\n<\/ul>\n<p data-start=\"2188\" data-end=\"2206\">\ud83d\udc49 K\u1ebft h\u1ee3p th\u00eam:<\/p>\n<ul data-start=\"2207\" data-end=\"2260\">\n<li data-section-id=\"1yjc1b7\" data-start=\"2207\" data-end=\"2235\">\/kem-duong-am-cho-da-dau<\/li>\n<li data-section-id=\"ip23ah\" data-start=\"2236\" data-end=\"2260\">\/routine-cham-soc-da<\/li>\n<\/ul>\n<hr data-start=\"2262\" data-end=\"2265\" \/>\n<h2 data-section-id=\"j8lnw2\" data-start=\"2267\" data-end=\"2294\">V\u00ec sao n\u00ean ch\u1ecdn Vichy?<\/h2>\n<p data-start=\"2296\" data-end=\"2442\"><span class=\"hover:entity-accent entity-underline inline cursor-pointer align-baseline\"><span class=\"whitespace-normal\">Vichy<\/span><\/span> n\u1ed5i ti\u1ebfng v\u1edbi c\u00e1c s\u1ea3n ph\u1ea9m d\u01b0\u1ee3c m\u1ef9 ph\u1ea9m an to\u00e0n, \u0111\u01b0\u1ee3c nghi\u00ean c\u1ee9u chuy\u00ean s\u00e2u cho l\u00e0n da nh\u1ea1y c\u1ea3m v\u00e0 da m\u1ee5n.<\/p>\n<hr data-start=\"2444\" data-end=\"2447\" \/>\n<h2 data-section-id=\"1kpea37\" data-start=\"2449\" data-end=\"2489\">B\u1ea3ng so s\u00e1nh nhanh c\u00e1c d\u00f2ng n\u1ed5i b\u1eadt<\/h2>\n<div class=\"TyagGW_tableContainer\">\n<div class=\"group TyagGW_tableWrapper flex flex-col-reverse w-fit\" tabindex=\"-1\">\n<table class=\"w-fit min-w-(--thread-content-width)\" data-start=\"2491\" data-end=\"2872\">\n<thead data-start=\"2491\" data-end=\"2625\">\n<tr data-start=\"2491\" data-end=\"2625\">\n<th class=\"align-top\" data-start=\"2491\" data-end=\"2502\" data-col-size=\"sm\">Ti\u00eau ch\u00ed<\/th>\n<th class=\"align-top\" data-start=\"2502\" data-end=\"2542\" data-col-size=\"md\">\n<div class=\"flex w-full flex-col items-stretch gap-2 text-start self-start flex-1 product-table-sidebar-card group cursor-pointer\" tabindex=\"0\" role=\"button\">\n<div class=\"overflow-hidden rounded-xl relative flex aspect-square shrink-0 items-center justify-center w-full max-w-[160px] lg:max-w-[200px] bg-[#F3F3F3] dark:bg-[#F3F3F3]\" data-shopping-product-image-pdp-click-target=\"true\"><\/div>\n<div class=\"flex flex-col gap-1 items-start text-start\">\n<div class=\"text-sm font-semibold line-clamp-2 text-balance\">Dry Touch SPF50+<\/div>\n<div class=\"text-token-text-tertiary flex flex-wrap items-center gap-1 font-normal justify-start text-xs max-w-full\">590.000 \u20ab<\/div>\n<\/div>\n<\/div>\n<\/th>\n<th class=\"align-top\" data-start=\"2542\" data-end=\"2582\" data-col-size=\"md\">\n<div class=\"flex w-full flex-col items-stretch gap-2 text-start self-start flex-1 product-table-sidebar-card group cursor-pointer\" tabindex=\"0\" role=\"button\">\n<div class=\"overflow-hidden rounded-xl relative flex aspect-square shrink-0 items-center justify-center w-full max-w-[160px] lg:max-w-[200px] bg-[#F3F3F3] dark:bg-[#F3F3F3]\" data-shopping-product-image-pdp-click-target=\"true\"><\/div>\n<div class=\"flex flex-col gap-1 items-start text-start\">\n<div class=\"text-sm font-semibold line-clamp-2 text-balance\">Anti Age SPF50<\/div>\n<div class=\"text-token-text-tertiary flex flex-wrap items-center gap-1 font-normal justify-start text-xs max-w-full\">508.000 \u20ab<\/div>\n<\/div>\n<\/div>\n<\/th>\n<th class=\"align-top\" data-start=\"2582\" data-end=\"2625\" data-col-size=\"md\">\n<div class=\"flex w-full flex-col items-stretch gap-2 text-start self-start flex-1 product-table-sidebar-card group cursor-pointer\" tabindex=\"0\" role=\"button\">\n<div class=\"overflow-hidden rounded-xl relative flex aspect-square shrink-0 items-center justify-center w-full max-w-[160px] lg:max-w-[200px] bg-[#F3F3F3] dark:bg-[#F3F3F3]\" data-shopping-product-image-pdp-click-target=\"true\"><\/div>\n<div class=\"flex flex-col gap-1 items-start text-start\">\n<div class=\"text-sm font-semibold line-clamp-2 text-balance\">Anti Dark Spots SPF50<\/div>\n<div class=\"text-token-text-tertiary flex flex-wrap items-center gap-1 font-normal justify-start text-xs max-w-full\">453.000 \u20ab<\/div>\n<\/div>\n<\/div>\n<\/th>\n<\/tr>\n<\/thead>\n<tbody data-start=\"2690\" data-end=\"2872\">\n<tr data-start=\"2690\" data-end=\"2742\">\n<td data-start=\"2690\" data-end=\"2702\" data-col-size=\"sm\">C\u00f4ng d\u1ee5ng<\/td>\n<td data-start=\"2702\" data-end=\"2713\" data-col-size=\"sm\">Ki\u1ec1m d\u1ea7u<\/td>\n<td data-start=\"2713\" data-end=\"2729\" data-col-size=\"sm\">Ch\u1ed1ng l\u00e3o h\u00f3a<\/td>\n<td data-start=\"2729\" data-end=\"2742\" data-col-size=\"sm\">Gi\u1ea3m th\u00e2m<\/td>\n<\/tr>\n<tr data-start=\"2743\" data-end=\"2788\">\n<td data-start=\"2743\" data-end=\"2753\" data-col-size=\"sm\">Lo\u1ea1i da<\/td>\n<td data-start=\"2753\" data-end=\"2762\" data-col-size=\"sm\">Da d\u1ea7u<\/td>\n<td data-start=\"2762\" data-end=\"2774\" data-col-size=\"sm\">Da th\u01b0\u1eddng<\/td>\n<td data-start=\"2774\" data-end=\"2788\" data-col-size=\"sm\">Da x\u1ec9n m\u00e0u<\/td>\n<\/tr>\n<tr data-start=\"2789\" data-end=\"2821\">\n<td data-start=\"2789\" data-end=\"2798\" data-col-size=\"sm\">Finish<\/td>\n<td data-start=\"2798\" data-end=\"2803\" data-col-size=\"sm\">L\u00ec<\/td>\n<td data-start=\"2803\" data-end=\"2809\" data-col-size=\"sm\">M\u1ecbn<\/td>\n<td data-start=\"2809\" data-end=\"2821\" data-col-size=\"sm\">T\u1ef1 nhi\u00ean<\/td>\n<\/tr>\n<tr data-start=\"2822\" data-end=\"2872\">\n<td data-start=\"2822\" data-end=\"2832\" data-col-size=\"sm\">Ph\u00f9 h\u1ee3p<\/td>\n<td data-start=\"2832\" data-end=\"2844\" data-col-size=\"sm\">H\u1eb1ng ng\u00e0y<\/td>\n<td data-start=\"2844\" data-end=\"2862\" data-col-size=\"sm\">Da tr\u01b0\u1edfng th\u00e0nh<\/td>\n<td data-start=\"2862\" data-end=\"2872\" data-col-size=\"sm\">Da n\u00e1m<\/td>\n<\/tr>\n<\/tbody>\n<\/table>\n<\/div>\n<\/div>\n<hr data-start=\"2874\" data-end=\"2877\" \/>\n<h2 data-section-id=\"r751zz\" data-start=\"2879\" data-end=\"2892\">K\u1ebft lu\u1eadn<\/h2>\n<p data-start=\"2894\" data-end=\"3060\">Kem ch\u1ed1ng n\u1eafng Vichy l\u00e0 l\u1ef1a ch\u1ecdn r\u1ea5t t\u1ed1t cho nh\u1eefng ai \u0111ang t\u00ecm s\u1ea3n ph\u1ea9m <strong data-start=\"2966\" data-end=\"3008\">ki\u1ec1m d\u1ea7u, an to\u00e0n v\u00e0 d\u1ec5 d\u00f9ng h\u1eb1ng ng\u00e0y<\/strong>. \u0110\u1eb7c bi\u1ec7t ph\u00f9 h\u1ee3p v\u1edbi kh\u00ed h\u1eadu n\u00f3ng \u1ea9m nh\u01b0 Vi\u1ec7t Nam.<\/p>\n","protected":false},"excerpt":{"rendered":"<p>Kem ch\u1ed1ng n\u1eafng Vichy c\u00f3 t\u1ed1t kh\u00f4ng? Kem ch\u1ed1ng n\u1eafng Vichy l\u00e0 d\u00f2ng d\u01b0\u1ee3c m\u1ef9 ph\u1ea9m \u0111\u1ebfn t\u1eeb Ph\u00e1p, n\u1ed5i ti\u1ebfng v\u1edbi c\u00e1c s\u1ea3n ph\u1ea9m an to\u00e0n cho da nh\u1ea1y c\u1ea3m. D\u00f2ng Capital Soleil c\u1ee7a h\u00e3ng \u0111\u01b0\u1ee3c thi\u1ebft k\u1ebf \u0111\u1ec3 b\u1ea3o v\u1ec7 da tr\u01b0\u1edbc tia UVA\/UVB, gi\u00fap ng\u0103n ng\u1eeba l\u00e3o h\u00f3a v\u00e0 s\u1ea1m n\u00e1m hi\u1ec7u [&#8230;]\n","protected":false},"featured_media":502,"comment_status":"open","ping_status":"closed","template":"","meta":[],"product_brand":[82],"product_cat":[80],"product_tag":[],"class_list":{"0":"post-500","1":"product","2":"type-product","3":"status-publish","4":"has-post-thumbnail","6":"product_brand-vichi","7":"product_cat-kem-chong-nang","9":"first","10":"instock","11":"sale","12":"shipping-taxable","13":"purchasable","14":"product-type-simple"},"yoast_head":"<!-- This site is optimized with the Yoast SEO plugin v27.4 - https:\/\/yoast.com\/product\/yoast-seo-wordpress\/ -->\n<title>Kem ch\u1ed1ng n\u1eafng Vichy SPF50+ ch\u00ednh h\u00e3ng | Ki\u1ec1m d\u1ea7u t\u1ed1t - Vuyt my<\/title>\n<meta name=\"description\" content=\"Kem ch\u1ed1ng n\u1eafng Vichy SPF50+ gi\u00fap b\u1ea3o v\u1ec7 da, ki\u1ec1m d\u1ea7u, ph\u00f9 h\u1ee3p da nh\u1ea1y c\u1ea3m. S\u1ea3n ph\u1ea9m ch\u00ednh h\u00e3ng, an to\u00e0n, kh\u00f4ng g\u00e2y b\u00ed da.\" \/>\n<meta name=\"robots\" content=\"index, follow, max-snippet:-1, max-image-preview:large, max-video-preview:-1\" \/>\n<link rel=\"canonical\" href=\"https:\/\/vuytmy.azdigi.shop\/?product=kem-chong-nang-vichy\" \/>\n<meta property=\"og:locale\" content=\"vi_VN\" \/>\n<meta property=\"og:type\" content=\"article\" \/>\n<meta property=\"og:title\" content=\"Kem ch\u1ed1ng n\u1eafng Vichy SPF50+ ch\u00ednh h\u00e3ng | Ki\u1ec1m d\u1ea7u t\u1ed1t - Vuyt my\" \/>\n<meta property=\"og:description\" content=\"Kem ch\u1ed1ng n\u1eafng Vichy SPF50+ gi\u00fap b\u1ea3o v\u1ec7 da, ki\u1ec1m d\u1ea7u, ph\u00f9 h\u1ee3p da nh\u1ea1y c\u1ea3m. S\u1ea3n ph\u1ea9m ch\u00ednh h\u00e3ng, an to\u00e0n, kh\u00f4ng g\u00e2y b\u00ed da.\" \/>\n<meta property=\"og:url\" content=\"https:\/\/vuytmy.azdigi.shop\/?product=kem-chong-nang-vichy\" \/>\n<meta property=\"og:site_name\" content=\"Vuyt my\" \/>\n<meta property=\"article:modified_time\" content=\"2026-04-18T13:42:19+00:00\" \/>\n<meta property=\"og:image\" content=\"https:\/\/vuytmy.azdigi.shop\/wp-content\/uploads\/2026\/04\/kem-chong-nang-vichy-thoang-nhe-khong-bong-dau-spf-50-50ml.jpg\" \/>\n\t<meta property=\"og:image:width\" content=\"1080\" \/>\n\t<meta property=\"og:image:height\" content=\"1080\" \/>\n\t<meta property=\"og:image:type\" content=\"image\/jpeg\" \/>\n<meta name=\"twitter:card\" content=\"summary_large_image\" \/>\n<meta name=\"twitter:label1\" content=\"\u01af\u1edbc t\u00ednh th\u1eddi gian \u0111\u1ecdc\" \/>\n\t<meta name=\"twitter:data1\" content=\"3 ph\u00fat\" \/>\n<script type=\"application\/ld+json\" class=\"yoast-schema-graph\">{\"@context\":\"https:\\\/\\\/schema.org\",\"@graph\":[{\"@type\":\"WebPage\",\"@id\":\"https:\\\/\\\/vuytmy.azdigi.shop\\\/?product=kem-chong-nang-vichy\",\"url\":\"https:\\\/\\\/vuytmy.azdigi.shop\\\/?product=kem-chong-nang-vichy\",\"name\":\"Kem ch\u1ed1ng n\u1eafng Vichy SPF50+ ch\u00ednh h\u00e3ng | Ki\u1ec1m d\u1ea7u t\u1ed1t - Vuyt my\",\"isPartOf\":{\"@id\":\"https:\\\/\\\/vuytmy.azdigi.shop\\\/#website\"},\"primaryImageOfPage\":{\"@id\":\"https:\\\/\\\/vuytmy.azdigi.shop\\\/?product=kem-chong-nang-vichy#primaryimage\"},\"image\":{\"@id\":\"https:\\\/\\\/vuytmy.azdigi.shop\\\/?product=kem-chong-nang-vichy#primaryimage\"},\"thumbnailUrl\":\"https:\\\/\\\/vuytmy.azdigi.shop\\\/wp-content\\\/uploads\\\/2026\\\/04\\\/kem-chong-nang-vichy-thoang-nhe-khong-bong-dau-spf-50-50ml.jpg\",\"datePublished\":\"2026-04-18T13:41:27+00:00\",\"dateModified\":\"2026-04-18T13:42:19+00:00\",\"description\":\"Kem ch\u1ed1ng n\u1eafng Vichy SPF50+ gi\u00fap b\u1ea3o v\u1ec7 da, ki\u1ec1m d\u1ea7u, ph\u00f9 h\u1ee3p da nh\u1ea1y c\u1ea3m. S\u1ea3n ph\u1ea9m ch\u00ednh h\u00e3ng, an to\u00e0n, kh\u00f4ng g\u00e2y b\u00ed da.\",\"breadcrumb\":{\"@id\":\"https:\\\/\\\/vuytmy.azdigi.shop\\\/?product=kem-chong-nang-vichy#breadcrumb\"},\"inLanguage\":\"vi\",\"potentialAction\":[{\"@type\":\"ReadAction\",\"target\":[\"https:\\\/\\\/vuytmy.azdigi.shop\\\/?product=kem-chong-nang-vichy\"]}]},{\"@type\":\"ImageObject\",\"inLanguage\":\"vi\",\"@id\":\"https:\\\/\\\/vuytmy.azdigi.shop\\\/?product=kem-chong-nang-vichy#primaryimage\",\"url\":\"https:\\\/\\\/vuytmy.azdigi.shop\\\/wp-content\\\/uploads\\\/2026\\\/04\\\/kem-chong-nang-vichy-thoang-nhe-khong-bong-dau-spf-50-50ml.jpg\",\"contentUrl\":\"https:\\\/\\\/vuytmy.azdigi.shop\\\/wp-content\\\/uploads\\\/2026\\\/04\\\/kem-chong-nang-vichy-thoang-nhe-khong-bong-dau-spf-50-50ml.jpg\",\"width\":1080,\"height\":1080},{\"@type\":\"BreadcrumbList\",\"@id\":\"https:\\\/\\\/vuytmy.azdigi.shop\\\/?product=kem-chong-nang-vichy#breadcrumb\",\"itemListElement\":[{\"@type\":\"ListItem\",\"position\":1,\"name\":\"Trang ch\u1ee7\",\"item\":\"https:\\\/\\\/vuytmy.azdigi.shop\\\/\"},{\"@type\":\"ListItem\",\"position\":2,\"name\":\"C\u1eeda h\u00e0ng\",\"item\":\"https:\\\/\\\/vuytmy.azdigi.shop\\\/?page_id=19\"},{\"@type\":\"ListItem\",\"position\":3,\"name\":\"Kem ch\u1ed1ng n\u1eafng Vichy SPF50+ ch\u00ednh h\u00e3ng | Ki\u1ec1m d\u1ea7u t\u1ed1t\"}]},{\"@type\":\"WebSite\",\"@id\":\"https:\\\/\\\/vuytmy.azdigi.shop\\\/#website\",\"url\":\"https:\\\/\\\/vuytmy.azdigi.shop\\\/\",\"name\":\"Vuyt my\",\"description\":\"\",\"potentialAction\":[{\"@type\":\"SearchAction\",\"target\":{\"@type\":\"EntryPoint\",\"urlTemplate\":\"https:\\\/\\\/vuytmy.azdigi.shop\\\/?s={search_term_string}\"},\"query-input\":{\"@type\":\"PropertyValueSpecification\",\"valueRequired\":true,\"valueName\":\"search_term_string\"}}],\"inLanguage\":\"vi\"}]}<\/script>\n<!-- \/ Yoast SEO plugin. -->","yoast_head_json":{"title":"Kem ch\u1ed1ng n\u1eafng Vichy SPF50+ ch\u00ednh h\u00e3ng | Ki\u1ec1m d\u1ea7u t\u1ed1t - Vuyt my","description":"Kem ch\u1ed1ng n\u1eafng Vichy SPF50+ gi\u00fap b\u1ea3o v\u1ec7 da, ki\u1ec1m d\u1ea7u, ph\u00f9 h\u1ee3p da nh\u1ea1y c\u1ea3m. S\u1ea3n ph\u1ea9m ch\u00ednh h\u00e3ng, an to\u00e0n, kh\u00f4ng g\u00e2y b\u00ed da.","robots":{"index":"index","follow":"follow","max-snippet":"max-snippet:-1","max-image-preview":"max-image-preview:large","max-video-preview":"max-video-preview:-1"},"canonical":"https:\/\/vuytmy.azdigi.shop\/?product=kem-chong-nang-vichy","og_locale":"vi_VN","og_type":"article","og_title":"Kem ch\u1ed1ng n\u1eafng Vichy SPF50+ ch\u00ednh h\u00e3ng | Ki\u1ec1m d\u1ea7u t\u1ed1t - Vuyt my","og_description":"Kem ch\u1ed1ng n\u1eafng Vichy SPF50+ gi\u00fap b\u1ea3o v\u1ec7 da, ki\u1ec1m d\u1ea7u, ph\u00f9 h\u1ee3p da nh\u1ea1y c\u1ea3m. S\u1ea3n ph\u1ea9m ch\u00ednh h\u00e3ng, an to\u00e0n, kh\u00f4ng g\u00e2y b\u00ed da.","og_url":"https:\/\/vuytmy.azdigi.shop\/?product=kem-chong-nang-vichy","og_site_name":"Vuyt my","article_modified_time":"2026-04-18T13:42:19+00:00","og_image":[{"width":1080,"height":1080,"url":"https:\/\/vuytmy.azdigi.shop\/wp-content\/uploads\/2026\/04\/kem-chong-nang-vichy-thoang-nhe-khong-bong-dau-spf-50-50ml.jpg","type":"image\/jpeg"}],"twitter_card":"summary_large_image","twitter_misc":{"\u01af\u1edbc t\u00ednh th\u1eddi gian \u0111\u1ecdc":"3 ph\u00fat"},"schema":{"@context":"https:\/\/schema.org","@graph":[{"@type":"WebPage","@id":"https:\/\/vuytmy.azdigi.shop\/?product=kem-chong-nang-vichy","url":"https:\/\/vuytmy.azdigi.shop\/?product=kem-chong-nang-vichy","name":"Kem ch\u1ed1ng n\u1eafng Vichy SPF50+ ch\u00ednh h\u00e3ng | Ki\u1ec1m d\u1ea7u t\u1ed1t - Vuyt my","isPartOf":{"@id":"https:\/\/vuytmy.azdigi.shop\/#website"},"primaryImageOfPage":{"@id":"https:\/\/vuytmy.azdigi.shop\/?product=kem-chong-nang-vichy#primaryimage"},"image":{"@id":"https:\/\/vuytmy.azdigi.shop\/?product=kem-chong-nang-vichy#primaryimage"},"thumbnailUrl":"https:\/\/vuytmy.azdigi.shop\/wp-content\/uploads\/2026\/04\/kem-chong-nang-vichy-thoang-nhe-khong-bong-dau-spf-50-50ml.jpg","datePublished":"2026-04-18T13:41:27+00:00","dateModified":"2026-04-18T13:42:19+00:00","description":"Kem ch\u1ed1ng n\u1eafng Vichy SPF50+ gi\u00fap b\u1ea3o v\u1ec7 da, ki\u1ec1m d\u1ea7u, ph\u00f9 h\u1ee3p da nh\u1ea1y c\u1ea3m. S\u1ea3n ph\u1ea9m ch\u00ednh h\u00e3ng, an to\u00e0n, kh\u00f4ng g\u00e2y b\u00ed da.","breadcrumb":{"@id":"https:\/\/vuytmy.azdigi.shop\/?product=kem-chong-nang-vichy#breadcrumb"},"inLanguage":"vi","potentialAction":[{"@type":"ReadAction","target":["https:\/\/vuytmy.azdigi.shop\/?product=kem-chong-nang-vichy"]}]},{"@type":"ImageObject","inLanguage":"vi","@id":"https:\/\/vuytmy.azdigi.shop\/?product=kem-chong-nang-vichy#primaryimage","url":"https:\/\/vuytmy.azdigi.shop\/wp-content\/uploads\/2026\/04\/kem-chong-nang-vichy-thoang-nhe-khong-bong-dau-spf-50-50ml.jpg","contentUrl":"https:\/\/vuytmy.azdigi.shop\/wp-content\/uploads\/2026\/04\/kem-chong-nang-vichy-thoang-nhe-khong-bong-dau-spf-50-50ml.jpg","width":1080,"height":1080},{"@type":"BreadcrumbList","@id":"https:\/\/vuytmy.azdigi.shop\/?product=kem-chong-nang-vichy#breadcrumb","itemListElement":[{"@type":"ListItem","position":1,"name":"Trang ch\u1ee7","item":"https:\/\/vuytmy.azdigi.shop\/"},{"@type":"ListItem","position":2,"name":"C\u1eeda h\u00e0ng","item":"https:\/\/vuytmy.azdigi.shop\/?page_id=19"},{"@type":"ListItem","position":3,"name":"Kem ch\u1ed1ng n\u1eafng Vichy SPF50+ ch\u00ednh h\u00e3ng | Ki\u1ec1m d\u1ea7u t\u1ed1t"}]},{"@type":"WebSite","@id":"https:\/\/vuytmy.azdigi.shop\/#website","url":"https:\/\/vuytmy.azdigi.shop\/","name":"Vuyt my","description":"","potentialAction":[{"@type":"SearchAction","target":{"@type":"EntryPoint","urlTemplate":"https:\/\/vuytmy.azdigi.shop\/?s={search_term_string}"},"query-input":{"@type":"PropertyValueSpecification","valueRequired":true,"valueName":"search_term_string"}}],"inLanguage":"vi"}]}},"_links":{"self":[{"href":"https:\/\/vuytmy.azdigi.shop\/index.php?rest_route=\/wp\/v2\/product\/500","targetHints":{"allow":["GET"]}}],"collection":[{"href":"https:\/\/vuytmy.azdigi.shop\/index.php?rest_route=\/wp\/v2\/product"}],"about":[{"href":"https:\/\/vuytmy.azdigi.shop\/index.php?rest_route=\/wp\/v2\/types\/product"}],"replies":[{"embeddable":true,"href":"https:\/\/vuytmy.azdigi.shop\/index.php?rest_route=%2Fwp%2Fv2%2Fcomments&post=500"}],"wp:featuredmedia":[{"embeddable":true,"href":"https:\/\/vuytmy.azdigi.shop\/index.php?rest_route=\/wp\/v2\/media\/502"}],"wp:attachment":[{"href":"https:\/\/vuytmy.azdigi.shop\/index.php?rest_route=%2Fwp%2Fv2%2Fmedia&parent=500"}],"wp:term":[{"taxonomy":"product_brand","embeddable":true,"href":"https:\/\/vuytmy.azdigi.shop\/index.php?rest_route=%2Fwp%2Fv2%2Fproduct_brand&post=500"},{"taxonomy":"product_cat","embeddable":true,"href":"https:\/\/vuytmy.azdigi.shop\/index.php?rest_route=%2Fwp%2Fv2%2Fproduct_cat&post=500"},{"taxonomy":"product_tag","embeddable":true,"href":"https:\/\/vuytmy.azdigi.shop\/index.php?rest_route=%2Fwp%2Fv2%2Fproduct_tag&post=500"}],"curies":[{"name":"wp","href":"https:\/\/api.w.org\/{rel}","templated":true}]}}