{"id":464,"date":"2026-04-18T02:03:42","date_gmt":"2026-04-18T02:03:42","guid":{"rendered":"https:\/\/vuytmy.azdigi.shop\/?post_type=product&#038;p=464"},"modified":"2026-04-18T02:03:42","modified_gmt":"2026-04-18T02:03:42","slug":"sua-chong-nang-anessa-da-nhay-cam","status":"publish","type":"product","link":"https:\/\/vuytmy.azdigi.shop\/?product=sua-chong-nang-anessa-da-nhay-cam","title":{"rendered":"S\u1eefa Ch\u1ed1ng N\u1eafng Anessa Cho Da Nh\u1ea1y C\u1ea3m &#038; Tr\u1ebb Em 60ml (M\u1edbi)"},"content":{"rendered":"<h1 data-section-id=\"cdyqxt\" data-start=\"492\" data-end=\"560\"><span role=\"text\"><strong data-start=\"494\" data-end=\"560\">S\u1eefa Ch\u1ed1ng N\u1eafng Anessa Cho Da Nh\u1ea1y C\u1ea3m SPF50+ PA++++ Ch\u00ednh H\u00e3ng<\/strong><\/span><\/h1>\n<p data-start=\"562\" data-end=\"820\"><strong data-start=\"562\" data-end=\"603\">S\u1eefa ch\u1ed1ng n\u1eafng Anessa cho da nh\u1ea1y c\u1ea3m<\/strong> l\u00e0 s\u1ea3n ph\u1ea9m n\u1ed5i b\u1eadt \u0111\u1ebfn t\u1eeb Nh\u1eadt B\u1ea3n, \u0111\u01b0\u1ee3c thi\u1ebft k\u1ebf \u0111\u1eb7c bi\u1ec7t d\u00e0nh cho l\u00e0n da d\u1ec5 k\u00edch \u1ee9ng v\u00e0 c\u1ea3 tr\u1ebb em. V\u1edbi c\u00f4ng th\u1ee9c d\u1ecbu nh\u1eb9, s\u1ea3n ph\u1ea9m gi\u00fap b\u1ea3o v\u1ec7 da hi\u1ec7u qu\u1ea3 tr\u01b0\u1edbc t\u00e1c h\u1ea1i c\u1ee7a tia UV m\u00e0 v\u1eabn \u0111\u1ea3m b\u1ea3o an to\u00e0n tuy\u1ec7t \u0111\u1ed1i.<\/p>\n<hr data-start=\"822\" data-end=\"825\" \/>\n<h2 data-section-id=\"636262\" data-start=\"827\" data-end=\"891\"><span role=\"text\"><strong data-start=\"830\" data-end=\"891\">\u01afu \u0111i\u1ec3m n\u1ed5i b\u1eadt c\u1ee7a s\u1eefa ch\u1ed1ng n\u1eafng Anessa cho da nh\u1ea1y c\u1ea3m<\/strong><\/span><\/h2>\n<ul data-start=\"893\" data-end=\"1097\">\n<li data-section-id=\"15dljb8\" data-start=\"893\" data-end=\"932\">Ch\u1ec9 s\u1ed1 ch\u1ed1ng n\u1eafng cao SPF50+ PA++++<\/li>\n<li data-section-id=\"1fab82r\" data-start=\"933\" data-end=\"970\">Ph\u00f9 h\u1ee3p cho da nh\u1ea1y c\u1ea3m v\u00e0 tr\u1ebb em<\/li>\n<li data-section-id=\"4bzmzy\" data-start=\"971\" data-end=\"1011\">Kh\u00f4ng ch\u1ee9a c\u1ed3n, kh\u00f4ng m\u00e0u, kh\u00f4ng m\u00f9i<\/li>\n<li data-section-id=\"8kazmi\" data-start=\"1012\" data-end=\"1048\">Kh\u00f4ng ch\u1ee9a paraben v\u00e0 d\u1ea7u kho\u00e1ng<\/li>\n<li data-section-id=\"1faxsy1\" data-start=\"1049\" data-end=\"1097\">K\u1ebft c\u1ea5u nh\u1eb9, th\u1ea9m th\u1ea5u nhanh, kh\u00f4ng b\u1ebft d\u00ednh<\/li>\n<\/ul>\n<hr data-start=\"1099\" data-end=\"1102\" \/>\n<h2 data-section-id=\"clcbu1\" data-start=\"1104\" data-end=\"1162\"><span role=\"text\"><strong data-start=\"1107\" data-end=\"1162\">C\u00f4ng d\u1ee5ng c\u1ee7a s\u1eefa ch\u1ed1ng n\u1eafng Anessa cho da nh\u1ea1y c\u1ea3m<\/strong><\/span><\/h2>\n<p data-start=\"1164\" data-end=\"1207\">S\u1ea3n ph\u1ea9m mang l\u1ea1i nhi\u1ec1u l\u1ee3i \u00edch cho l\u00e0n da:<\/p>\n<ul data-start=\"1209\" data-end=\"1345\">\n<li data-section-id=\"3oypdq\" data-start=\"1209\" data-end=\"1242\">B\u1ea3o v\u1ec7 da kh\u1ecfi tia UVA v\u00e0 UVB<\/li>\n<li data-section-id=\"hwgc49\" data-start=\"1243\" data-end=\"1274\">Ng\u0103n ng\u1eeba l\u00e3o h\u00f3a v\u00e0 s\u1ea1m da<\/li>\n<li data-section-id=\"1b7rrh8\" data-start=\"1275\" data-end=\"1315\">Gi\u1eef da m\u1ec1m m\u1ecbn v\u00e0 kh\u00f4ng g\u00e2y k\u00edch \u1ee9ng<\/li>\n<li data-section-id=\"auphed\" data-start=\"1316\" data-end=\"1345\">Ph\u00f9 h\u1ee3p s\u1eed d\u1ee5ng h\u00e0ng ng\u00e0y<\/li>\n<\/ul>\n<hr data-start=\"1347\" data-end=\"1350\" \/>\n<h2 data-section-id=\"ehqgel\" data-start=\"1352\" data-end=\"1388\"><span role=\"text\"><strong data-start=\"1355\" data-end=\"1388\">Th\u00e0nh ph\u1ea7n an to\u00e0n, l\u00e0nh t\u00ednh<\/strong><\/span><\/h2>\n<p data-start=\"1390\" data-end=\"1470\"><strong data-start=\"1390\" data-end=\"1431\">S\u1eefa ch\u1ed1ng n\u1eafng Anessa cho da nh\u1ea1y c\u1ea3m<\/strong> \u0111\u01b0\u1ee3c nghi\u00ean c\u1ee9u v\u1edbi c\u00f4ng th\u1ee9c d\u1ecbu nh\u1eb9:<\/p>\n<ul data-start=\"1472\" data-end=\"1556\">\n<li data-section-id=\"16m0lt4\" data-start=\"1472\" data-end=\"1485\">Kh\u00f4ng c\u1ed3n<\/li>\n<li data-section-id=\"1btu25q\" data-start=\"1486\" data-end=\"1508\">Kh\u00f4ng ch\u1ea5t t\u1ea1o m\u00e0u<\/li>\n<li data-section-id=\"f3stch\" data-start=\"1509\" data-end=\"1529\">Kh\u00f4ng h\u01b0\u01a1ng li\u1ec7u<\/li>\n<li data-section-id=\"pvtbgl\" data-start=\"1530\" data-end=\"1556\">\u0110\u00e3 ki\u1ec3m nghi\u1ec7m da li\u1ec5u<\/li>\n<\/ul>\n<hr data-start=\"1558\" data-end=\"1561\" \/>\n<h2 data-section-id=\"1ou8prs\" data-start=\"1563\" data-end=\"1587\"><span role=\"text\"><strong data-start=\"1566\" data-end=\"1587\">H\u01b0\u1edbng d\u1eabn s\u1eed d\u1ee5ng<\/strong><\/span><\/h2>\n<p data-start=\"1589\" data-end=\"1614\">\u0110\u1ec3 \u0111\u1ea1t hi\u1ec7u qu\u1ea3 t\u1ed1t nh\u1ea5t:<\/p>\n<ul data-start=\"1616\" data-end=\"1720\">\n<li data-section-id=\"8ceorj\" data-start=\"1616\" data-end=\"1645\">L\u1eafc \u0111\u1ec1u tr\u01b0\u1edbc khi s\u1eed d\u1ee5ng<\/li>\n<li data-section-id=\"pbkaa4\" data-start=\"1646\" data-end=\"1691\">Thoa l\u00ean da tr\u01b0\u1edbc khi ra ngo\u00e0i 15\u201320 ph\u00fat<\/li>\n<li data-section-id=\"1trxt7v\" data-start=\"1692\" data-end=\"1720\">Thoa l\u1ea1i sau m\u1ed7i 2\u20133 gi\u1edd<\/li>\n<\/ul>\n<hr data-start=\"1722\" data-end=\"1725\" \/>\n<h2 data-section-id=\"13rhec5\" data-start=\"1727\" data-end=\"1777\"><span role=\"text\"><strong data-start=\"1730\" data-end=\"1777\">Mua s\u1eefa ch\u1ed1ng n\u1eafng Anessa ch\u00ednh h\u00e3ng \u1edf \u0111\u00e2u?<\/strong><\/span><\/h2>\n<p data-start=\"1779\" data-end=\"1854\">B\u1ea1n c\u00f3 th\u1ec3 tham kh\u1ea3o s\u1ea3n ph\u1ea9m t\u1ea1i:<br data-start=\"1813\" data-end=\"1816\" \/>\ud83d\udc49 <strong data-start=\"1819\" data-end=\"1832\">\/san-pham<\/strong><\/p>\n<p data-start=\"1856\" data-end=\"1952\">T\u00ecm hi\u1ec3u th\u00eam v\u1ec1 ch\u0103m s\u00f3c da t\u1ea1i:<br data-start=\"1889\" data-end=\"1892\" \/>\ud83d\udc49 <a class=\"decorated-link cursor-pointer\" target=\"_new\" rel=\"noopener\" data-start=\"1895\" data-end=\"1931\">https:\/\/www.healthline.com\/skin-care<\/a><\/p>\n<hr data-start=\"1954\" data-end=\"1957\" \/>\n<h2 data-section-id=\"bh4eov\" data-start=\"1959\" data-end=\"1974\"><span role=\"text\"><strong data-start=\"1962\" data-end=\"1974\">K\u1ebft lu\u1eadn<\/strong><\/span><\/h2>\n<p data-start=\"1976\" data-end=\"2193\"><strong data-start=\"1976\" data-end=\"2017\">S\u1eefa ch\u1ed1ng n\u1eafng Anessa cho da nh\u1ea1y c\u1ea3m<\/strong> l\u00e0 l\u1ef1a ch\u1ecdn ho\u00e0n h\u1ea3o gi\u00fap b\u1ea3o v\u1ec7 l\u00e0n da m\u1ed9t c\u00e1ch an to\u00e0n v\u00e0 hi\u1ec7u qu\u1ea3. N\u1ebfu b\u1ea1n \u0111ang t\u00ecm ki\u1ebfm m\u1ed9t s\u1ea3n ph\u1ea9m ch\u1ed1ng n\u1eafng ch\u1ea5t l\u01b0\u1ee3ng cao, \u0111\u00e2y ch\u1eafc ch\u1eafn l\u00e0 s\u1ea3n ph\u1ea9m kh\u00f4ng n\u00ean b\u1ecf qua.<\/p>\n<hr data-start=\"2195\" data-end=\"2198\" \/>\n<div id='gallery-1' class='gallery galleryid-464 gallery-columns-3 gallery-size-thumbnail'><figure class='gallery-item'>\n\t\t\t<div class='gallery-icon landscape'>\n\t\t\t\t<a href='https:\/\/vuytmy.azdigi.shop\/?attachment_id=472#main'><img loading=\"lazy\" decoding=\"async\" width=\"150\" height=\"150\" src=\"https:\/\/vuytmy.azdigi.shop\/wp-content\/uploads\/2026\/04\/kem-chong-nang-anessa-perfect-uv-sunscreen-mild-milk-spf50-1-768x768-1-150x150.jpg\" class=\"attachment-thumbnail size-thumbnail\" alt=\"\" srcset=\"https:\/\/vuytmy.azdigi.shop\/wp-content\/uploads\/2026\/04\/kem-chong-nang-anessa-perfect-uv-sunscreen-mild-milk-spf50-1-768x768-1-150x150.jpg 150w, https:\/\/vuytmy.azdigi.shop\/wp-content\/uploads\/2026\/04\/kem-chong-nang-anessa-perfect-uv-sunscreen-mild-milk-spf50-1-768x768-1-300x300.jpg 300w, https:\/\/vuytmy.azdigi.shop\/wp-content\/uploads\/2026\/04\/kem-chong-nang-anessa-perfect-uv-sunscreen-mild-milk-spf50-1-768x768-1-600x600.jpg 600w, https:\/\/vuytmy.azdigi.shop\/wp-content\/uploads\/2026\/04\/kem-chong-nang-anessa-perfect-uv-sunscreen-mild-milk-spf50-1-768x768-1-100x100.jpg 100w, https:\/\/vuytmy.azdigi.shop\/wp-content\/uploads\/2026\/04\/kem-chong-nang-anessa-perfect-uv-sunscreen-mild-milk-spf50-1-768x768-1.jpg 768w\" sizes=\"auto, (max-width: 150px) 100vw, 150px\" \/><\/a>\n\t\t\t<\/div><\/figure>\n\t\t<\/div>\n\n<p data-start=\"2220\" data-end=\"2284\">s\u1eefa ch\u1ed1ng n\u1eafng Anessa cho da nh\u1ea1y c\u1ea3m SPF50+ PA++++ ch\u00ednh h\u00e3ng<\/p>\n<p>&nbsp;<\/p>\n<p class=\"p-[5px] mb-2.5 text-[10px] inline-block rounded-[5px] leading-[1.2] text-[#326E51] bg-[#E5FBF1]\">\n","protected":false},"excerpt":{"rendered":"<p>S\u1eefa Ch\u1ed1ng N\u1eafng Anessa Cho Da Nh\u1ea1y C\u1ea3m SPF50+ PA++++ Ch\u00ednh H\u00e3ng S\u1eefa ch\u1ed1ng n\u1eafng Anessa cho da nh\u1ea1y c\u1ea3m l\u00e0 s\u1ea3n ph\u1ea9m n\u1ed5i b\u1eadt \u0111\u1ebfn t\u1eeb Nh\u1eadt B\u1ea3n, \u0111\u01b0\u1ee3c thi\u1ebft k\u1ebf \u0111\u1eb7c bi\u1ec7t d\u00e0nh cho l\u00e0n da d\u1ec5 k\u00edch \u1ee9ng v\u00e0 c\u1ea3 tr\u1ebb em. V\u1edbi c\u00f4ng th\u1ee9c d\u1ecbu nh\u1eb9, s\u1ea3n ph\u1ea9m gi\u00fap b\u1ea3o v\u1ec7 [&#8230;]\n","protected":false},"featured_media":472,"comment_status":"open","ping_status":"closed","template":"","meta":[],"product_brand":[81],"product_cat":[80],"product_tag":[],"class_list":{"0":"post-464","1":"product","2":"type-product","3":"status-publish","4":"has-post-thumbnail","6":"product_brand-anessa","7":"product_cat-kem-chong-nang","9":"first","10":"instock","11":"sale","12":"shipping-taxable","13":"purchasable","14":"product-type-variable"},"yoast_head":"<!-- This site is optimized with the Yoast SEO plugin v27.4 - https:\/\/yoast.com\/product\/yoast-seo-wordpress\/ -->\n<title>S\u1eefa Ch\u1ed1ng N\u1eafng Anessa Cho Da Nh\u1ea1y C\u1ea3m &amp; Tr\u1ebb Em 60ml (M\u1edbi) - Vuyt my<\/title>\n<meta name=\"description\" content=\"S\u1eefa ch\u1ed1ng n\u1eafng Anessa cho da nh\u1ea1y c\u1ea3m SPF50+ PA++++ gi\u00fap b\u1ea3o v\u1ec7 da t\u1ed1i \u01b0u, an to\u00e0n cho c\u1ea3 tr\u1ebb em, kh\u00f4ng g\u00e2y k\u00edch \u1ee9ng, ch\u00ednh h\u00e3ng.\" \/>\n<meta name=\"robots\" content=\"index, follow, max-snippet:-1, max-image-preview:large, max-video-preview:-1\" \/>\n<link rel=\"canonical\" href=\"https:\/\/vuytmy.azdigi.shop\/?product=sua-chong-nang-anessa-da-nhay-cam\" \/>\n<meta property=\"og:locale\" content=\"vi_VN\" \/>\n<meta property=\"og:type\" content=\"article\" \/>\n<meta property=\"og:title\" content=\"S\u1eefa Ch\u1ed1ng N\u1eafng Anessa Cho Da Nh\u1ea1y C\u1ea3m &amp; Tr\u1ebb Em 60ml (M\u1edbi) - Vuyt my\" \/>\n<meta property=\"og:description\" content=\"S\u1eefa ch\u1ed1ng n\u1eafng Anessa cho da nh\u1ea1y c\u1ea3m SPF50+ PA++++ gi\u00fap b\u1ea3o v\u1ec7 da t\u1ed1i \u01b0u, an to\u00e0n cho c\u1ea3 tr\u1ebb em, kh\u00f4ng g\u00e2y k\u00edch \u1ee9ng, ch\u00ednh h\u00e3ng.\" \/>\n<meta property=\"og:url\" content=\"https:\/\/vuytmy.azdigi.shop\/?product=sua-chong-nang-anessa-da-nhay-cam\" \/>\n<meta property=\"og:site_name\" content=\"Vuyt my\" \/>\n<meta property=\"og:image\" content=\"https:\/\/vuytmy.azdigi.shop\/wp-content\/uploads\/2026\/04\/kem-chong-nang-anessa-perfect-uv-sunscreen-mild-milk-spf50-1-768x768-1.jpg\" \/>\n\t<meta property=\"og:image:width\" content=\"768\" \/>\n\t<meta property=\"og:image:height\" content=\"768\" \/>\n\t<meta property=\"og:image:type\" content=\"image\/jpeg\" \/>\n<meta name=\"twitter:card\" content=\"summary_large_image\" \/>\n<meta name=\"twitter:label1\" content=\"\u01af\u1edbc t\u00ednh th\u1eddi gian \u0111\u1ecdc\" \/>\n\t<meta name=\"twitter:data1\" content=\"3 ph\u00fat\" \/>\n<script type=\"application\/ld+json\" class=\"yoast-schema-graph\">{\"@context\":\"https:\\\/\\\/schema.org\",\"@graph\":[{\"@type\":\"WebPage\",\"@id\":\"https:\\\/\\\/vuytmy.azdigi.shop\\\/?product=sua-chong-nang-anessa-da-nhay-cam\",\"url\":\"https:\\\/\\\/vuytmy.azdigi.shop\\\/?product=sua-chong-nang-anessa-da-nhay-cam\",\"name\":\"S\u1eefa Ch\u1ed1ng N\u1eafng Anessa Cho Da Nh\u1ea1y C\u1ea3m & Tr\u1ebb Em 60ml (M\u1edbi) - Vuyt my\",\"isPartOf\":{\"@id\":\"https:\\\/\\\/vuytmy.azdigi.shop\\\/#website\"},\"primaryImageOfPage\":{\"@id\":\"https:\\\/\\\/vuytmy.azdigi.shop\\\/?product=sua-chong-nang-anessa-da-nhay-cam#primaryimage\"},\"image\":{\"@id\":\"https:\\\/\\\/vuytmy.azdigi.shop\\\/?product=sua-chong-nang-anessa-da-nhay-cam#primaryimage\"},\"thumbnailUrl\":\"https:\\\/\\\/vuytmy.azdigi.shop\\\/wp-content\\\/uploads\\\/2026\\\/04\\\/kem-chong-nang-anessa-perfect-uv-sunscreen-mild-milk-spf50-1-768x768-1.jpg\",\"datePublished\":\"2026-04-18T02:03:42+00:00\",\"description\":\"S\u1eefa ch\u1ed1ng n\u1eafng Anessa cho da nh\u1ea1y c\u1ea3m SPF50+ PA++++ gi\u00fap b\u1ea3o v\u1ec7 da t\u1ed1i \u01b0u, an to\u00e0n cho c\u1ea3 tr\u1ebb em, kh\u00f4ng g\u00e2y k\u00edch \u1ee9ng, ch\u00ednh h\u00e3ng.\",\"breadcrumb\":{\"@id\":\"https:\\\/\\\/vuytmy.azdigi.shop\\\/?product=sua-chong-nang-anessa-da-nhay-cam#breadcrumb\"},\"inLanguage\":\"vi\",\"potentialAction\":[{\"@type\":\"ReadAction\",\"target\":[\"https:\\\/\\\/vuytmy.azdigi.shop\\\/?product=sua-chong-nang-anessa-da-nhay-cam\"]}]},{\"@type\":\"ImageObject\",\"inLanguage\":\"vi\",\"@id\":\"https:\\\/\\\/vuytmy.azdigi.shop\\\/?product=sua-chong-nang-anessa-da-nhay-cam#primaryimage\",\"url\":\"https:\\\/\\\/vuytmy.azdigi.shop\\\/wp-content\\\/uploads\\\/2026\\\/04\\\/kem-chong-nang-anessa-perfect-uv-sunscreen-mild-milk-spf50-1-768x768-1.jpg\",\"contentUrl\":\"https:\\\/\\\/vuytmy.azdigi.shop\\\/wp-content\\\/uploads\\\/2026\\\/04\\\/kem-chong-nang-anessa-perfect-uv-sunscreen-mild-milk-spf50-1-768x768-1.jpg\",\"width\":768,\"height\":768},{\"@type\":\"BreadcrumbList\",\"@id\":\"https:\\\/\\\/vuytmy.azdigi.shop\\\/?product=sua-chong-nang-anessa-da-nhay-cam#breadcrumb\",\"itemListElement\":[{\"@type\":\"ListItem\",\"position\":1,\"name\":\"Trang ch\u1ee7\",\"item\":\"https:\\\/\\\/vuytmy.azdigi.shop\\\/\"},{\"@type\":\"ListItem\",\"position\":2,\"name\":\"C\u1eeda h\u00e0ng\",\"item\":\"https:\\\/\\\/vuytmy.azdigi.shop\\\/?page_id=19\"},{\"@type\":\"ListItem\",\"position\":3,\"name\":\"S\u1eefa Ch\u1ed1ng N\u1eafng Anessa Cho Da Nh\u1ea1y C\u1ea3m &#038; Tr\u1ebb Em 60ml (M\u1edbi)\"}]},{\"@type\":\"WebSite\",\"@id\":\"https:\\\/\\\/vuytmy.azdigi.shop\\\/#website\",\"url\":\"https:\\\/\\\/vuytmy.azdigi.shop\\\/\",\"name\":\"Vuyt my\",\"description\":\"\",\"potentialAction\":[{\"@type\":\"SearchAction\",\"target\":{\"@type\":\"EntryPoint\",\"urlTemplate\":\"https:\\\/\\\/vuytmy.azdigi.shop\\\/?s={search_term_string}\"},\"query-input\":{\"@type\":\"PropertyValueSpecification\",\"valueRequired\":true,\"valueName\":\"search_term_string\"}}],\"inLanguage\":\"vi\"}]}<\/script>\n<!-- \/ Yoast SEO plugin. -->","yoast_head_json":{"title":"S\u1eefa Ch\u1ed1ng N\u1eafng Anessa Cho Da Nh\u1ea1y C\u1ea3m & Tr\u1ebb Em 60ml (M\u1edbi) - Vuyt my","description":"S\u1eefa ch\u1ed1ng n\u1eafng Anessa cho da nh\u1ea1y c\u1ea3m SPF50+ PA++++ gi\u00fap b\u1ea3o v\u1ec7 da t\u1ed1i \u01b0u, an to\u00e0n cho c\u1ea3 tr\u1ebb em, kh\u00f4ng g\u00e2y k\u00edch \u1ee9ng, ch\u00ednh h\u00e3ng.","robots":{"index":"index","follow":"follow","max-snippet":"max-snippet:-1","max-image-preview":"max-image-preview:large","max-video-preview":"max-video-preview:-1"},"canonical":"https:\/\/vuytmy.azdigi.shop\/?product=sua-chong-nang-anessa-da-nhay-cam","og_locale":"vi_VN","og_type":"article","og_title":"S\u1eefa Ch\u1ed1ng N\u1eafng Anessa Cho Da Nh\u1ea1y C\u1ea3m & Tr\u1ebb Em 60ml (M\u1edbi) - Vuyt my","og_description":"S\u1eefa ch\u1ed1ng n\u1eafng Anessa cho da nh\u1ea1y c\u1ea3m SPF50+ PA++++ gi\u00fap b\u1ea3o v\u1ec7 da t\u1ed1i \u01b0u, an to\u00e0n cho c\u1ea3 tr\u1ebb em, kh\u00f4ng g\u00e2y k\u00edch \u1ee9ng, ch\u00ednh h\u00e3ng.","og_url":"https:\/\/vuytmy.azdigi.shop\/?product=sua-chong-nang-anessa-da-nhay-cam","og_site_name":"Vuyt my","og_image":[{"width":768,"height":768,"url":"https:\/\/vuytmy.azdigi.shop\/wp-content\/uploads\/2026\/04\/kem-chong-nang-anessa-perfect-uv-sunscreen-mild-milk-spf50-1-768x768-1.jpg","type":"image\/jpeg"}],"twitter_card":"summary_large_image","twitter_misc":{"\u01af\u1edbc t\u00ednh th\u1eddi gian \u0111\u1ecdc":"3 ph\u00fat"},"schema":{"@context":"https:\/\/schema.org","@graph":[{"@type":"WebPage","@id":"https:\/\/vuytmy.azdigi.shop\/?product=sua-chong-nang-anessa-da-nhay-cam","url":"https:\/\/vuytmy.azdigi.shop\/?product=sua-chong-nang-anessa-da-nhay-cam","name":"S\u1eefa Ch\u1ed1ng N\u1eafng Anessa Cho Da Nh\u1ea1y C\u1ea3m & Tr\u1ebb Em 60ml (M\u1edbi) - Vuyt my","isPartOf":{"@id":"https:\/\/vuytmy.azdigi.shop\/#website"},"primaryImageOfPage":{"@id":"https:\/\/vuytmy.azdigi.shop\/?product=sua-chong-nang-anessa-da-nhay-cam#primaryimage"},"image":{"@id":"https:\/\/vuytmy.azdigi.shop\/?product=sua-chong-nang-anessa-da-nhay-cam#primaryimage"},"thumbnailUrl":"https:\/\/vuytmy.azdigi.shop\/wp-content\/uploads\/2026\/04\/kem-chong-nang-anessa-perfect-uv-sunscreen-mild-milk-spf50-1-768x768-1.jpg","datePublished":"2026-04-18T02:03:42+00:00","description":"S\u1eefa ch\u1ed1ng n\u1eafng Anessa cho da nh\u1ea1y c\u1ea3m SPF50+ PA++++ gi\u00fap b\u1ea3o v\u1ec7 da t\u1ed1i \u01b0u, an to\u00e0n cho c\u1ea3 tr\u1ebb em, kh\u00f4ng g\u00e2y k\u00edch \u1ee9ng, ch\u00ednh h\u00e3ng.","breadcrumb":{"@id":"https:\/\/vuytmy.azdigi.shop\/?product=sua-chong-nang-anessa-da-nhay-cam#breadcrumb"},"inLanguage":"vi","potentialAction":[{"@type":"ReadAction","target":["https:\/\/vuytmy.azdigi.shop\/?product=sua-chong-nang-anessa-da-nhay-cam"]}]},{"@type":"ImageObject","inLanguage":"vi","@id":"https:\/\/vuytmy.azdigi.shop\/?product=sua-chong-nang-anessa-da-nhay-cam#primaryimage","url":"https:\/\/vuytmy.azdigi.shop\/wp-content\/uploads\/2026\/04\/kem-chong-nang-anessa-perfect-uv-sunscreen-mild-milk-spf50-1-768x768-1.jpg","contentUrl":"https:\/\/vuytmy.azdigi.shop\/wp-content\/uploads\/2026\/04\/kem-chong-nang-anessa-perfect-uv-sunscreen-mild-milk-spf50-1-768x768-1.jpg","width":768,"height":768},{"@type":"BreadcrumbList","@id":"https:\/\/vuytmy.azdigi.shop\/?product=sua-chong-nang-anessa-da-nhay-cam#breadcrumb","itemListElement":[{"@type":"ListItem","position":1,"name":"Trang ch\u1ee7","item":"https:\/\/vuytmy.azdigi.shop\/"},{"@type":"ListItem","position":2,"name":"C\u1eeda h\u00e0ng","item":"https:\/\/vuytmy.azdigi.shop\/?page_id=19"},{"@type":"ListItem","position":3,"name":"S\u1eefa Ch\u1ed1ng N\u1eafng Anessa Cho Da Nh\u1ea1y C\u1ea3m &#038; Tr\u1ebb Em 60ml (M\u1edbi)"}]},{"@type":"WebSite","@id":"https:\/\/vuytmy.azdigi.shop\/#website","url":"https:\/\/vuytmy.azdigi.shop\/","name":"Vuyt my","description":"","potentialAction":[{"@type":"SearchAction","target":{"@type":"EntryPoint","urlTemplate":"https:\/\/vuytmy.azdigi.shop\/?s={search_term_string}"},"query-input":{"@type":"PropertyValueSpecification","valueRequired":true,"valueName":"search_term_string"}}],"inLanguage":"vi"}]}},"_links":{"self":[{"href":"https:\/\/vuytmy.azdigi.shop\/index.php?rest_route=\/wp\/v2\/product\/464","targetHints":{"allow":["GET"]}}],"collection":[{"href":"https:\/\/vuytmy.azdigi.shop\/index.php?rest_route=\/wp\/v2\/product"}],"about":[{"href":"https:\/\/vuytmy.azdigi.shop\/index.php?rest_route=\/wp\/v2\/types\/product"}],"replies":[{"embeddable":true,"href":"https:\/\/vuytmy.azdigi.shop\/index.php?rest_route=%2Fwp%2Fv2%2Fcomments&post=464"}],"wp:featuredmedia":[{"embeddable":true,"href":"https:\/\/vuytmy.azdigi.shop\/index.php?rest_route=\/wp\/v2\/media\/472"}],"wp:attachment":[{"href":"https:\/\/vuytmy.azdigi.shop\/index.php?rest_route=%2Fwp%2Fv2%2Fmedia&parent=464"}],"wp:term":[{"taxonomy":"product_brand","embeddable":true,"href":"https:\/\/vuytmy.azdigi.shop\/index.php?rest_route=%2Fwp%2Fv2%2Fproduct_brand&post=464"},{"taxonomy":"product_cat","embeddable":true,"href":"https:\/\/vuytmy.azdigi.shop\/index.php?rest_route=%2Fwp%2Fv2%2Fproduct_cat&post=464"},{"taxonomy":"product_tag","embeddable":true,"href":"https:\/\/vuytmy.azdigi.shop\/index.php?rest_route=%2Fwp%2Fv2%2Fproduct_tag&post=464"}],"curies":[{"name":"wp","href":"https:\/\/api.w.org\/{rel}","templated":true}]}}