{"id":300,"date":"2026-04-16T15:25:13","date_gmt":"2026-04-16T15:25:13","guid":{"rendered":"https:\/\/vuytmy.azdigi.shop\/?post_type=product&#038;p=300"},"modified":"2026-04-16T16:07:14","modified_gmt":"2026-04-16T16:07:14","slug":"son-duong-torriden-2","status":"publish","type":"product","link":"https:\/\/vuytmy.azdigi.shop\/?product=son-duong-torriden-2","title":{"rendered":"Solid In Ceramide Lip Essence 11ml"},"content":{"rendered":"<h3 data-section-id=\"e9hbz3\" data-start=\"201\" data-end=\"228\"><span role=\"text\"><strong data-start=\"205\" data-end=\"228\">Gi\u1edbi thi\u1ec7u s\u1ea3n ph\u1ea9m<\/strong><\/span><\/h3>\n<p data-start=\"229\" data-end=\"513\"><strong data-start=\"229\" data-end=\"267\">Solid In Ceramide Lip Essence 11ml<\/strong> l\u00e0 d\u00f2ng tinh ch\u1ea5t d\u01b0\u1ee1ng m\u00f4i chuy\u00ean s\u00e2u gi\u00fap <strong data-start=\"312\" data-end=\"346\">c\u1ea5p \u1ea9m, ph\u1ee5c h\u1ed3i v\u00e0 b\u1ea3o v\u1ec7 m\u00f4i<\/strong> kh\u1ecfi t\u00ecnh tr\u1ea1ng kh\u00f4 n\u1ee9t, bong tr\u00f3c. V\u1edbi th\u00e0nh ph\u1ea7n ch\u00ednh l\u00e0 <strong data-start=\"407\" data-end=\"419\">Ceramide<\/strong>, s\u1ea3n ph\u1ea9m h\u1ed7 tr\u1ee3 t\u00e1i t\u1ea1o h\u00e0ng r\u00e0o b\u1ea3o v\u1ec7 m\u00f4i, mang l\u1ea1i \u0111\u00f4i m\u00f4i m\u1ec1m m\u1ea1i v\u00e0 c\u0103ng m\u1ecdng t\u1ef1 nhi\u00ean.<\/p>\n<hr data-start=\"515\" data-end=\"518\" \/>\n<h3 data-section-id=\"1chodic\" data-start=\"520\" data-end=\"546\"><span role=\"text\"><strong data-start=\"524\" data-end=\"546\">Th\u00e0nh ph\u1ea7n n\u1ed5i b\u1eadt<\/strong><\/span><\/h3>\n<ul data-start=\"547\" data-end=\"792\">\n<li data-section-id=\"1hv9y4a\" data-start=\"547\" data-end=\"613\">\ud83d\udca7 <strong data-start=\"552\" data-end=\"565\">Ceramide:<\/strong> Ph\u1ee5c h\u1ed3i h\u00e0ng r\u00e0o b\u1ea3o v\u1ec7 m\u00f4i, gi\u1eef \u1ea9m hi\u1ec7u qu\u1ea3<\/li>\n<li data-section-id=\"4jcw4p\" data-start=\"614\" data-end=\"673\">\ud83c\udf3f <strong data-start=\"619\" data-end=\"645\">D\u1ea7u d\u01b0\u1ee1ng thi\u00ean nhi\u00ean:<\/strong> L\u00e0m m\u1ec1m m\u00f4i, gi\u1ea3m kh\u00f4 r\u00e1p<\/li>\n<li data-section-id=\"lpqn1h\" data-start=\"674\" data-end=\"734\">\u2728 <strong data-start=\"678\" data-end=\"700\">Vitamin d\u01b0\u1ee1ng m\u00f4i:<\/strong> Gi\u00fap m\u00f4i h\u1ed3ng h\u00e0o, t\u01b0\u01a1i t\u1eafn h\u01a1n<\/li>\n<li data-section-id=\"fme34x\" data-start=\"735\" data-end=\"792\">\ud83d\udee1\ufe0f <strong data-start=\"741\" data-end=\"765\">C\u00f4ng th\u1ee9c l\u00e0nh t\u00ednh:<\/strong> Ph\u00f9 h\u1ee3p v\u1edbi m\u00f4i nh\u1ea1y c\u1ea3m<\/li>\n<\/ul>\n<hr data-start=\"794\" data-end=\"797\" \/>\n<h3 data-section-id=\"1hjps2q\" data-start=\"799\" data-end=\"850\"><span role=\"text\"><strong data-start=\"803\" data-end=\"850\">C\u00f4ng d\u1ee5ng c\u1ee7a Solid In Ceramide Lip Essence<\/strong><\/span><\/h3>\n<ul data-start=\"851\" data-end=\"1048\">\n<li data-section-id=\"iw0bm4\" data-start=\"851\" data-end=\"888\">C\u1ea5p \u1ea9m s\u00e2u, gi\u00fap m\u00f4i lu\u00f4n m\u1ec1m m\u1ecbn<\/li>\n<li data-section-id=\"1efvnpq\" data-start=\"889\" data-end=\"924\">Ph\u1ee5c h\u1ed3i m\u00f4i kh\u00f4 n\u1ee9t, bong tr\u00f3c<\/li>\n<li data-section-id=\"zmqwsw\" data-start=\"925\" data-end=\"962\">Gi\u1ea3m t\u00ecnh tr\u1ea1ng m\u00f4i th\u00e2m, x\u1ec9n m\u00e0u<\/li>\n<li data-section-id=\"1yc0x8e\" data-start=\"963\" data-end=\"1015\">T\u1ea1o l\u1edbp m\u00e0ng b\u1ea3o v\u1ec7 m\u00f4i kh\u1ecfi t\u00e1c \u0111\u1ed9ng m\u00f4i tr\u01b0\u1eddng<\/li>\n<li data-section-id=\"z4bedr\" data-start=\"1016\" data-end=\"1048\">Gi\u00fap m\u00f4i c\u0103ng b\u00f3ng, t\u1ef1 nhi\u00ean<\/li>\n<\/ul>\n<hr data-start=\"1050\" data-end=\"1053\" \/>\n<h3 data-section-id=\"64a5a3\" data-start=\"1055\" data-end=\"1081\"><span role=\"text\"><strong data-start=\"1059\" data-end=\"1081\">K\u1ebft c\u1ea5u &amp; c\u1ea3m nh\u1eadn<\/strong><\/span><\/h3>\n<p data-start=\"1082\" data-end=\"1221\">S\u1ea3n ph\u1ea9m c\u00f3 d\u1ea1ng essence h\u01a1i s\u00e1nh nh\u1eb9, d\u1ec5 t\u00e1n, kh\u00f4ng g\u00e2y b\u1ebft d\u00ednh. Khi s\u1eed d\u1ee5ng mang l\u1ea1i c\u1ea3m gi\u00e1c \u1ea9m m\u01b0\u1ee3t, b\u00f3ng nh\u1eb9 v\u00e0 r\u1ea5t d\u1ec5 ch\u1ecbu tr\u00ean m\u00f4i.<\/p>\n<hr data-start=\"1223\" data-end=\"1226\" \/>\n<h3 data-section-id=\"lulrnz\" data-start=\"1228\" data-end=\"1251\"><span role=\"text\"><strong data-start=\"1232\" data-end=\"1251\">Ph\u00f9 h\u1ee3p v\u1edbi ai?<\/strong><\/span><\/h3>\n<ul data-start=\"1252\" data-end=\"1374\">\n<li data-section-id=\"qijh6g\" data-start=\"1252\" data-end=\"1280\">Ng\u01b0\u1eddi c\u00f3 m\u00f4i kh\u00f4, n\u1ee9t n\u1ebb<\/li>\n<li data-section-id=\"19ton2i\" data-start=\"1281\" data-end=\"1309\">M\u00f4i th\u00e2m, thi\u1ebfu s\u1ee9c s\u1ed1ng<\/li>\n<li data-section-id=\"1fupd0r\" data-start=\"1310\" data-end=\"1344\">Ng\u01b0\u1eddi th\u01b0\u1eddng xuy\u00ean d\u00f9ng son l\u00ec<\/li>\n<li data-section-id=\"u12gel\" data-start=\"1345\" data-end=\"1374\">M\u00f4i nh\u1ea1y c\u1ea3m c\u1ea7n ph\u1ee5c h\u1ed3i<\/li>\n<\/ul>\n<hr data-start=\"1376\" data-end=\"1379\" \/>\n<h3 data-section-id=\"1nhzovv\" data-start=\"1381\" data-end=\"1406\"><span role=\"text\"><strong data-start=\"1385\" data-end=\"1406\">H\u01b0\u1edbng d\u1eabn s\u1eed d\u1ee5ng<\/strong><\/span><\/h3>\n<ul data-start=\"1407\" data-end=\"1537\">\n<li data-section-id=\"15kbutc\" data-start=\"1407\" data-end=\"1458\">Thoa tr\u1ef1c ti\u1ebfp l\u00ean m\u00f4i b\u1ea5t c\u1ee9 khi n\u00e0o c\u1ea7n d\u01b0\u1ee1ng<\/li>\n<li data-section-id=\"1p20c6w\" data-start=\"1459\" data-end=\"1495\">D\u00f9ng ban ng\u00e0y ho\u1eb7c tr\u01b0\u1edbc khi ng\u1ee7<\/li>\n<li data-section-id=\"lcq02i\" data-start=\"1496\" data-end=\"1537\">C\u00f3 th\u1ec3 d\u00f9ng l\u00e0m l\u1edbp l\u00f3t tr\u01b0\u1edbc son m\u00e0u<\/li>\n<\/ul>\n<hr data-start=\"1539\" data-end=\"1542\" \/>\n<h3 data-section-id=\"1nyjc6j\" data-start=\"1544\" data-end=\"1598\"><span role=\"text\"><strong data-start=\"1548\" data-end=\"1598\">V\u00ec sao n\u00ean ch\u1ecdn Solid In Ceramide Lip Essence?<\/strong><\/span><\/h3>\n<ul data-start=\"1599\" data-end=\"1756\">\n<li data-section-id=\"1wct8pn\" data-start=\"1599\" data-end=\"1644\">Th\u00e0nh ph\u1ea7n Ceramide ph\u1ee5c h\u1ed3i m\u00f4i hi\u1ec7u qu\u1ea3<\/li>\n<li data-section-id=\"8r8nfd\" data-start=\"1645\" data-end=\"1688\">D\u01b0\u1ee1ng \u1ea9m chuy\u00ean s\u00e2u, kh\u00f4ng g\u00e2y n\u1eb7ng m\u00f4i<\/li>\n<li data-section-id=\"19dworq\" data-start=\"1689\" data-end=\"1715\">Ph\u00f9 h\u1ee3p d\u00f9ng h\u1eb1ng ng\u00e0y<\/li>\n<li data-section-id=\"16xian6\" data-start=\"1716\" data-end=\"1756\">Thi\u1ebft k\u1ebf nh\u1ecf g\u1ecdn, ti\u1ec7n l\u1ee3i mang theo<\/li>\n<\/ul>\n","protected":false},"excerpt":{"rendered":"<p>Gi\u1edbi thi\u1ec7u s\u1ea3n ph\u1ea9m Solid In Ceramide Lip Essence 11ml l\u00e0 d\u00f2ng tinh ch\u1ea5t d\u01b0\u1ee1ng m\u00f4i chuy\u00ean s\u00e2u gi\u00fap c\u1ea5p \u1ea9m, ph\u1ee5c h\u1ed3i v\u00e0 b\u1ea3o v\u1ec7 m\u00f4i kh\u1ecfi t\u00ecnh tr\u1ea1ng kh\u00f4 n\u1ee9t, bong tr\u00f3c. V\u1edbi th\u00e0nh ph\u1ea7n ch\u00ednh l\u00e0 Ceramide, s\u1ea3n ph\u1ea9m h\u1ed7 tr\u1ee3 t\u00e1i t\u1ea1o h\u00e0ng r\u00e0o b\u1ea3o v\u1ec7 m\u00f4i, mang l\u1ea1i \u0111\u00f4i m\u00f4i [&#8230;]\n","protected":false},"featured_media":302,"comment_status":"open","ping_status":"closed","template":"","meta":[],"product_brand":[52],"product_cat":[61],"product_tag":[],"class_list":{"0":"post-300","1":"product","2":"type-product","3":"status-publish","4":"has-post-thumbnail","6":"product_brand-torriden","7":"product_cat-duong-moi","9":"first","10":"instock","11":"sale","12":"shipping-taxable","13":"purchasable","14":"product-type-simple"},"yoast_head":"<!-- This site is optimized with the Yoast SEO plugin v27.4 - https:\/\/yoast.com\/product\/yoast-seo-wordpress\/ -->\n<title>Torriden SOLID IN Ceramide Lip Essence 11ml \u2013 Son D\u01b0\u1ee1ng<\/title>\n<meta name=\"description\" content=\"Torriden SOLID IN Ceramide Lip Essence l\u00e0 son d\u01b0\u1ee1ng m\u00f4i d\u1ea1ng tinh ch\u1ea5t \u0111\u1ebfn t\u1eeb H\u00e0n Qu\u1ed1c, v\u1edbi c\u00f4ng th\u1ee9c 5 lo\u1ea1i ceramide + d\u1ea7u jojoba h\u1eefu c\u01a1 + b\u01a1 h\u1ea1t m\u1ee1\" \/>\n<meta name=\"robots\" content=\"index, follow, max-snippet:-1, max-image-preview:large, max-video-preview:-1\" \/>\n<link rel=\"canonical\" href=\"https:\/\/vuytmy.azdigi.shop\/?product=son-duong-torriden-2\" \/>\n<meta property=\"og:locale\" content=\"vi_VN\" \/>\n<meta property=\"og:type\" content=\"article\" \/>\n<meta property=\"og:title\" content=\"Torriden SOLID IN Ceramide Lip Essence 11ml \u2013 Son D\u01b0\u1ee1ng\" \/>\n<meta property=\"og:description\" content=\"Torriden SOLID IN Ceramide Lip Essence l\u00e0 son d\u01b0\u1ee1ng m\u00f4i d\u1ea1ng tinh ch\u1ea5t \u0111\u1ebfn t\u1eeb H\u00e0n Qu\u1ed1c, v\u1edbi c\u00f4ng th\u1ee9c 5 lo\u1ea1i ceramide + d\u1ea7u jojoba h\u1eefu c\u01a1 + b\u01a1 h\u1ea1t m\u1ee1\" \/>\n<meta property=\"og:url\" content=\"https:\/\/vuytmy.azdigi.shop\/?product=son-duong-torriden-2\" \/>\n<meta property=\"og:site_name\" content=\"Vuyt my\" \/>\n<meta property=\"article:modified_time\" content=\"2026-04-16T16:07:14+00:00\" \/>\n<meta property=\"og:image\" content=\"https:\/\/vuytmy.azdigi.shop\/wp-content\/uploads\/2026\/04\/a9cc971e6d96e070bf5ef02f417fdeca.jpg\" \/>\n\t<meta property=\"og:image:width\" content=\"800\" \/>\n\t<meta property=\"og:image:height\" content=\"799\" \/>\n\t<meta property=\"og:image:type\" content=\"image\/jpeg\" \/>\n<meta name=\"twitter:card\" content=\"summary_large_image\" \/>\n<meta name=\"twitter:label1\" content=\"\u01af\u1edbc t\u00ednh th\u1eddi gian \u0111\u1ecdc\" \/>\n\t<meta name=\"twitter:data1\" content=\"2 ph\u00fat\" \/>\n<script type=\"application\/ld+json\" class=\"yoast-schema-graph\">{\"@context\":\"https:\\\/\\\/schema.org\",\"@graph\":[{\"@type\":\"WebPage\",\"@id\":\"https:\\\/\\\/vuytmy.azdigi.shop\\\/?product=son-duong-torriden-2\",\"url\":\"https:\\\/\\\/vuytmy.azdigi.shop\\\/?product=son-duong-torriden-2\",\"name\":\"Torriden SOLID IN Ceramide Lip Essence 11ml \u2013 Son D\u01b0\u1ee1ng\",\"isPartOf\":{\"@id\":\"https:\\\/\\\/vuytmy.azdigi.shop\\\/#website\"},\"primaryImageOfPage\":{\"@id\":\"https:\\\/\\\/vuytmy.azdigi.shop\\\/?product=son-duong-torriden-2#primaryimage\"},\"image\":{\"@id\":\"https:\\\/\\\/vuytmy.azdigi.shop\\\/?product=son-duong-torriden-2#primaryimage\"},\"thumbnailUrl\":\"https:\\\/\\\/vuytmy.azdigi.shop\\\/wp-content\\\/uploads\\\/2026\\\/04\\\/a9cc971e6d96e070bf5ef02f417fdeca.jpg\",\"datePublished\":\"2026-04-16T15:25:13+00:00\",\"dateModified\":\"2026-04-16T16:07:14+00:00\",\"description\":\"Torriden SOLID IN Ceramide Lip Essence l\u00e0 son d\u01b0\u1ee1ng m\u00f4i d\u1ea1ng tinh ch\u1ea5t \u0111\u1ebfn t\u1eeb H\u00e0n Qu\u1ed1c, v\u1edbi c\u00f4ng th\u1ee9c 5 lo\u1ea1i ceramide + d\u1ea7u jojoba h\u1eefu c\u01a1 + b\u01a1 h\u1ea1t m\u1ee1\",\"breadcrumb\":{\"@id\":\"https:\\\/\\\/vuytmy.azdigi.shop\\\/?product=son-duong-torriden-2#breadcrumb\"},\"inLanguage\":\"vi\",\"potentialAction\":[{\"@type\":\"ReadAction\",\"target\":[\"https:\\\/\\\/vuytmy.azdigi.shop\\\/?product=son-duong-torriden-2\"]}]},{\"@type\":\"ImageObject\",\"inLanguage\":\"vi\",\"@id\":\"https:\\\/\\\/vuytmy.azdigi.shop\\\/?product=son-duong-torriden-2#primaryimage\",\"url\":\"https:\\\/\\\/vuytmy.azdigi.shop\\\/wp-content\\\/uploads\\\/2026\\\/04\\\/a9cc971e6d96e070bf5ef02f417fdeca.jpg\",\"contentUrl\":\"https:\\\/\\\/vuytmy.azdigi.shop\\\/wp-content\\\/uploads\\\/2026\\\/04\\\/a9cc971e6d96e070bf5ef02f417fdeca.jpg\",\"width\":800,\"height\":799},{\"@type\":\"BreadcrumbList\",\"@id\":\"https:\\\/\\\/vuytmy.azdigi.shop\\\/?product=son-duong-torriden-2#breadcrumb\",\"itemListElement\":[{\"@type\":\"ListItem\",\"position\":1,\"name\":\"Trang ch\u1ee7\",\"item\":\"https:\\\/\\\/vuytmy.azdigi.shop\\\/\"},{\"@type\":\"ListItem\",\"position\":2,\"name\":\"C\u1eeda h\u00e0ng\",\"item\":\"https:\\\/\\\/vuytmy.azdigi.shop\\\/?page_id=19\"},{\"@type\":\"ListItem\",\"position\":3,\"name\":\"Solid In Ceramide Lip Essence 11ml\"}]},{\"@type\":\"WebSite\",\"@id\":\"https:\\\/\\\/vuytmy.azdigi.shop\\\/#website\",\"url\":\"https:\\\/\\\/vuytmy.azdigi.shop\\\/\",\"name\":\"Vuyt my\",\"description\":\"\",\"potentialAction\":[{\"@type\":\"SearchAction\",\"target\":{\"@type\":\"EntryPoint\",\"urlTemplate\":\"https:\\\/\\\/vuytmy.azdigi.shop\\\/?s={search_term_string}\"},\"query-input\":{\"@type\":\"PropertyValueSpecification\",\"valueRequired\":true,\"valueName\":\"search_term_string\"}}],\"inLanguage\":\"vi\"}]}<\/script>\n<!-- \/ Yoast SEO plugin. -->","yoast_head_json":{"title":"Torriden SOLID IN Ceramide Lip Essence 11ml \u2013 Son D\u01b0\u1ee1ng","description":"Torriden SOLID IN Ceramide Lip Essence l\u00e0 son d\u01b0\u1ee1ng m\u00f4i d\u1ea1ng tinh ch\u1ea5t \u0111\u1ebfn t\u1eeb H\u00e0n Qu\u1ed1c, v\u1edbi c\u00f4ng th\u1ee9c 5 lo\u1ea1i ceramide + d\u1ea7u jojoba h\u1eefu c\u01a1 + b\u01a1 h\u1ea1t m\u1ee1","robots":{"index":"index","follow":"follow","max-snippet":"max-snippet:-1","max-image-preview":"max-image-preview:large","max-video-preview":"max-video-preview:-1"},"canonical":"https:\/\/vuytmy.azdigi.shop\/?product=son-duong-torriden-2","og_locale":"vi_VN","og_type":"article","og_title":"Torriden SOLID IN Ceramide Lip Essence 11ml \u2013 Son D\u01b0\u1ee1ng","og_description":"Torriden SOLID IN Ceramide Lip Essence l\u00e0 son d\u01b0\u1ee1ng m\u00f4i d\u1ea1ng tinh ch\u1ea5t \u0111\u1ebfn t\u1eeb H\u00e0n Qu\u1ed1c, v\u1edbi c\u00f4ng th\u1ee9c 5 lo\u1ea1i ceramide + d\u1ea7u jojoba h\u1eefu c\u01a1 + b\u01a1 h\u1ea1t m\u1ee1","og_url":"https:\/\/vuytmy.azdigi.shop\/?product=son-duong-torriden-2","og_site_name":"Vuyt my","article_modified_time":"2026-04-16T16:07:14+00:00","og_image":[{"width":800,"height":799,"url":"https:\/\/vuytmy.azdigi.shop\/wp-content\/uploads\/2026\/04\/a9cc971e6d96e070bf5ef02f417fdeca.jpg","type":"image\/jpeg"}],"twitter_card":"summary_large_image","twitter_misc":{"\u01af\u1edbc t\u00ednh th\u1eddi gian \u0111\u1ecdc":"2 ph\u00fat"},"schema":{"@context":"https:\/\/schema.org","@graph":[{"@type":"WebPage","@id":"https:\/\/vuytmy.azdigi.shop\/?product=son-duong-torriden-2","url":"https:\/\/vuytmy.azdigi.shop\/?product=son-duong-torriden-2","name":"Torriden SOLID IN Ceramide Lip Essence 11ml \u2013 Son D\u01b0\u1ee1ng","isPartOf":{"@id":"https:\/\/vuytmy.azdigi.shop\/#website"},"primaryImageOfPage":{"@id":"https:\/\/vuytmy.azdigi.shop\/?product=son-duong-torriden-2#primaryimage"},"image":{"@id":"https:\/\/vuytmy.azdigi.shop\/?product=son-duong-torriden-2#primaryimage"},"thumbnailUrl":"https:\/\/vuytmy.azdigi.shop\/wp-content\/uploads\/2026\/04\/a9cc971e6d96e070bf5ef02f417fdeca.jpg","datePublished":"2026-04-16T15:25:13+00:00","dateModified":"2026-04-16T16:07:14+00:00","description":"Torriden SOLID IN Ceramide Lip Essence l\u00e0 son d\u01b0\u1ee1ng m\u00f4i d\u1ea1ng tinh ch\u1ea5t \u0111\u1ebfn t\u1eeb H\u00e0n Qu\u1ed1c, v\u1edbi c\u00f4ng th\u1ee9c 5 lo\u1ea1i ceramide + d\u1ea7u jojoba h\u1eefu c\u01a1 + b\u01a1 h\u1ea1t m\u1ee1","breadcrumb":{"@id":"https:\/\/vuytmy.azdigi.shop\/?product=son-duong-torriden-2#breadcrumb"},"inLanguage":"vi","potentialAction":[{"@type":"ReadAction","target":["https:\/\/vuytmy.azdigi.shop\/?product=son-duong-torriden-2"]}]},{"@type":"ImageObject","inLanguage":"vi","@id":"https:\/\/vuytmy.azdigi.shop\/?product=son-duong-torriden-2#primaryimage","url":"https:\/\/vuytmy.azdigi.shop\/wp-content\/uploads\/2026\/04\/a9cc971e6d96e070bf5ef02f417fdeca.jpg","contentUrl":"https:\/\/vuytmy.azdigi.shop\/wp-content\/uploads\/2026\/04\/a9cc971e6d96e070bf5ef02f417fdeca.jpg","width":800,"height":799},{"@type":"BreadcrumbList","@id":"https:\/\/vuytmy.azdigi.shop\/?product=son-duong-torriden-2#breadcrumb","itemListElement":[{"@type":"ListItem","position":1,"name":"Trang ch\u1ee7","item":"https:\/\/vuytmy.azdigi.shop\/"},{"@type":"ListItem","position":2,"name":"C\u1eeda h\u00e0ng","item":"https:\/\/vuytmy.azdigi.shop\/?page_id=19"},{"@type":"ListItem","position":3,"name":"Solid In Ceramide Lip Essence 11ml"}]},{"@type":"WebSite","@id":"https:\/\/vuytmy.azdigi.shop\/#website","url":"https:\/\/vuytmy.azdigi.shop\/","name":"Vuyt my","description":"","potentialAction":[{"@type":"SearchAction","target":{"@type":"EntryPoint","urlTemplate":"https:\/\/vuytmy.azdigi.shop\/?s={search_term_string}"},"query-input":{"@type":"PropertyValueSpecification","valueRequired":true,"valueName":"search_term_string"}}],"inLanguage":"vi"}]}},"_links":{"self":[{"href":"https:\/\/vuytmy.azdigi.shop\/index.php?rest_route=\/wp\/v2\/product\/300","targetHints":{"allow":["GET"]}}],"collection":[{"href":"https:\/\/vuytmy.azdigi.shop\/index.php?rest_route=\/wp\/v2\/product"}],"about":[{"href":"https:\/\/vuytmy.azdigi.shop\/index.php?rest_route=\/wp\/v2\/types\/product"}],"replies":[{"embeddable":true,"href":"https:\/\/vuytmy.azdigi.shop\/index.php?rest_route=%2Fwp%2Fv2%2Fcomments&post=300"}],"wp:featuredmedia":[{"embeddable":true,"href":"https:\/\/vuytmy.azdigi.shop\/index.php?rest_route=\/wp\/v2\/media\/302"}],"wp:attachment":[{"href":"https:\/\/vuytmy.azdigi.shop\/index.php?rest_route=%2Fwp%2Fv2%2Fmedia&parent=300"}],"wp:term":[{"taxonomy":"product_brand","embeddable":true,"href":"https:\/\/vuytmy.azdigi.shop\/index.php?rest_route=%2Fwp%2Fv2%2Fproduct_brand&post=300"},{"taxonomy":"product_cat","embeddable":true,"href":"https:\/\/vuytmy.azdigi.shop\/index.php?rest_route=%2Fwp%2Fv2%2Fproduct_cat&post=300"},{"taxonomy":"product_tag","embeddable":true,"href":"https:\/\/vuytmy.azdigi.shop\/index.php?rest_route=%2Fwp%2Fv2%2Fproduct_tag&post=300"}],"curies":[{"name":"wp","href":"https:\/\/api.w.org\/{rel}","templated":true}]}}