{"id":296,"date":"2026-04-16T15:09:53","date_gmt":"2026-04-16T15:09:53","guid":{"rendered":"https:\/\/vuytmy.azdigi.shop\/?post_type=product&#038;p=296"},"modified":"2026-04-16T16:15:14","modified_gmt":"2026-04-16T16:15:14","slug":"dhc-son-duong-khong-mau-lip-cream","status":"publish","type":"product","link":"https:\/\/vuytmy.azdigi.shop\/?product=dhc-son-duong-khong-mau-lip-cream","title":{"rendered":"DHC Son d\u01b0\u1ee1ng kh\u00f4ng m\u00e0u Lip Cream"},"content":{"rendered":"<p data-start=\"65\" data-end=\"446\"><strong data-start=\"65\" data-end=\"104\">DHC Lip Cream (son d\u01b0\u1ee1ng kh\u00f4ng m\u00e0u)<\/strong> l\u00e0 d\u00f2ng son d\u01b0\u1ee1ng n\u1ed5i ti\u1ebfng \u0111\u1ebfn t\u1eeb Nh\u1eadt B\u1ea3n, \u0111\u01b0\u1ee3c xem l\u00e0 m\u1ed9t trong nh\u1eefng s\u1ea3n ph\u1ea9m \u201cmust-have\u201d trong ch\u0103m s\u00f3c m\u00f4i h\u1eb1ng ng\u00e0y. V\u1edbi c\u00f4ng th\u1ee9c gi\u00e0u <strong data-start=\"248\" data-end=\"304\">d\u1ea7u olive nguy\u00ean ch\u1ea5t, s\u00e1p ong, lanolin v\u00e0 vitamin E<\/strong>, s\u1ea3n ph\u1ea9m gi\u00fap nu\u00f4i d\u01b0\u1ee1ng \u0111\u00f4i m\u00f4i t\u1eeb s\u00e2u b\u00ean trong, \u0111\u1ed3ng th\u1eddi t\u1ea1o l\u1edbp m\u00e0ng d\u01b0\u1ee1ng \u1ea9m t\u1ef1 nhi\u00ean b\u1ea3o v\u1ec7 m\u00f4i kh\u1ecfi t\u00ecnh tr\u1ea1ng kh\u00f4 r\u00e1p v\u00e0 bong tr\u00f3c.<\/p>\n<p data-start=\"448\" data-end=\"655\">Thi\u1ebft k\u1ebf d\u1ea1ng th\u1ecfi nh\u1ecf g\u1ecdn, ti\u1ec7n mang theo b\u00ean m\u00ecnh, k\u1ebft c\u1ea5u son m\u1ec1m m\u1ecbn, kh\u00f4ng m\u00e0u v\u00e0 kh\u00f4ng m\u00f9i n\u00ean ph\u00f9 h\u1ee3p cho c\u1ea3 nam v\u00e0 n\u1eef, d\u00f9ng \u0111\u01b0\u1ee3c trong m\u1ecdi ho\u00e0n c\u1ea3nh, k\u1ec3 c\u1ea3 tr\u01b0\u1edbc khi trang \u0111i\u1ec3m ho\u1eb7c tr\u01b0\u1edbc khi \u0111i ng\u1ee7.<\/p>\n<p data-start=\"657\" data-end=\"906\">Khi thoa l\u00ean m\u00f4i, DHC Lip Cream t\u1ea1o c\u1ea3m gi\u00e1c \u1ea9m nh\u1eb9, kh\u00f4ng b\u00f3ng n\u1eb7ng nh\u01b0ng v\u1eabn \u0111\u1ee7 \u0111\u1ec3 gi\u1eef m\u00f4i m\u1ec1m m\u1ea1i trong th\u1eddi gian d\u00e0i. S\u1eed d\u1ee5ng \u0111\u1ec1u \u0111\u1eb7n gi\u00fap c\u1ea3i thi\u1ec7n t\u00ecnh tr\u1ea1ng m\u00f4i kh\u00f4 n\u1ee9t, h\u1ed7 tr\u1ee3 l\u00e0m gi\u1ea3m th\u00e2m m\u00f4i nh\u1eb9 v\u00e0 h\u1ea1n ch\u1ebf h\u00ecnh th\u00e0nh r\u00e3nh m\u00f4i do thi\u1ebfu \u1ea9m.<\/p>\n<hr data-start=\"908\" data-end=\"911\" \/>\n<h2 data-section-id=\"15ni52z\" data-start=\"913\" data-end=\"933\">\u2728 C\u00f4ng d\u1ee5ng ch\u00ednh<\/h2>\n<ul data-start=\"934\" data-end=\"1399\">\n<li data-section-id=\"t4kisv\" data-start=\"934\" data-end=\"1039\"><strong data-start=\"936\" data-end=\"953\">D\u01b0\u1ee1ng \u1ea9m s\u00e2u:<\/strong> d\u1ea7u olive gi\u00fap gi\u1eef \u1ea9m v\u00e0 l\u00e0m m\u1ec1m m\u00f4i hi\u1ec7u qu\u1ea3<\/li>\n<li data-section-id=\"o73g75\" data-start=\"1040\" data-end=\"1165\"><strong data-start=\"1042\" data-end=\"1071\">Gi\u1ea3m kh\u00f4 n\u1ee9t &amp; bong tr\u00f3c:<\/strong> ph\u1ee5c h\u1ed3i m\u00f4i kh\u00f4, n\u1ee9t n\u1ebb do th\u1eddi ti\u1ebft ho\u1eb7c thi\u1ebfu n\u01b0\u1edbc<\/li>\n<li data-section-id=\"1h16rg\" data-start=\"1166\" data-end=\"1233\"><strong data-start=\"1168\" data-end=\"1193\">H\u1ed7 tr\u1ee3 gi\u1ea3m th\u00e2m m\u00f4i:<\/strong> c\u1ea3i thi\u1ec7n s\u1eafc t\u1ed1 m\u00f4i khi d\u00f9ng l\u00e2u d\u00e0i<\/li>\n<li data-section-id=\"q9u6kd\" data-start=\"1234\" data-end=\"1302\"><strong data-start=\"1236\" data-end=\"1258\">Ch\u1ed1ng l\u00e3o h\u00f3a m\u00f4i:<\/strong> gi\u00fap h\u1ea1n ch\u1ebf r\u00e3nh m\u00f4i v\u00e0 gi\u1eef m\u00f4i c\u0103ng m\u1ecbn<\/li>\n<li data-section-id=\"c371g3\" data-start=\"1303\" data-end=\"1399\"><strong data-start=\"1305\" data-end=\"1326\">D\u00f9ng l\u00e0m son l\u00f3t:<\/strong> gi\u00fap son m\u00e0u l\u00ean m\u01b0\u1ee3t v\u00e0 b\u1ec1n h\u01a1n<\/li>\n<\/ul>\n<hr data-start=\"1401\" data-end=\"1404\" \/>\n<h2 data-section-id=\"c9ixqr\" data-start=\"1406\" data-end=\"1430\">\ud83e\uddea Th\u00e0nh ph\u1ea7n n\u1ed5i b\u1eadt<\/h2>\n<ul data-start=\"1431\" data-end=\"1677\">\n<li data-section-id=\"1dwerob\" data-start=\"1431\" data-end=\"1495\"><strong data-start=\"1433\" data-end=\"1459\">D\u1ea7u olive nguy\u00ean ch\u1ea5t:<\/strong> d\u01b0\u1ee1ng \u1ea9m v\u00e0 ch\u1ed1ng oxy h\u00f3a cho m\u00f4i<\/li>\n<li data-section-id=\"1mmq8v3\" data-start=\"1496\" data-end=\"1559\"><strong data-start=\"1498\" data-end=\"1520\">Lanolin &amp; s\u00e1p ong:<\/strong> t\u1ea1o l\u1edbp kh\u00f3a \u1ea9m, gi\u1eef m\u00f4i m\u1ec1m l\u00e2u h\u01a1n<\/li>\n<li data-section-id=\"7dyhq4\" data-start=\"1560\" data-end=\"1609\"><strong data-start=\"1562\" data-end=\"1576\">Vitamin E:<\/strong> h\u1ed7 tr\u1ee3 ph\u1ee5c h\u1ed3i v\u00e0 l\u00e0m d\u1ecbu m\u00f4i<\/li>\n<li data-section-id=\"1fq28ig\" data-start=\"1610\" data-end=\"1677\"><strong data-start=\"1612\" data-end=\"1645\">Chi\u1ebft xu\u1ea5t l\u00f4 h\u1ed9i &amp; cam th\u1ea3o:<\/strong> gi\u00fap l\u00e0m m\u00e1t v\u00e0 gi\u1ea3m k\u00edch \u1ee9ng<\/li>\n<\/ul>\n<hr data-start=\"1679\" data-end=\"1682\" \/>\n<h2 data-section-id=\"3e1ll0\" data-start=\"1684\" data-end=\"1711\">\ud83d\udca7 K\u1ebft c\u1ea5u &amp; tr\u1ea3i nghi\u1ec7m<\/h2>\n<ul data-start=\"1712\" data-end=\"1888\">\n<li data-section-id=\"419m5t\" data-start=\"1712\" data-end=\"1752\">D\u1ea1ng s\u00e1p m\u1ec1m, m\u00e0u v\u00e0ng nh\u1ea1t t\u1ef1 nhi\u00ean<\/li>\n<li data-section-id=\"1ogekkv\" data-start=\"1753\" data-end=\"1797\">Kh\u00f4ng m\u00e0u, kh\u00f4ng m\u00f9i, kh\u00f4ng g\u00e2y n\u1eb7ng m\u00f4i<\/li>\n<li data-section-id=\"n7lgok\" data-start=\"1798\" data-end=\"1835\">\u0110\u1ed9 b\u00f3ng nh\u1eb9, ph\u00f9 h\u1ee3p d\u00f9ng c\u1ea3 ng\u00e0y<\/li>\n<li data-section-id=\"13sw3ow\" data-start=\"1836\" data-end=\"1888\">C\u00f3 th\u1ec3 d\u00f9ng nh\u01b0 <strong data-start=\"1854\" data-end=\"1886\">son d\u01b0\u1ee1ng ban \u0111\u00eam (lip mask)<\/strong><\/li>\n<\/ul>\n","protected":false},"excerpt":{"rendered":"<p>DHC Lip Cream (son d\u01b0\u1ee1ng kh\u00f4ng m\u00e0u) l\u00e0 d\u00f2ng son d\u01b0\u1ee1ng n\u1ed5i ti\u1ebfng \u0111\u1ebfn t\u1eeb Nh\u1eadt B\u1ea3n, \u0111\u01b0\u1ee3c xem l\u00e0 m\u1ed9t trong nh\u1eefng s\u1ea3n ph\u1ea9m \u201cmust-have\u201d trong ch\u0103m s\u00f3c m\u00f4i h\u1eb1ng ng\u00e0y. V\u1edbi c\u00f4ng th\u1ee9c gi\u00e0u d\u1ea7u olive nguy\u00ean ch\u1ea5t, s\u00e1p ong, lanolin v\u00e0 vitamin E, s\u1ea3n ph\u1ea9m gi\u00fap nu\u00f4i d\u01b0\u1ee1ng \u0111\u00f4i m\u00f4i t\u1eeb s\u00e2u [&#8230;]\n","protected":false},"featured_media":297,"comment_status":"open","ping_status":"closed","template":"","meta":[],"product_brand":[60],"product_cat":[61],"product_tag":[],"class_list":{"0":"post-296","1":"product","2":"type-product","3":"status-publish","4":"has-post-thumbnail","6":"product_brand-son-duong","7":"product_cat-duong-moi","9":"first","10":"instock","11":"sale","12":"shipping-taxable","13":"purchasable","14":"product-type-simple"},"yoast_head":"<!-- This site is optimized with the Yoast SEO plugin v27.4 - https:\/\/yoast.com\/product\/yoast-seo-wordpress\/ -->\n<title>DHC Lip Cream Son D\u01b0\u1ee1ng Kh\u00f4ng M\u00e0u 1.5g \u2013 D\u01b0\u1ee1ng \u1ea8m<\/title>\n<meta name=\"description\" content=\"DHC Lip Cream ph\u00f9 h\u1ee3p cho: M\u00f4i kh\u00f4, bong tr\u00f3c, n\u1ee9t n\u1ebb, ng\u01b0\u1eddi c\u1ea7n son d\u01b0\u1ee1ng \u0111\u01a1n gi\u1ea3n, an to\u00e0n h\u1eb1ng ng\u00e0y, ng\u01b0\u1eddi mu\u1ed1n gi\u1ea3m th\u00e2m m\u00f4i nh\u1eb9 + d\u01b0\u1ee1ng \u1ea9m l\u00e2u d\u00e0i\" \/>\n<meta name=\"robots\" content=\"index, follow, max-snippet:-1, max-image-preview:large, max-video-preview:-1\" \/>\n<link rel=\"canonical\" href=\"https:\/\/vuytmy.azdigi.shop\/?product=dhc-son-duong-khong-mau-lip-cream\" \/>\n<meta property=\"og:locale\" content=\"vi_VN\" \/>\n<meta property=\"og:type\" content=\"article\" \/>\n<meta property=\"og:title\" content=\"DHC Lip Cream Son D\u01b0\u1ee1ng Kh\u00f4ng M\u00e0u 1.5g \u2013 D\u01b0\u1ee1ng \u1ea8m\" \/>\n<meta property=\"og:description\" content=\"DHC Lip Cream ph\u00f9 h\u1ee3p cho: M\u00f4i kh\u00f4, bong tr\u00f3c, n\u1ee9t n\u1ebb, ng\u01b0\u1eddi c\u1ea7n son d\u01b0\u1ee1ng \u0111\u01a1n gi\u1ea3n, an to\u00e0n h\u1eb1ng ng\u00e0y, ng\u01b0\u1eddi mu\u1ed1n gi\u1ea3m th\u00e2m m\u00f4i nh\u1eb9 + d\u01b0\u1ee1ng \u1ea9m l\u00e2u d\u00e0i\" \/>\n<meta property=\"og:url\" content=\"https:\/\/vuytmy.azdigi.shop\/?product=dhc-son-duong-khong-mau-lip-cream\" \/>\n<meta property=\"og:site_name\" content=\"Vuyt my\" \/>\n<meta property=\"article:modified_time\" content=\"2026-04-16T16:15:14+00:00\" \/>\n<meta property=\"og:image\" content=\"https:\/\/vuytmy.azdigi.shop\/wp-content\/uploads\/2026\/04\/9a638fac3c2f4e659dfd2cfb750c3d9b.jpg\" \/>\n\t<meta property=\"og:image:width\" content=\"800\" \/>\n\t<meta property=\"og:image:height\" content=\"800\" \/>\n\t<meta property=\"og:image:type\" content=\"image\/jpeg\" \/>\n<meta name=\"twitter:card\" content=\"summary_large_image\" \/>\n<meta name=\"twitter:label1\" content=\"\u01af\u1edbc t\u00ednh th\u1eddi gian \u0111\u1ecdc\" \/>\n\t<meta name=\"twitter:data1\" content=\"3 ph\u00fat\" \/>\n<script type=\"application\/ld+json\" class=\"yoast-schema-graph\">{\"@context\":\"https:\\\/\\\/schema.org\",\"@graph\":[{\"@type\":\"WebPage\",\"@id\":\"https:\\\/\\\/vuytmy.azdigi.shop\\\/?product=dhc-son-duong-khong-mau-lip-cream\",\"url\":\"https:\\\/\\\/vuytmy.azdigi.shop\\\/?product=dhc-son-duong-khong-mau-lip-cream\",\"name\":\"DHC Lip Cream Son D\u01b0\u1ee1ng Kh\u00f4ng M\u00e0u 1.5g \u2013 D\u01b0\u1ee1ng \u1ea8m\",\"isPartOf\":{\"@id\":\"https:\\\/\\\/vuytmy.azdigi.shop\\\/#website\"},\"primaryImageOfPage\":{\"@id\":\"https:\\\/\\\/vuytmy.azdigi.shop\\\/?product=dhc-son-duong-khong-mau-lip-cream#primaryimage\"},\"image\":{\"@id\":\"https:\\\/\\\/vuytmy.azdigi.shop\\\/?product=dhc-son-duong-khong-mau-lip-cream#primaryimage\"},\"thumbnailUrl\":\"https:\\\/\\\/vuytmy.azdigi.shop\\\/wp-content\\\/uploads\\\/2026\\\/04\\\/9a638fac3c2f4e659dfd2cfb750c3d9b.jpg\",\"datePublished\":\"2026-04-16T15:09:53+00:00\",\"dateModified\":\"2026-04-16T16:15:14+00:00\",\"description\":\"DHC Lip Cream ph\u00f9 h\u1ee3p cho: M\u00f4i kh\u00f4, bong tr\u00f3c, n\u1ee9t n\u1ebb, ng\u01b0\u1eddi c\u1ea7n son d\u01b0\u1ee1ng \u0111\u01a1n gi\u1ea3n, an to\u00e0n h\u1eb1ng ng\u00e0y, ng\u01b0\u1eddi mu\u1ed1n gi\u1ea3m th\u00e2m m\u00f4i nh\u1eb9 + d\u01b0\u1ee1ng \u1ea9m l\u00e2u d\u00e0i\",\"breadcrumb\":{\"@id\":\"https:\\\/\\\/vuytmy.azdigi.shop\\\/?product=dhc-son-duong-khong-mau-lip-cream#breadcrumb\"},\"inLanguage\":\"vi\",\"potentialAction\":[{\"@type\":\"ReadAction\",\"target\":[\"https:\\\/\\\/vuytmy.azdigi.shop\\\/?product=dhc-son-duong-khong-mau-lip-cream\"]}]},{\"@type\":\"ImageObject\",\"inLanguage\":\"vi\",\"@id\":\"https:\\\/\\\/vuytmy.azdigi.shop\\\/?product=dhc-son-duong-khong-mau-lip-cream#primaryimage\",\"url\":\"https:\\\/\\\/vuytmy.azdigi.shop\\\/wp-content\\\/uploads\\\/2026\\\/04\\\/9a638fac3c2f4e659dfd2cfb750c3d9b.jpg\",\"contentUrl\":\"https:\\\/\\\/vuytmy.azdigi.shop\\\/wp-content\\\/uploads\\\/2026\\\/04\\\/9a638fac3c2f4e659dfd2cfb750c3d9b.jpg\",\"width\":800,\"height\":800},{\"@type\":\"BreadcrumbList\",\"@id\":\"https:\\\/\\\/vuytmy.azdigi.shop\\\/?product=dhc-son-duong-khong-mau-lip-cream#breadcrumb\",\"itemListElement\":[{\"@type\":\"ListItem\",\"position\":1,\"name\":\"Trang ch\u1ee7\",\"item\":\"https:\\\/\\\/vuytmy.azdigi.shop\\\/\"},{\"@type\":\"ListItem\",\"position\":2,\"name\":\"C\u1eeda h\u00e0ng\",\"item\":\"https:\\\/\\\/vuytmy.azdigi.shop\\\/?page_id=19\"},{\"@type\":\"ListItem\",\"position\":3,\"name\":\"DHC Son d\u01b0\u1ee1ng kh\u00f4ng m\u00e0u Lip Cream\"}]},{\"@type\":\"WebSite\",\"@id\":\"https:\\\/\\\/vuytmy.azdigi.shop\\\/#website\",\"url\":\"https:\\\/\\\/vuytmy.azdigi.shop\\\/\",\"name\":\"Vuyt my\",\"description\":\"\",\"potentialAction\":[{\"@type\":\"SearchAction\",\"target\":{\"@type\":\"EntryPoint\",\"urlTemplate\":\"https:\\\/\\\/vuytmy.azdigi.shop\\\/?s={search_term_string}\"},\"query-input\":{\"@type\":\"PropertyValueSpecification\",\"valueRequired\":true,\"valueName\":\"search_term_string\"}}],\"inLanguage\":\"vi\"}]}<\/script>\n<!-- \/ Yoast SEO plugin. -->","yoast_head_json":{"title":"DHC Lip Cream Son D\u01b0\u1ee1ng Kh\u00f4ng M\u00e0u 1.5g \u2013 D\u01b0\u1ee1ng \u1ea8m","description":"DHC Lip Cream ph\u00f9 h\u1ee3p cho: M\u00f4i kh\u00f4, bong tr\u00f3c, n\u1ee9t n\u1ebb, ng\u01b0\u1eddi c\u1ea7n son d\u01b0\u1ee1ng \u0111\u01a1n gi\u1ea3n, an to\u00e0n h\u1eb1ng ng\u00e0y, ng\u01b0\u1eddi mu\u1ed1n gi\u1ea3m th\u00e2m m\u00f4i nh\u1eb9 + d\u01b0\u1ee1ng \u1ea9m l\u00e2u d\u00e0i","robots":{"index":"index","follow":"follow","max-snippet":"max-snippet:-1","max-image-preview":"max-image-preview:large","max-video-preview":"max-video-preview:-1"},"canonical":"https:\/\/vuytmy.azdigi.shop\/?product=dhc-son-duong-khong-mau-lip-cream","og_locale":"vi_VN","og_type":"article","og_title":"DHC Lip Cream Son D\u01b0\u1ee1ng Kh\u00f4ng M\u00e0u 1.5g \u2013 D\u01b0\u1ee1ng \u1ea8m","og_description":"DHC Lip Cream ph\u00f9 h\u1ee3p cho: M\u00f4i kh\u00f4, bong tr\u00f3c, n\u1ee9t n\u1ebb, ng\u01b0\u1eddi c\u1ea7n son d\u01b0\u1ee1ng \u0111\u01a1n gi\u1ea3n, an to\u00e0n h\u1eb1ng ng\u00e0y, ng\u01b0\u1eddi mu\u1ed1n gi\u1ea3m th\u00e2m m\u00f4i nh\u1eb9 + d\u01b0\u1ee1ng \u1ea9m l\u00e2u d\u00e0i","og_url":"https:\/\/vuytmy.azdigi.shop\/?product=dhc-son-duong-khong-mau-lip-cream","og_site_name":"Vuyt my","article_modified_time":"2026-04-16T16:15:14+00:00","og_image":[{"width":800,"height":800,"url":"https:\/\/vuytmy.azdigi.shop\/wp-content\/uploads\/2026\/04\/9a638fac3c2f4e659dfd2cfb750c3d9b.jpg","type":"image\/jpeg"}],"twitter_card":"summary_large_image","twitter_misc":{"\u01af\u1edbc t\u00ednh th\u1eddi gian \u0111\u1ecdc":"3 ph\u00fat"},"schema":{"@context":"https:\/\/schema.org","@graph":[{"@type":"WebPage","@id":"https:\/\/vuytmy.azdigi.shop\/?product=dhc-son-duong-khong-mau-lip-cream","url":"https:\/\/vuytmy.azdigi.shop\/?product=dhc-son-duong-khong-mau-lip-cream","name":"DHC Lip Cream Son D\u01b0\u1ee1ng Kh\u00f4ng M\u00e0u 1.5g \u2013 D\u01b0\u1ee1ng \u1ea8m","isPartOf":{"@id":"https:\/\/vuytmy.azdigi.shop\/#website"},"primaryImageOfPage":{"@id":"https:\/\/vuytmy.azdigi.shop\/?product=dhc-son-duong-khong-mau-lip-cream#primaryimage"},"image":{"@id":"https:\/\/vuytmy.azdigi.shop\/?product=dhc-son-duong-khong-mau-lip-cream#primaryimage"},"thumbnailUrl":"https:\/\/vuytmy.azdigi.shop\/wp-content\/uploads\/2026\/04\/9a638fac3c2f4e659dfd2cfb750c3d9b.jpg","datePublished":"2026-04-16T15:09:53+00:00","dateModified":"2026-04-16T16:15:14+00:00","description":"DHC Lip Cream ph\u00f9 h\u1ee3p cho: M\u00f4i kh\u00f4, bong tr\u00f3c, n\u1ee9t n\u1ebb, ng\u01b0\u1eddi c\u1ea7n son d\u01b0\u1ee1ng \u0111\u01a1n gi\u1ea3n, an to\u00e0n h\u1eb1ng ng\u00e0y, ng\u01b0\u1eddi mu\u1ed1n gi\u1ea3m th\u00e2m m\u00f4i nh\u1eb9 + d\u01b0\u1ee1ng \u1ea9m l\u00e2u d\u00e0i","breadcrumb":{"@id":"https:\/\/vuytmy.azdigi.shop\/?product=dhc-son-duong-khong-mau-lip-cream#breadcrumb"},"inLanguage":"vi","potentialAction":[{"@type":"ReadAction","target":["https:\/\/vuytmy.azdigi.shop\/?product=dhc-son-duong-khong-mau-lip-cream"]}]},{"@type":"ImageObject","inLanguage":"vi","@id":"https:\/\/vuytmy.azdigi.shop\/?product=dhc-son-duong-khong-mau-lip-cream#primaryimage","url":"https:\/\/vuytmy.azdigi.shop\/wp-content\/uploads\/2026\/04\/9a638fac3c2f4e659dfd2cfb750c3d9b.jpg","contentUrl":"https:\/\/vuytmy.azdigi.shop\/wp-content\/uploads\/2026\/04\/9a638fac3c2f4e659dfd2cfb750c3d9b.jpg","width":800,"height":800},{"@type":"BreadcrumbList","@id":"https:\/\/vuytmy.azdigi.shop\/?product=dhc-son-duong-khong-mau-lip-cream#breadcrumb","itemListElement":[{"@type":"ListItem","position":1,"name":"Trang ch\u1ee7","item":"https:\/\/vuytmy.azdigi.shop\/"},{"@type":"ListItem","position":2,"name":"C\u1eeda h\u00e0ng","item":"https:\/\/vuytmy.azdigi.shop\/?page_id=19"},{"@type":"ListItem","position":3,"name":"DHC Son d\u01b0\u1ee1ng kh\u00f4ng m\u00e0u Lip Cream"}]},{"@type":"WebSite","@id":"https:\/\/vuytmy.azdigi.shop\/#website","url":"https:\/\/vuytmy.azdigi.shop\/","name":"Vuyt my","description":"","potentialAction":[{"@type":"SearchAction","target":{"@type":"EntryPoint","urlTemplate":"https:\/\/vuytmy.azdigi.shop\/?s={search_term_string}"},"query-input":{"@type":"PropertyValueSpecification","valueRequired":true,"valueName":"search_term_string"}}],"inLanguage":"vi"}]}},"_links":{"self":[{"href":"https:\/\/vuytmy.azdigi.shop\/index.php?rest_route=\/wp\/v2\/product\/296","targetHints":{"allow":["GET"]}}],"collection":[{"href":"https:\/\/vuytmy.azdigi.shop\/index.php?rest_route=\/wp\/v2\/product"}],"about":[{"href":"https:\/\/vuytmy.azdigi.shop\/index.php?rest_route=\/wp\/v2\/types\/product"}],"replies":[{"embeddable":true,"href":"https:\/\/vuytmy.azdigi.shop\/index.php?rest_route=%2Fwp%2Fv2%2Fcomments&post=296"}],"wp:featuredmedia":[{"embeddable":true,"href":"https:\/\/vuytmy.azdigi.shop\/index.php?rest_route=\/wp\/v2\/media\/297"}],"wp:attachment":[{"href":"https:\/\/vuytmy.azdigi.shop\/index.php?rest_route=%2Fwp%2Fv2%2Fmedia&parent=296"}],"wp:term":[{"taxonomy":"product_brand","embeddable":true,"href":"https:\/\/vuytmy.azdigi.shop\/index.php?rest_route=%2Fwp%2Fv2%2Fproduct_brand&post=296"},{"taxonomy":"product_cat","embeddable":true,"href":"https:\/\/vuytmy.azdigi.shop\/index.php?rest_route=%2Fwp%2Fv2%2Fproduct_cat&post=296"},{"taxonomy":"product_tag","embeddable":true,"href":"https:\/\/vuytmy.azdigi.shop\/index.php?rest_route=%2Fwp%2Fv2%2Fproduct_tag&post=296"}],"curies":[{"name":"wp","href":"https:\/\/api.w.org\/{rel}","templated":true}]}}