{"id":292,"date":"2026-04-16T14:46:17","date_gmt":"2026-04-16T14:46:17","guid":{"rendered":"https:\/\/vuytmy.azdigi.shop\/?post_type=product&#038;p=292"},"modified":"2026-04-16T16:20:40","modified_gmt":"2026-04-16T16:20:40","slug":"son-duong-torriden","status":"publish","type":"product","link":"https:\/\/vuytmy.azdigi.shop\/?product=son-duong-torriden","title":{"rendered":"Cellmazing Firming Eye Cream (30ml)"},"content":{"rendered":"<p data-start=\"65\" data-end=\"353\"><strong data-start=\"65\" data-end=\"111\">Torriden Cellmazing Firming Eye Cream 30ml<\/strong> l\u00e0 kem m\u1eaft ch\u1ed1ng l\u00e3o h\u00f3a \u0111\u1ebfn t\u1eeb H\u00e0n Qu\u1ed1c, thu\u1ed9c d\u00f2ng Cellmazing n\u1ed5i ti\u1ebfng c\u1ee7a Torriden. S\u1ea3n ph\u1ea9m \u0111\u01b0\u1ee3c thi\u1ebft k\u1ebf chuy\u00ean bi\u1ec7t cho v\u00f9ng da m\u1eaft m\u1ecfng v\u00e0 d\u1ec5 l\u00e3o h\u00f3a, t\u1eadp trung v\u00e0o c\u00e1c v\u1ea5n \u0111\u1ec1 nh\u01b0 <strong data-start=\"300\" data-end=\"352\">n\u1ebfp nh\u0103n, qu\u1ea7ng th\u00e2m, b\u1ecdng m\u1eaft v\u00e0 da k\u00e9m \u0111\u00e0n h\u1ed3i<\/strong>.<\/p>\n<p data-start=\"355\" data-end=\"644\">\u0110i\u1ec3m n\u1ed5i b\u1eadt c\u1ee7a s\u1ea3n ph\u1ea9m n\u1eb1m \u1edf c\u00f4ng th\u1ee9c <strong data-start=\"397\" data-end=\"440\">5D Collagen + Peptide + Retinol d\u1ecbu nh\u1eb9<\/strong>, gi\u00fap c\u1ea3i thi\u1ec7n c\u1ea5u tr\u00fac da t\u1eeb b\u00ean trong, \u0111\u1ed3ng th\u1eddi c\u1ea5p \u1ea9m s\u00e2u \u0111\u1ec3 v\u00f9ng da m\u1eaft lu\u00f4n c\u0103ng m\u1ecbn v\u00e0 t\u01b0\u01a1i s\u00e1ng h\u01a1n. K\u1ebft c\u1ea5u kem m\u1ec1m, gi\u00e0u d\u01b0\u1ee1ng nh\u01b0ng kh\u00f4ng g\u00e2y b\u00ed da, ph\u00f9 h\u1ee3p d\u00f9ng h\u1eb1ng ng\u00e0y cho c\u1ea3 s\u00e1ng v\u00e0 t\u1ed1i.<\/p>\n<p data-start=\"646\" data-end=\"804\">Khi s\u1eed d\u1ee5ng \u0111\u1ec1u \u0111\u1eb7n, v\u00f9ng da quanh m\u1eaft s\u1ebd c\u00f3 c\u1ea3m gi\u00e1c <strong data-start=\"700\" data-end=\"734\">\u1ea9m h\u01a1n, m\u1ecbn h\u01a1n v\u00e0 \u0111\u00e0n h\u1ed3i h\u01a1n<\/strong>, gi\u00fap gi\u1ea3m r\u00f5 r\u1ec7t t\u00ecnh tr\u1ea1ng m\u1ec7t m\u1ecfi, kh\u00f4 da v\u00e0 d\u1ea5u hi\u1ec7u l\u00e3o h\u00f3a s\u1edbm.<\/p>\n<hr data-start=\"806\" data-end=\"809\" \/>\n<h2 data-section-id=\"15ni52z\" data-start=\"811\" data-end=\"831\">\u2728 C\u00f4ng d\u1ee5ng ch\u00ednh<\/h2>\n<ul data-start=\"832\" data-end=\"1379\">\n<li data-section-id=\"195ddd4\" data-start=\"832\" data-end=\"967\"><strong data-start=\"834\" data-end=\"865\">Gi\u1ea3m n\u1ebfp nh\u0103n &amp; fine lines:<\/strong> retinol + peptide h\u1ed7 tr\u1ee3 c\u1ea3i thi\u1ec7n d\u1ea5u hi\u1ec7u l\u00e3o h\u00f3a quanh m\u1eaft<\/li>\n<li data-section-id=\"3zv4kq\" data-start=\"968\" data-end=\"1083\"><strong data-start=\"970\" data-end=\"993\">T\u0103ng \u0111\u1ed9 \u0111\u00e0n h\u1ed3i da:<\/strong> collagen \u0111a ph\u00e2n t\u1eed gi\u00fap da s\u0103n ch\u1eafc v\u00e0 \u201c\u0111\u1ea7y\u201d h\u01a1n<\/li>\n<li data-section-id=\"16bicm8\" data-start=\"1084\" data-end=\"1192\"><strong data-start=\"1086\" data-end=\"1111\">C\u1ea3i thi\u1ec7n qu\u1ea7ng th\u00e2m:<\/strong> gi\u00fap v\u00f9ng da m\u1eaft s\u00e1ng v\u00e0 b\u1edbt m\u1ec7t m\u1ecfi h\u01a1n<\/li>\n<li data-section-id=\"187esk1\" data-start=\"1193\" data-end=\"1298\"><strong data-start=\"1195\" data-end=\"1210\">C\u1ea5p \u1ea9m s\u00e2u:<\/strong> hyaluronic acid gi\u1eef \u1ea9m, gi\u00fap da m\u1ec1m m\u1ecbn l\u00e2u d\u00e0i<\/li>\n<li data-section-id=\"v5y1yq\" data-start=\"1299\" data-end=\"1379\"><strong data-start=\"1301\" data-end=\"1326\">Ph\u1ee5c h\u1ed3i h\u00e0ng r\u00e0o da:<\/strong> h\u1ed7 tr\u1ee3 l\u00e0m d\u1ecbu v\u00f9ng da m\u1eaft nh\u1ea1y c\u1ea3m, gi\u1ea3m kh\u00f4 c\u0103ng<\/li>\n<\/ul>\n<hr data-start=\"1381\" data-end=\"1384\" \/>\n<h2 data-section-id=\"c9ixqr\" data-start=\"1386\" data-end=\"1410\">\ud83e\uddea Th\u00e0nh ph\u1ea7n n\u1ed5i b\u1eadt<\/h2>\n<ul data-start=\"1411\" data-end=\"1707\">\n<li data-section-id=\"qeqjd6\" data-start=\"1411\" data-end=\"1475\"><strong data-start=\"1413\" data-end=\"1429\">5D Collagen:<\/strong> nhi\u1ec1u ph\u00e2n t\u1eed collagen gi\u00fap t\u0103ng \u0111\u1ed9 \u0111\u00e0n h\u1ed3i<\/li>\n<li data-section-id=\"n44woa\" data-start=\"1476\" data-end=\"1531\"><strong data-start=\"1478\" data-end=\"1490\">Peptide:<\/strong> h\u1ed7 tr\u1ee3 t\u00e1i c\u1ea5u tr\u00fac v\u00e0 l\u00e0m s\u0103n ch\u1eafc da<\/li>\n<li data-section-id=\"1hkgf01\" data-start=\"1532\" data-end=\"1591\"><strong data-start=\"1534\" data-end=\"1554\">Retinol d\u1ecbu nh\u1eb9:<\/strong> th\u00fac \u0111\u1ea9y t\u00e1i t\u1ea1o da, gi\u1ea3m n\u1ebfp nh\u0103n<\/li>\n<li data-section-id=\"34va1n\" data-start=\"1592\" data-end=\"1651\"><strong data-start=\"1594\" data-end=\"1622\">Hyaluronic Acid \u0111a t\u1ea7ng:<\/strong> c\u1ea5p \u1ea9m s\u00e2u v\u00e0 gi\u1eef n\u01b0\u1edbc l\u00e2u<\/li>\n<li data-section-id=\"vgr757\" data-start=\"1652\" data-end=\"1707\"><strong data-start=\"1654\" data-end=\"1682\">Niacinamide &amp; Panthenol:<\/strong> l\u00e0m s\u00e1ng v\u00e0 l\u00e0m d\u1ecbu da<\/li>\n<\/ul>\n<hr data-start=\"1709\" data-end=\"1712\" \/>\n<h2 data-section-id=\"3e1ll0\" data-start=\"1714\" data-end=\"1741\">\ud83d\udca7 K\u1ebft c\u1ea5u &amp; tr\u1ea3i nghi\u1ec7m<\/h2>\n<ul data-start=\"1742\" data-end=\"1904\">\n<li data-section-id=\"hpl8mb\" data-start=\"1742\" data-end=\"1790\">D\u1ea1ng kem m\u1ecbn, th\u1ea5m t\u1eeb t\u1eeb nh\u01b0ng kh\u00f4ng n\u1eb7ng da<\/li>\n<li data-section-id=\"d87dur\" data-start=\"1791\" data-end=\"1829\">Kh\u00f4ng g\u00e2y b\u1ebft d\u00ednh hay b\u00ed v\u00f9ng m\u1eaft<\/li>\n<li data-section-id=\"1cf1xci\" data-start=\"1830\" data-end=\"1857\">C\u00f3 th\u1ec3 d\u00f9ng s\u00e1ng v\u00e0 t\u1ed1i<\/li>\n<li data-section-id=\"1edpz3n\" data-start=\"1858\" data-end=\"1904\">Ph\u00f9 h\u1ee3p c\u1ea3 ng\u01b0\u1eddi m\u1edbi b\u1eaft \u0111\u1ea7u ch\u1ed1ng l\u00e3o h\u00f3a<\/li>\n<\/ul>\n","protected":false},"excerpt":{"rendered":"<p data-start=\"1470\" data-end=\"1502\">\u0110\u00e2y l\u00e0 d\u00f2ng kem m\u1eaft ph\u00f9 h\u1ee3p cho:<\/p>\n<ul data-start=\"1503\" data-end=\"1662\">\n<li data-section-id=\"14dpkfh\" data-start=\"1503\" data-end=\"1562\">Ng\u01b0\u1eddi b\u1eaft \u0111\u1ea7u c\u00f3 <strong data-start=\"1522\" data-end=\"1560\">n\u1ebfp nh\u0103n, l\u00e3o h\u00f3a nh\u1eb9 \u2013 trung b\u00ecnh<\/strong><\/li>\n<li data-section-id=\"utfp00\" data-start=\"1563\" data-end=\"1612\">Ng\u01b0\u1eddi c\u1ea7n <strong data-start=\"1575\" data-end=\"1610\">d\u01b0\u1ee1ng \u1ea9m + c\u1ea3i thi\u1ec7n qu\u1ea7ng th\u00e2m<\/strong><\/li>\n<li data-section-id=\"erz5g9\" data-start=\"1613\" data-end=\"1662\">Da nh\u1ea1y c\u1ea3m nh\u01b0ng v\u1eabn mu\u1ed1n d\u00f9ng <strong data-start=\"1647\" data-end=\"1662\">retinol nh\u1eb9<\/strong><\/li>\n<\/ul>\n","protected":false},"featured_media":293,"comment_status":"open","ping_status":"closed","template":"","meta":[],"product_brand":[52],"product_cat":[58],"product_tag":[],"class_list":{"0":"post-292","1":"product","2":"type-product","3":"status-publish","4":"has-post-thumbnail","6":"product_brand-torriden","7":"product_cat-kem-mat","9":"first","10":"instock","11":"sale","12":"shipping-taxable","13":"purchasable","14":"product-type-simple"},"yoast_head":"<!-- This site is optimized with the Yoast SEO plugin v27.4 - https:\/\/yoast.com\/product\/yoast-seo-wordpress\/ -->\n<title>Torriden Cellmazing Firming Eye Cream 30ml \u2013 Kem M\u1eaft Collagen<\/title>\n<meta name=\"description\" content=\"Gi\u1ea3m n\u1ebfp nh\u0103n &amp; ch\u1ed1ng l\u00e3o h\u00f3a: Retinol v\u00e0 collagen h\u1ed7 tr\u1ee3 l\u00e0m m\u1edd n\u1ebfp nh\u0103n, c\u1ea3i thi\u1ec7n \u0111\u1ed9 s\u0103n ch\u1eafc v\u00f9ng m\u1eaft. Ph\u00f9 h\u1ee3p cho t\u1ea5t c\u1ea3 m\u1ecdi ng\u01b0\u1eddi t\u1eeb gi\u00e0 \u0111\u1ebfn tr\u1ebb em\" \/>\n<meta name=\"robots\" content=\"index, follow, max-snippet:-1, max-image-preview:large, max-video-preview:-1\" \/>\n<link rel=\"canonical\" href=\"https:\/\/vuytmy.azdigi.shop\/?product=son-duong-torriden\" \/>\n<meta property=\"og:locale\" content=\"vi_VN\" \/>\n<meta property=\"og:type\" content=\"article\" \/>\n<meta property=\"og:title\" content=\"Torriden Cellmazing Firming Eye Cream 30ml \u2013 Kem M\u1eaft Collagen\" \/>\n<meta property=\"og:description\" content=\"Gi\u1ea3m n\u1ebfp nh\u0103n &amp; ch\u1ed1ng l\u00e3o h\u00f3a: Retinol v\u00e0 collagen h\u1ed7 tr\u1ee3 l\u00e0m m\u1edd n\u1ebfp nh\u0103n, c\u1ea3i thi\u1ec7n \u0111\u1ed9 s\u0103n ch\u1eafc v\u00f9ng m\u1eaft. Ph\u00f9 h\u1ee3p cho t\u1ea5t c\u1ea3 m\u1ecdi ng\u01b0\u1eddi t\u1eeb gi\u00e0 \u0111\u1ebfn tr\u1ebb em\" \/>\n<meta property=\"og:url\" content=\"https:\/\/vuytmy.azdigi.shop\/?product=son-duong-torriden\" \/>\n<meta property=\"og:site_name\" content=\"Vuyt my\" \/>\n<meta property=\"article:modified_time\" content=\"2026-04-16T16:20:40+00:00\" \/>\n<meta property=\"og:image\" content=\"https:\/\/vuytmy.azdigi.shop\/wp-content\/uploads\/2026\/04\/4fadb1831fca306a9f0b56ee1965816d.jpg\" \/>\n\t<meta property=\"og:image:width\" content=\"1000\" \/>\n\t<meta property=\"og:image:height\" content=\"1000\" \/>\n\t<meta property=\"og:image:type\" content=\"image\/jpeg\" \/>\n<meta name=\"twitter:card\" content=\"summary_large_image\" \/>\n<meta name=\"twitter:label1\" content=\"\u01af\u1edbc t\u00ednh th\u1eddi gian \u0111\u1ecdc\" \/>\n\t<meta name=\"twitter:data1\" content=\"3 ph\u00fat\" \/>\n<script type=\"application\/ld+json\" class=\"yoast-schema-graph\">{\"@context\":\"https:\\\/\\\/schema.org\",\"@graph\":[{\"@type\":\"WebPage\",\"@id\":\"https:\\\/\\\/vuytmy.azdigi.shop\\\/?product=son-duong-torriden\",\"url\":\"https:\\\/\\\/vuytmy.azdigi.shop\\\/?product=son-duong-torriden\",\"name\":\"Torriden Cellmazing Firming Eye Cream 30ml \u2013 Kem M\u1eaft Collagen\",\"isPartOf\":{\"@id\":\"https:\\\/\\\/vuytmy.azdigi.shop\\\/#website\"},\"primaryImageOfPage\":{\"@id\":\"https:\\\/\\\/vuytmy.azdigi.shop\\\/?product=son-duong-torriden#primaryimage\"},\"image\":{\"@id\":\"https:\\\/\\\/vuytmy.azdigi.shop\\\/?product=son-duong-torriden#primaryimage\"},\"thumbnailUrl\":\"https:\\\/\\\/vuytmy.azdigi.shop\\\/wp-content\\\/uploads\\\/2026\\\/04\\\/4fadb1831fca306a9f0b56ee1965816d.jpg\",\"datePublished\":\"2026-04-16T14:46:17+00:00\",\"dateModified\":\"2026-04-16T16:20:40+00:00\",\"description\":\"Gi\u1ea3m n\u1ebfp nh\u0103n & ch\u1ed1ng l\u00e3o h\u00f3a: Retinol v\u00e0 collagen h\u1ed7 tr\u1ee3 l\u00e0m m\u1edd n\u1ebfp nh\u0103n, c\u1ea3i thi\u1ec7n \u0111\u1ed9 s\u0103n ch\u1eafc v\u00f9ng m\u1eaft. Ph\u00f9 h\u1ee3p cho t\u1ea5t c\u1ea3 m\u1ecdi ng\u01b0\u1eddi t\u1eeb gi\u00e0 \u0111\u1ebfn tr\u1ebb em\",\"breadcrumb\":{\"@id\":\"https:\\\/\\\/vuytmy.azdigi.shop\\\/?product=son-duong-torriden#breadcrumb\"},\"inLanguage\":\"vi\",\"potentialAction\":[{\"@type\":\"ReadAction\",\"target\":[\"https:\\\/\\\/vuytmy.azdigi.shop\\\/?product=son-duong-torriden\"]}]},{\"@type\":\"ImageObject\",\"inLanguage\":\"vi\",\"@id\":\"https:\\\/\\\/vuytmy.azdigi.shop\\\/?product=son-duong-torriden#primaryimage\",\"url\":\"https:\\\/\\\/vuytmy.azdigi.shop\\\/wp-content\\\/uploads\\\/2026\\\/04\\\/4fadb1831fca306a9f0b56ee1965816d.jpg\",\"contentUrl\":\"https:\\\/\\\/vuytmy.azdigi.shop\\\/wp-content\\\/uploads\\\/2026\\\/04\\\/4fadb1831fca306a9f0b56ee1965816d.jpg\",\"width\":1000,\"height\":1000},{\"@type\":\"BreadcrumbList\",\"@id\":\"https:\\\/\\\/vuytmy.azdigi.shop\\\/?product=son-duong-torriden#breadcrumb\",\"itemListElement\":[{\"@type\":\"ListItem\",\"position\":1,\"name\":\"Trang ch\u1ee7\",\"item\":\"https:\\\/\\\/vuytmy.azdigi.shop\\\/\"},{\"@type\":\"ListItem\",\"position\":2,\"name\":\"C\u1eeda h\u00e0ng\",\"item\":\"https:\\\/\\\/vuytmy.azdigi.shop\\\/?page_id=19\"},{\"@type\":\"ListItem\",\"position\":3,\"name\":\"Cellmazing Firming Eye Cream (30ml)\"}]},{\"@type\":\"WebSite\",\"@id\":\"https:\\\/\\\/vuytmy.azdigi.shop\\\/#website\",\"url\":\"https:\\\/\\\/vuytmy.azdigi.shop\\\/\",\"name\":\"Vuyt my\",\"description\":\"\",\"potentialAction\":[{\"@type\":\"SearchAction\",\"target\":{\"@type\":\"EntryPoint\",\"urlTemplate\":\"https:\\\/\\\/vuytmy.azdigi.shop\\\/?s={search_term_string}\"},\"query-input\":{\"@type\":\"PropertyValueSpecification\",\"valueRequired\":true,\"valueName\":\"search_term_string\"}}],\"inLanguage\":\"vi\"}]}<\/script>\n<!-- \/ Yoast SEO plugin. -->","yoast_head_json":{"title":"Torriden Cellmazing Firming Eye Cream 30ml \u2013 Kem M\u1eaft Collagen","description":"Gi\u1ea3m n\u1ebfp nh\u0103n & ch\u1ed1ng l\u00e3o h\u00f3a: Retinol v\u00e0 collagen h\u1ed7 tr\u1ee3 l\u00e0m m\u1edd n\u1ebfp nh\u0103n, c\u1ea3i thi\u1ec7n \u0111\u1ed9 s\u0103n ch\u1eafc v\u00f9ng m\u1eaft. Ph\u00f9 h\u1ee3p cho t\u1ea5t c\u1ea3 m\u1ecdi ng\u01b0\u1eddi t\u1eeb gi\u00e0 \u0111\u1ebfn tr\u1ebb em","robots":{"index":"index","follow":"follow","max-snippet":"max-snippet:-1","max-image-preview":"max-image-preview:large","max-video-preview":"max-video-preview:-1"},"canonical":"https:\/\/vuytmy.azdigi.shop\/?product=son-duong-torriden","og_locale":"vi_VN","og_type":"article","og_title":"Torriden Cellmazing Firming Eye Cream 30ml \u2013 Kem M\u1eaft Collagen","og_description":"Gi\u1ea3m n\u1ebfp nh\u0103n & ch\u1ed1ng l\u00e3o h\u00f3a: Retinol v\u00e0 collagen h\u1ed7 tr\u1ee3 l\u00e0m m\u1edd n\u1ebfp nh\u0103n, c\u1ea3i thi\u1ec7n \u0111\u1ed9 s\u0103n ch\u1eafc v\u00f9ng m\u1eaft. Ph\u00f9 h\u1ee3p cho t\u1ea5t c\u1ea3 m\u1ecdi ng\u01b0\u1eddi t\u1eeb gi\u00e0 \u0111\u1ebfn tr\u1ebb em","og_url":"https:\/\/vuytmy.azdigi.shop\/?product=son-duong-torriden","og_site_name":"Vuyt my","article_modified_time":"2026-04-16T16:20:40+00:00","og_image":[{"width":1000,"height":1000,"url":"https:\/\/vuytmy.azdigi.shop\/wp-content\/uploads\/2026\/04\/4fadb1831fca306a9f0b56ee1965816d.jpg","type":"image\/jpeg"}],"twitter_card":"summary_large_image","twitter_misc":{"\u01af\u1edbc t\u00ednh th\u1eddi gian \u0111\u1ecdc":"3 ph\u00fat"},"schema":{"@context":"https:\/\/schema.org","@graph":[{"@type":"WebPage","@id":"https:\/\/vuytmy.azdigi.shop\/?product=son-duong-torriden","url":"https:\/\/vuytmy.azdigi.shop\/?product=son-duong-torriden","name":"Torriden Cellmazing Firming Eye Cream 30ml \u2013 Kem M\u1eaft Collagen","isPartOf":{"@id":"https:\/\/vuytmy.azdigi.shop\/#website"},"primaryImageOfPage":{"@id":"https:\/\/vuytmy.azdigi.shop\/?product=son-duong-torriden#primaryimage"},"image":{"@id":"https:\/\/vuytmy.azdigi.shop\/?product=son-duong-torriden#primaryimage"},"thumbnailUrl":"https:\/\/vuytmy.azdigi.shop\/wp-content\/uploads\/2026\/04\/4fadb1831fca306a9f0b56ee1965816d.jpg","datePublished":"2026-04-16T14:46:17+00:00","dateModified":"2026-04-16T16:20:40+00:00","description":"Gi\u1ea3m n\u1ebfp nh\u0103n & ch\u1ed1ng l\u00e3o h\u00f3a: Retinol v\u00e0 collagen h\u1ed7 tr\u1ee3 l\u00e0m m\u1edd n\u1ebfp nh\u0103n, c\u1ea3i thi\u1ec7n \u0111\u1ed9 s\u0103n ch\u1eafc v\u00f9ng m\u1eaft. Ph\u00f9 h\u1ee3p cho t\u1ea5t c\u1ea3 m\u1ecdi ng\u01b0\u1eddi t\u1eeb gi\u00e0 \u0111\u1ebfn tr\u1ebb em","breadcrumb":{"@id":"https:\/\/vuytmy.azdigi.shop\/?product=son-duong-torriden#breadcrumb"},"inLanguage":"vi","potentialAction":[{"@type":"ReadAction","target":["https:\/\/vuytmy.azdigi.shop\/?product=son-duong-torriden"]}]},{"@type":"ImageObject","inLanguage":"vi","@id":"https:\/\/vuytmy.azdigi.shop\/?product=son-duong-torriden#primaryimage","url":"https:\/\/vuytmy.azdigi.shop\/wp-content\/uploads\/2026\/04\/4fadb1831fca306a9f0b56ee1965816d.jpg","contentUrl":"https:\/\/vuytmy.azdigi.shop\/wp-content\/uploads\/2026\/04\/4fadb1831fca306a9f0b56ee1965816d.jpg","width":1000,"height":1000},{"@type":"BreadcrumbList","@id":"https:\/\/vuytmy.azdigi.shop\/?product=son-duong-torriden#breadcrumb","itemListElement":[{"@type":"ListItem","position":1,"name":"Trang ch\u1ee7","item":"https:\/\/vuytmy.azdigi.shop\/"},{"@type":"ListItem","position":2,"name":"C\u1eeda h\u00e0ng","item":"https:\/\/vuytmy.azdigi.shop\/?page_id=19"},{"@type":"ListItem","position":3,"name":"Cellmazing Firming Eye Cream (30ml)"}]},{"@type":"WebSite","@id":"https:\/\/vuytmy.azdigi.shop\/#website","url":"https:\/\/vuytmy.azdigi.shop\/","name":"Vuyt my","description":"","potentialAction":[{"@type":"SearchAction","target":{"@type":"EntryPoint","urlTemplate":"https:\/\/vuytmy.azdigi.shop\/?s={search_term_string}"},"query-input":{"@type":"PropertyValueSpecification","valueRequired":true,"valueName":"search_term_string"}}],"inLanguage":"vi"}]}},"_links":{"self":[{"href":"https:\/\/vuytmy.azdigi.shop\/index.php?rest_route=\/wp\/v2\/product\/292","targetHints":{"allow":["GET"]}}],"collection":[{"href":"https:\/\/vuytmy.azdigi.shop\/index.php?rest_route=\/wp\/v2\/product"}],"about":[{"href":"https:\/\/vuytmy.azdigi.shop\/index.php?rest_route=\/wp\/v2\/types\/product"}],"replies":[{"embeddable":true,"href":"https:\/\/vuytmy.azdigi.shop\/index.php?rest_route=%2Fwp%2Fv2%2Fcomments&post=292"}],"wp:featuredmedia":[{"embeddable":true,"href":"https:\/\/vuytmy.azdigi.shop\/index.php?rest_route=\/wp\/v2\/media\/293"}],"wp:attachment":[{"href":"https:\/\/vuytmy.azdigi.shop\/index.php?rest_route=%2Fwp%2Fv2%2Fmedia&parent=292"}],"wp:term":[{"taxonomy":"product_brand","embeddable":true,"href":"https:\/\/vuytmy.azdigi.shop\/index.php?rest_route=%2Fwp%2Fv2%2Fproduct_brand&post=292"},{"taxonomy":"product_cat","embeddable":true,"href":"https:\/\/vuytmy.azdigi.shop\/index.php?rest_route=%2Fwp%2Fv2%2Fproduct_cat&post=292"},{"taxonomy":"product_tag","embeddable":true,"href":"https:\/\/vuytmy.azdigi.shop\/index.php?rest_route=%2Fwp%2Fv2%2Fproduct_tag&post=292"}],"curies":[{"name":"wp","href":"https:\/\/api.w.org\/{rel}","templated":true}]}}