{"id":290,"date":"2026-04-16T14:10:05","date_gmt":"2026-04-16T14:10:05","guid":{"rendered":"https:\/\/vuytmy.azdigi.shop\/?post_type=product&#038;p=290"},"modified":"2026-04-16T16:10:45","modified_gmt":"2026-04-16T16:10:45","slug":"kiehls-eye-cream","status":"publish","type":"product","link":"https:\/\/vuytmy.azdigi.shop\/?product=kiehls-eye-cream","title":{"rendered":"Kiehl&#8217;s eye cream"},"content":{"rendered":"<p>&nbsp;<\/p>\n<p data-start=\"65\" data-end=\"374\"><strong data-start=\"65\" data-end=\"110\">Kiehl\u2019s Creamy Eye Treatment with Avocado<\/strong> l\u00e0 m\u1ed9t trong nh\u1eefng d\u00f2ng kem m\u1eaft \u201cbest-seller\u201d l\u00e2u n\u0103m c\u1ee7a th\u01b0\u01a1ng hi\u1ec7u m\u1ef9 ph\u1ea9m cao c\u1ea5p Kiehl\u2019s (M\u1ef9). S\u1ea3n ph\u1ea9m n\u1ed5i b\u1eadt v\u1edbi k\u1ebft c\u1ea5u <strong data-start=\"240\" data-end=\"300\">kem \u0111\u1eb7c, gi\u00e0u d\u01b0\u1ee1ng ch\u1ea5t nh\u01b0ng th\u1ea9m th\u1ea5u d\u1ea7n khi massage<\/strong>, gi\u00fap cung c\u1ea5p \u0111\u1ed9 \u1ea9m m\u1ea1nh m\u1ebd cho v\u00f9ng da m\u1eaft v\u1ed1n m\u1ecfng manh v\u00e0 d\u1ec5 l\u00e3o h\u00f3a.<\/p>\n<p data-start=\"376\" data-end=\"653\">C\u00f4ng th\u1ee9c \u0111\u01b0\u1ee3c thi\u1ebft k\u1ebf \u0111\u1ec3 <strong data-start=\"403\" data-end=\"456\">nu\u00f4i d\u01b0\u1ee1ng \u2013 ph\u1ee5c h\u1ed3i \u2013 l\u00e0m d\u1ecbu v\u00f9ng da quanh m\u1eaft<\/strong>, \u0111\u1eb7c bi\u1ec7t ph\u00f9 h\u1ee3p v\u1edbi t\u00ecnh tr\u1ea1ng kh\u00f4, thi\u1ebfu n\u01b0\u1edbc, m\u1ec7t m\u1ecfi do th\u1ee9c khuya ho\u1eb7c s\u1eed d\u1ee5ng thi\u1ebft b\u1ecb \u0111i\u1ec7n t\u1eed nhi\u1ec1u. Khi s\u1eed d\u1ee5ng \u0111\u1ec1u \u0111\u1eb7n, v\u00f9ng da d\u01b0\u1edbi m\u1eaft tr\u1edf n\u00ean m\u1ec1m h\u01a1n, c\u0103ng h\u01a1n v\u00e0 tr\u00f4ng t\u01b0\u01a1i t\u1ec9nh h\u01a1n.<\/p>\n<hr data-start=\"655\" data-end=\"658\" \/>\n<h2 data-section-id=\"15ni52z\" data-start=\"660\" data-end=\"680\">\u2728 C\u00f4ng d\u1ee5ng ch\u00ednh<\/h2>\n<ul data-start=\"681\" data-end=\"1161\">\n<li data-section-id=\"ktw2tv\" data-start=\"681\" data-end=\"796\"><strong data-start=\"683\" data-end=\"705\">C\u1ea5p \u1ea9m chuy\u00ean s\u00e2u:<\/strong> gi\u00fap l\u00e0m m\u1ec1m v\u00e0 gi\u1ea3m t\u00ecnh tr\u1ea1ng kh\u00f4 c\u0103ng quanh m\u1eaft<\/li>\n<li data-section-id=\"170cwfz\" data-start=\"797\" data-end=\"887\"><strong data-start=\"799\" data-end=\"836\">L\u00e0m d\u1ecbu v\u00e0 gi\u1ea3m m\u1ec7t m\u1ecfi v\u00f9ng m\u1eaft:<\/strong> h\u1ed7 tr\u1ee3 c\u1ea3i thi\u1ec7n t\u00ecnh tr\u1ea1ng m\u1eaft \u201cthi\u1ebfu s\u1ee9c s\u1ed1ng\u201d<\/li>\n<li data-section-id=\"1pl0991\" data-start=\"888\" data-end=\"996\"><strong data-start=\"890\" data-end=\"912\">Gi\u1ea3m b\u1ecdng m\u1eaft nh\u1eb9:<\/strong> gi\u00fap v\u00f9ng da d\u01b0\u1edbi m\u1eaft tr\u00f4ng g\u1ecdn v\u00e0 t\u01b0\u01a1i h\u01a1n<\/li>\n<li data-section-id=\"1azciio\" data-start=\"997\" data-end=\"1075\"><strong data-start=\"999\" data-end=\"1023\">C\u1ea3i thi\u1ec7n b\u1ec1 m\u1eb7t da:<\/strong> l\u00e0m da m\u1ecbn h\u01a1n, gi\u1ea3m c\u1ea3m gi\u00e1c s\u1ea7n s\u00f9i do thi\u1ebfu \u1ea9m<\/li>\n<li data-section-id=\"qz8kjm\" data-start=\"1076\" data-end=\"1161\"><strong data-start=\"1078\" data-end=\"1115\">H\u1ed7 tr\u1ee3 gi\u1ea3m d\u1ea5u hi\u1ec7u l\u00e3o h\u00f3a s\u1edbm:<\/strong> n\u1ebfp nh\u0103n li ti do kh\u00f4 da \u0111\u01b0\u1ee3c c\u1ea3i thi\u1ec7n d\u1ea7n<\/li>\n<\/ul>\n<hr data-start=\"1163\" data-end=\"1166\" \/>\n<h2 data-section-id=\"c9ixqr\" data-start=\"1168\" data-end=\"1192\">\ud83e\uddea Th\u00e0nh ph\u1ea7n n\u1ed5i b\u1eadt<\/h2>\n<ul data-start=\"1193\" data-end=\"1467\">\n<li data-section-id=\"1do5qeb\" data-start=\"1193\" data-end=\"1273\"><strong data-start=\"1195\" data-end=\"1220\">Avocado Oil (d\u1ea7u b\u01a1):<\/strong> gi\u00e0u acid b\u00e9o v\u00e0 vitamin A, D, E gi\u00fap d\u01b0\u1ee1ng \u1ea9m s\u00e2u<\/li>\n<li data-section-id=\"18gnxas\" data-start=\"1274\" data-end=\"1343\"><strong data-start=\"1276\" data-end=\"1294\">Beta-Carotene:<\/strong> ch\u1ea5t ch\u1ed1ng oxy h\u00f3a gi\u00fap b\u1ea3o v\u1ec7 da kh\u1ecfi l\u00e3o h\u00f3a<\/li>\n<li data-section-id=\"1y38u87\" data-start=\"1344\" data-end=\"1410\"><strong data-start=\"1346\" data-end=\"1374\">Shea Butter (b\u01a1 h\u1ea1t m\u1ee1):<\/strong> nu\u00f4i d\u01b0\u1ee1ng v\u00e0 l\u00e0m m\u1ec1m v\u00f9ng da m\u1eaft<\/li>\n<li data-section-id=\"186kz27\" data-start=\"1411\" data-end=\"1467\"><strong data-start=\"1413\" data-end=\"1428\">Sodium PCA:<\/strong> gi\u1eef n\u01b0\u1edbc, t\u0103ng \u0111\u1ed9 \u1ea9m t\u1ef1 nhi\u00ean cho da<\/li>\n<\/ul>\n<hr data-start=\"1469\" data-end=\"1472\" \/>\n<h2 data-section-id=\"3e1ll0\" data-start=\"1474\" data-end=\"1501\">\ud83d\udca7 K\u1ebft c\u1ea5u &amp; tr\u1ea3i nghi\u1ec7m<\/h2>\n<ul data-start=\"1502\" data-end=\"1732\">\n<li data-section-id=\"4m3f1o\" data-start=\"1502\" data-end=\"1542\">D\u1ea1ng kem \u0111\u1eb7c m\u00e0u xanh nh\u1ea1t \u0111\u1eb7c tr\u01b0ng<\/li>\n<li data-section-id=\"1oglri4\" data-start=\"1543\" data-end=\"1609\">Khi thoa c\u00f3 c\u1ea3m gi\u00e1c h\u01a1i d\u00e0y nh\u01b0ng tan d\u1ea7n th\u00e0nh l\u1edbp d\u01b0\u1ee1ng m\u1ecbn<\/li>\n<li data-section-id=\"hxm0op\" data-start=\"1610\" data-end=\"1671\">C\u00f3 th\u1ec3 d\u00f9ng nh\u01b0 <strong data-start=\"1628\" data-end=\"1650\">m\u1eb7t n\u1ea1 m\u1eaft 10 ph\u00fat<\/strong> ho\u1eb7c d\u01b0\u1ee1ng qua \u0111\u00eam<\/li>\n<li data-section-id=\"1riv8kf\" data-start=\"1672\" data-end=\"1732\">Ph\u00f9 h\u1ee3p c\u1ea3 tr\u01b0\u1edbc makeup v\u00ec gi\u00fap l\u00e0m m\u1ecbn v\u00f9ng da d\u01b0\u1edbi m\u1eaft<\/li>\n<\/ul>\n","protected":false},"excerpt":{"rendered":"<p data-start=\"1056\" data-end=\"1158\">Kem m\u1eaft thi\u00ean v\u1ec1 <strong data-start=\"1080\" data-end=\"1144\">d\u01b0\u1ee1ng \u1ea9m + ch\u1ed1ng l\u00e3o h\u00f3a nh\u1eb9 + c\u1ea3i thi\u1ec7n qu\u1ea7ng th\u00e2m\/b\u1ecdng m\u1eaft<\/strong>, ph\u00f9 h\u1ee3p cho:<\/p>\n<ul data-start=\"1159\" data-end=\"1251\">\n<li data-section-id=\"1w3zabf\" data-start=\"1159\" data-end=\"1185\">Ng\u01b0\u1eddi m\u1edbi d\u00f9ng kem m\u1eaft<\/li>\n<li data-section-id=\"1ndr97i\" data-start=\"1186\" data-end=\"1201\">Da nh\u1ea1y c\u1ea3m<\/li>\n<li data-section-id=\"1syiirq\" data-start=\"1202\" data-end=\"1251\">Ng\u01b0\u1eddi c\u00f3 d\u1ea5u hi\u1ec7u kh\u00f4, th\u00e2m nh\u1eb9, n\u1ebfp nh\u0103n s\u1edbm<\/li>\n<\/ul>\n","protected":false},"featured_media":291,"comment_status":"open","ping_status":"closed","template":"","meta":[],"product_brand":[59],"product_cat":[58],"product_tag":[],"class_list":{"0":"post-290","1":"product","2":"type-product","3":"status-publish","4":"has-post-thumbnail","6":"product_brand-kiehl","7":"product_cat-kem-mat","9":"first","10":"instock","11":"sale","12":"shipping-taxable","13":"purchasable","14":"product-type-simple"},"yoast_head":"<!-- This site is optimized with the Yoast SEO plugin v27.4 - https:\/\/yoast.com\/product\/yoast-seo-wordpress\/ -->\n<title>Review Kem M\u1eaft : C\u00f4ng D\u1ee5ng, Th\u00e0nh Ph\u1ea7n &amp; C\u00f3 N\u00ean Mua Kh\u00f4ng?<\/title>\n<meta name=\"description\" content=\"Kem m\u1eaft Kiehl thi\u00ean v\u1ec1 d\u01b0\u1ee1ng \u1ea9m + ch\u1ed1ng l\u00e3o h\u00f3a nh\u1eb9 + c\u1ea3i thi\u1ec7n qu\u1ea7ng th\u00e2m\/b\u1ecdng m\u1eaft, ph\u00f9 h\u1ee3p cho m\u1ecdi l\u1ee9a tu\u1ed5i. Ng\u01b0\u1eddi c\u00f3 d\u1ea5u hi\u1ec7u kh\u00f4, th\u00e2m nh\u1eb9, n\u1ebfp nh\u0103n s\u1edbm\" \/>\n<meta name=\"robots\" content=\"index, follow, max-snippet:-1, max-image-preview:large, max-video-preview:-1\" \/>\n<link rel=\"canonical\" href=\"https:\/\/vuytmy.azdigi.shop\/?product=kiehls-eye-cream\" \/>\n<meta property=\"og:locale\" content=\"vi_VN\" \/>\n<meta property=\"og:type\" content=\"article\" \/>\n<meta property=\"og:title\" content=\"Review Kem M\u1eaft : C\u00f4ng D\u1ee5ng, Th\u00e0nh Ph\u1ea7n &amp; C\u00f3 N\u00ean Mua Kh\u00f4ng?\" \/>\n<meta property=\"og:description\" content=\"Kem m\u1eaft Kiehl thi\u00ean v\u1ec1 d\u01b0\u1ee1ng \u1ea9m + ch\u1ed1ng l\u00e3o h\u00f3a nh\u1eb9 + c\u1ea3i thi\u1ec7n qu\u1ea7ng th\u00e2m\/b\u1ecdng m\u1eaft, ph\u00f9 h\u1ee3p cho m\u1ecdi l\u1ee9a tu\u1ed5i. Ng\u01b0\u1eddi c\u00f3 d\u1ea5u hi\u1ec7u kh\u00f4, th\u00e2m nh\u1eb9, n\u1ebfp nh\u0103n s\u1edbm\" \/>\n<meta property=\"og:url\" content=\"https:\/\/vuytmy.azdigi.shop\/?product=kiehls-eye-cream\" \/>\n<meta property=\"og:site_name\" content=\"Vuyt my\" \/>\n<meta property=\"article:modified_time\" content=\"2026-04-16T16:10:45+00:00\" \/>\n<meta property=\"og:image\" content=\"https:\/\/vuytmy.azdigi.shop\/wp-content\/uploads\/2026\/04\/6f2bea65766f27aecdbb6d3a49eb15ce.jpg\" \/>\n\t<meta property=\"og:image:width\" content=\"736\" \/>\n\t<meta property=\"og:image:height\" content=\"736\" \/>\n\t<meta property=\"og:image:type\" content=\"image\/jpeg\" \/>\n<meta name=\"twitter:card\" content=\"summary_large_image\" \/>\n<meta name=\"twitter:label1\" content=\"\u01af\u1edbc t\u00ednh th\u1eddi gian \u0111\u1ecdc\" \/>\n\t<meta name=\"twitter:data1\" content=\"2 ph\u00fat\" \/>\n<script type=\"application\/ld+json\" class=\"yoast-schema-graph\">{\"@context\":\"https:\\\/\\\/schema.org\",\"@graph\":[{\"@type\":\"WebPage\",\"@id\":\"https:\\\/\\\/vuytmy.azdigi.shop\\\/?product=kiehls-eye-cream\",\"url\":\"https:\\\/\\\/vuytmy.azdigi.shop\\\/?product=kiehls-eye-cream\",\"name\":\"Review Kem M\u1eaft : C\u00f4ng D\u1ee5ng, Th\u00e0nh Ph\u1ea7n & C\u00f3 N\u00ean Mua Kh\u00f4ng?\",\"isPartOf\":{\"@id\":\"https:\\\/\\\/vuytmy.azdigi.shop\\\/#website\"},\"primaryImageOfPage\":{\"@id\":\"https:\\\/\\\/vuytmy.azdigi.shop\\\/?product=kiehls-eye-cream#primaryimage\"},\"image\":{\"@id\":\"https:\\\/\\\/vuytmy.azdigi.shop\\\/?product=kiehls-eye-cream#primaryimage\"},\"thumbnailUrl\":\"https:\\\/\\\/vuytmy.azdigi.shop\\\/wp-content\\\/uploads\\\/2026\\\/04\\\/6f2bea65766f27aecdbb6d3a49eb15ce.jpg\",\"datePublished\":\"2026-04-16T14:10:05+00:00\",\"dateModified\":\"2026-04-16T16:10:45+00:00\",\"description\":\"Kem m\u1eaft Kiehl thi\u00ean v\u1ec1 d\u01b0\u1ee1ng \u1ea9m + ch\u1ed1ng l\u00e3o h\u00f3a nh\u1eb9 + c\u1ea3i thi\u1ec7n qu\u1ea7ng th\u00e2m\\\/b\u1ecdng m\u1eaft, ph\u00f9 h\u1ee3p cho m\u1ecdi l\u1ee9a tu\u1ed5i. Ng\u01b0\u1eddi c\u00f3 d\u1ea5u hi\u1ec7u kh\u00f4, th\u00e2m nh\u1eb9, n\u1ebfp nh\u0103n s\u1edbm\",\"breadcrumb\":{\"@id\":\"https:\\\/\\\/vuytmy.azdigi.shop\\\/?product=kiehls-eye-cream#breadcrumb\"},\"inLanguage\":\"vi\",\"potentialAction\":[{\"@type\":\"ReadAction\",\"target\":[\"https:\\\/\\\/vuytmy.azdigi.shop\\\/?product=kiehls-eye-cream\"]}]},{\"@type\":\"ImageObject\",\"inLanguage\":\"vi\",\"@id\":\"https:\\\/\\\/vuytmy.azdigi.shop\\\/?product=kiehls-eye-cream#primaryimage\",\"url\":\"https:\\\/\\\/vuytmy.azdigi.shop\\\/wp-content\\\/uploads\\\/2026\\\/04\\\/6f2bea65766f27aecdbb6d3a49eb15ce.jpg\",\"contentUrl\":\"https:\\\/\\\/vuytmy.azdigi.shop\\\/wp-content\\\/uploads\\\/2026\\\/04\\\/6f2bea65766f27aecdbb6d3a49eb15ce.jpg\",\"width\":736,\"height\":736},{\"@type\":\"BreadcrumbList\",\"@id\":\"https:\\\/\\\/vuytmy.azdigi.shop\\\/?product=kiehls-eye-cream#breadcrumb\",\"itemListElement\":[{\"@type\":\"ListItem\",\"position\":1,\"name\":\"Trang ch\u1ee7\",\"item\":\"https:\\\/\\\/vuytmy.azdigi.shop\\\/\"},{\"@type\":\"ListItem\",\"position\":2,\"name\":\"C\u1eeda h\u00e0ng\",\"item\":\"https:\\\/\\\/vuytmy.azdigi.shop\\\/?page_id=19\"},{\"@type\":\"ListItem\",\"position\":3,\"name\":\"Kiehl&#8217;s eye cream\"}]},{\"@type\":\"WebSite\",\"@id\":\"https:\\\/\\\/vuytmy.azdigi.shop\\\/#website\",\"url\":\"https:\\\/\\\/vuytmy.azdigi.shop\\\/\",\"name\":\"Vuyt my\",\"description\":\"\",\"potentialAction\":[{\"@type\":\"SearchAction\",\"target\":{\"@type\":\"EntryPoint\",\"urlTemplate\":\"https:\\\/\\\/vuytmy.azdigi.shop\\\/?s={search_term_string}\"},\"query-input\":{\"@type\":\"PropertyValueSpecification\",\"valueRequired\":true,\"valueName\":\"search_term_string\"}}],\"inLanguage\":\"vi\"}]}<\/script>\n<!-- \/ Yoast SEO plugin. -->","yoast_head_json":{"title":"Review Kem M\u1eaft : C\u00f4ng D\u1ee5ng, Th\u00e0nh Ph\u1ea7n & C\u00f3 N\u00ean Mua Kh\u00f4ng?","description":"Kem m\u1eaft Kiehl thi\u00ean v\u1ec1 d\u01b0\u1ee1ng \u1ea9m + ch\u1ed1ng l\u00e3o h\u00f3a nh\u1eb9 + c\u1ea3i thi\u1ec7n qu\u1ea7ng th\u00e2m\/b\u1ecdng m\u1eaft, ph\u00f9 h\u1ee3p cho m\u1ecdi l\u1ee9a tu\u1ed5i. Ng\u01b0\u1eddi c\u00f3 d\u1ea5u hi\u1ec7u kh\u00f4, th\u00e2m nh\u1eb9, n\u1ebfp nh\u0103n s\u1edbm","robots":{"index":"index","follow":"follow","max-snippet":"max-snippet:-1","max-image-preview":"max-image-preview:large","max-video-preview":"max-video-preview:-1"},"canonical":"https:\/\/vuytmy.azdigi.shop\/?product=kiehls-eye-cream","og_locale":"vi_VN","og_type":"article","og_title":"Review Kem M\u1eaft : C\u00f4ng D\u1ee5ng, Th\u00e0nh Ph\u1ea7n & C\u00f3 N\u00ean Mua Kh\u00f4ng?","og_description":"Kem m\u1eaft Kiehl thi\u00ean v\u1ec1 d\u01b0\u1ee1ng \u1ea9m + ch\u1ed1ng l\u00e3o h\u00f3a nh\u1eb9 + c\u1ea3i thi\u1ec7n qu\u1ea7ng th\u00e2m\/b\u1ecdng m\u1eaft, ph\u00f9 h\u1ee3p cho m\u1ecdi l\u1ee9a tu\u1ed5i. Ng\u01b0\u1eddi c\u00f3 d\u1ea5u hi\u1ec7u kh\u00f4, th\u00e2m nh\u1eb9, n\u1ebfp nh\u0103n s\u1edbm","og_url":"https:\/\/vuytmy.azdigi.shop\/?product=kiehls-eye-cream","og_site_name":"Vuyt my","article_modified_time":"2026-04-16T16:10:45+00:00","og_image":[{"width":736,"height":736,"url":"https:\/\/vuytmy.azdigi.shop\/wp-content\/uploads\/2026\/04\/6f2bea65766f27aecdbb6d3a49eb15ce.jpg","type":"image\/jpeg"}],"twitter_card":"summary_large_image","twitter_misc":{"\u01af\u1edbc t\u00ednh th\u1eddi gian \u0111\u1ecdc":"2 ph\u00fat"},"schema":{"@context":"https:\/\/schema.org","@graph":[{"@type":"WebPage","@id":"https:\/\/vuytmy.azdigi.shop\/?product=kiehls-eye-cream","url":"https:\/\/vuytmy.azdigi.shop\/?product=kiehls-eye-cream","name":"Review Kem M\u1eaft : C\u00f4ng D\u1ee5ng, Th\u00e0nh Ph\u1ea7n & C\u00f3 N\u00ean Mua Kh\u00f4ng?","isPartOf":{"@id":"https:\/\/vuytmy.azdigi.shop\/#website"},"primaryImageOfPage":{"@id":"https:\/\/vuytmy.azdigi.shop\/?product=kiehls-eye-cream#primaryimage"},"image":{"@id":"https:\/\/vuytmy.azdigi.shop\/?product=kiehls-eye-cream#primaryimage"},"thumbnailUrl":"https:\/\/vuytmy.azdigi.shop\/wp-content\/uploads\/2026\/04\/6f2bea65766f27aecdbb6d3a49eb15ce.jpg","datePublished":"2026-04-16T14:10:05+00:00","dateModified":"2026-04-16T16:10:45+00:00","description":"Kem m\u1eaft Kiehl thi\u00ean v\u1ec1 d\u01b0\u1ee1ng \u1ea9m + ch\u1ed1ng l\u00e3o h\u00f3a nh\u1eb9 + c\u1ea3i thi\u1ec7n qu\u1ea7ng th\u00e2m\/b\u1ecdng m\u1eaft, ph\u00f9 h\u1ee3p cho m\u1ecdi l\u1ee9a tu\u1ed5i. Ng\u01b0\u1eddi c\u00f3 d\u1ea5u hi\u1ec7u kh\u00f4, th\u00e2m nh\u1eb9, n\u1ebfp nh\u0103n s\u1edbm","breadcrumb":{"@id":"https:\/\/vuytmy.azdigi.shop\/?product=kiehls-eye-cream#breadcrumb"},"inLanguage":"vi","potentialAction":[{"@type":"ReadAction","target":["https:\/\/vuytmy.azdigi.shop\/?product=kiehls-eye-cream"]}]},{"@type":"ImageObject","inLanguage":"vi","@id":"https:\/\/vuytmy.azdigi.shop\/?product=kiehls-eye-cream#primaryimage","url":"https:\/\/vuytmy.azdigi.shop\/wp-content\/uploads\/2026\/04\/6f2bea65766f27aecdbb6d3a49eb15ce.jpg","contentUrl":"https:\/\/vuytmy.azdigi.shop\/wp-content\/uploads\/2026\/04\/6f2bea65766f27aecdbb6d3a49eb15ce.jpg","width":736,"height":736},{"@type":"BreadcrumbList","@id":"https:\/\/vuytmy.azdigi.shop\/?product=kiehls-eye-cream#breadcrumb","itemListElement":[{"@type":"ListItem","position":1,"name":"Trang ch\u1ee7","item":"https:\/\/vuytmy.azdigi.shop\/"},{"@type":"ListItem","position":2,"name":"C\u1eeda h\u00e0ng","item":"https:\/\/vuytmy.azdigi.shop\/?page_id=19"},{"@type":"ListItem","position":3,"name":"Kiehl&#8217;s eye cream"}]},{"@type":"WebSite","@id":"https:\/\/vuytmy.azdigi.shop\/#website","url":"https:\/\/vuytmy.azdigi.shop\/","name":"Vuyt my","description":"","potentialAction":[{"@type":"SearchAction","target":{"@type":"EntryPoint","urlTemplate":"https:\/\/vuytmy.azdigi.shop\/?s={search_term_string}"},"query-input":{"@type":"PropertyValueSpecification","valueRequired":true,"valueName":"search_term_string"}}],"inLanguage":"vi"}]}},"_links":{"self":[{"href":"https:\/\/vuytmy.azdigi.shop\/index.php?rest_route=\/wp\/v2\/product\/290","targetHints":{"allow":["GET"]}}],"collection":[{"href":"https:\/\/vuytmy.azdigi.shop\/index.php?rest_route=\/wp\/v2\/product"}],"about":[{"href":"https:\/\/vuytmy.azdigi.shop\/index.php?rest_route=\/wp\/v2\/types\/product"}],"replies":[{"embeddable":true,"href":"https:\/\/vuytmy.azdigi.shop\/index.php?rest_route=%2Fwp%2Fv2%2Fcomments&post=290"}],"wp:featuredmedia":[{"embeddable":true,"href":"https:\/\/vuytmy.azdigi.shop\/index.php?rest_route=\/wp\/v2\/media\/291"}],"wp:attachment":[{"href":"https:\/\/vuytmy.azdigi.shop\/index.php?rest_route=%2Fwp%2Fv2%2Fmedia&parent=290"}],"wp:term":[{"taxonomy":"product_brand","embeddable":true,"href":"https:\/\/vuytmy.azdigi.shop\/index.php?rest_route=%2Fwp%2Fv2%2Fproduct_brand&post=290"},{"taxonomy":"product_cat","embeddable":true,"href":"https:\/\/vuytmy.azdigi.shop\/index.php?rest_route=%2Fwp%2Fv2%2Fproduct_cat&post=290"},{"taxonomy":"product_tag","embeddable":true,"href":"https:\/\/vuytmy.azdigi.shop\/index.php?rest_route=%2Fwp%2Fv2%2Fproduct_tag&post=290"}],"curies":[{"name":"wp","href":"https:\/\/api.w.org\/{rel}","templated":true}]}}