{"id":203,"date":"2026-04-16T09:45:15","date_gmt":"2026-04-16T09:45:15","guid":{"rendered":"https:\/\/vuytmy.azdigi.shop\/?post_type=product&#038;p=203"},"modified":"2026-04-17T13:57:01","modified_gmt":"2026-04-17T13:57:01","slug":"https-vuytmy-azdigi-shop-4","status":"publish","type":"product","link":"https:\/\/vuytmy.azdigi.shop\/?product=https-vuytmy-azdigi-shop-4","title":{"rendered":"N\u01b0\u1edbc hoa h\u1ed3ng Dear, Klairs Supple Preparation Toner d\u01b0\u1ee1ng s\u00e1ng c\u1ea5p \u1ea9m l\u00e0nh t\u00ednh [FS]"},"content":{"rendered":"<h1 class=\"QN2lPu\">N\u01b0\u1edbc hoa h\u1ed3ng kh\u00f4ng m\u00f9i Dear, Klairs Supple Preparation Unscented Toner\u00a0d\u01b0\u1ee1ng \u1ea9m v\u00e0 m\u1ec1m da\u00a0chi\u1ebft xu\u1ea5t t\u1eeb th\u1ef1c v\u1eadt, gi\u00fap c\u00e2n b\u1eb1ng \u0111\u1ed9 pH, t\u0103ng c\u01b0\u1eddng hi\u1ec7u qu\u1ea3 ch\u0103m s\u00f3c da. Toner c\u00f3 d\u1ea1ng trong su\u1ed1t, kh\u00f4ng m\u00e0u, l\u1ecfng, nh\u1eb9, h\u01a1i nh\u1edbt, th\u1ea5m r\u1ea5t nhanh tr\u00ean da. Gi\u00fap lo\u1ea1i b\u1ecf b\u1ee5i b\u1ea9n v\u00e0 b\u00e3 nh\u1eddn d\u01b0 th\u1eeba tr\u00ean da sau khi r\u1eeda m\u1eb7t \u0111\u1ed3ng th\u1eddi c\u00e2n b\u1eb1ng \u0111\u1ed9 pH \u0111\u1ec3 c\u00e1c b\u01b0\u1edbc skincare ti\u1ebfp theo \u0111\u1ea1t hi\u1ec7u qu\u1ea3 h\u01a1n.<\/h1>\n<div class=\"QN2lPu\">\n<div><picture class=\"UkIsx8\"><source class=\"UkIsx8\" srcset=\"https:\/\/down-vn.img.susercontent.com\/file\/vn-11134208-7ra0g-m9sg4o37h5z6c3@resize_w875_nl.webp 1x, https:\/\/down-vn.img.susercontent.com\/file\/vn-11134208-7ra0g-m9sg4o37h5z6c3@resize_w1750_nl.webp 2x\" type=\"image\/webp\" \/><img loading=\"lazy\" decoding=\"async\" class=\"uXN1L5 lazyload GqYslU\" src=\"https:\/\/down-vn.img.susercontent.com\/file\/vn-11134208-7ra0g-m9sg4o37h5z6c3\" srcset=\"https:\/\/down-vn.img.susercontent.com\/file\/vn-11134208-7ra0g-m9sg4o37h5z6c3@resize_w875_nl 1x, https:\/\/down-vn.img.susercontent.com\/file\/vn-11134208-7ra0g-m9sg4o37h5z6c3@resize_w1750_nl 2x\" width=\"875\" height=\"1096\" \/><\/picture><\/div>\n<\/div>\n<div class=\"QN2lPu\">\n<div><picture class=\"UkIsx8\"><source class=\"UkIsx8\" srcset=\"https:\/\/down-vn.img.susercontent.com\/file\/vn-11134208-7ra0g-m9sg4o37o6te2f@resize_w875_nl.webp 1x, https:\/\/down-vn.img.susercontent.com\/file\/vn-11134208-7ra0g-m9sg4o37o6te2f@resize_w1750_nl.webp 2x\" type=\"image\/webp\" \/><img loading=\"lazy\" decoding=\"async\" class=\"uXN1L5 lazyload GqYslU\" src=\"https:\/\/down-vn.img.susercontent.com\/file\/vn-11134208-7ra0g-m9sg4o37o6te2f\" srcset=\"https:\/\/down-vn.img.susercontent.com\/file\/vn-11134208-7ra0g-m9sg4o37o6te2f@resize_w875_nl 1x, https:\/\/down-vn.img.susercontent.com\/file\/vn-11134208-7ra0g-m9sg4o37o6te2f@resize_w1750_nl 2x\" width=\"875\" height=\"1376\" \/><\/picture><\/div>\n<\/div>\n<div class=\"QN2lPu\">\n<div><picture class=\"UkIsx8\"><source class=\"UkIsx8\" srcset=\"https:\/\/down-vn.img.susercontent.com\/file\/vn-11134208-7ra0g-m9sg4o37jz42dc@resize_w875_nl.webp 1x, https:\/\/down-vn.img.susercontent.com\/file\/vn-11134208-7ra0g-m9sg4o37jz42dc@resize_w1750_nl.webp 2x\" type=\"image\/webp\" \/><img loading=\"lazy\" decoding=\"async\" class=\"uXN1L5 lazyload GqYslU\" src=\"https:\/\/down-vn.img.susercontent.com\/file\/vn-11134208-7ra0g-m9sg4o37jz42dc\" srcset=\"https:\/\/down-vn.img.susercontent.com\/file\/vn-11134208-7ra0g-m9sg4o37jz42dc@resize_w875_nl 1x, https:\/\/down-vn.img.susercontent.com\/file\/vn-11134208-7ra0g-m9sg4o37jz42dc@resize_w1750_nl 2x\" width=\"875\" height=\"1376\" \/><\/picture><\/div>\n<\/div>\n<div class=\"QN2lPu\">\n<div><picture class=\"UkIsx8\"><source class=\"UkIsx8\" srcset=\"https:\/\/down-vn.img.susercontent.com\/file\/vn-11134208-7ra0g-m9zaclhl6ide8c@resize_w875_nl.webp 1x, https:\/\/down-vn.img.susercontent.com\/file\/vn-11134208-7ra0g-m9zaclhl6ide8c@resize_w1750_nl.webp 2x\" type=\"image\/webp\" \/><img loading=\"lazy\" decoding=\"async\" class=\"uXN1L5 lazyload GqYslU\" src=\"https:\/\/down-vn.img.susercontent.com\/file\/vn-11134208-7ra0g-m9zaclhl6ide8c\" srcset=\"https:\/\/down-vn.img.susercontent.com\/file\/vn-11134208-7ra0g-m9zaclhl6ide8c@resize_w875_nl 1x, https:\/\/down-vn.img.susercontent.com\/file\/vn-11134208-7ra0g-m9zaclhl6ide8c@resize_w1750_nl 2x\" width=\"875\" height=\"1113\" \/><\/picture><\/div>\n<\/div>\n<div class=\"QN2lPu\">\n<div><picture class=\"UkIsx8\"><source class=\"UkIsx8\" srcset=\"https:\/\/down-vn.img.susercontent.com\/file\/vn-11134208-7ra0g-m9sg4o37ms8y51@resize_w875_nl.webp 1x, https:\/\/down-vn.img.susercontent.com\/file\/vn-11134208-7ra0g-m9sg4o37ms8y51@resize_w1750_nl.webp 2x\" type=\"image\/webp\" \/><img loading=\"lazy\" decoding=\"async\" class=\"uXN1L5 lazyload GqYslU\" src=\"https:\/\/down-vn.img.susercontent.com\/file\/vn-11134208-7ra0g-m9sg4o37ms8y51\" srcset=\"https:\/\/down-vn.img.susercontent.com\/file\/vn-11134208-7ra0g-m9sg4o37ms8y51@resize_w875_nl 1x, https:\/\/down-vn.img.susercontent.com\/file\/vn-11134208-7ra0g-m9sg4o37ms8y51@resize_w1750_nl 2x\" width=\"875\" height=\"1374\" \/><\/picture><\/div>\n<\/div>\n<p class=\"QN2lPu\">Lo\u1ea1i da ph\u00f9 h\u1ee3p :<\/p>\n<p class=\"QN2lPu\">&#8211; M\u1ecdi lo\u1ea1i da \u0111\u1eb7c bi\u1ec7t l\u00e0 da si\u00eau nh\u1ea1y c\u1ea3m.<\/p>\n<p class=\"QN2lPu\">&#8211; Da d\u1ec5\u00a0b\u1ecb k\u00edch \u1ee9ng m\u1eabn \u0111\u1ecf.<\/p>\n<p class=\"QN2lPu\">C\u00f4ng d\u1ee5ng :<\/p>\n<p class=\"QN2lPu\">&#8211; C\u1ea5p \u1ea9m\u00a0t\u1ee9c th\u00ec cho da, l\u00e0m d\u1ecbu l\u00e0n da kh\u00f4 c\u0103ng, k\u00edch \u1ee9ng<\/p>\n<p class=\"QN2lPu\">&#8211; C\u00e2n b\u1eb1ng \u0111\u1ed9 pH tr\u00ean da:\u00a0t\u0103ng hi\u1ec7u qu\u1ea3 c\u1ee7a qu\u00e1 tr\u00ecnh ch\u0103m s\u00f3c da h\u00e0ng ng\u00e0y.<\/p>\n<p class=\"QN2lPu\">&#8211; Sodium Hyaluronate:\u00a0C\u1ea5p n\u01b0\u1edbc v\u01b0\u1ee3t tr\u1ed9i, gi\u00fap da \u0111\u01b0\u1ee3c \u1ea9m m\u01b0\u1ee3t v\u00e0 m\u1ec1m m\u1ea1i.<\/p>\n<p class=\"QN2lPu\">&#8211; Phyto-Oligo:\u00a0d\u01b0\u1ee1ng \u1ea9m, gi\u00fap da kh\u00f4ng b\u1ecb kh\u00f4.<\/p>\n<p class=\"QN2lPu\">&#8211; Axit Amin l\u00faa m\u00ec:\u00a0c\u00f3 c\u00f4ng d\u1ee5ng ch\u1ed1ng vi\u00eam, gi\u00fap gi\u1ea3m vi\u00eam v\u00e0 cung c\u1ea5p \u0111\u1ed9 \u1ea9m s\u00e2u.<\/p>\n<p class=\"QN2lPu\">&#8211; K\u1ebft c\u1ea5u s\u1ea3n ph\u1ea9m l\u00e0 d\u1ea1ng l\u1ecfng\u00a0khi thoa l\u00ean da b\u1ea1n s\u1ebd c\u1ea3m th\u1ea5y da \u0111\u01b0\u1ee3c cung c\u1ea5p m\u1ed9t l\u01b0\u1ee3ng n\u01b0\u1edbc v\u00e0 \u0111\u1ed9 \u1ea9m r\u1ea5t l\u1edbn.<\/p>\n<p class=\"QN2lPu\">H\u01b0\u1edbng d\u1eabn s\u1eed d\u1ee5ng :<\/p>\n<p class=\"QN2lPu\">&#8211; Sau b\u01b0\u1edbc l\u00e0m s\u1ea1ch da, cho m\u1ed9t l\u01b0\u1ee3ng toner v\u1eeba \u0111\u1ee7 ra tay ho\u1eb7c b\u00f4ng t\u1ea9y trang v\u00e0 thoa \u0111\u1ec1u l\u00ean da m\u1eb7t theo chi\u1ec1u v\u00f2ng tr\u00f2n.<\/p>\n<p class=\"QN2lPu\">&#8211; V\u1ed7 ho\u1eb7c massage\u00a0\u00a0nh\u1eb9 nh\u00e0ng \u0111\u1ec3 toner th\u1ea9m th\u1ea5u h\u1ebft v\u00e0o da.<\/p>\n<p class=\"QN2lPu\">&#8211; Ti\u1ebfp t\u1ee5c v\u1edbi c\u00e1c b\u01b0\u1edbc ch\u0103m s\u00f3c ti\u1ebfp theo nh\u01b0 serum, kem d\u01b0\u1ee1ng.<\/p>\n<p class=\"QN2lPu\">&#8211; S\u1eed d\u1ee5ng m\u1ed7i ng\u00e0y 2 l\u1ea7n v\u00e0o bu\u1ed5i s\u00e1ng v\u00e0 t\u1ed1i.<\/p>\n<p class=\"QN2lPu\">B\u1ea3o qu\u1ea3n :<\/p>\n<p class=\"QN2lPu\">&#8211; Tr\u00e1nh \u00e1nh n\u1eafng tr\u1ef1c ti\u1ebfp.<\/p>\n<p class=\"QN2lPu\">&#8211; \u0110\u1ec3 n\u01a1i kh\u00f4 r\u00e1o, tho\u00e1ng m\u00e1t.<\/p>\n<p class=\"QN2lPu\">&#8211; \u0110\u1eady n\u1eafp k\u00edn sau khi s\u1eed d\u1ee5ng.<\/p>\n<p class=\"QN2lPu\">L\u01b0u \u00fd :<\/p>\n<p class=\"QN2lPu\">&#8211; T\u00e1c d\u1ee5ng c\u00f3 th\u1ec3 kh\u00e1c nhau tu\u1ef3 c\u01a1 \u0111\u1ecba c\u1ee7a ng\u01b0\u1eddi d\u00f9ng.<\/p>\n<p class=\"QN2lPu\">Th\u00f4ng s\u1ed1 s\u1ea3n ph\u1ea9m :<\/p>\n<p class=\"QN2lPu\">&#8211; Th\u01b0\u01a1ng hi\u1ec7u:\u00a0Dear, Klairs<\/p>\n<p class=\"QN2lPu\">&#8211; Xu\u1ea5t x\u1ee9:\u00a0H\u00e0n Qu\u1ed1c<\/p>\n<p class=\"QN2lPu\">&#8211; N\u01a1i s\u1ea3n xu\u1ea5t:\u00a0H\u00e0n Qu\u1ed1c<\/p>\n<p class=\"QN2lPu\">&#8211; Fullsize:\u00a0180ml<\/p>\n<p class=\"QN2lPu\">&#8211; H\u1ea1n s\u1eed d\u1ee5ng:\u00a03 n\u0103m k\u1ec3 t\u1eeb ng\u00e0y s\u1ea3n xu\u1ea5t.<\/p>\n<p class=\"QN2lPu\">&#8211; Ng\u00e0y s\u1ea3n xu\u1ea5t:\u00a0Xem tr\u00ean bao b\u00ec s\u1ea3n ph\u1ea9m.<\/p>\n<p class=\"QN2lPu\">Th\u00e0nh ph\u1ea7n: Water, Butylene Glycol, Dimethyl Sulfone, Betaine, Caprylic\/Capric Triglyceride, Disodium EDTA, Glycyrrhiza Glabra (Licorice) Root Extract, Centella Asiatica Extract, Chlorphenesin, Tocopheryl Acetate, Glycerin, Arginine, Carbomer, Panthenol, Luffa Cylindrica Fruit\/Leaf\/Stem Extract, 1,2-Hexanediol, Hydroxyethylcellulose, Aloe Barbadensis Leaf Extract, Althaea Rosea Flower Extract, Portulaca Oleracea Extract, Polyquaternium-51, Beta-Glucan, Lysine HCl, Sodium Ascorbyl Phosphate, Sodium Hyaluronate, Acetyl Methionine, Theanine, Proline, Natto Gum, Disodium Phosphate, Polysorbate 60, Sodium Phosphate, Copper Tripeptide-1.<\/p>\n","protected":false},"excerpt":{"rendered":"<p>N\u01b0\u1edbc hoa h\u1ed3ng kh\u00f4ng m\u00f9i Dear, Klairs Supple Preparation Unscented Toner\u00a0d\u01b0\u1ee1ng \u1ea9m v\u00e0 m\u1ec1m da\u00a0chi\u1ebft xu\u1ea5t t\u1eeb th\u1ef1c v\u1eadt, gi\u00fap c\u00e2n b\u1eb1ng \u0111\u1ed9 pH, t\u0103ng c\u01b0\u1eddng hi\u1ec7u qu\u1ea3 ch\u0103m s\u00f3c da. Toner c\u00f3 d\u1ea1ng trong su\u1ed1t, kh\u00f4ng m\u00e0u, l\u1ecfng, nh\u1eb9, h\u01a1i nh\u1edbt, th\u1ea5m r\u1ea5t nhanh tr\u00ean da. Gi\u00fap lo\u1ea1i b\u1ecf b\u1ee5i b\u1ea9n v\u00e0 b\u00e3 nh\u1eddn [&#8230;]\n","protected":false},"featured_media":212,"comment_status":"open","ping_status":"closed","template":"","meta":[],"product_brand":[43],"product_cat":[25,38,24,26],"product_tag":[20,40],"class_list":{"0":"post-203","1":"product","2":"type-product","3":"status-publish","4":"has-post-thumbnail","6":"product_brand-klairs","7":"product_cat-cham-soc-da-mat","8":"product_cat-nuoc-can-bang-da","9":"product_cat-sac-dep","10":"product_cat-vuytmy","11":"product_tag-duong-da","12":"product_tag-tonner","14":"first","15":"instock","16":"sale","17":"shipping-taxable","18":"purchasable","19":"product-type-variable"},"yoast_head":"<!-- This site is optimized with the Yoast SEO plugin v27.4 - https:\/\/yoast.com\/product\/yoast-seo-wordpress\/ -->\n<title>Vuyt my<\/title>\n<meta name=\"description\" content=\"https:\/\/vuytmy.azdigi.shop\/N\u01b0\u1edbc hoa h N\u01b0\u1edbc hoa h\u1ed3ng Dear, Klairs Supple Preparation Toner d\u01b0\u1ee1ng s\u00e1ng c\u1ea5p \u1ea9m l\u00e0nh t\u00ednh [FS]\" \/>\n<meta name=\"robots\" content=\"index, follow, max-snippet:-1, max-image-preview:large, max-video-preview:-1\" \/>\n<link rel=\"canonical\" href=\"https:\/\/vuytmy.azdigi.shop\/?product=https-vuytmy-azdigi-shop-4\" \/>\n<meta property=\"og:locale\" content=\"vi_VN\" \/>\n<meta property=\"og:type\" content=\"article\" \/>\n<meta property=\"og:title\" content=\"Vuyt my\" \/>\n<meta property=\"og:description\" content=\"https:\/\/vuytmy.azdigi.shop\/N\u01b0\u1edbc hoa h N\u01b0\u1edbc hoa h\u1ed3ng Dear, Klairs Supple Preparation Toner d\u01b0\u1ee1ng s\u00e1ng c\u1ea5p \u1ea9m l\u00e0nh t\u00ednh [FS]\" \/>\n<meta property=\"og:url\" content=\"https:\/\/vuytmy.azdigi.shop\/?product=https-vuytmy-azdigi-shop-4\" \/>\n<meta property=\"og:site_name\" content=\"Vuyt my\" \/>\n<meta property=\"article:modified_time\" content=\"2026-04-17T13:57:01+00:00\" \/>\n<meta property=\"og:image\" content=\"https:\/\/vuytmy.azdigi.shop\/wp-content\/uploads\/2026\/04\/Screenshot_16-4-2026_16330_shopee.vn_.jpeg\" \/>\n\t<meta property=\"og:image:width\" content=\"848\" \/>\n\t<meta property=\"og:image:height\" content=\"830\" \/>\n\t<meta property=\"og:image:type\" content=\"image\/jpeg\" \/>\n<meta name=\"twitter:card\" content=\"summary_large_image\" \/>\n<meta name=\"twitter:label1\" content=\"\u01af\u1edbc t\u00ednh th\u1eddi gian \u0111\u1ecdc\" \/>\n\t<meta name=\"twitter:data1\" content=\"4 ph\u00fat\" \/>\n<script type=\"application\/ld+json\" class=\"yoast-schema-graph\">{\"@context\":\"https:\\\/\\\/schema.org\",\"@graph\":[{\"@type\":\"WebPage\",\"@id\":\"https:\\\/\\\/vuytmy.azdigi.shop\\\/?product=https-vuytmy-azdigi-shop-4\",\"url\":\"https:\\\/\\\/vuytmy.azdigi.shop\\\/?product=https-vuytmy-azdigi-shop-4\",\"name\":\"Vuyt my\",\"isPartOf\":{\"@id\":\"https:\\\/\\\/vuytmy.azdigi.shop\\\/#website\"},\"primaryImageOfPage\":{\"@id\":\"https:\\\/\\\/vuytmy.azdigi.shop\\\/?product=https-vuytmy-azdigi-shop-4#primaryimage\"},\"image\":{\"@id\":\"https:\\\/\\\/vuytmy.azdigi.shop\\\/?product=https-vuytmy-azdigi-shop-4#primaryimage\"},\"thumbnailUrl\":\"https:\\\/\\\/vuytmy.azdigi.shop\\\/wp-content\\\/uploads\\\/2026\\\/04\\\/Screenshot_16-4-2026_16330_shopee.vn_.jpeg\",\"datePublished\":\"2026-04-16T09:45:15+00:00\",\"dateModified\":\"2026-04-17T13:57:01+00:00\",\"description\":\"https:\\\/\\\/vuytmy.azdigi.shop\\\/N\u01b0\u1edbc hoa h N\u01b0\u1edbc hoa h\u1ed3ng Dear, Klairs Supple Preparation Toner d\u01b0\u1ee1ng s\u00e1ng c\u1ea5p \u1ea9m l\u00e0nh t\u00ednh [FS]\",\"breadcrumb\":{\"@id\":\"https:\\\/\\\/vuytmy.azdigi.shop\\\/?product=https-vuytmy-azdigi-shop-4#breadcrumb\"},\"inLanguage\":\"vi\",\"potentialAction\":[{\"@type\":\"ReadAction\",\"target\":[\"https:\\\/\\\/vuytmy.azdigi.shop\\\/?product=https-vuytmy-azdigi-shop-4\"]}]},{\"@type\":\"ImageObject\",\"inLanguage\":\"vi\",\"@id\":\"https:\\\/\\\/vuytmy.azdigi.shop\\\/?product=https-vuytmy-azdigi-shop-4#primaryimage\",\"url\":\"https:\\\/\\\/vuytmy.azdigi.shop\\\/wp-content\\\/uploads\\\/2026\\\/04\\\/Screenshot_16-4-2026_16330_shopee.vn_.jpeg\",\"contentUrl\":\"https:\\\/\\\/vuytmy.azdigi.shop\\\/wp-content\\\/uploads\\\/2026\\\/04\\\/Screenshot_16-4-2026_16330_shopee.vn_.jpeg\",\"width\":848,\"height\":830},{\"@type\":\"BreadcrumbList\",\"@id\":\"https:\\\/\\\/vuytmy.azdigi.shop\\\/?product=https-vuytmy-azdigi-shop-4#breadcrumb\",\"itemListElement\":[{\"@type\":\"ListItem\",\"position\":1,\"name\":\"Trang ch\u1ee7\",\"item\":\"https:\\\/\\\/vuytmy.azdigi.shop\\\/\"},{\"@type\":\"ListItem\",\"position\":2,\"name\":\"C\u1eeda h\u00e0ng\",\"item\":\"https:\\\/\\\/vuytmy.azdigi.shop\\\/?page_id=19\"},{\"@type\":\"ListItem\",\"position\":3,\"name\":\"N\u01b0\u1edbc hoa h\u1ed3ng Dear, Klairs Supple Preparation Toner d\u01b0\u1ee1ng s\u00e1ng c\u1ea5p \u1ea9m l\u00e0nh t\u00ednh [FS]\"}]},{\"@type\":\"WebSite\",\"@id\":\"https:\\\/\\\/vuytmy.azdigi.shop\\\/#website\",\"url\":\"https:\\\/\\\/vuytmy.azdigi.shop\\\/\",\"name\":\"Vuyt my\",\"description\":\"\",\"potentialAction\":[{\"@type\":\"SearchAction\",\"target\":{\"@type\":\"EntryPoint\",\"urlTemplate\":\"https:\\\/\\\/vuytmy.azdigi.shop\\\/?s={search_term_string}\"},\"query-input\":{\"@type\":\"PropertyValueSpecification\",\"valueRequired\":true,\"valueName\":\"search_term_string\"}}],\"inLanguage\":\"vi\"}]}<\/script>\n<!-- \/ Yoast SEO plugin. -->","yoast_head_json":{"title":"Vuyt my","description":"https:\/\/vuytmy.azdigi.shop\/N\u01b0\u1edbc hoa h N\u01b0\u1edbc hoa h\u1ed3ng Dear, Klairs Supple Preparation Toner d\u01b0\u1ee1ng s\u00e1ng c\u1ea5p \u1ea9m l\u00e0nh t\u00ednh [FS]","robots":{"index":"index","follow":"follow","max-snippet":"max-snippet:-1","max-image-preview":"max-image-preview:large","max-video-preview":"max-video-preview:-1"},"canonical":"https:\/\/vuytmy.azdigi.shop\/?product=https-vuytmy-azdigi-shop-4","og_locale":"vi_VN","og_type":"article","og_title":"Vuyt my","og_description":"https:\/\/vuytmy.azdigi.shop\/N\u01b0\u1edbc hoa h N\u01b0\u1edbc hoa h\u1ed3ng Dear, Klairs Supple Preparation Toner d\u01b0\u1ee1ng s\u00e1ng c\u1ea5p \u1ea9m l\u00e0nh t\u00ednh [FS]","og_url":"https:\/\/vuytmy.azdigi.shop\/?product=https-vuytmy-azdigi-shop-4","og_site_name":"Vuyt my","article_modified_time":"2026-04-17T13:57:01+00:00","og_image":[{"width":848,"height":830,"url":"https:\/\/vuytmy.azdigi.shop\/wp-content\/uploads\/2026\/04\/Screenshot_16-4-2026_16330_shopee.vn_.jpeg","type":"image\/jpeg"}],"twitter_card":"summary_large_image","twitter_misc":{"\u01af\u1edbc t\u00ednh th\u1eddi gian \u0111\u1ecdc":"4 ph\u00fat"},"schema":{"@context":"https:\/\/schema.org","@graph":[{"@type":"WebPage","@id":"https:\/\/vuytmy.azdigi.shop\/?product=https-vuytmy-azdigi-shop-4","url":"https:\/\/vuytmy.azdigi.shop\/?product=https-vuytmy-azdigi-shop-4","name":"Vuyt my","isPartOf":{"@id":"https:\/\/vuytmy.azdigi.shop\/#website"},"primaryImageOfPage":{"@id":"https:\/\/vuytmy.azdigi.shop\/?product=https-vuytmy-azdigi-shop-4#primaryimage"},"image":{"@id":"https:\/\/vuytmy.azdigi.shop\/?product=https-vuytmy-azdigi-shop-4#primaryimage"},"thumbnailUrl":"https:\/\/vuytmy.azdigi.shop\/wp-content\/uploads\/2026\/04\/Screenshot_16-4-2026_16330_shopee.vn_.jpeg","datePublished":"2026-04-16T09:45:15+00:00","dateModified":"2026-04-17T13:57:01+00:00","description":"https:\/\/vuytmy.azdigi.shop\/N\u01b0\u1edbc hoa h N\u01b0\u1edbc hoa h\u1ed3ng Dear, Klairs Supple Preparation Toner d\u01b0\u1ee1ng s\u00e1ng c\u1ea5p \u1ea9m l\u00e0nh t\u00ednh [FS]","breadcrumb":{"@id":"https:\/\/vuytmy.azdigi.shop\/?product=https-vuytmy-azdigi-shop-4#breadcrumb"},"inLanguage":"vi","potentialAction":[{"@type":"ReadAction","target":["https:\/\/vuytmy.azdigi.shop\/?product=https-vuytmy-azdigi-shop-4"]}]},{"@type":"ImageObject","inLanguage":"vi","@id":"https:\/\/vuytmy.azdigi.shop\/?product=https-vuytmy-azdigi-shop-4#primaryimage","url":"https:\/\/vuytmy.azdigi.shop\/wp-content\/uploads\/2026\/04\/Screenshot_16-4-2026_16330_shopee.vn_.jpeg","contentUrl":"https:\/\/vuytmy.azdigi.shop\/wp-content\/uploads\/2026\/04\/Screenshot_16-4-2026_16330_shopee.vn_.jpeg","width":848,"height":830},{"@type":"BreadcrumbList","@id":"https:\/\/vuytmy.azdigi.shop\/?product=https-vuytmy-azdigi-shop-4#breadcrumb","itemListElement":[{"@type":"ListItem","position":1,"name":"Trang ch\u1ee7","item":"https:\/\/vuytmy.azdigi.shop\/"},{"@type":"ListItem","position":2,"name":"C\u1eeda h\u00e0ng","item":"https:\/\/vuytmy.azdigi.shop\/?page_id=19"},{"@type":"ListItem","position":3,"name":"N\u01b0\u1edbc hoa h\u1ed3ng Dear, Klairs Supple Preparation Toner d\u01b0\u1ee1ng s\u00e1ng c\u1ea5p \u1ea9m l\u00e0nh t\u00ednh [FS]"}]},{"@type":"WebSite","@id":"https:\/\/vuytmy.azdigi.shop\/#website","url":"https:\/\/vuytmy.azdigi.shop\/","name":"Vuyt my","description":"","potentialAction":[{"@type":"SearchAction","target":{"@type":"EntryPoint","urlTemplate":"https:\/\/vuytmy.azdigi.shop\/?s={search_term_string}"},"query-input":{"@type":"PropertyValueSpecification","valueRequired":true,"valueName":"search_term_string"}}],"inLanguage":"vi"}]}},"_links":{"self":[{"href":"https:\/\/vuytmy.azdigi.shop\/index.php?rest_route=\/wp\/v2\/product\/203","targetHints":{"allow":["GET"]}}],"collection":[{"href":"https:\/\/vuytmy.azdigi.shop\/index.php?rest_route=\/wp\/v2\/product"}],"about":[{"href":"https:\/\/vuytmy.azdigi.shop\/index.php?rest_route=\/wp\/v2\/types\/product"}],"replies":[{"embeddable":true,"href":"https:\/\/vuytmy.azdigi.shop\/index.php?rest_route=%2Fwp%2Fv2%2Fcomments&post=203"}],"wp:featuredmedia":[{"embeddable":true,"href":"https:\/\/vuytmy.azdigi.shop\/index.php?rest_route=\/wp\/v2\/media\/212"}],"wp:attachment":[{"href":"https:\/\/vuytmy.azdigi.shop\/index.php?rest_route=%2Fwp%2Fv2%2Fmedia&parent=203"}],"wp:term":[{"taxonomy":"product_brand","embeddable":true,"href":"https:\/\/vuytmy.azdigi.shop\/index.php?rest_route=%2Fwp%2Fv2%2Fproduct_brand&post=203"},{"taxonomy":"product_cat","embeddable":true,"href":"https:\/\/vuytmy.azdigi.shop\/index.php?rest_route=%2Fwp%2Fv2%2Fproduct_cat&post=203"},{"taxonomy":"product_tag","embeddable":true,"href":"https:\/\/vuytmy.azdigi.shop\/index.php?rest_route=%2Fwp%2Fv2%2Fproduct_tag&post=203"}],"curies":[{"name":"wp","href":"https:\/\/api.w.org\/{rel}","templated":true}]}}