{"id":194,"date":"2026-04-16T09:29:52","date_gmt":"2026-04-16T09:29:52","guid":{"rendered":"https:\/\/vuytmy.azdigi.shop\/?post_type=product&#038;p=194"},"modified":"2026-04-17T13:36:02","modified_gmt":"2026-04-17T13:36:02","slug":"https-vuytmy-azdigi-shop","status":"publish","type":"product","link":"https:\/\/vuytmy.azdigi.shop\/?product=https-vuytmy-azdigi-shop","title":{"rendered":"Toner n\u01b0\u1edbc c\u00e2n b\u1eb1ng da SEN H\u1eadu Giang cocoon 310ml &#8211; VEGAN &#8211; M\u1ef9 ph\u1ea9m thu\u1ea7n chay"},"content":{"rendered":"<h2 data-section-id=\"85hf7v\" data-start=\"532\" data-end=\"596\">\ud83d\udfe2 N\u01b0\u1edbc sen H\u1eadu Giang Cocoon (toner) ph\u1ee5c h\u1ed3i v\u00e0 c\u1ea5p \u1ea9m 310ml<\/h2>\n<p data-start=\"598\" data-end=\"852\"><strong data-start=\"598\" data-end=\"633\">Toner n\u01b0\u1edbc sen H\u1eadu Giang Cocoon<\/strong> l\u00e0 s\u1ea3n ph\u1ea9m gi\u00fap ph\u1ee5c h\u1ed3i, c\u1ea5p \u1ea9m v\u00e0 l\u00e0m d\u1ecbu da hi\u1ec7u qu\u1ea3. V\u1edbi chi\u1ebft xu\u1ea5t hoa sen k\u1ebft h\u1ee3p Madecassoside, vitamin B5, B12 v\u00e0 Beta-glucan, toner gi\u00fap c\u1ee7ng c\u1ed1 h\u00e0ng r\u00e0o b\u1ea3o v\u1ec7 da, gi\u1ea3m m\u1ea9n \u0111\u1ecf v\u00e0 h\u1ed7 tr\u1ee3 l\u00e0n da kh\u1ecfe m\u1ea1nh h\u01a1n.<\/p>\n<hr data-start=\"854\" data-end=\"857\" \/>\n<h2 data-section-id=\"kmmhec\" data-start=\"859\" data-end=\"900\">\ud83d\udfe2 C\u00f4ng d\u1ee5ng c\u1ee7a toner n\u01b0\u1edbc sen Cocoon<\/h2>\n<ul data-start=\"902\" data-end=\"1066\">\n<li data-section-id=\"1df5l4x\" data-start=\"902\" data-end=\"935\">C\u1ea5p \u1ea9m v\u00e0 l\u00e0m d\u1ecbu da nh\u1ea1y c\u1ea3m<\/li>\n<li data-section-id=\"9hj03c\" data-start=\"936\" data-end=\"974\">H\u1ed7 tr\u1ee3 ph\u1ee5c h\u1ed3i h\u00e0ng r\u00e0o b\u1ea3o v\u1ec7 da<\/li>\n<li data-section-id=\"ybezjb\" data-start=\"975\" data-end=\"1002\">Gi\u1ea3m m\u1ea9n \u0111\u1ecf v\u00e0 k\u00edch \u1ee9ng<\/li>\n<li data-section-id=\"d7enx2\" data-start=\"1003\" data-end=\"1034\">C\u00e2n b\u1eb1ng h\u1ec7 vi sinh tr\u00ean da<\/li>\n<li data-section-id=\"1gemddh\" data-start=\"1035\" data-end=\"1066\">Gi\u00fap da m\u1ec1m m\u1ea1i v\u00e0 kh\u1ecfe h\u01a1n<\/li>\n<\/ul>\n<hr data-start=\"1068\" data-end=\"1071\" \/>\n<h2 data-section-id=\"u6wlby\" data-start=\"1073\" data-end=\"1114\">\ud83d\udfe2 Th\u00e0nh ph\u1ea7n n\u1ed5i b\u1eadt c\u1ee7a toner Cocoon<\/h2>\n<ul data-start=\"1116\" data-end=\"1349\">\n<li data-section-id=\"1rheqhc\" data-start=\"1116\" data-end=\"1165\">Chi\u1ebft xu\u1ea5t hoa sen: d\u01b0\u1ee1ng \u1ea9m v\u00e0 ch\u1ed1ng oxy h\u00f3a<\/li>\n<li data-section-id=\"1v28lnp\" data-start=\"1166\" data-end=\"1211\">Beta-glucan: h\u1ed7 tr\u1ee3 ph\u1ee5c h\u1ed3i v\u00e0 b\u1ea3o v\u1ec7 da<\/li>\n<li data-section-id=\"rylcx3\" data-start=\"1212\" data-end=\"1260\">Madecassoside: l\u00e0m d\u1ecbu v\u00e0 t\u0103ng sinh collagen<\/li>\n<li data-section-id=\"gg2u5d\" data-start=\"1261\" data-end=\"1305\">Vitamin B5, B12: c\u1ea5p \u1ea9m v\u00e0 gi\u1ea3m k\u00edch \u1ee9ng<\/li>\n<li data-section-id=\"1yfd4sx\" data-start=\"1306\" data-end=\"1349\">Sweetone\u00ae: gi\u00fap l\u00e0m d\u1ecbu v\u00e0 c\u1ea3i thi\u1ec7n da<\/li>\n<\/ul>\n<hr data-start=\"1351\" data-end=\"1354\" \/>\n<h2 data-section-id=\"yrbo22\" data-start=\"1356\" data-end=\"1379\">\ud83d\udfe2 \u0110\u1ed1i t\u01b0\u1ee3ng s\u1eed d\u1ee5ng<\/h2>\n<ul data-start=\"1381\" data-end=\"1532\">\n<li data-section-id=\"14tudoe\" data-start=\"1381\" data-end=\"1409\">Da nh\u1ea1y c\u1ea3m, d\u1ec5 k\u00edch \u1ee9ng<\/li>\n<li data-section-id=\"mksfc8\" data-start=\"1410\" data-end=\"1445\">Da kh\u00f4, da th\u01b0\u1eddng v\u00e0 da d\u1ea7u m\u1ee5n<\/li>\n<li data-section-id=\"uf6ffz\" data-start=\"1446\" data-end=\"1481\">Da \u0111ang treatment ho\u1eb7c ph\u1ee5c h\u1ed3i<\/li>\n<li data-section-id=\"1vdt1c5\" data-start=\"1482\" data-end=\"1511\">Da b\u1ecb m\u1ea9n \u0111\u1ecf do th\u1eddi ti\u1ebft<\/li>\n<li data-section-id=\"ezcn9\" data-start=\"1512\" data-end=\"1532\">Ph\u1ee5 n\u1eef mang thai<\/li>\n<\/ul>\n<hr data-start=\"1534\" data-end=\"1537\" \/>\n<h2 data-section-id=\"1xjjsva\" data-start=\"1539\" data-end=\"1570\">\ud83d\udfe2 C\u00e1ch s\u1eed d\u1ee5ng toner Cocoon<\/h2>\n<p data-start=\"1572\" data-end=\"1714\">Sau khi r\u1eeda m\u1eb7t, l\u1ea5y m\u1ed9t l\u01b0\u1ee3ng toner v\u1eeba \u0111\u1ee7, thoa \u0111\u1ec1u l\u00ean da ho\u1eb7c d\u00f9ng b\u00f4ng cotton. V\u1ed7 nh\u1eb9 \u0111\u1ec3 d\u01b0\u1ee1ng ch\u1ea5t th\u1ea9m th\u1ea5u. D\u00f9ng s\u00e1ng v\u00e0 t\u1ed1i m\u1ed7i ng\u00e0y.<\/p>\n<hr data-start=\"1716\" data-end=\"1719\" \/>\n<h2 data-section-id=\"tqz1im\" data-start=\"1721\" data-end=\"1732\">\ud83d\udfe2 L\u01b0u \u00fd<\/h2>\n<ul data-start=\"1734\" data-end=\"1818\">\n<li data-section-id=\"1footlg\" data-start=\"1734\" data-end=\"1755\">Ch\u1ec9 d\u00f9ng ngo\u00e0i da<\/li>\n<li data-section-id=\"hljfal\" data-start=\"1756\" data-end=\"1794\">N\u00ean test tr\u01b0\u1edbc n\u1ebfu da qu\u00e1 nh\u1ea1y c\u1ea3m<\/li>\n<li data-section-id=\"1s4wak1\" data-start=\"1795\" data-end=\"1818\">Hi\u1ec7u qu\u1ea3 t\u00f9y c\u01a1 \u0111\u1ecba<\/li>\n<\/ul>\n<hr data-start=\"1820\" data-end=\"1823\" \/>\n<h2 data-section-id=\"sf4llu\" data-start=\"1825\" data-end=\"1863\">\ud83d\udfe2 Meta description (d\u00e1n v\u00e0o Yoast)<\/h2>\n<p data-start=\"1865\" data-end=\"1997\">Toner n\u01b0\u1edbc sen H\u1eadu Giang Cocoon gi\u00fap c\u1ea5p \u1ea9m, ph\u1ee5c h\u1ed3i v\u00e0 l\u00e0m d\u1ecbu da nh\u1ea1y c\u1ea3m. H\u1ed7 tr\u1ee3 gi\u1ea3m m\u1ea9n \u0111\u1ecf, d\u01b0\u1ee1ng da m\u1ec1m m\u1ea1i v\u00e0 <a href=\"https:\/\/vuytmy.azdigi.shop\/wp-admin\/post.php?post=194&amp;action=edit\">kh\u1ecfe m\u1ea1nh h\u01a1n.<\/a><\/p>\n<div class=\"relative w-full mt-4 mb-1\">\n<div class=\"\">\n<div class=\"relative\">\n<div class=\"h-full min-h-0 min-w-0\">\n<div class=\"h-full min-h-0 min-w-0\">\n<div class=\"border border-token-border-light border-radius-3xl corner-superellipse\/1.1 rounded-3xl\">\n<div class=\"h-full w-full border-radius-3xl bg-token-bg-elevated-secondary corner-superellipse\/1.1 overflow-clip rounded-3xl lxnfua_clipPathFallback\">\n<div class=\"relative\">\n<div class=\"pe-11 pt-3\">\n<div class=\"relative z-0 flex max-w-full\">\n<div id=\"code-block-viewer\" class=\"q9tKkq_viewer cm-editor z-10 light:cm-light dark:cm-light flex h-full w-full flex-col items-stretch \u037c5 \u037cj\" dir=\"ltr\">\n<div class=\"cm-scroller\">\n<div class=\"cm-content q9tKkq_readonly\"><\/div>\n<\/div>\n<\/div>\n<\/div>\n<\/div>\n<\/div>\n<\/div>\n<\/div>\n<\/div>\n<\/div>\n<\/div>\n<\/div>\n<\/div>\n<p data-start=\"2006\" data-end=\"2199\">m<a href=\"https:\/\/vuytmy.azdigi.shop\/\">\u00e0ng h\u01a1n the<\/a>o <a href=\"https:\/\/hasaki.vn\/san-pham\/combo-cocoon-nuoc-can-bang-sen-hau-giang-310ml-nuoc-tay-trang-bi-dao-500ml-124096.html\">th\u1eddi gian.<\/a><\/p>\n<ul data-start=\"1803\" data-end=\"1917\">\n<li data-section-id=\"1fkhux9\" data-start=\"1877\" data-end=\"1917\"><img loading=\"lazy\" decoding=\"async\" class=\"alignnone\" title=\"N\u01b0\u1edbc T\u1ea9y Trang B\u00ed \u0110ao Cocoon Winter Melon Micellar Water \u0111\u00e3 c\u00f3 t\u1ea1i Hasaki\" src=\"https:\/\/media.hcdn.vn\/wysiwyg\/kimhuy\/nuoc-tay-trang-bi-dao-cocoon-lam-sach-giam-dau.jpg\" alt=\"toner-nuoc-sen-cocoon\" width=\"800\" height=\"800\" \/>\n<p>&nbsp;<\/li>\n<\/ul>\n","protected":false},"excerpt":{"rendered":"<p>\ud83d\udfe2 N\u01b0\u1edbc sen H\u1eadu Giang Cocoon (toner) ph\u1ee5c h\u1ed3i v\u00e0 c\u1ea5p \u1ea9m 310ml Toner n\u01b0\u1edbc sen H\u1eadu Giang Cocoon l\u00e0 s\u1ea3n ph\u1ea9m gi\u00fap ph\u1ee5c h\u1ed3i, c\u1ea5p \u1ea9m v\u00e0 l\u00e0m d\u1ecbu da hi\u1ec7u qu\u1ea3. V\u1edbi chi\u1ebft xu\u1ea5t hoa sen k\u1ebft h\u1ee3p Madecassoside, vitamin B5, B12 v\u00e0 Beta-glucan, toner gi\u00fap c\u1ee7ng c\u1ed1 h\u00e0ng r\u00e0o b\u1ea3o v\u1ec7 da, [&#8230;]\n","protected":false},"featured_media":198,"comment_status":"open","ping_status":"closed","template":"","meta":[],"product_brand":[41],"product_cat":[25,38,24,26],"product_tag":[20,40],"class_list":{"0":"post-194","1":"product","2":"type-product","3":"status-publish","4":"has-post-thumbnail","6":"product_brand-cocoon-viet-nam","7":"product_cat-cham-soc-da-mat","8":"product_cat-nuoc-can-bang-da","9":"product_cat-sac-dep","10":"product_cat-vuytmy","11":"product_tag-duong-da","12":"product_tag-tonner","14":"first","15":"instock","16":"sale","17":"shipping-taxable","18":"purchasable","19":"product-type-variable"},"yoast_head":"<!-- This site is optimized with the Yoast SEO plugin v27.4 - https:\/\/yoast.com\/product\/yoast-seo-wordpress\/ -->\n<title>Toner<\/title>\n<meta name=\"description\" content=\"Toner n\u01b0\u1edbc c\u00e2n b\u1eb1ng da SEN H\u1eadu Giang cocoon Toner n\u01b0\u1edbc c\u00e2n b\u1eb1ng da SEN H\u1eadu Giang cocoon 310ml - VEGAN - M\u1ef9 ph\u1ea9m thu\u1ea7n chay toner-nuoc-\" \/>\n<meta name=\"robots\" content=\"index, follow, max-snippet:-1, max-image-preview:large, max-video-preview:-1\" \/>\n<link rel=\"canonical\" href=\"https:\/\/vuytmy.azdigi.shop\/?product=https-vuytmy-azdigi-shop\" \/>\n<meta property=\"og:locale\" content=\"vi_VN\" \/>\n<meta property=\"og:type\" content=\"article\" \/>\n<meta property=\"og:title\" content=\"Toner\" \/>\n<meta property=\"og:description\" content=\"Toner n\u01b0\u1edbc c\u00e2n b\u1eb1ng da SEN H\u1eadu Giang cocoon Toner n\u01b0\u1edbc c\u00e2n b\u1eb1ng da SEN H\u1eadu Giang cocoon 310ml - VEGAN - M\u1ef9 ph\u1ea9m thu\u1ea7n chay toner-nuoc-\" \/>\n<meta property=\"og:url\" content=\"https:\/\/vuytmy.azdigi.shop\/?product=https-vuytmy-azdigi-shop\" \/>\n<meta property=\"og:site_name\" content=\"Vuyt my\" \/>\n<meta property=\"article:modified_time\" content=\"2026-04-17T13:36:02+00:00\" \/>\n<meta property=\"og:image\" content=\"https:\/\/vuytmy.azdigi.shop\/wp-content\/uploads\/2026\/04\/Screenshot_16-4-2026_162153_shopee.vn_.jpeg\" \/>\n\t<meta property=\"og:image:width\" content=\"868\" \/>\n\t<meta property=\"og:image:height\" content=\"827\" \/>\n\t<meta property=\"og:image:type\" content=\"image\/jpeg\" \/>\n<meta name=\"twitter:card\" content=\"summary_large_image\" \/>\n<meta name=\"twitter:label1\" content=\"\u01af\u1edbc t\u00ednh th\u1eddi gian \u0111\u1ecdc\" \/>\n\t<meta name=\"twitter:data1\" content=\"3 ph\u00fat\" \/>\n<script type=\"application\/ld+json\" class=\"yoast-schema-graph\">{\"@context\":\"https:\\\/\\\/schema.org\",\"@graph\":[{\"@type\":\"WebPage\",\"@id\":\"https:\\\/\\\/vuytmy.azdigi.shop\\\/?product=https-vuytmy-azdigi-shop\",\"url\":\"https:\\\/\\\/vuytmy.azdigi.shop\\\/?product=https-vuytmy-azdigi-shop\",\"name\":\"Toner\",\"isPartOf\":{\"@id\":\"https:\\\/\\\/vuytmy.azdigi.shop\\\/#website\"},\"primaryImageOfPage\":{\"@id\":\"https:\\\/\\\/vuytmy.azdigi.shop\\\/?product=https-vuytmy-azdigi-shop#primaryimage\"},\"image\":{\"@id\":\"https:\\\/\\\/vuytmy.azdigi.shop\\\/?product=https-vuytmy-azdigi-shop#primaryimage\"},\"thumbnailUrl\":\"https:\\\/\\\/vuytmy.azdigi.shop\\\/wp-content\\\/uploads\\\/2026\\\/04\\\/Screenshot_16-4-2026_162153_shopee.vn_.jpeg\",\"datePublished\":\"2026-04-16T09:29:52+00:00\",\"dateModified\":\"2026-04-17T13:36:02+00:00\",\"description\":\"Toner n\u01b0\u1edbc c\u00e2n b\u1eb1ng da SEN H\u1eadu Giang cocoon Toner n\u01b0\u1edbc c\u00e2n b\u1eb1ng da SEN H\u1eadu Giang cocoon 310ml - VEGAN - M\u1ef9 ph\u1ea9m thu\u1ea7n chay toner-nuoc-\",\"breadcrumb\":{\"@id\":\"https:\\\/\\\/vuytmy.azdigi.shop\\\/?product=https-vuytmy-azdigi-shop#breadcrumb\"},\"inLanguage\":\"vi\",\"potentialAction\":[{\"@type\":\"ReadAction\",\"target\":[\"https:\\\/\\\/vuytmy.azdigi.shop\\\/?product=https-vuytmy-azdigi-shop\"]}]},{\"@type\":\"ImageObject\",\"inLanguage\":\"vi\",\"@id\":\"https:\\\/\\\/vuytmy.azdigi.shop\\\/?product=https-vuytmy-azdigi-shop#primaryimage\",\"url\":\"https:\\\/\\\/vuytmy.azdigi.shop\\\/wp-content\\\/uploads\\\/2026\\\/04\\\/Screenshot_16-4-2026_162153_shopee.vn_.jpeg\",\"contentUrl\":\"https:\\\/\\\/vuytmy.azdigi.shop\\\/wp-content\\\/uploads\\\/2026\\\/04\\\/Screenshot_16-4-2026_162153_shopee.vn_.jpeg\",\"width\":868,\"height\":827},{\"@type\":\"BreadcrumbList\",\"@id\":\"https:\\\/\\\/vuytmy.azdigi.shop\\\/?product=https-vuytmy-azdigi-shop#breadcrumb\",\"itemListElement\":[{\"@type\":\"ListItem\",\"position\":1,\"name\":\"Trang ch\u1ee7\",\"item\":\"https:\\\/\\\/vuytmy.azdigi.shop\\\/\"},{\"@type\":\"ListItem\",\"position\":2,\"name\":\"C\u1eeda h\u00e0ng\",\"item\":\"https:\\\/\\\/vuytmy.azdigi.shop\\\/?page_id=19\"},{\"@type\":\"ListItem\",\"position\":3,\"name\":\"Toner n\u01b0\u1edbc c\u00e2n b\u1eb1ng da SEN H\u1eadu Giang cocoon 310ml &#8211; VEGAN &#8211; M\u1ef9 ph\u1ea9m thu\u1ea7n chay\"}]},{\"@type\":\"WebSite\",\"@id\":\"https:\\\/\\\/vuytmy.azdigi.shop\\\/#website\",\"url\":\"https:\\\/\\\/vuytmy.azdigi.shop\\\/\",\"name\":\"Vuyt my\",\"description\":\"\",\"potentialAction\":[{\"@type\":\"SearchAction\",\"target\":{\"@type\":\"EntryPoint\",\"urlTemplate\":\"https:\\\/\\\/vuytmy.azdigi.shop\\\/?s={search_term_string}\"},\"query-input\":{\"@type\":\"PropertyValueSpecification\",\"valueRequired\":true,\"valueName\":\"search_term_string\"}}],\"inLanguage\":\"vi\"}]}<\/script>\n<!-- \/ Yoast SEO plugin. -->","yoast_head_json":{"title":"Toner","description":"Toner n\u01b0\u1edbc c\u00e2n b\u1eb1ng da SEN H\u1eadu Giang cocoon Toner n\u01b0\u1edbc c\u00e2n b\u1eb1ng da SEN H\u1eadu Giang cocoon 310ml - VEGAN - M\u1ef9 ph\u1ea9m thu\u1ea7n chay toner-nuoc-","robots":{"index":"index","follow":"follow","max-snippet":"max-snippet:-1","max-image-preview":"max-image-preview:large","max-video-preview":"max-video-preview:-1"},"canonical":"https:\/\/vuytmy.azdigi.shop\/?product=https-vuytmy-azdigi-shop","og_locale":"vi_VN","og_type":"article","og_title":"Toner","og_description":"Toner n\u01b0\u1edbc c\u00e2n b\u1eb1ng da SEN H\u1eadu Giang cocoon Toner n\u01b0\u1edbc c\u00e2n b\u1eb1ng da SEN H\u1eadu Giang cocoon 310ml - VEGAN - M\u1ef9 ph\u1ea9m thu\u1ea7n chay toner-nuoc-","og_url":"https:\/\/vuytmy.azdigi.shop\/?product=https-vuytmy-azdigi-shop","og_site_name":"Vuyt my","article_modified_time":"2026-04-17T13:36:02+00:00","og_image":[{"width":868,"height":827,"url":"https:\/\/vuytmy.azdigi.shop\/wp-content\/uploads\/2026\/04\/Screenshot_16-4-2026_162153_shopee.vn_.jpeg","type":"image\/jpeg"}],"twitter_card":"summary_large_image","twitter_misc":{"\u01af\u1edbc t\u00ednh th\u1eddi gian \u0111\u1ecdc":"3 ph\u00fat"},"schema":{"@context":"https:\/\/schema.org","@graph":[{"@type":"WebPage","@id":"https:\/\/vuytmy.azdigi.shop\/?product=https-vuytmy-azdigi-shop","url":"https:\/\/vuytmy.azdigi.shop\/?product=https-vuytmy-azdigi-shop","name":"Toner","isPartOf":{"@id":"https:\/\/vuytmy.azdigi.shop\/#website"},"primaryImageOfPage":{"@id":"https:\/\/vuytmy.azdigi.shop\/?product=https-vuytmy-azdigi-shop#primaryimage"},"image":{"@id":"https:\/\/vuytmy.azdigi.shop\/?product=https-vuytmy-azdigi-shop#primaryimage"},"thumbnailUrl":"https:\/\/vuytmy.azdigi.shop\/wp-content\/uploads\/2026\/04\/Screenshot_16-4-2026_162153_shopee.vn_.jpeg","datePublished":"2026-04-16T09:29:52+00:00","dateModified":"2026-04-17T13:36:02+00:00","description":"Toner n\u01b0\u1edbc c\u00e2n b\u1eb1ng da SEN H\u1eadu Giang cocoon Toner n\u01b0\u1edbc c\u00e2n b\u1eb1ng da SEN H\u1eadu Giang cocoon 310ml - VEGAN - M\u1ef9 ph\u1ea9m thu\u1ea7n chay toner-nuoc-","breadcrumb":{"@id":"https:\/\/vuytmy.azdigi.shop\/?product=https-vuytmy-azdigi-shop#breadcrumb"},"inLanguage":"vi","potentialAction":[{"@type":"ReadAction","target":["https:\/\/vuytmy.azdigi.shop\/?product=https-vuytmy-azdigi-shop"]}]},{"@type":"ImageObject","inLanguage":"vi","@id":"https:\/\/vuytmy.azdigi.shop\/?product=https-vuytmy-azdigi-shop#primaryimage","url":"https:\/\/vuytmy.azdigi.shop\/wp-content\/uploads\/2026\/04\/Screenshot_16-4-2026_162153_shopee.vn_.jpeg","contentUrl":"https:\/\/vuytmy.azdigi.shop\/wp-content\/uploads\/2026\/04\/Screenshot_16-4-2026_162153_shopee.vn_.jpeg","width":868,"height":827},{"@type":"BreadcrumbList","@id":"https:\/\/vuytmy.azdigi.shop\/?product=https-vuytmy-azdigi-shop#breadcrumb","itemListElement":[{"@type":"ListItem","position":1,"name":"Trang ch\u1ee7","item":"https:\/\/vuytmy.azdigi.shop\/"},{"@type":"ListItem","position":2,"name":"C\u1eeda h\u00e0ng","item":"https:\/\/vuytmy.azdigi.shop\/?page_id=19"},{"@type":"ListItem","position":3,"name":"Toner n\u01b0\u1edbc c\u00e2n b\u1eb1ng da SEN H\u1eadu Giang cocoon 310ml &#8211; VEGAN &#8211; M\u1ef9 ph\u1ea9m thu\u1ea7n chay"}]},{"@type":"WebSite","@id":"https:\/\/vuytmy.azdigi.shop\/#website","url":"https:\/\/vuytmy.azdigi.shop\/","name":"Vuyt my","description":"","potentialAction":[{"@type":"SearchAction","target":{"@type":"EntryPoint","urlTemplate":"https:\/\/vuytmy.azdigi.shop\/?s={search_term_string}"},"query-input":{"@type":"PropertyValueSpecification","valueRequired":true,"valueName":"search_term_string"}}],"inLanguage":"vi"}]}},"_links":{"self":[{"href":"https:\/\/vuytmy.azdigi.shop\/index.php?rest_route=\/wp\/v2\/product\/194","targetHints":{"allow":["GET"]}}],"collection":[{"href":"https:\/\/vuytmy.azdigi.shop\/index.php?rest_route=\/wp\/v2\/product"}],"about":[{"href":"https:\/\/vuytmy.azdigi.shop\/index.php?rest_route=\/wp\/v2\/types\/product"}],"replies":[{"embeddable":true,"href":"https:\/\/vuytmy.azdigi.shop\/index.php?rest_route=%2Fwp%2Fv2%2Fcomments&post=194"}],"wp:featuredmedia":[{"embeddable":true,"href":"https:\/\/vuytmy.azdigi.shop\/index.php?rest_route=\/wp\/v2\/media\/198"}],"wp:attachment":[{"href":"https:\/\/vuytmy.azdigi.shop\/index.php?rest_route=%2Fwp%2Fv2%2Fmedia&parent=194"}],"wp:term":[{"taxonomy":"product_brand","embeddable":true,"href":"https:\/\/vuytmy.azdigi.shop\/index.php?rest_route=%2Fwp%2Fv2%2Fproduct_brand&post=194"},{"taxonomy":"product_cat","embeddable":true,"href":"https:\/\/vuytmy.azdigi.shop\/index.php?rest_route=%2Fwp%2Fv2%2Fproduct_cat&post=194"},{"taxonomy":"product_tag","embeddable":true,"href":"https:\/\/vuytmy.azdigi.shop\/index.php?rest_route=%2Fwp%2Fv2%2Fproduct_tag&post=194"}],"curies":[{"name":"wp","href":"https:\/\/api.w.org\/{rel}","templated":true}]}}