{"id":175,"date":"2026-04-16T09:10:22","date_gmt":"2026-04-16T09:10:22","guid":{"rendered":"https:\/\/vuytmy.azdigi.shop\/?post_type=product&#038;p=175"},"modified":"2026-04-17T14:01:57","modified_gmt":"2026-04-17T14:01:57","slug":"https-vuytmy-azdigi-shop-5","status":"publish","type":"product","link":"https:\/\/vuytmy.azdigi.shop\/?product=https-vuytmy-azdigi-shop-5","title":{"rendered":"T\u1ea9y T\u1ebf B\u00e0o Ch\u1ebft Rosette Gommage 180g"},"content":{"rendered":"<h1 class=\"QN2lPu\">1\/T\u1ea9y T\u1ebf B\u00e0o Ch\u1ebft Rosette Gommage (M\u00e0u xanh &#8211; Cho Da Th\u01b0\u1eddng)<\/h1>\n<p class=\"QN2lPu\">&#8211; V\u1edbi AHA chi\u1ebft xu\u1ea5t t\u1eeb 3 lo\u1ea1i axit tr\u00e1i c\u00e2y t\u1ef1 nhi\u00ean gi\u00fap l\u00e0m m\u1ec1m l\u1edbp s\u1eebng, lo\u1ea1i b\u1ecf c\u00e1c t\u1ebf b\u00e0o ch\u1ebft v\u00e0 x\u1ec9n m\u00e0u, cho l\u1ed7 ch\u00e2n l\u00f4ng lu\u00f4n \u0111\u01b0\u1ee3c th\u00f4ng tho\u00e1ng.<\/p>\n<p class=\"QN2lPu\">&#8211; bomer, Allantoin, Lactic Acid, Glucose, Citric Acid, Malic Acid, Camellia Sinensis Leaf Extract, Methylparaben, Fragrance<\/p>\n<h2 class=\"QN2lPu\">2\/T\u1ea9y T\u1ebf B\u00e0o Ch\u1ebft D\u00e0nh Cho Da Kh\u00f4 Rosette Gommage Moist (M\u00e0u h\u1ed3ng)<\/h2>\n<p class=\"QN2lPu\">&#8211; V\u1edbi AHA chi\u1ebft xu\u1ea5t t\u1eeb 3 lo\u1ea1i axit tr\u00e1i c\u00e2y t\u1ef1 nhi\u00ean gi\u00fap l\u00e0m m\u1ec1m l\u1edbp s\u1eebng, lo\u1ea1i b\u1ecf c\u00e1c t\u1ebf b\u00e0o ch\u1ebft v\u00e0 x\u1ec9n m\u00e0u, cho l\u1ed7 ch\u00e2n l\u00f4ng lu\u00f4n \u0111\u01b0\u1ee3c th\u00f4ng tho\u00e1ng.<\/p>\n<p class=\"QN2lPu\">&#8211; Chi\u1ebft xu\u1ea5t t\u1eeb tr\u00e0 xanh gi\u00fap gi\u1ea3m vi\u00ea ang l\u1ea1i c\u1ea3m gi\u00e1c th\u01b0 gi\u00e3n khi s\u1eed d\u1ee5ng.<\/p>\n<h2 class=\"QN2lPu\">C\u00e1ch s\u1eed d\u1ee5ng<\/h2>\n<p class=\"QN2lPu\">&#8211; Sau khi r\u1eeda m\u1eb7t v\u00e0 lau kh\u00f4, l\u1ea5y m\u1ed9t l\u01b0\u1ee3ng gel v\u1eeba \u0111\u1ee7 d\u00f9ng ra l\u00f2ng b\u00e0n tay, nh\u1eb9 nh\u00e0ng massage gel theo chuy\u1ec3n \u0111\u1ed9ng tr\u00f2n kh\u1eafp m\u1eb7t.<\/p>\n<p class=\"QN2lPu\">&#8211; Sau khi gel t\u1ea1o th\u00e0nh ch\u1ea5t nh\u01b0 g\u00f4m, massage th\u00eam 1 ph\u00fat n\u1eefa, r\u1ed3i r\u1eeda m\u1eb7t th\u1eadt s\u1ea1ch v\u1edbi n\u01b0\u1edbc.<\/p>\n<p class=\"QN2lPu\">&#8211; S\u1eed d\u1ee5ng 2-3 l\u1ea7n \/ tu\u1ea7n<\/p>\n<h2 class=\"QN2lPu\">L\u01b0u \u00fd<\/h2>\n<p class=\"QN2lPu\">Trong qu\u00e1 tr\u00ecnh s\u1eed d\u1ee5ng n\u1ebfu x\u1ea3y ra c\u00e1c b\u1ea5t th\u01b0\u1eddng nh\u01b0: n\u1ed5i m\u1ea9n \u0111\u1ecf, da b\u1ecb k\u00edch \u1ee9ng ho\u1eb7c da ph\u1ea3i th\u01b0\u1eddng xuy\u00ean ti\u1ebfp x\u00fac tr\u1ef1c ti\u1ebfp v\u1edbi \u00e1nh n\u1eafng m\u1eb7t tr\u1eddi h\u00e3y ng\u01b0ng s\u1eed d\u1ee5ng.<\/p>\n<p class=\"QN2lPu\">Tham kh\u1ea3o ngay \u00fd ki\u1ebfn c\u1ee7a b\u00e1c s\u0129 da li\u1ec5u n\u1ebfu c\u00f3 c\u00e1c d\u1ea5u hi\u1ec7u b\u1ea5t th\u01b0\u1eddng.<\/p>\n<h3 class=\"QN2lPu\">Quy c\u00e1ch \u0111\u00f3ng g\u00f3i: 120g\/tu\u00fdp ho\u1eb7c 180g\/tu\u00fdp<\/h3>\n","protected":false},"excerpt":{"rendered":"<p>1\/T\u1ea9y T\u1ebf B\u00e0o Ch\u1ebft Rosette Gommage (M\u00e0u xanh &#8211; Cho Da Th\u01b0\u1eddng) &#8211; V\u1edbi AHA chi\u1ebft xu\u1ea5t t\u1eeb 3 lo\u1ea1i axit tr\u00e1i c\u00e2y t\u1ef1 nhi\u00ean gi\u00fap l\u00e0m m\u1ec1m l\u1edbp s\u1eebng, lo\u1ea1i b\u1ecf c\u00e1c t\u1ebf b\u00e0o ch\u1ebft v\u00e0 x\u1ec9n m\u00e0u, cho l\u1ed7 ch\u00e2n l\u00f4ng lu\u00f4n \u0111\u01b0\u1ee3c th\u00f4ng tho\u00e1ng. &#8211; bomer, Allantoin, Lactic Acid, Glucose, Citric Acid, [&#8230;]\n","protected":false},"featured_media":180,"comment_status":"open","ping_status":"closed","template":"","meta":[],"product_brand":[36],"product_cat":[25,24,35,26],"product_tag":[20,37],"class_list":{"0":"post-175","1":"product","2":"type-product","3":"status-publish","4":"has-post-thumbnail","6":"product_brand-rosette","7":"product_cat-cham-soc-da-mat","8":"product_cat-sac-dep","9":"product_cat-tay-te-bao-chet","10":"product_cat-vuytmy","11":"product_tag-duong-da","12":"product_tag-tay-te-bao-chet","14":"first","15":"instock","16":"sale","17":"shipping-taxable","18":"purchasable","19":"product-type-variable"},"yoast_head":"<!-- This site is optimized with the Yoast SEO plugin v27.4 - https:\/\/yoast.com\/product\/yoast-seo-wordpress\/ -->\n<title>T\u1ea9y T\u1ebf B\u00e0o Ch\u1ebft Rosette Gommage 180g - Vuyt my<\/title>\n<meta name=\"description\" content=\"https:\/\/vuytmy.azdigi.shop\/ T\u1ea9y T\u1ebf B\u00e0o Ch\u1ebft Rosette Gommage 180g T\u1ea9y T\u1ebf B\u00e0o Ch\u1ebft Rosette Gommage\" \/>\n<meta name=\"robots\" content=\"index, follow, max-snippet:-1, max-image-preview:large, max-video-preview:-1\" \/>\n<link rel=\"canonical\" href=\"https:\/\/vuytmy.azdigi.shop\/?product=https-vuytmy-azdigi-shop-5\" \/>\n<meta property=\"og:locale\" content=\"vi_VN\" \/>\n<meta property=\"og:type\" content=\"article\" \/>\n<meta property=\"og:title\" content=\"T\u1ea9y T\u1ebf B\u00e0o Ch\u1ebft Rosette Gommage 180g - Vuyt my\" \/>\n<meta property=\"og:description\" content=\"https:\/\/vuytmy.azdigi.shop\/ T\u1ea9y T\u1ebf B\u00e0o Ch\u1ebft Rosette Gommage 180g T\u1ea9y T\u1ebf B\u00e0o Ch\u1ebft Rosette Gommage\" \/>\n<meta property=\"og:url\" content=\"https:\/\/vuytmy.azdigi.shop\/?product=https-vuytmy-azdigi-shop-5\" \/>\n<meta property=\"og:site_name\" content=\"Vuyt my\" \/>\n<meta property=\"article:modified_time\" content=\"2026-04-17T14:01:57+00:00\" \/>\n<meta property=\"og:image\" content=\"https:\/\/vuytmy.azdigi.shop\/wp-content\/uploads\/2026\/04\/Screenshot_16-4-2026_16211_shopee.vn_.jpeg\" \/>\n\t<meta property=\"og:image:width\" content=\"858\" \/>\n\t<meta property=\"og:image:height\" content=\"831\" \/>\n\t<meta property=\"og:image:type\" content=\"image\/jpeg\" \/>\n<meta name=\"twitter:card\" content=\"summary_large_image\" \/>\n<meta name=\"twitter:label1\" content=\"\u01af\u1edbc t\u00ednh th\u1eddi gian \u0111\u1ecdc\" \/>\n\t<meta name=\"twitter:data1\" content=\"2 ph\u00fat\" \/>\n<script type=\"application\/ld+json\" class=\"yoast-schema-graph\">{\"@context\":\"https:\\\/\\\/schema.org\",\"@graph\":[{\"@type\":\"WebPage\",\"@id\":\"https:\\\/\\\/vuytmy.azdigi.shop\\\/?product=https-vuytmy-azdigi-shop-5\",\"url\":\"https:\\\/\\\/vuytmy.azdigi.shop\\\/?product=https-vuytmy-azdigi-shop-5\",\"name\":\"T\u1ea9y T\u1ebf B\u00e0o Ch\u1ebft Rosette Gommage 180g - Vuyt my\",\"isPartOf\":{\"@id\":\"https:\\\/\\\/vuytmy.azdigi.shop\\\/#website\"},\"primaryImageOfPage\":{\"@id\":\"https:\\\/\\\/vuytmy.azdigi.shop\\\/?product=https-vuytmy-azdigi-shop-5#primaryimage\"},\"image\":{\"@id\":\"https:\\\/\\\/vuytmy.azdigi.shop\\\/?product=https-vuytmy-azdigi-shop-5#primaryimage\"},\"thumbnailUrl\":\"https:\\\/\\\/vuytmy.azdigi.shop\\\/wp-content\\\/uploads\\\/2026\\\/04\\\/Screenshot_16-4-2026_16211_shopee.vn_.jpeg\",\"datePublished\":\"2026-04-16T09:10:22+00:00\",\"dateModified\":\"2026-04-17T14:01:57+00:00\",\"description\":\"https:\\\/\\\/vuytmy.azdigi.shop\\\/ T\u1ea9y T\u1ebf B\u00e0o Ch\u1ebft Rosette Gommage 180g T\u1ea9y T\u1ebf B\u00e0o Ch\u1ebft Rosette Gommage\",\"breadcrumb\":{\"@id\":\"https:\\\/\\\/vuytmy.azdigi.shop\\\/?product=https-vuytmy-azdigi-shop-5#breadcrumb\"},\"inLanguage\":\"vi\",\"potentialAction\":[{\"@type\":\"ReadAction\",\"target\":[\"https:\\\/\\\/vuytmy.azdigi.shop\\\/?product=https-vuytmy-azdigi-shop-5\"]}]},{\"@type\":\"ImageObject\",\"inLanguage\":\"vi\",\"@id\":\"https:\\\/\\\/vuytmy.azdigi.shop\\\/?product=https-vuytmy-azdigi-shop-5#primaryimage\",\"url\":\"https:\\\/\\\/vuytmy.azdigi.shop\\\/wp-content\\\/uploads\\\/2026\\\/04\\\/Screenshot_16-4-2026_16211_shopee.vn_.jpeg\",\"contentUrl\":\"https:\\\/\\\/vuytmy.azdigi.shop\\\/wp-content\\\/uploads\\\/2026\\\/04\\\/Screenshot_16-4-2026_16211_shopee.vn_.jpeg\",\"width\":858,\"height\":831},{\"@type\":\"BreadcrumbList\",\"@id\":\"https:\\\/\\\/vuytmy.azdigi.shop\\\/?product=https-vuytmy-azdigi-shop-5#breadcrumb\",\"itemListElement\":[{\"@type\":\"ListItem\",\"position\":1,\"name\":\"Trang ch\u1ee7\",\"item\":\"https:\\\/\\\/vuytmy.azdigi.shop\\\/\"},{\"@type\":\"ListItem\",\"position\":2,\"name\":\"C\u1eeda h\u00e0ng\",\"item\":\"https:\\\/\\\/vuytmy.azdigi.shop\\\/?page_id=19\"},{\"@type\":\"ListItem\",\"position\":3,\"name\":\"T\u1ea9y T\u1ebf B\u00e0o Ch\u1ebft Rosette Gommage 180g\"}]},{\"@type\":\"WebSite\",\"@id\":\"https:\\\/\\\/vuytmy.azdigi.shop\\\/#website\",\"url\":\"https:\\\/\\\/vuytmy.azdigi.shop\\\/\",\"name\":\"Vuyt my\",\"description\":\"\",\"potentialAction\":[{\"@type\":\"SearchAction\",\"target\":{\"@type\":\"EntryPoint\",\"urlTemplate\":\"https:\\\/\\\/vuytmy.azdigi.shop\\\/?s={search_term_string}\"},\"query-input\":{\"@type\":\"PropertyValueSpecification\",\"valueRequired\":true,\"valueName\":\"search_term_string\"}}],\"inLanguage\":\"vi\"}]}<\/script>\n<!-- \/ Yoast SEO plugin. -->","yoast_head_json":{"title":"T\u1ea9y T\u1ebf B\u00e0o Ch\u1ebft Rosette Gommage 180g - Vuyt my","description":"https:\/\/vuytmy.azdigi.shop\/ T\u1ea9y T\u1ebf B\u00e0o Ch\u1ebft Rosette Gommage 180g T\u1ea9y T\u1ebf B\u00e0o Ch\u1ebft Rosette Gommage","robots":{"index":"index","follow":"follow","max-snippet":"max-snippet:-1","max-image-preview":"max-image-preview:large","max-video-preview":"max-video-preview:-1"},"canonical":"https:\/\/vuytmy.azdigi.shop\/?product=https-vuytmy-azdigi-shop-5","og_locale":"vi_VN","og_type":"article","og_title":"T\u1ea9y T\u1ebf B\u00e0o Ch\u1ebft Rosette Gommage 180g - Vuyt my","og_description":"https:\/\/vuytmy.azdigi.shop\/ T\u1ea9y T\u1ebf B\u00e0o Ch\u1ebft Rosette Gommage 180g T\u1ea9y T\u1ebf B\u00e0o Ch\u1ebft Rosette Gommage","og_url":"https:\/\/vuytmy.azdigi.shop\/?product=https-vuytmy-azdigi-shop-5","og_site_name":"Vuyt my","article_modified_time":"2026-04-17T14:01:57+00:00","og_image":[{"width":858,"height":831,"url":"https:\/\/vuytmy.azdigi.shop\/wp-content\/uploads\/2026\/04\/Screenshot_16-4-2026_16211_shopee.vn_.jpeg","type":"image\/jpeg"}],"twitter_card":"summary_large_image","twitter_misc":{"\u01af\u1edbc t\u00ednh th\u1eddi gian \u0111\u1ecdc":"2 ph\u00fat"},"schema":{"@context":"https:\/\/schema.org","@graph":[{"@type":"WebPage","@id":"https:\/\/vuytmy.azdigi.shop\/?product=https-vuytmy-azdigi-shop-5","url":"https:\/\/vuytmy.azdigi.shop\/?product=https-vuytmy-azdigi-shop-5","name":"T\u1ea9y T\u1ebf B\u00e0o Ch\u1ebft Rosette Gommage 180g - Vuyt my","isPartOf":{"@id":"https:\/\/vuytmy.azdigi.shop\/#website"},"primaryImageOfPage":{"@id":"https:\/\/vuytmy.azdigi.shop\/?product=https-vuytmy-azdigi-shop-5#primaryimage"},"image":{"@id":"https:\/\/vuytmy.azdigi.shop\/?product=https-vuytmy-azdigi-shop-5#primaryimage"},"thumbnailUrl":"https:\/\/vuytmy.azdigi.shop\/wp-content\/uploads\/2026\/04\/Screenshot_16-4-2026_16211_shopee.vn_.jpeg","datePublished":"2026-04-16T09:10:22+00:00","dateModified":"2026-04-17T14:01:57+00:00","description":"https:\/\/vuytmy.azdigi.shop\/ T\u1ea9y T\u1ebf B\u00e0o Ch\u1ebft Rosette Gommage 180g T\u1ea9y T\u1ebf B\u00e0o Ch\u1ebft Rosette Gommage","breadcrumb":{"@id":"https:\/\/vuytmy.azdigi.shop\/?product=https-vuytmy-azdigi-shop-5#breadcrumb"},"inLanguage":"vi","potentialAction":[{"@type":"ReadAction","target":["https:\/\/vuytmy.azdigi.shop\/?product=https-vuytmy-azdigi-shop-5"]}]},{"@type":"ImageObject","inLanguage":"vi","@id":"https:\/\/vuytmy.azdigi.shop\/?product=https-vuytmy-azdigi-shop-5#primaryimage","url":"https:\/\/vuytmy.azdigi.shop\/wp-content\/uploads\/2026\/04\/Screenshot_16-4-2026_16211_shopee.vn_.jpeg","contentUrl":"https:\/\/vuytmy.azdigi.shop\/wp-content\/uploads\/2026\/04\/Screenshot_16-4-2026_16211_shopee.vn_.jpeg","width":858,"height":831},{"@type":"BreadcrumbList","@id":"https:\/\/vuytmy.azdigi.shop\/?product=https-vuytmy-azdigi-shop-5#breadcrumb","itemListElement":[{"@type":"ListItem","position":1,"name":"Trang ch\u1ee7","item":"https:\/\/vuytmy.azdigi.shop\/"},{"@type":"ListItem","position":2,"name":"C\u1eeda h\u00e0ng","item":"https:\/\/vuytmy.azdigi.shop\/?page_id=19"},{"@type":"ListItem","position":3,"name":"T\u1ea9y T\u1ebf B\u00e0o Ch\u1ebft Rosette Gommage 180g"}]},{"@type":"WebSite","@id":"https:\/\/vuytmy.azdigi.shop\/#website","url":"https:\/\/vuytmy.azdigi.shop\/","name":"Vuyt my","description":"","potentialAction":[{"@type":"SearchAction","target":{"@type":"EntryPoint","urlTemplate":"https:\/\/vuytmy.azdigi.shop\/?s={search_term_string}"},"query-input":{"@type":"PropertyValueSpecification","valueRequired":true,"valueName":"search_term_string"}}],"inLanguage":"vi"}]}},"_links":{"self":[{"href":"https:\/\/vuytmy.azdigi.shop\/index.php?rest_route=\/wp\/v2\/product\/175","targetHints":{"allow":["GET"]}}],"collection":[{"href":"https:\/\/vuytmy.azdigi.shop\/index.php?rest_route=\/wp\/v2\/product"}],"about":[{"href":"https:\/\/vuytmy.azdigi.shop\/index.php?rest_route=\/wp\/v2\/types\/product"}],"replies":[{"embeddable":true,"href":"https:\/\/vuytmy.azdigi.shop\/index.php?rest_route=%2Fwp%2Fv2%2Fcomments&post=175"}],"wp:featuredmedia":[{"embeddable":true,"href":"https:\/\/vuytmy.azdigi.shop\/index.php?rest_route=\/wp\/v2\/media\/180"}],"wp:attachment":[{"href":"https:\/\/vuytmy.azdigi.shop\/index.php?rest_route=%2Fwp%2Fv2%2Fmedia&parent=175"}],"wp:term":[{"taxonomy":"product_brand","embeddable":true,"href":"https:\/\/vuytmy.azdigi.shop\/index.php?rest_route=%2Fwp%2Fv2%2Fproduct_brand&post=175"},{"taxonomy":"product_cat","embeddable":true,"href":"https:\/\/vuytmy.azdigi.shop\/index.php?rest_route=%2Fwp%2Fv2%2Fproduct_cat&post=175"},{"taxonomy":"product_tag","embeddable":true,"href":"https:\/\/vuytmy.azdigi.shop\/index.php?rest_route=%2Fwp%2Fv2%2Fproduct_tag&post=175"}],"curies":[{"name":"wp","href":"https:\/\/api.w.org\/{rel}","templated":true}]}}