{"id":155,"date":"2026-04-16T08:39:45","date_gmt":"2026-04-16T08:39:45","guid":{"rendered":"https:\/\/vuytmy.azdigi.shop\/?post_type=product&#038;p=155"},"modified":"2026-04-17T13:45:42","modified_gmt":"2026-04-17T13:45:42","slug":"https-vuytmy-azdigi-shop-2","status":"publish","type":"product","link":"https:\/\/vuytmy.azdigi.shop\/?product=https-vuytmy-azdigi-shop-2","title":{"rendered":"CH\u00cdNH H\u00c3NG \u0110\u1ed8C QUY\u1ec0N] Smoothie T\u1ea9y T\u1ebf B\u00e0o Ch\u1ebft Body Dove Ch\u0103m Da S\u00e1ng M\u1ecbn 298g\/280g"},"content":{"rendered":"<h2 class=\"WjNdTR\"><img loading=\"lazy\" decoding=\"async\" class=\"uXN1L5 lazyload GqYslU\" style=\"font-size: 14.4px;\" src=\"https:\/\/down-vn.img.susercontent.com\/file\/sg-11134202-81zuj-mn13ov7t3bwj74\" srcset=\"https:\/\/down-vn.img.susercontent.com\/file\/sg-11134202-81zuj-mn13ov7t3bwj74@resize_w875_nl 1x, https:\/\/down-vn.img.susercontent.com\/file\/sg-11134202-81zuj-mn13ov7t3bwj74@resize_w1750_nl 2x\" width=\"875\" height=\"875\" \/><a href=\"https:\/\/www.dove.com\/vn\/home.html\">DOVE<\/a><\/h2>\n<h1>T\u1ea8Y T\u1ebe B\u00c0O CH\u1ebeT<\/h1>\n<div class=\"Gf4Ro0\">\n<div class=\"e8lZp3\">\n<div class=\"QN2lPu\">\n<div><picture class=\"UkIsx8\"><source class=\"UkIsx8\" srcset=\"https:\/\/down-vn.img.susercontent.com\/file\/sg-11134202-81zvf-mn13oz193klfb5@resize_w875_nl.webp 1x, https:\/\/down-vn.img.susercontent.com\/file\/sg-11134202-81zvf-mn13oz193klfb5@resize_w1750_nl.webp 2x\" type=\"image\/webp\" \/><img loading=\"lazy\" decoding=\"async\" class=\"uXN1L5 lazyload GqYslU\" src=\"https:\/\/down-vn.img.susercontent.com\/file\/sg-11134202-81zvf-mn13oz193klfb5\" srcset=\"https:\/\/down-vn.img.susercontent.com\/file\/sg-11134202-81zvf-mn13oz193klfb5@resize_w875_nl 1x, https:\/\/down-vn.img.susercontent.com\/file\/sg-11134202-81zvf-mn13oz193klfb5@resize_w1750_nl 2x\" width=\"875\" height=\"875\" \/><\/picture><\/div>\n<\/div>\n<div class=\"QN2lPu\">\n<div><picture class=\"UkIsx8\"><source class=\"UkIsx8\" srcset=\"https:\/\/down-vn.img.susercontent.com\/file\/sg-11134202-81zvi-mn13poyjludcd3@resize_w875_nl.webp 1x, https:\/\/down-vn.img.susercontent.com\/file\/sg-11134202-81zvi-mn13poyjludcd3@resize_w1750_nl.webp 2x\" type=\"image\/webp\" \/><img loading=\"lazy\" decoding=\"async\" class=\"uXN1L5 lazyload GqYslU\" src=\"https:\/\/down-vn.img.susercontent.com\/file\/sg-11134202-81zvi-mn13poyjludcd3\" srcset=\"https:\/\/down-vn.img.susercontent.com\/file\/sg-11134202-81zvi-mn13poyjludcd3@resize_w875_nl 1x, https:\/\/down-vn.img.susercontent.com\/file\/sg-11134202-81zvi-mn13poyjludcd3@resize_w1750_nl 2x\" width=\"875\" height=\"875\" \/><\/picture><\/div>\n<\/div>\n<div class=\"QN2lPu\">\n<div><picture class=\"UkIsx8\"><source class=\"UkIsx8\" srcset=\"https:\/\/down-vn.img.susercontent.com\/file\/sg-11134202-81zw6-mn13qd5p83d4df@resize_w875_nl.webp 1x, https:\/\/down-vn.img.susercontent.com\/file\/sg-11134202-81zw6-mn13qd5p83d4df@resize_w1750_nl.webp 2x\" type=\"image\/webp\" \/><img loading=\"lazy\" decoding=\"async\" class=\"uXN1L5 lazyload GqYslU\" src=\"https:\/\/down-vn.img.susercontent.com\/file\/sg-11134202-81zw6-mn13qd5p83d4df\" srcset=\"https:\/\/down-vn.img.susercontent.com\/file\/sg-11134202-81zw6-mn13qd5p83d4df@resize_w875_nl 1x, https:\/\/down-vn.img.susercontent.com\/file\/sg-11134202-81zw6-mn13qd5p83d4df@resize_w1750_nl 2x\" width=\"875\" height=\"875\" \/><\/picture><\/div>\n<\/div>\n<div class=\"QN2lPu\">\n<div><picture class=\"UkIsx8\"><source class=\"UkIsx8\" srcset=\"https:\/\/down-vn.img.susercontent.com\/file\/sg-11134202-81zvj-mn13qn06a8lka8@resize_w875_nl.webp 1x, https:\/\/down-vn.img.susercontent.com\/file\/sg-11134202-81zvj-mn13qn06a8lka8@resize_w1750_nl.webp 2x\" type=\"image\/webp\" \/><img loading=\"lazy\" decoding=\"async\" class=\"uXN1L5 lazyload GqYslU\" src=\"https:\/\/down-vn.img.susercontent.com\/file\/sg-11134202-81zvj-mn13qn06a8lka8\" srcset=\"https:\/\/down-vn.img.susercontent.com\/file\/sg-11134202-81zvj-mn13qn06a8lka8@resize_w875_nl 1x, https:\/\/down-vn.img.susercontent.com\/file\/sg-11134202-81zvj-mn13qn06a8lka8@resize_w1750_nl 2x\" width=\"875\" height=\"875\" \/><\/picture><\/div>\n<\/div>\n<div class=\"QN2lPu\">\n<div><picture class=\"UkIsx8\"><source class=\"UkIsx8\" srcset=\"https:\/\/down-vn.img.susercontent.com\/file\/sg-11134202-81zwk-mn13qpfnb1mpae@resize_w875_nl.webp 1x, https:\/\/down-vn.img.susercontent.com\/file\/sg-11134202-81zwk-mn13qpfnb1mpae@resize_w1750_nl.webp 2x\" type=\"image\/webp\" \/><img loading=\"lazy\" decoding=\"async\" class=\"uXN1L5 lazyload GqYslU\" src=\"https:\/\/down-vn.img.susercontent.com\/file\/sg-11134202-81zwk-mn13qpfnb1mpae\" srcset=\"https:\/\/down-vn.img.susercontent.com\/file\/sg-11134202-81zwk-mn13qpfnb1mpae@resize_w875_nl 1x, https:\/\/down-vn.img.susercontent.com\/file\/sg-11134202-81zwk-mn13qpfnb1mpae@resize_w1750_nl 2x\" width=\"875\" height=\"875\" \/><\/picture><\/div>\n<\/div>\n<div class=\"QN2lPu\">\n<div><picture class=\"UkIsx8\"><source class=\"UkIsx8\" srcset=\"https:\/\/down-vn.img.susercontent.com\/file\/sg-11134202-81zv7-mn13qzozb4sge2@resize_w875_nl.webp 1x, https:\/\/down-vn.img.susercontent.com\/file\/sg-11134202-81zv7-mn13qzozb4sge2@resize_w1750_nl.webp 2x\" type=\"image\/webp\" \/><img loading=\"lazy\" decoding=\"async\" class=\"uXN1L5 lazyload GqYslU\" src=\"https:\/\/down-vn.img.susercontent.com\/file\/sg-11134202-81zv7-mn13qzozb4sge2\" srcset=\"https:\/\/down-vn.img.susercontent.com\/file\/sg-11134202-81zv7-mn13qzozb4sge2@resize_w875_nl 1x, https:\/\/down-vn.img.susercontent.com\/file\/sg-11134202-81zv7-mn13qzozb4sge2@resize_w1750_nl 2x\" width=\"875\" height=\"875\" \/><\/picture><\/div>\n<\/div>\n<p class=\"QN2lPu\">SMOOTHIE T\u1ea8Y T\u1ebe B\u00c0O CH\u1ebeT DOVE CH\u00cdNH H\u00c3N<a href=\"https:\/\/vuytmy.azdigi.shop\/?product=chinh-hang-doc-quyen-smoothie-tay-te-bao-chet-body-dove-cham-da-sang-min-298g-280g\">G \u0110\u1ed8C QUY\u1ec0N<\/a><\/p>\n<p class=\"QN2lPu\">V\u00ec sao b\u1ea1n s\u1ebd th\u00edch?<\/p>\n<p class=\"QN2lPu\">Smoothie t\u1ea9y da ch\u1ebft Dove m\u1edbi v\u1edbi h\u1ea1t m\u1ecbn gi\u00fap nh\u1eb9 nh\u00e0ng t\u1ea9y s\u1ea1ch t\u1ebf b\u00e0o ch\u1ebft tr\u00ean da, cho b\u1ea1n l\u00e0n da s\u00e1ng m\u1ecbn t\u1ee9c th\u00ec ngay sau l\u1ea7n \u0111\u1ea7u s\u1eed d\u1ee5ng m\u00e0 kh\u00f4ng b\u00e0o m\u00f2n t\u1ed5n th\u01b0\u01a1ng da.<\/p>\n<p class=\"QN2lPu\">1\/ DOVE T\u1ea8Y T\u1ebe B\u00c0O CH\u1ebeT H\u01af\u01a0NG VI\u1ec6T QU\u1ea4T &amp; CHANH \u2013 M\u1edaI:<\/p>\n<p class=\"QN2lPu\">&#8211; K\u1ebft c\u1ea5u d\u1ea1ng kem m\u1ecbn, y\u00eau chi\u1ec1u l\u00e0n da<\/p>\n<p class=\"QN2lPu\">&#8211; H\u1ea1t t\u1ea9y da ch\u1ebft \u0111\u01b0\u1ee3c bo tr\u00f2n g\u00f3c, nh\u1eb9 nh\u00e0ng l\u00e0m s\u1ea1ch da ch\u1ebft m\u00e0 kh\u00f4ng g\u00e2y t\u1ed5n th\u01b0\u01a1ng hay k\u00edch \u1ee9ng. ph\u00f9 h\u1ee3p cho da th\u01b0\u1eddng<\/p>\n<p class=\"QN2lPu\">&#8211; C\u00f3 ch\u1ee9a Vitamin B3, C &amp; E gi\u00fap da s\u00e1ng m\u1ecbn r\u1ea1ng r\u1ee1<\/p>\n<p class=\"QN2lPu\">&#8211; L\u01b0u h\u01b0\u01a1ng vi\u1ec7t qu\u1ea5t v\u00e0 chanh th\u01a1m m\u00e1t tr\u00ean da sau khi t\u1eafm<\/p>\n<h2 class=\"QN2lPu\">2\/ DOVE T\u1ea8Y T\u1ebe B\u00c0O CH\u1ebeT H\u01af\u01a0NG HOA ANH \u0110\u00c0O:<\/h2>\n<p class=\"QN2lPu\">&#8211; K\u1ebft c\u1ea5u d\u1ea1ng kem m\u1ecbn, y\u00eau chi\u1ec1u l\u00e0n da<\/p>\n<p class=\"QN2lPu\">&#8211; H\u1ea1t t\u1ea9y da ch\u1ebft si\u00eau nhuy\u1ec5n m\u1ecbn, \u0111\u01b0\u1ee3c bo tr\u00f2n g\u00f3c, nh\u1eb9 nh\u00e0ng l\u00e0m s\u1ea1ch da ch\u1ebft m\u00e0 kh\u00f4ng g\u00e2y t\u1ed5n th\u01b0\u01a1ng hay k\u00edch \u1ee9ng. ph\u00f9 h\u1ee3p cho da nh\u1ea1y c\u1ea3m<\/p>\n<p class=\"QN2lPu\">&#8211; C\u00f3 ch\u1ee9a Niacinamide gi\u00fap l\u00e0m s\u00e1ng da<\/p>\n<p class=\"QN2lPu\">&#8211; L\u01b0u h\u01b0\u01a1ng th\u01a1m ng\u1ecdt ng\u00e0o l\u00e3ng m\u1ea1n c\u1ee7a hoa anh \u0111\u00e0o Nh\u1eadt B\u1ea3n tr\u00ean da sau khi t\u1eafm<\/p>\n<h2 class=\"QN2lPu\">3\/ DOVE T\u1ea8Y T\u1ebe B\u00c0O CH\u1ebeT H\u01af\u01a0NG L\u1ef0U \u0110\u1ece:<\/h2>\n<p class=\"QN2lPu\">&#8211; K\u1ebft c\u1ea5u d\u1ea1ng kem m\u1ecbn, y\u00eau chi\u1ec1u l\u00e0n da<\/p>\n<p class=\"QN2lPu\">&#8211; H\u1ea1t t\u1ea9y da ch\u1ebft \u0111\u01b0\u1ee3c bo tr\u00f2n g\u00f3c, nh\u1eb9 nh\u00e0ng l\u00e0m s\u1ea1ch da ch\u1ebft m\u00e0 kh\u00f4ng g\u00e2y t\u1ed5n th\u01b0\u01a1ng hay k\u00edch \u1ee9ng. ph\u00f9 h\u1ee3p cho da th\u01b0\u1eddng<\/p>\n<p class=\"QN2lPu\">&#8211; C\u00f3 ch\u1ee9a Vitamin E gi\u00fap c\u1ea3i thi\u1ec7n h\u00e0ng r\u00e0o b\u1ea3o v\u1ec7 \u0111\u1ed9 \u1ea9m cho da<\/p>\n<p class=\"QN2lPu\">&#8211; Chi\u1ebft xu\u1ea5t l\u1ef1u \u0111\u1ecf gi\u00fap l\u01b0u l\u1ea1i h\u01b0\u01a1ng th\u01a1m ng\u1ecdt ng\u00e0o sau khi t\u1eafm<\/p>\n<p class=\"QN2lPu\">4\/ DOVE T\u1ea8Y T\u1ebe B\u00c0O CH\u1ebeT \u0110\u01af\u1edcNG N\u00c2U &amp; H\u01af\u01a0NG D\u1eeaA:<\/p>\n<p class=\"QN2lPu\">&#8211; K\u1ebft c\u1ea5u d\u1ea1ng kem m\u1ecbn, y\u00eau chi\u1ec1u l\u00e0n da<\/p>\n<p class=\"QN2lPu\">&#8211; H\u1ea1t t\u1ea9y da ch\u1ebft \u0111\u01b0\u1ee3c bo tr\u00f2n g\u00f3c, nh\u1eb9 nh\u00e0ng l\u00e0m s\u1ea1ch da ch\u1ebft m\u00e0 kh\u00f4ng g\u00e2y t\u1ed5n th\u01b0\u01a1ng hay k\u00edch \u1ee9ng<\/p>\n<p class=\"QN2lPu\">&#8211; Ph\u00f9 h\u1ee3p cho da b\u1ecb s\u1ea7n s\u00f9i, x\u1ecbn m\u00e0u, nh\u1eefng v\u00f9ng da c\u00f3 nhi\u1ec1u t\u1ebf b\u00e0o ch\u1ebft c\u1ea7n th\u01b0\u1eddng xuy\u00ean t\u1ea9y t\u1ebf b\u00e0o ch\u1ebft chuy\u00ean s\u00e2u nh\u01b0 \u0111\u1ea7u g\u1ed1i v\u00e0 khu\u1ef7u tay<\/p>\n<p class=\"QN2lPu\">&#8211; C\u00f3 ch\u1ee9a AHA gi\u00fap l\u00e0m m\u1ecbn v\u00e0 d\u01b0\u1ee1ng \u1ea9m da<\/p>\n<p class=\"QN2lPu\">&#8211; L\u01b0u h\u01b0\u01a1ng \u0111\u01b0\u1eddng n\u00e2u ng\u1ecdt b\u00e9o tr\u00ean da sau khi t\u1eafm<\/p>\n<p class=\"QN2lPu\">Th\u00e0nh ph\u1ea7n:<\/p>\n<p class=\"QN2lPu\">1\/ DOVE T\u1ea8Y T\u1ebe B\u00c0O CH\u1ebeT H\u01af\u01a0NG VI\u1ec6T QU\u1ea4T &amp; CHANH<\/p>\n<p class=\"QN2lPu\">Water, Glycerin, Hydrated Silica, Sodium Lauroyl Isethionate, Stearic Acid, Cocamidopropyl B<\/p>\n<h2 class=\"QN2lPu\">2\/ DOVE T\u1ea8Y T\u1ebe B\u00c0O CH\u1ebeT H\u01af\u01a0NG HOA ANH \u0110\u00c0O<\/h2>\n<p class=\"QN2lPu\">Water, Glycerin, Sodium Lauroyl Isethionate, Stearic Acid, Hydrated Silica, Cocamidopropyl Betaine, Lauric Acid, Sodium Palmate, Fragrance, Sodium Isethionate, Sodium Stearate, Microcrystalline wax, Cetearyl Alcohol, Sodium Chloride, Sodium Hydroxide, Sodium Palm Kernelate, Sodium Benzoate, Niacinamide, Hydroxyacetophenone, Tetrasodium EDTA, Zinc Oxide, Titanium Dioxide, Etidronic Acid, Hydroxystearic Acid, Prunus Serrulata Flower Extract, Potassium Sorbate, Sodium Citrate, Lactic Acid, Citric Acid, Palmitic Acid, Sodium Sulfate, Arachidic Acid, CI 14700, CI 77491, CI 77492, CI 77499<\/p>\n<p class=\"QN2lPu\">3\/ DOVE T\u1ea8Y T\u1ebe B\u00c0O CH\u1ebeT H\u01af\u01a0NG L\u1ef0U \u0110\u1ece<\/p>\n<p class=\"QN2lPu\">Water, Glycerin, Hydrated SilSulfate, Stearic Acid, Perlite, Hydrated Silica, Cocamidopropyl Betaine, Lauric Acid, Sodium Palmate, Fragrance, Sodium Isethionate, Sodium Stearate, Cetearyl Alcohol, Synthetic Wax, Sodium Hydroxide, Sodium Chloride, Caramel, Sodium Palm Kernelate, Sodium Palmitic Acid, Arachidic Acid, CI 17200, CI 77491, CI 77492, CI 77499<\/p>\n<p class=\"QN2lPu\">4\/ DOVE T\u1ea8Y T\u1ebe B\u00c0O CH\u1ebeT \u0110\u01af\u1edcNG N\u00c2U &amp; H\u01af\u01a0NG D\u1eeaA<\/p>\n<p class=\"QN2lPu\">l Betaine, Lauric Acid, Sodium Palmate, Fragrance, Sodium Isethionate, Sodium Stearate, Cetearyl Alcohol, Synthetic Wax, Sodium Hydroxide, Sodium Chloride, Caramel, Sodium Palm Kernelate, Sodium Benzoate, Lactic Acid, Niacinamide, Hydroxyacetophenone, Tetrasodium EDTA, Zinc Oxide, Titanium Dioxide, Sucrose, Caprylic\/Capric Triglyceride, Propylene Glycol, Etidronic Acid, Hydroxystearic Acid, Cocos Nucifera (Coconut) Fruit Extract, PEG-60 Hydrogenated Castor Oil, Sodium Sulfate, Potassium Sorbate, Palmitic Acid, Arachidic Acid, CI 14700, CI 77491, CI 77492, CI 77499<\/p>\n<p class=\"QN2lPu\">H\u01b0\u1edbng d\u1eabn s\u1eed d\u1ee5ng<\/p>\n<p class=\"QN2lPu\">Water, Glycerin, Sodium Lauroyl Isethionate, Stearic Acid, Perlite, Hydrated Silica, Cocamidopropy<\/p>\n<p class=\"QN2lPu\">&#8211; L\u1ea5y m\u1ed9t l\u01b0\u1ee3ng v\u1eeba \u0111\u1ee7 v\u00e0 m\u00e1t-xa nh\u1eb9 nh\u00e0ng kh\u1eafp c\u01a1 th\u1ec3, sau \u0111\u00f3 t\u1eafm s\u1ea1ch v\u1edbi n\u01b0\u1edbc<\/p>\n<p class=\"QN2lPu\">&#8211; M\u00e1t-xa t\u1eadp trung v\u00e0o c\u00e1c v\u00f9ng khu\u1ef7u tay, \u0111\u1ea7u g\u1ed1i v\u00e0 m\u1eaft c\u00e1 ch\u00e2n<\/p>\n<p class=\"QN2lPu\">&#8211; D\u00f9ng 2-3 l\u1ea7n m\u1ed9t tu\u1ea7n \u0111\u1ec3 \u0111\u1ea1t hi\u1ec7u qu\u1ea3 t\u1ed1t nh\u1ea5t<\/p>\n<p class=\"QN2lPu\">&#8211; Sau khi s\u1eed d\u1ee5ng t\u1ea9y t\u1ebf b\u00e0o ch\u1ebft, h\u00e3y s\u1eed d\u1ee5ng s\u1eefa t\u1eafm Dove serum \u0111\u1ec3 n\u00e2ng cao hi\u1ec7u qu\u1ea3 d\u01b0\u1ee1ng da c\u01a1 th\u1ec3<\/p>\n<p class=\"QN2lPu\">&#8211; H\u1ea1n s\u1eed d\u1ee5ng: xem tr\u00ean bao b\u00ec s\u1ea3n ph\u1ea9m, 36 th\u00e1ng k\u1ec3 t\u1eeb NSX<\/p>\n<p class=\"QN2lPu\">&#8211; N\u01a1i s\u1ea3n xu\u1ea5t: Vi\u1ec7t Nam<\/p>\n<\/div>\n<\/div>\n","protected":false},"excerpt":{"rendered":"<p>DOVE T\u1ea8Y T\u1ebe B\u00c0O CH\u1ebeT SMOOTHIE T\u1ea8Y T\u1ebe B\u00c0O CH\u1ebeT DOVE CH\u00cdNH H\u00c3NG \u0110\u1ed8C QUY\u1ec0N V\u00ec sao b\u1ea1n s\u1ebd th\u00edch? Smoothie t\u1ea9y da ch\u1ebft Dove m\u1edbi v\u1edbi h\u1ea1t m\u1ecbn gi\u00fap nh\u1eb9 nh\u00e0ng t\u1ea9y s\u1ea1ch t\u1ebf b\u00e0o ch\u1ebft tr\u00ean da, cho b\u1ea1n l\u00e0n da s\u00e1ng m\u1ecbn t\u1ee9c th\u00ec ngay sau l\u1ea7n \u0111\u1ea7u s\u1eed d\u1ee5ng m\u00e0 kh\u00f4ng [&#8230;]\n","protected":false},"featured_media":159,"comment_status":"open","ping_status":"closed","template":"","meta":[],"product_brand":[32],"product_cat":[24,30,31,26],"product_tag":[20,33],"class_list":{"0":"post-155","1":"product","2":"type-product","3":"status-publish","4":"has-post-thumbnail","6":"product_brand-dove","7":"product_cat-sac-dep","8":"product_cat-tamcham-soc-co-the","9":"product_cat-tay-te-bao-chet-co-the","10":"product_cat-vuytmy","11":"product_tag-duong-da","12":"product_tag-tay-te-bao-chet-co-the","14":"first","15":"instock","16":"shipping-taxable","17":"purchasable","18":"product-type-variable"},"yoast_head":"<!-- This site is optimized with the Yoast SEO plugin v27.4 - https:\/\/yoast.com\/product\/yoast-seo-wordpress\/ -->\n<title>T\u1ea8Y T\u1ebe B\u00c0O CH\u1ebeT<\/title>\n<meta name=\"description\" content=\"T\u1ea8Y T\u1ebe B\u00c0O CH\u1ebeT CH\u00cdNH H\u00c3NG \u0110\u1ed8C QUY\u1ec0N] Smoothie T\u1ea9y T\u1ebf B\u00e0o Ch\u1ebft Body Dove Ch\u0103m Da S\u00e1ng M\u1ecbn 298g\/280g - Vuyt my CH\u00cdNH H\u00c3NG \u0110\u1ed8C QUY\u1ec0N] Smoothie T\u1ea9y T\u1ebf B\u00e0o Ch\u1ebft Body Dove Ch\u0103m Da S\u00e1ng M\u1ecbn 298g\/280g\" \/>\n<meta name=\"robots\" content=\"index, follow, max-snippet:-1, max-image-preview:large, max-video-preview:-1\" \/>\n<link rel=\"canonical\" href=\"https:\/\/vuytmy.azdigi.shop\/?product=https-vuytmy-azdigi-shop-2\" \/>\n<meta property=\"og:locale\" content=\"vi_VN\" \/>\n<meta property=\"og:type\" content=\"article\" \/>\n<meta property=\"og:title\" content=\"T\u1ea8Y T\u1ebe B\u00c0O CH\u1ebeT\" \/>\n<meta property=\"og:description\" content=\"T\u1ea8Y T\u1ebe B\u00c0O CH\u1ebeT CH\u00cdNH H\u00c3NG \u0110\u1ed8C QUY\u1ec0N] Smoothie T\u1ea9y T\u1ebf B\u00e0o Ch\u1ebft Body Dove Ch\u0103m Da S\u00e1ng M\u1ecbn 298g\/280g - Vuyt my CH\u00cdNH H\u00c3NG \u0110\u1ed8C QUY\u1ec0N] Smoothie T\u1ea9y T\u1ebf B\u00e0o Ch\u1ebft Body Dove Ch\u0103m Da S\u00e1ng M\u1ecbn 298g\/280g\" \/>\n<meta property=\"og:url\" content=\"https:\/\/vuytmy.azdigi.shop\/?product=https-vuytmy-azdigi-shop-2\" \/>\n<meta property=\"og:site_name\" content=\"Vuyt my\" \/>\n<meta property=\"article:modified_time\" content=\"2026-04-17T13:45:42+00:00\" \/>\n<meta property=\"og:image\" content=\"https:\/\/vuytmy.azdigi.shop\/wp-content\/uploads\/2026\/04\/Screenshot_16-4-2026_152749_shopee.vn_.jpeg\" \/>\n\t<meta property=\"og:image:width\" content=\"842\" \/>\n\t<meta property=\"og:image:height\" content=\"833\" \/>\n\t<meta property=\"og:image:type\" content=\"image\/jpeg\" \/>\n<meta name=\"twitter:card\" content=\"summary_large_image\" \/>\n<meta name=\"twitter:label1\" content=\"\u01af\u1edbc t\u00ednh th\u1eddi gian \u0111\u1ecdc\" \/>\n\t<meta name=\"twitter:data1\" content=\"6 ph\u00fat\" \/>\n<script type=\"application\/ld+json\" class=\"yoast-schema-graph\">{\"@context\":\"https:\\\/\\\/schema.org\",\"@graph\":[{\"@type\":\"WebPage\",\"@id\":\"https:\\\/\\\/vuytmy.azdigi.shop\\\/?product=https-vuytmy-azdigi-shop-2\",\"url\":\"https:\\\/\\\/vuytmy.azdigi.shop\\\/?product=https-vuytmy-azdigi-shop-2\",\"name\":\"T\u1ea8Y T\u1ebe B\u00c0O CH\u1ebeT\",\"isPartOf\":{\"@id\":\"https:\\\/\\\/vuytmy.azdigi.shop\\\/#website\"},\"primaryImageOfPage\":{\"@id\":\"https:\\\/\\\/vuytmy.azdigi.shop\\\/?product=https-vuytmy-azdigi-shop-2#primaryimage\"},\"image\":{\"@id\":\"https:\\\/\\\/vuytmy.azdigi.shop\\\/?product=https-vuytmy-azdigi-shop-2#primaryimage\"},\"thumbnailUrl\":\"https:\\\/\\\/vuytmy.azdigi.shop\\\/wp-content\\\/uploads\\\/2026\\\/04\\\/Screenshot_16-4-2026_152749_shopee.vn_.jpeg\",\"datePublished\":\"2026-04-16T08:39:45+00:00\",\"dateModified\":\"2026-04-17T13:45:42+00:00\",\"description\":\"T\u1ea8Y T\u1ebe B\u00c0O CH\u1ebeT CH\u00cdNH H\u00c3NG \u0110\u1ed8C QUY\u1ec0N] Smoothie T\u1ea9y T\u1ebf B\u00e0o Ch\u1ebft Body Dove Ch\u0103m Da S\u00e1ng M\u1ecbn 298g\\\/280g - Vuyt my CH\u00cdNH H\u00c3NG \u0110\u1ed8C QUY\u1ec0N] Smoothie T\u1ea9y T\u1ebf B\u00e0o Ch\u1ebft Body Dove Ch\u0103m Da S\u00e1ng M\u1ecbn 298g\\\/280g\",\"breadcrumb\":{\"@id\":\"https:\\\/\\\/vuytmy.azdigi.shop\\\/?product=https-vuytmy-azdigi-shop-2#breadcrumb\"},\"inLanguage\":\"vi\",\"potentialAction\":[{\"@type\":\"ReadAction\",\"target\":[\"https:\\\/\\\/vuytmy.azdigi.shop\\\/?product=https-vuytmy-azdigi-shop-2\"]}]},{\"@type\":\"ImageObject\",\"inLanguage\":\"vi\",\"@id\":\"https:\\\/\\\/vuytmy.azdigi.shop\\\/?product=https-vuytmy-azdigi-shop-2#primaryimage\",\"url\":\"https:\\\/\\\/vuytmy.azdigi.shop\\\/wp-content\\\/uploads\\\/2026\\\/04\\\/Screenshot_16-4-2026_152749_shopee.vn_.jpeg\",\"contentUrl\":\"https:\\\/\\\/vuytmy.azdigi.shop\\\/wp-content\\\/uploads\\\/2026\\\/04\\\/Screenshot_16-4-2026_152749_shopee.vn_.jpeg\",\"width\":842,\"height\":833},{\"@type\":\"BreadcrumbList\",\"@id\":\"https:\\\/\\\/vuytmy.azdigi.shop\\\/?product=https-vuytmy-azdigi-shop-2#breadcrumb\",\"itemListElement\":[{\"@type\":\"ListItem\",\"position\":1,\"name\":\"Trang ch\u1ee7\",\"item\":\"https:\\\/\\\/vuytmy.azdigi.shop\\\/\"},{\"@type\":\"ListItem\",\"position\":2,\"name\":\"C\u1eeda h\u00e0ng\",\"item\":\"https:\\\/\\\/vuytmy.azdigi.shop\\\/?page_id=19\"},{\"@type\":\"ListItem\",\"position\":3,\"name\":\"CH\u00cdNH H\u00c3NG \u0110\u1ed8C QUY\u1ec0N] Smoothie T\u1ea9y T\u1ebf B\u00e0o Ch\u1ebft Body Dove Ch\u0103m Da S\u00e1ng M\u1ecbn 298g\\\/280g\"}]},{\"@type\":\"WebSite\",\"@id\":\"https:\\\/\\\/vuytmy.azdigi.shop\\\/#website\",\"url\":\"https:\\\/\\\/vuytmy.azdigi.shop\\\/\",\"name\":\"Vuyt my\",\"description\":\"\",\"potentialAction\":[{\"@type\":\"SearchAction\",\"target\":{\"@type\":\"EntryPoint\",\"urlTemplate\":\"https:\\\/\\\/vuytmy.azdigi.shop\\\/?s={search_term_string}\"},\"query-input\":{\"@type\":\"PropertyValueSpecification\",\"valueRequired\":true,\"valueName\":\"search_term_string\"}}],\"inLanguage\":\"vi\"}]}<\/script>\n<!-- \/ Yoast SEO plugin. -->","yoast_head_json":{"title":"T\u1ea8Y T\u1ebe B\u00c0O CH\u1ebeT","description":"T\u1ea8Y T\u1ebe B\u00c0O CH\u1ebeT CH\u00cdNH H\u00c3NG \u0110\u1ed8C QUY\u1ec0N] Smoothie T\u1ea9y T\u1ebf B\u00e0o Ch\u1ebft Body Dove Ch\u0103m Da S\u00e1ng M\u1ecbn 298g\/280g - Vuyt my CH\u00cdNH H\u00c3NG \u0110\u1ed8C QUY\u1ec0N] Smoothie T\u1ea9y T\u1ebf B\u00e0o Ch\u1ebft Body Dove Ch\u0103m Da S\u00e1ng M\u1ecbn 298g\/280g","robots":{"index":"index","follow":"follow","max-snippet":"max-snippet:-1","max-image-preview":"max-image-preview:large","max-video-preview":"max-video-preview:-1"},"canonical":"https:\/\/vuytmy.azdigi.shop\/?product=https-vuytmy-azdigi-shop-2","og_locale":"vi_VN","og_type":"article","og_title":"T\u1ea8Y T\u1ebe B\u00c0O CH\u1ebeT","og_description":"T\u1ea8Y T\u1ebe B\u00c0O CH\u1ebeT CH\u00cdNH H\u00c3NG \u0110\u1ed8C QUY\u1ec0N] Smoothie T\u1ea9y T\u1ebf B\u00e0o Ch\u1ebft Body Dove Ch\u0103m Da S\u00e1ng M\u1ecbn 298g\/280g - Vuyt my CH\u00cdNH H\u00c3NG \u0110\u1ed8C QUY\u1ec0N] Smoothie T\u1ea9y T\u1ebf B\u00e0o Ch\u1ebft Body Dove Ch\u0103m Da S\u00e1ng M\u1ecbn 298g\/280g","og_url":"https:\/\/vuytmy.azdigi.shop\/?product=https-vuytmy-azdigi-shop-2","og_site_name":"Vuyt my","article_modified_time":"2026-04-17T13:45:42+00:00","og_image":[{"width":842,"height":833,"url":"https:\/\/vuytmy.azdigi.shop\/wp-content\/uploads\/2026\/04\/Screenshot_16-4-2026_152749_shopee.vn_.jpeg","type":"image\/jpeg"}],"twitter_card":"summary_large_image","twitter_misc":{"\u01af\u1edbc t\u00ednh th\u1eddi gian \u0111\u1ecdc":"6 ph\u00fat"},"schema":{"@context":"https:\/\/schema.org","@graph":[{"@type":"WebPage","@id":"https:\/\/vuytmy.azdigi.shop\/?product=https-vuytmy-azdigi-shop-2","url":"https:\/\/vuytmy.azdigi.shop\/?product=https-vuytmy-azdigi-shop-2","name":"T\u1ea8Y T\u1ebe B\u00c0O CH\u1ebeT","isPartOf":{"@id":"https:\/\/vuytmy.azdigi.shop\/#website"},"primaryImageOfPage":{"@id":"https:\/\/vuytmy.azdigi.shop\/?product=https-vuytmy-azdigi-shop-2#primaryimage"},"image":{"@id":"https:\/\/vuytmy.azdigi.shop\/?product=https-vuytmy-azdigi-shop-2#primaryimage"},"thumbnailUrl":"https:\/\/vuytmy.azdigi.shop\/wp-content\/uploads\/2026\/04\/Screenshot_16-4-2026_152749_shopee.vn_.jpeg","datePublished":"2026-04-16T08:39:45+00:00","dateModified":"2026-04-17T13:45:42+00:00","description":"T\u1ea8Y T\u1ebe B\u00c0O CH\u1ebeT CH\u00cdNH H\u00c3NG \u0110\u1ed8C QUY\u1ec0N] Smoothie T\u1ea9y T\u1ebf B\u00e0o Ch\u1ebft Body Dove Ch\u0103m Da S\u00e1ng M\u1ecbn 298g\/280g - Vuyt my CH\u00cdNH H\u00c3NG \u0110\u1ed8C QUY\u1ec0N] Smoothie T\u1ea9y T\u1ebf B\u00e0o Ch\u1ebft Body Dove Ch\u0103m Da S\u00e1ng M\u1ecbn 298g\/280g","breadcrumb":{"@id":"https:\/\/vuytmy.azdigi.shop\/?product=https-vuytmy-azdigi-shop-2#breadcrumb"},"inLanguage":"vi","potentialAction":[{"@type":"ReadAction","target":["https:\/\/vuytmy.azdigi.shop\/?product=https-vuytmy-azdigi-shop-2"]}]},{"@type":"ImageObject","inLanguage":"vi","@id":"https:\/\/vuytmy.azdigi.shop\/?product=https-vuytmy-azdigi-shop-2#primaryimage","url":"https:\/\/vuytmy.azdigi.shop\/wp-content\/uploads\/2026\/04\/Screenshot_16-4-2026_152749_shopee.vn_.jpeg","contentUrl":"https:\/\/vuytmy.azdigi.shop\/wp-content\/uploads\/2026\/04\/Screenshot_16-4-2026_152749_shopee.vn_.jpeg","width":842,"height":833},{"@type":"BreadcrumbList","@id":"https:\/\/vuytmy.azdigi.shop\/?product=https-vuytmy-azdigi-shop-2#breadcrumb","itemListElement":[{"@type":"ListItem","position":1,"name":"Trang ch\u1ee7","item":"https:\/\/vuytmy.azdigi.shop\/"},{"@type":"ListItem","position":2,"name":"C\u1eeda h\u00e0ng","item":"https:\/\/vuytmy.azdigi.shop\/?page_id=19"},{"@type":"ListItem","position":3,"name":"CH\u00cdNH H\u00c3NG \u0110\u1ed8C QUY\u1ec0N] Smoothie T\u1ea9y T\u1ebf B\u00e0o Ch\u1ebft Body Dove Ch\u0103m Da S\u00e1ng M\u1ecbn 298g\/280g"}]},{"@type":"WebSite","@id":"https:\/\/vuytmy.azdigi.shop\/#website","url":"https:\/\/vuytmy.azdigi.shop\/","name":"Vuyt my","description":"","potentialAction":[{"@type":"SearchAction","target":{"@type":"EntryPoint","urlTemplate":"https:\/\/vuytmy.azdigi.shop\/?s={search_term_string}"},"query-input":{"@type":"PropertyValueSpecification","valueRequired":true,"valueName":"search_term_string"}}],"inLanguage":"vi"}]}},"_links":{"self":[{"href":"https:\/\/vuytmy.azdigi.shop\/index.php?rest_route=\/wp\/v2\/product\/155","targetHints":{"allow":["GET"]}}],"collection":[{"href":"https:\/\/vuytmy.azdigi.shop\/index.php?rest_route=\/wp\/v2\/product"}],"about":[{"href":"https:\/\/vuytmy.azdigi.shop\/index.php?rest_route=\/wp\/v2\/types\/product"}],"replies":[{"embeddable":true,"href":"https:\/\/vuytmy.azdigi.shop\/index.php?rest_route=%2Fwp%2Fv2%2Fcomments&post=155"}],"wp:featuredmedia":[{"embeddable":true,"href":"https:\/\/vuytmy.azdigi.shop\/index.php?rest_route=\/wp\/v2\/media\/159"}],"wp:attachment":[{"href":"https:\/\/vuytmy.azdigi.shop\/index.php?rest_route=%2Fwp%2Fv2%2Fmedia&parent=155"}],"wp:term":[{"taxonomy":"product_brand","embeddable":true,"href":"https:\/\/vuytmy.azdigi.shop\/index.php?rest_route=%2Fwp%2Fv2%2Fproduct_brand&post=155"},{"taxonomy":"product_cat","embeddable":true,"href":"https:\/\/vuytmy.azdigi.shop\/index.php?rest_route=%2Fwp%2Fv2%2Fproduct_cat&post=155"},{"taxonomy":"product_tag","embeddable":true,"href":"https:\/\/vuytmy.azdigi.shop\/index.php?rest_route=%2Fwp%2Fv2%2Fproduct_tag&post=155"}],"curies":[{"name":"wp","href":"https:\/\/api.w.org\/{rel}","templated":true}]}}