{"id":140,"date":"2026-04-16T08:17:25","date_gmt":"2026-04-16T08:17:25","guid":{"rendered":"https:\/\/vuytmy.azdigi.shop\/?post_type=product&#038;p=140"},"modified":"2026-04-17T13:50:12","modified_gmt":"2026-04-17T13:50:12","slug":"https-vuytmy-azdigi-shop-3","status":"publish","type":"product","link":"https:\/\/vuytmy.azdigi.shop\/?product=https-vuytmy-azdigi-shop-3","title":{"rendered":"H\u1ed9p 10 Mi\u1ebfng M\u1eb7t N\u1ea1 DR OGIDERM Va\u0309i Vi S\u01a1\u0323i Ampoule Shot Mask C\u00f4ng Ngh\u1ec7 D\u01b0\u01a1\u0303ng Da Ha\u0300n Qu\u00f4\u0301c 30ml"},"content":{"rendered":"<h1 class=\"QN2lPu\">L\u00e0n Da C\u0103ng M\u01b0\u1edbt, R\u1ea1ng R\u1ee1 Ch\u1ec9 Sau 15 Ph\u00fat V\u1edbi M\u1eb7t N\u1ea1 Tinh Ch\u1ea5t Dr.Ogiderm Ampoule Shot! \u2728<\/h1>\n<p class=\"QN2lPu\">Th\u00f4ng Tin Chi Ti\u1ebft:<\/p>\n<p class=\"QN2lPu\">Xu\u1ea5t x\u1ee9: H\u00e0n Qu\u1ed1c (Made in Korea)<\/p>\n<p class=\"QN2lPu\">Th\u01b0\u01a1ng hi\u1ec7u: Dr.Ogiderm<\/p>\n<p class=\"QN2lPu\">Quy C\u00e1ch : 1 H\u1ed9p \/ 10 Mi\u1ebfng<\/p>\n<p class=\"QN2lPu\">Dung t\u00edch tinh ch\u1ea5t: 30ml \/ mi\u1ebfng<\/p>\n<p class=\"QN2lPu\">Lo\u1ea1i da ph\u00f9 h\u1ee3p: An to\u00e0n v\u00e0 hi\u1ec7u qu\u1ea3 cho m\u1ecdi lo\u1ea1i da, \u0111\u1eb7c bi\u1ec7t l\u00e0 da nh\u1ea1y c\u1ea3m, da c\u1ea7n ch\u0103m s\u00f3c ph\u1ee5c h\u1ed3i.<\/p>\n<p class=\"QN2lPu\">B\u1ed9 S\u01b0u T\u1eadp Ampoule Shot Mask &#8211; Gi\u1ea3i Ph\u00e1p Cho T\u1eebng Nhu C\u1ea7u Da:<\/p>\n<p class=\"QN2lPu\">Ch\u1ecdn ngay &#8220;ch\u00e2n \u00e1i&#8221; cho l\u00e0n da c\u1ee7a b\u1ea1n:<\/p>\n<p class=\"QN2lPu\">\ud83d\udc9a Soothing (Xanh L\u00e1): D\u1ecbu nh\u1eb9 t\u1ee9c th\u00ec, c\u1ea5p \u1ea9m s\u00e2u. Ho\u00e0n h\u1ea3o cho da nh\u1ea1y c\u1ea3m, d\u1ec5 m\u1ea9n \u0111\u1ecf.<\/p>\n<div class=\"QN2lPu\">\n<div><picture class=\"UkIsx8\"><source class=\"UkIsx8\" srcset=\"https:\/\/down-vn.img.susercontent.com\/file\/vn-11134208-7ra0g-m83q2pmcwqrrd7@resize_w875_nl.webp 1x, https:\/\/down-vn.img.susercontent.com\/file\/vn-11134208-7ra0g-m83q2pmcwqrrd7@resize_w1750_nl.webp 2x\" type=\"image\/webp\" \/><img loading=\"lazy\" decoding=\"async\" class=\"uXN1L5 lazyload GqYslU\" src=\"https:\/\/down-vn.img.susercontent.com\/file\/vn-11134208-7ra0g-m83q2pmcwqrrd7\" srcset=\"https:\/\/down-vn.img.susercontent.com\/file\/vn-11134208-7ra0g-m83q2pmcwqrrd7@resize_w875_nl 1x, https:\/\/down-vn.img.susercontent.com\/file\/vn-11134208-7ra0g-m83q2pmcwqrrd7@resize_w1750_nl 2x\" width=\"875\" height=\"875\" \/><\/picture><\/div>\n<\/div>\n<p class=\"QN2lPu\">\ud83d\udc99 Cica Cooling (Xanh D\u01b0\u01a1ng): L\u00e0m m\u00e1t, ph\u1ee5c h\u1ed3i da t\u1ed5n th\u01b0\u01a1ng do t\u00e1c \u0111\u1ed9ng m\u00f4i tr\u01b0\u1eddng (n\u1eafng, gi\u00f3, b\u1ee5i&#8230;).<\/p>\n<div class=\"QN2lPu\">\n<div><picture class=\"UkIsx8\"><source class=\"UkIsx8\" srcset=\"https:\/\/down-vn.img.susercontent.com\/file\/vn-11134208-7ra0g-m83q2pmcy5c793@resize_w875_nl.webp 1x, https:\/\/down-vn.img.susercontent.com\/file\/vn-11134208-7ra0g-m83q2pmcy5c793@resize_w1750_nl.webp 2x\" type=\"image\/webp\" \/><img loading=\"lazy\" decoding=\"async\" class=\"uXN1L5 lazyload GqYslU\" src=\"https:\/\/down-vn.img.susercontent.com\/file\/vn-11134208-7ra0g-m83q2pmcy5c793\" srcset=\"https:\/\/down-vn.img.susercontent.com\/file\/vn-11134208-7ra0g-m83q2pmcy5c793@resize_w875_nl 1x, https:\/\/down-vn.img.susercontent.com\/file\/vn-11134208-7ra0g-m83q2pmcy5c793@resize_w1750_nl 2x\" width=\"875\" height=\"875\" \/><\/picture><\/div>\n<\/div>\n<p class=\"QN2lPu\">\ud83d\udc9b Moisturizing (V\u00e0ng): &#8220;B\u01a1m&#8221; \u1ea9m c\u1ea5p t\u1ed1c, t\u0103ng \u0111\u1ed9 \u0111\u00e0n h\u1ed3i. L\u00fd t\u01b0\u1edfng cho da kh\u00f4, thi\u1ebfu s\u1ee9c s\u1ed1ng.<\/p>\n<div class=\"QN2lPu\">\n<div><picture class=\"UkIsx8\"><source class=\"UkIsx8\" srcset=\"https:\/\/down-vn.img.susercontent.com\/file\/vn-11134208-7ra0g-m83q2pmczjwna4@resize_w875_nl.webp 1x, https:\/\/down-vn.img.susercontent.com\/file\/vn-11134208-7ra0g-m83q2pmczjwna4@resize_w1750_nl.webp 2x\" type=\"image\/webp\" \/><img loading=\"lazy\" decoding=\"async\" class=\"uXN1L5 lazyload GqYslU\" src=\"https:\/\/down-vn.img.susercontent.com\/file\/vn-11134208-7ra0g-m83q2pmczjwna4\" srcset=\"https:\/\/down-vn.img.susercontent.com\/file\/vn-11134208-7ra0g-m83q2pmczjwna4@resize_w875_nl 1x, https:\/\/down-vn.img.susercontent.com\/file\/vn-11134208-7ra0g-m83q2pmczjwna4@resize_w1750_nl 2x\" width=\"875\" height=\"875\" \/><\/picture><\/div>\n<\/div>\n<p class=\"QN2lPu\">\ud83e\udd0d Whitening (Tr\u1eafng): D\u01b0\u1ee1ng s\u00e1ng, l\u00e0m \u0111\u1ec1u m\u00e0u da, x\u00f3a m\u1edd th\u00e2m s\u1ea1m. D\u00e0nh cho da x\u1ec9n m\u00e0u, kh\u00f4ng \u0111\u1ec1u m\u00e0u.<\/p>\n<div class=\"QN2lPu\">\n<div><picture class=\"UkIsx8\"><source class=\"UkIsx8\" srcset=\"https:\/\/down-vn.img.susercontent.com\/file\/vn-11134208-7ra0g-m83q2pmd0yh3b3@resize_w875_nl.webp 1x, https:\/\/down-vn.img.susercontent.com\/file\/vn-11134208-7ra0g-m83q2pmd0yh3b3@resize_w1750_nl.webp 2x\" type=\"image\/webp\" \/><img loading=\"lazy\" decoding=\"async\" class=\"uXN1L5 lazyload GqYslU\" src=\"https:\/\/down-vn.img.susercontent.com\/file\/vn-11134208-7ra0g-m83q2pmd0yh3b3\" srcset=\"https:\/\/down-vn.img.susercontent.com\/file\/vn-11134208-7ra0g-m83q2pmd0yh3b3@resize_w875_nl 1x, https:\/\/down-vn.img.susercontent.com\/file\/vn-11134208-7ra0g-m83q2pmd0yh3b3@resize_w1750_nl 2x\" width=\"875\" height=\"875\" \/><\/picture><\/div>\n<\/div>\n<p class=\"QN2lPu\">\ud83e\udde1 Anti-Wrinkle (Cam): Ch\u1ed1ng l\u00e3o h\u00f3a, l\u00e0m m\u1edd n\u1ebfp nh\u0103n, t\u0103ng \u0111\u1ed9 s\u0103n ch\u1eafc. Ph\u00f9 h\u1ee3p cho da b\u1eaft \u0111\u1ea7u xu\u1ea5t hi\u1ec7n d\u1ea5u hi\u1ec7u tu\u1ed5i t\u00e1c.<\/p>\n<div class=\"QN2lPu\">\n<div><picture class=\"UkIsx8\"><source class=\"UkIsx8\" srcset=\"https:\/\/down-vn.img.susercontent.com\/file\/vn-11134208-7ra0g-m83q2pmd2d1j43@resize_w875_nl.webp 1x, https:\/\/down-vn.img.susercontent.com\/file\/vn-11134208-7ra0g-m83q2pmd2d1j43@resize_w1750_nl.webp 2x\" type=\"image\/webp\" \/><img loading=\"lazy\" decoding=\"async\" class=\"uXN1L5 lazyload GqYslU\" src=\"https:\/\/down-vn.img.susercontent.com\/file\/vn-11134208-7ra0g-m83q2pmd2d1j43\" srcset=\"https:\/\/down-vn.img.susercontent.com\/file\/vn-11134208-7ra0g-m83q2pmd2d1j43@resize_w875_nl 1x, https:\/\/down-vn.img.susercontent.com\/file\/vn-11134208-7ra0g-m83q2pmd2d1j43@resize_w1750_nl 2x\" width=\"875\" height=\"875\" \/><\/picture><\/div>\n<\/div>\n<p class=\"QN2lPu\">C\u00e1ch S\u1eed D\u1ee5ng \u0110\u1ec3 \u0110\u1ea1t Hi\u1ec7u Qu\u1ea3 T\u1ed1i \u01afu:<\/p>\n<p class=\"QN2lPu\">L\u00e0m s\u1ea1ch: R\u1eeda m\u1eb7t s\u1ea1ch v\u00e0 s\u1eed d\u1ee5ng toner\/n\u01b0\u1edbc hoa h\u1ed3ng \u0111\u1ec3 c\u00e2n b\u1eb1ng \u0111\u1ed9 pH.<\/p>\n<p class=\"QN2lPu\">\u0110\u1eafp m\u1eb7t n\u1ea1: L\u1ea5y m\u1eb7t n\u1ea1 ra kh\u1ecfi bao b\u00ec, tr\u1ea3i \u0111\u1ec1u v\u00e0 \u00e1p nh\u1eb9 l\u00ean m\u1eb7t, \u0111i\u1ec1u ch\u1ec9nh sao cho v\u1eeba kh\u00edt.<\/p>\n<p class=\"QN2lPu\">Th\u01b0 gi\u00e3n: T\u1eadn h\u01b0\u1edfng c\u1ea3m gi\u00e1c m\u00e1t l\u1ea1nh v\u00e0 th\u01b0 gi\u00e3n trong 10-15 ph\u00fat.<\/p>\n<p class=\"QN2lPu\">D\u01b0\u1ee1ng da: G\u1ee1 m\u1eb7t n\u1ea1, d\u00f9ng c\u00e1c \u0111\u1ea7u ng\u00f3n tay v\u1ed7 nh\u1eb9 l\u00ean da \u0111\u1ec3 tinh ch\u1ea5t c\u00f2n l\u1ea1i th\u1ea9m th\u1ea5u ho\u00e0n to\u00e0n. Kh\u00f4ng c\u1ea7n r\u1eeda l\u1ea1i v\u1edbi n\u01b0\u1edbc.<\/p>\n<p class=\"QN2lPu\">M\u1eb9o nh\u1ecf: S\u1eed d\u1ee5ng \u0111\u1ec1u \u0111\u1eb7n 2-3 l\u1ea7n m\u1ed7i tu\u1ea7n \u0111\u1ec3 c\u1ea3m nh\u1eadn s\u1ef1 thay \u0111\u1ed5i r\u00f5 r\u1ec7t c\u1ee7a l\u00e0n da!<\/p>\n<p class=\"QN2lPu\">L\u01b0u \u00fd quan tr\u1ecdng:Ch\u1ec9 s\u1eed d\u1ee5ng ngo\u00e0i da.<\/p>\n<p class=\"QN2lPu\">Tr\u00e1nh \u0111\u1eafp l\u00ean v\u00f9ng da c\u00f3 v\u1ebft th\u01b0\u01a1ng h\u1edf, tr\u1ea7y x\u01b0\u1edbc.<\/p>\n<p class=\"QN2lPu\">N\u1ebfu c\u00f3 b\u1ea5t k\u1ef3 d\u1ea5u hi\u1ec7u k\u00edch \u1ee9ng n\u00e0o (m\u1ea9n \u0111\u1ecf, ng\u1ee9a&#8230;), ng\u01b0ng s\u1eed d\u1ee5ng v\u00e0 tham kh\u1ea3o \u00fd ki\u1ebfn chuy\u00ean gia da li\u1ec5u.<\/p>\n","protected":false},"excerpt":{"rendered":"<p>L\u00e0n Da C\u0103ng M\u01b0\u1edbt, R\u1ea1ng R\u1ee1 Ch\u1ec9 Sau 15 Ph\u00fat V\u1edbi M\u1eb7t N\u1ea1 Tinh Ch\u1ea5t Dr.Ogiderm Ampoule Shot! \u2728 Th\u00f4ng Tin Chi Ti\u1ebft: Xu\u1ea5t x\u1ee9: H\u00e0n Qu\u1ed1c (Made in Korea) Th\u01b0\u01a1ng hi\u1ec7u: Dr.Ogiderm Quy C\u00e1ch : 1 H\u1ed9p \/ 10 Mi\u1ebfng Dung t\u00edch tinh ch\u1ea5t: 30ml \/ mi\u1ebfng Lo\u1ea1i da ph\u00f9 h\u1ee3p: An to\u00e0n v\u00e0 [&#8230;]\n","protected":false},"featured_media":147,"comment_status":"open","ping_status":"closed","template":"","meta":[],"product_brand":[29],"product_cat":[25,18,24,26],"product_tag":[20,19],"class_list":{"0":"post-140","1":"product","2":"type-product","3":"status-publish","4":"has-post-thumbnail","6":"product_brand-dr-ogiderm","7":"product_cat-cham-soc-da-mat","8":"product_cat-mat-na","9":"product_cat-sac-dep","10":"product_cat-vuytmy","11":"product_tag-duong-da","12":"product_tag-mat-na","14":"first","15":"instock","16":"shipping-taxable","17":"purchasable","18":"product-type-variable"},"yoast_head":"<!-- This site is optimized with the Yoast SEO plugin v27.4 - https:\/\/yoast.com\/product\/yoast-seo-wordpress\/ -->\n<title>https:\/\/vuytmy.azdigi.shop\/<\/title>\n<meta name=\"description\" content=\"M\u1eb7t N\u1ea1 Tinh Ch\u1ea5t Dr.Ogiderm Ampoule Shot! H\u1ed9p 10 Mi\u1ebfng M\u1eb7t N\u1ea1 DR OGIDERM Va\u0309i Vi S\u01a1\u0323i Ampoule Shot Mask C\u00f4ng Ngh\u1ec7 D\u01b0\u01a1\u0303ng Da Ha\u0300n Qu\u00f4\u0301c 30ml\" \/>\n<meta name=\"robots\" content=\"index, follow, max-snippet:-1, max-image-preview:large, max-video-preview:-1\" \/>\n<link rel=\"canonical\" href=\"https:\/\/vuytmy.azdigi.shop\/?product=https-vuytmy-azdigi-shop-3\" \/>\n<meta property=\"og:locale\" content=\"vi_VN\" \/>\n<meta property=\"og:type\" content=\"article\" \/>\n<meta property=\"og:title\" content=\"https:\/\/vuytmy.azdigi.shop\/\" \/>\n<meta property=\"og:description\" content=\"M\u1eb7t N\u1ea1 Tinh Ch\u1ea5t Dr.Ogiderm Ampoule Shot! H\u1ed9p 10 Mi\u1ebfng M\u1eb7t N\u1ea1 DR OGIDERM Va\u0309i Vi S\u01a1\u0323i Ampoule Shot Mask C\u00f4ng Ngh\u1ec7 D\u01b0\u01a1\u0303ng Da Ha\u0300n Qu\u00f4\u0301c 30ml\" \/>\n<meta property=\"og:url\" content=\"https:\/\/vuytmy.azdigi.shop\/?product=https-vuytmy-azdigi-shop-3\" \/>\n<meta property=\"og:site_name\" content=\"Vuyt my\" \/>\n<meta property=\"article:modified_time\" content=\"2026-04-17T13:50:12+00:00\" \/>\n<meta property=\"og:image\" content=\"https:\/\/vuytmy.azdigi.shop\/wp-content\/uploads\/2026\/04\/Screenshot_16-4-2026_145653_shopee.vn_.jpeg\" \/>\n\t<meta property=\"og:image:width\" content=\"840\" \/>\n\t<meta property=\"og:image:height\" content=\"836\" \/>\n\t<meta property=\"og:image:type\" content=\"image\/jpeg\" \/>\n<meta name=\"twitter:card\" content=\"summary_large_image\" \/>\n<meta name=\"twitter:label1\" content=\"\u01af\u1edbc t\u00ednh th\u1eddi gian \u0111\u1ecdc\" \/>\n\t<meta name=\"twitter:data1\" content=\"4 ph\u00fat\" \/>\n<script type=\"application\/ld+json\" class=\"yoast-schema-graph\">{\"@context\":\"https:\\\/\\\/schema.org\",\"@graph\":[{\"@type\":\"WebPage\",\"@id\":\"https:\\\/\\\/vuytmy.azdigi.shop\\\/?product=https-vuytmy-azdigi-shop-3\",\"url\":\"https:\\\/\\\/vuytmy.azdigi.shop\\\/?product=https-vuytmy-azdigi-shop-3\",\"name\":\"https:\\\/\\\/vuytmy.azdigi.shop\\\/\",\"isPartOf\":{\"@id\":\"https:\\\/\\\/vuytmy.azdigi.shop\\\/#website\"},\"primaryImageOfPage\":{\"@id\":\"https:\\\/\\\/vuytmy.azdigi.shop\\\/?product=https-vuytmy-azdigi-shop-3#primaryimage\"},\"image\":{\"@id\":\"https:\\\/\\\/vuytmy.azdigi.shop\\\/?product=https-vuytmy-azdigi-shop-3#primaryimage\"},\"thumbnailUrl\":\"https:\\\/\\\/vuytmy.azdigi.shop\\\/wp-content\\\/uploads\\\/2026\\\/04\\\/Screenshot_16-4-2026_145653_shopee.vn_.jpeg\",\"datePublished\":\"2026-04-16T08:17:25+00:00\",\"dateModified\":\"2026-04-17T13:50:12+00:00\",\"description\":\"M\u1eb7t N\u1ea1 Tinh Ch\u1ea5t Dr.Ogiderm Ampoule Shot! H\u1ed9p 10 Mi\u1ebfng M\u1eb7t N\u1ea1 DR OGIDERM Va\u0309i Vi S\u01a1\u0323i Ampoule Shot Mask C\u00f4ng Ngh\u1ec7 D\u01b0\u01a1\u0303ng Da Ha\u0300n Qu\u00f4\u0301c 30ml\",\"breadcrumb\":{\"@id\":\"https:\\\/\\\/vuytmy.azdigi.shop\\\/?product=https-vuytmy-azdigi-shop-3#breadcrumb\"},\"inLanguage\":\"vi\",\"potentialAction\":[{\"@type\":\"ReadAction\",\"target\":[\"https:\\\/\\\/vuytmy.azdigi.shop\\\/?product=https-vuytmy-azdigi-shop-3\"]}]},{\"@type\":\"ImageObject\",\"inLanguage\":\"vi\",\"@id\":\"https:\\\/\\\/vuytmy.azdigi.shop\\\/?product=https-vuytmy-azdigi-shop-3#primaryimage\",\"url\":\"https:\\\/\\\/vuytmy.azdigi.shop\\\/wp-content\\\/uploads\\\/2026\\\/04\\\/Screenshot_16-4-2026_145653_shopee.vn_.jpeg\",\"contentUrl\":\"https:\\\/\\\/vuytmy.azdigi.shop\\\/wp-content\\\/uploads\\\/2026\\\/04\\\/Screenshot_16-4-2026_145653_shopee.vn_.jpeg\",\"width\":840,\"height\":836},{\"@type\":\"BreadcrumbList\",\"@id\":\"https:\\\/\\\/vuytmy.azdigi.shop\\\/?product=https-vuytmy-azdigi-shop-3#breadcrumb\",\"itemListElement\":[{\"@type\":\"ListItem\",\"position\":1,\"name\":\"Trang ch\u1ee7\",\"item\":\"https:\\\/\\\/vuytmy.azdigi.shop\\\/\"},{\"@type\":\"ListItem\",\"position\":2,\"name\":\"C\u1eeda h\u00e0ng\",\"item\":\"https:\\\/\\\/vuytmy.azdigi.shop\\\/?page_id=19\"},{\"@type\":\"ListItem\",\"position\":3,\"name\":\"H\u1ed9p 10 Mi\u1ebfng M\u1eb7t N\u1ea1 DR OGIDERM Va\u0309i Vi S\u01a1\u0323i Ampoule Shot Mask C\u00f4ng Ngh\u1ec7 D\u01b0\u01a1\u0303ng Da Ha\u0300n Qu\u00f4\u0301c 30ml\"}]},{\"@type\":\"WebSite\",\"@id\":\"https:\\\/\\\/vuytmy.azdigi.shop\\\/#website\",\"url\":\"https:\\\/\\\/vuytmy.azdigi.shop\\\/\",\"name\":\"Vuyt my\",\"description\":\"\",\"potentialAction\":[{\"@type\":\"SearchAction\",\"target\":{\"@type\":\"EntryPoint\",\"urlTemplate\":\"https:\\\/\\\/vuytmy.azdigi.shop\\\/?s={search_term_string}\"},\"query-input\":{\"@type\":\"PropertyValueSpecification\",\"valueRequired\":true,\"valueName\":\"search_term_string\"}}],\"inLanguage\":\"vi\"}]}<\/script>\n<!-- \/ Yoast SEO plugin. -->","yoast_head_json":{"title":"https:\/\/vuytmy.azdigi.shop\/","description":"M\u1eb7t N\u1ea1 Tinh Ch\u1ea5t Dr.Ogiderm Ampoule Shot! H\u1ed9p 10 Mi\u1ebfng M\u1eb7t N\u1ea1 DR OGIDERM Va\u0309i Vi S\u01a1\u0323i Ampoule Shot Mask C\u00f4ng Ngh\u1ec7 D\u01b0\u01a1\u0303ng Da Ha\u0300n Qu\u00f4\u0301c 30ml","robots":{"index":"index","follow":"follow","max-snippet":"max-snippet:-1","max-image-preview":"max-image-preview:large","max-video-preview":"max-video-preview:-1"},"canonical":"https:\/\/vuytmy.azdigi.shop\/?product=https-vuytmy-azdigi-shop-3","og_locale":"vi_VN","og_type":"article","og_title":"https:\/\/vuytmy.azdigi.shop\/","og_description":"M\u1eb7t N\u1ea1 Tinh Ch\u1ea5t Dr.Ogiderm Ampoule Shot! H\u1ed9p 10 Mi\u1ebfng M\u1eb7t N\u1ea1 DR OGIDERM Va\u0309i Vi S\u01a1\u0323i Ampoule Shot Mask C\u00f4ng Ngh\u1ec7 D\u01b0\u01a1\u0303ng Da Ha\u0300n Qu\u00f4\u0301c 30ml","og_url":"https:\/\/vuytmy.azdigi.shop\/?product=https-vuytmy-azdigi-shop-3","og_site_name":"Vuyt my","article_modified_time":"2026-04-17T13:50:12+00:00","og_image":[{"width":840,"height":836,"url":"https:\/\/vuytmy.azdigi.shop\/wp-content\/uploads\/2026\/04\/Screenshot_16-4-2026_145653_shopee.vn_.jpeg","type":"image\/jpeg"}],"twitter_card":"summary_large_image","twitter_misc":{"\u01af\u1edbc t\u00ednh th\u1eddi gian \u0111\u1ecdc":"4 ph\u00fat"},"schema":{"@context":"https:\/\/schema.org","@graph":[{"@type":"WebPage","@id":"https:\/\/vuytmy.azdigi.shop\/?product=https-vuytmy-azdigi-shop-3","url":"https:\/\/vuytmy.azdigi.shop\/?product=https-vuytmy-azdigi-shop-3","name":"https:\/\/vuytmy.azdigi.shop\/","isPartOf":{"@id":"https:\/\/vuytmy.azdigi.shop\/#website"},"primaryImageOfPage":{"@id":"https:\/\/vuytmy.azdigi.shop\/?product=https-vuytmy-azdigi-shop-3#primaryimage"},"image":{"@id":"https:\/\/vuytmy.azdigi.shop\/?product=https-vuytmy-azdigi-shop-3#primaryimage"},"thumbnailUrl":"https:\/\/vuytmy.azdigi.shop\/wp-content\/uploads\/2026\/04\/Screenshot_16-4-2026_145653_shopee.vn_.jpeg","datePublished":"2026-04-16T08:17:25+00:00","dateModified":"2026-04-17T13:50:12+00:00","description":"M\u1eb7t N\u1ea1 Tinh Ch\u1ea5t Dr.Ogiderm Ampoule Shot! H\u1ed9p 10 Mi\u1ebfng M\u1eb7t N\u1ea1 DR OGIDERM Va\u0309i Vi S\u01a1\u0323i Ampoule Shot Mask C\u00f4ng Ngh\u1ec7 D\u01b0\u01a1\u0303ng Da Ha\u0300n Qu\u00f4\u0301c 30ml","breadcrumb":{"@id":"https:\/\/vuytmy.azdigi.shop\/?product=https-vuytmy-azdigi-shop-3#breadcrumb"},"inLanguage":"vi","potentialAction":[{"@type":"ReadAction","target":["https:\/\/vuytmy.azdigi.shop\/?product=https-vuytmy-azdigi-shop-3"]}]},{"@type":"ImageObject","inLanguage":"vi","@id":"https:\/\/vuytmy.azdigi.shop\/?product=https-vuytmy-azdigi-shop-3#primaryimage","url":"https:\/\/vuytmy.azdigi.shop\/wp-content\/uploads\/2026\/04\/Screenshot_16-4-2026_145653_shopee.vn_.jpeg","contentUrl":"https:\/\/vuytmy.azdigi.shop\/wp-content\/uploads\/2026\/04\/Screenshot_16-4-2026_145653_shopee.vn_.jpeg","width":840,"height":836},{"@type":"BreadcrumbList","@id":"https:\/\/vuytmy.azdigi.shop\/?product=https-vuytmy-azdigi-shop-3#breadcrumb","itemListElement":[{"@type":"ListItem","position":1,"name":"Trang ch\u1ee7","item":"https:\/\/vuytmy.azdigi.shop\/"},{"@type":"ListItem","position":2,"name":"C\u1eeda h\u00e0ng","item":"https:\/\/vuytmy.azdigi.shop\/?page_id=19"},{"@type":"ListItem","position":3,"name":"H\u1ed9p 10 Mi\u1ebfng M\u1eb7t N\u1ea1 DR OGIDERM Va\u0309i Vi S\u01a1\u0323i Ampoule Shot Mask C\u00f4ng Ngh\u1ec7 D\u01b0\u01a1\u0303ng Da Ha\u0300n Qu\u00f4\u0301c 30ml"}]},{"@type":"WebSite","@id":"https:\/\/vuytmy.azdigi.shop\/#website","url":"https:\/\/vuytmy.azdigi.shop\/","name":"Vuyt my","description":"","potentialAction":[{"@type":"SearchAction","target":{"@type":"EntryPoint","urlTemplate":"https:\/\/vuytmy.azdigi.shop\/?s={search_term_string}"},"query-input":{"@type":"PropertyValueSpecification","valueRequired":true,"valueName":"search_term_string"}}],"inLanguage":"vi"}]}},"_links":{"self":[{"href":"https:\/\/vuytmy.azdigi.shop\/index.php?rest_route=\/wp\/v2\/product\/140","targetHints":{"allow":["GET"]}}],"collection":[{"href":"https:\/\/vuytmy.azdigi.shop\/index.php?rest_route=\/wp\/v2\/product"}],"about":[{"href":"https:\/\/vuytmy.azdigi.shop\/index.php?rest_route=\/wp\/v2\/types\/product"}],"replies":[{"embeddable":true,"href":"https:\/\/vuytmy.azdigi.shop\/index.php?rest_route=%2Fwp%2Fv2%2Fcomments&post=140"}],"wp:featuredmedia":[{"embeddable":true,"href":"https:\/\/vuytmy.azdigi.shop\/index.php?rest_route=\/wp\/v2\/media\/147"}],"wp:attachment":[{"href":"https:\/\/vuytmy.azdigi.shop\/index.php?rest_route=%2Fwp%2Fv2%2Fmedia&parent=140"}],"wp:term":[{"taxonomy":"product_brand","embeddable":true,"href":"https:\/\/vuytmy.azdigi.shop\/index.php?rest_route=%2Fwp%2Fv2%2Fproduct_brand&post=140"},{"taxonomy":"product_cat","embeddable":true,"href":"https:\/\/vuytmy.azdigi.shop\/index.php?rest_route=%2Fwp%2Fv2%2Fproduct_cat&post=140"},{"taxonomy":"product_tag","embeddable":true,"href":"https:\/\/vuytmy.azdigi.shop\/index.php?rest_route=%2Fwp%2Fv2%2Fproduct_tag&post=140"}],"curies":[{"name":"wp","href":"https:\/\/api.w.org\/{rel}","templated":true}]}}